{"id":12511,"date":"2024-06-24T13:54:04","date_gmt":"2024-06-24T12:54:04","guid":{"rendered":"https:\/\/4.231.236.185\/?page_id=12511"},"modified":"2024-07-04T04:27:22","modified_gmt":"2024-07-04T03:27:22","slug":"message-from-inventor","status":"publish","type":"page","link":"https:\/\/sugarkillerceylon.co\/az\/message-from-inventor\/","title":{"rendered":"\u0130xtira\u00e7\u0131dan mesaj"},"content":{"rendered":"<div data-elementor-type=\"wp-page\" data-elementor-id=\"12511\" class=\"elementor elementor-12511\" data-elementor-post-type=\"page\">\n\t\t\t\t<div class=\"elementor-element elementor-element-c46e6bb e-flex e-con-boxed e-con e-parent\" data-id=\"c46e6bb\" data-element_type=\"container\" data-settings=\"{&quot;_ha_eqh_enable&quot;:false}\">\n\t\t\t\t\t<div class=\"e-con-inner\">\n\t\t\t\t<div class=\"elementor-element elementor-element-3a5af11 elementor-widget elementor-widget-image\" data-id=\"3a5af11\" data-element_type=\"widget\" data-widget_type=\"image.default\">\n\t\t\t\t<div class=\"elementor-widget-container\">\n\t\t\t\t\t\t\t\t\t\t\t\t\t<img fetchpriority=\"high\" decoding=\"async\" width=\"984\" height=\"805\" src=\"https:\/\/sugarkillerceylon.co\/wp-content\/uploads\/2024\/07\/Charman-1.jpg\" class=\"attachment-large size-large wp-image-12753\" alt=\"\" srcset=\"https:\/\/sugarkillerceylon.co\/wp-content\/uploads\/2024\/07\/Charman-1.jpg 984w, https:\/\/sugarkillerceylon.co\/wp-content\/uploads\/2024\/07\/Charman-1-300x245.jpg 300w, https:\/\/sugarkillerceylon.co\/wp-content\/uploads\/2024\/07\/Charman-1-768x628.jpg 768w, https:\/\/sugarkillerceylon.co\/wp-content\/uploads\/2024\/07\/Charman-1-150x123.jpg 150w\" sizes=\"(max-width: 984px) 100vw, 984px\" \/>\t\t\t\t\t\t\t\t\t\t\t\t\t<\/div>\n\t\t\t\t<\/div>\n\t\t\t\t\t<\/div>\n\t\t\t\t<\/div>\n\t\t<div class=\"elementor-element elementor-element-5fded6d e-flex e-con-boxed e-con e-parent\" data-id=\"5fded6d\" data-element_type=\"container\" data-settings=\"{&quot;_ha_eqh_enable&quot;:false}\">\n\t\t\t\t\t<div class=\"e-con-inner\">\n\t\t\t\t<div class=\"elementor-element elementor-element-9de736c color-scheme-inherit text-left elementor-widget elementor-widget-text-editor\" data-id=\"9de736c\" data-element_type=\"widget\" data-widget_type=\"text-editor.default\">\n\t\t\t\t<div class=\"elementor-widget-container\">\n\t\t\t\t\t\t\t<p>Yeni yeniliyiml\u0259 x\u0259st\u0259l\u0259ri sa\u011faldaca\u011fam<\/p>\t\t\t\t\t\t<\/div>\n\t\t\t\t<\/div>\n\t\t\t\t<div class=\"elementor-element elementor-element-1973b88 color-scheme-inherit text-left elementor-widget elementor-widget-text-editor\" data-id=\"1973b88\" data-element_type=\"widget\" data-widget_type=\"text-editor.default\">\n\t\t\t\t<div class=\"elementor-widget-container\">\n\t\t\t\t\t\t\tQurucu \/ S\u0259dr Samantha Punchi Hewa.<br>Natures \u015firk\u0259tl\u0259r qrupu\t\t\t\t\t\t<\/div>\n\t\t\t\t<\/div>\n\t\t\t\t<div class=\"elementor-element elementor-element-9170d8b elementor-widget elementor-widget-image\" data-id=\"9170d8b\" data-element_type=\"widget\" data-widget_type=\"image.default\">\n\t\t\t\t<div class=\"elementor-widget-container\">\n\t\t\t\t\t\t\t\t\t\t\t\t\t<img decoding=\"async\" width=\"600\" height=\"280\" src=\"https:\/\/sugarkillerceylon.co\/wp-content\/uploads\/2024\/06\/Natures.png\" class=\"attachment-large size-large wp-image-12583\" alt=\"\" srcset=\"https:\/\/sugarkillerceylon.co\/wp-content\/uploads\/2024\/06\/Natures.png 600w, https:\/\/sugarkillerceylon.co\/wp-content\/uploads\/2024\/06\/Natures-300x140.png 300w, https:\/\/sugarkillerceylon.co\/wp-content\/uploads\/2024\/06\/Natures-150x70.png 150w\" sizes=\"(max-width: 600px) 100vw, 600px\" \/>\t\t\t\t\t\t\t\t\t\t\t\t\t<\/div>\n\t\t\t\t<\/div>\n\t\t\t\t\t<\/div>\n\t\t\t\t<\/div>\n\t\t<div class=\"elementor-element elementor-element-7f6d658 e-flex e-con-boxed e-con e-parent\" data-id=\"7f6d658\" data-element_type=\"container\" data-settings=\"{&quot;_ha_eqh_enable&quot;:false}\">\n\t\t\t\t\t<div class=\"e-con-inner\">\n\t\t<div class=\"elementor-element elementor-element-b227dcd e-con-full e-flex e-con e-child\" data-id=\"b227dcd\" data-element_type=\"container\" data-settings=\"{&quot;_ha_eqh_enable&quot;:false}\">\n\t\t\t\t<div class=\"elementor-element elementor-element-b618d79 color-scheme-inherit text-left elementor-widget elementor-widget-text-editor\" data-id=\"b618d79\" data-element_type=\"widget\" data-widget_type=\"text-editor.default\">\n\t\t\t\t<div class=\"elementor-widget-container\">\n\t\t\t\t\t\t\t<p style=\"text-align: left;\">\u018fn\u0259n\u0259vi m\u0259hsullarla davam etm\u0259kd\u0259ns\u0259, \u0259sas diqq\u0259timiz innovasiyad\u0131r. Biz inqilab etm\u0259k v\u0259 d\u00fcnyan\u0131 yeni ixtiralarla f\u0259th etm\u0259k niyy\u0259tind\u0259yik. Biz art\u0131q yeni m\u0259hsullar\u0131m\u0131zdan biri il\u0259 qlobal epidemiyaya \u00e7ar\u0259 tapma\u011fa \u00e7al\u0131\u015fm\u0131\u015f\u0131q. \u00dcmid edirik ki, m\u0259hsul sat\u0131\u015fa \u00e7\u0131xar\u0131ld\u0131qdan sonra d\u00fcnya miqyas\u0131nda t\u0259l\u0259bat olacaq\u201d, - Nature&#039;s Agro Products Lanka s\u0259dri Samantha Punchi Hewa qeyd etdi.<\/p><p style=\"text-align: left;\">Qabaqc\u0131l \u0259lav\u0259 d\u0259y\u0259rli dar\u00e7\u0131n v\u0259 \u0259dviyyat ixracat\u00e7\u0131s\u0131 olan Nature&#039;s Agro Products Lanka, \u015eri-Lankan\u0131n 24-c\u00fc illik Milli \u0130xracat\u00e7\u0131lar Palatas\u0131nda \u018flav\u0259 D\u0259y\u0259rli K\u0259nd T\u0259s\u0259rr\u00fcfat\u0131 Sektoru, Orta \u00d6l\u00e7ekli Hindistancevizi v\u0259 Hindistancevizi \u018fsasl\u0131 M\u0259hsullar alt kateqoriyas\u0131nda Q\u0131z\u0131l M\u00fckafat t\u0259qdim edildi. (NCE) M\u00fckafatlar\u0131, bu yax\u0131nlarda The Hilton Colombo-da ke\u00e7irilmi\u015fdir.<\/p><p style=\"text-align: left;\">Beyn\u0259lxalq ticar\u0259td\u0259 uzun v\u0259 q\u00fcrurlu tarix\u0259 malik olan Nature&#039;s Agro Products Lanka haz\u0131rda \u00f6z m\u0259hsullar\u0131n\u0131 C\u0259nubi Koreya, Yaponiya, Yeni Zelandiya, Avstraliya, Boliviya v\u0259 S\u0259udiyy\u0259 \u018fr\u0259bistan\u0131 daxil olmaqla 20 \u00f6lk\u0259y\u0259 ixrac edir.<\/p><p>Keyfiyy\u0259tli dar\u00e7\u0131n m\u0259hsullar\u0131 il\u0259 beyn\u0259lxalq miqyasda tan\u0131nan Nature&#039;s Agro Products Lanka \u00e7ay, bakir\u0259 kokos ya\u011f\u0131, muskat, bib\u0259r v\u0259 mix\u0259k daxil olmaqla \u0259la \u0259lav\u0259 d\u0259y\u0259rli keyfiyy\u0259tli ixracat \u00e7e\u015fidin\u0259 malikdir.<\/p>\t\t\t\t\t\t<\/div>\n\t\t\t\t<\/div>\n\t\t\t\t<\/div>\n\t\t<div class=\"elementor-element elementor-element-0de31d7 e-con-full e-flex e-con e-child\" data-id=\"0de31d7\" data-element_type=\"container\" data-settings=\"{&quot;_ha_eqh_enable&quot;:false}\">\n\t\t\t\t<div class=\"elementor-element elementor-element-9adfa5d color-scheme-inherit text-left elementor-widget elementor-widget-text-editor\" data-id=\"9adfa5d\" data-element_type=\"widget\" data-widget_type=\"text-editor.default\">\n\t\t\t\t<div class=\"elementor-widget-container\">\n\t\t\t\t\t\t\t<p style=\"text-align: left;\">\u015eirk\u0259t ISO 22000 v\u0259 HACCP standartlar\u0131na v\u0259 bir s\u0131ra keyfiyy\u0259t sertifikatlar\u0131na layiq g\u00f6r\u00fcl\u00fcb. Nature&#039;s Agro Products Lanka h\u0259yat keyfiyy\u0259tinin yax\u015f\u0131la\u015fd\u0131r\u0131lmas\u0131na y\u00f6n\u0259lmi\u015f bitki m\u0259n\u015f\u0259li m\u0259hsullar\u0131n istehsal\u0131nda s\u0259yl\u0259rini davam etdirir.<\/p><p style=\"text-align: left;\">\u201cM\u0259nim ist\u0259yim \u015eri-Lankan\u0131n b\u00f6y\u00fck Maliyy\u0259 M\u0259rk\u0259zin\u0259, d\u00fcnya s\u0259viyy\u0259li ticar\u0259t etm\u0259k \u00fc\u00e7\u00fcn vacib yer\u0259 \u00e7evrildiyini g\u00f6rm\u0259kdir. \u015e\u0259xs\u0259n m\u0259n unikal Agro m\u0259hsullar\u0131n\u0131 d\u00fcnya bazar\u0131na \u00e7\u0131xararaq ticar\u0259t biznesind\u0259 hadis\u0259l\u0259rin ba\u015f verm\u0259si \u00fc\u00e7\u00fcn \u00e7ox \u00e7al\u0131\u015f\u0131ram v\u0259 bununla da NCE Q\u0131z\u0131l M\u00fckafat\u0131na nail oldum v\u0259 bununla f\u0259xr edir\u0259m\u201d, - Samanta bildirib.<\/p><p style=\"text-align: left;\">\u00dcmid edir\u0259m ki, tezlikl\u0259 Cinnamondan g\u0259l\u0259n bir m\u0259hsul t\u0259qdim ed\u0259r\u0259k qlobal bazarda inqilab ed\u0259c\u0259m. Bu, bir \u00e7ox x\u0259st\u0259likl\u0259rin, \u0259sas\u0259n d\u0259 sa\u011falmaz x\u0259r\u00e7\u0259ngin m\u00fcalic\u0259si \u00fc\u00e7\u00fcn yol a\u00e7acaq. \u00dcmid edir\u0259m ki, bu m\u0259hsula \u00e7ox vaxt v\u0259 pul x\u0259rcl\u0259y\u0259c\u0259y\u0259m v\u0259 \u00e7oxlu t\u0259dqiqat i\u015fl\u0259ri aparm\u0131\u015fam. T\u0259qdim etm\u0259k ist\u0259diyim bu m\u0259hsul \u0259srin m\u0259hsulu olard\u0131. M\u0259nim innovativ ideyam d\u00fcnya bazar\u0131na b\u00f6y\u00fck t\u0259sir g\u00f6st\u0259r\u0259r\u0259k \u00f6lk\u0259miz\u0259 milyardlarla dollar g\u0259lir g\u0259tir\u0259c\u0259k v\u0259 bu, \u00f6lk\u0259miz\u0259 \u0259n b\u00f6y\u00fck valyuta qazand\u0131ra bil\u0259r\u201d. Samanta qeyd etdi.<\/p>\t\t\t\t\t\t<\/div>\n\t\t\t\t<\/div>\n\t\t\t\t<\/div>\n\t\t\t\t\t<\/div>\n\t\t\t\t<\/div>\n\t\t<div class=\"elementor-element elementor-element-c3e5d79 e-flex e-con-boxed e-con e-parent\" data-id=\"c3e5d79\" data-element_type=\"container\" data-settings=\"{&quot;_ha_eqh_enable&quot;:false}\">\n\t\t\t\t\t<div class=\"e-con-inner\">\n\t\t\t\t<div class=\"elementor-element elementor-element-2aa01c9 color-scheme-inherit text-left elementor-widget elementor-widget-text-editor\" data-id=\"2aa01c9\" data-element_type=\"widget\" data-widget_type=\"text-editor.default\">\n\t\t\t\t<div class=\"elementor-widget-container\">\n\t\t\t\t\t\t\t<p><strong>Risk faktorlar\u0131<\/strong><\/p>\t\t\t\t\t\t<\/div>\n\t\t\t\t<\/div>\n\t\t\t\t<div class=\"elementor-element elementor-element-dfe0b52 color-scheme-inherit text-left elementor-widget elementor-widget-text-editor\" data-id=\"dfe0b52\" data-element_type=\"widget\" data-widget_type=\"text-editor.default\">\n\t\t\t\t<div class=\"elementor-widget-container\">\n\t\t\t\t\t\t\t<p>\u201cDem\u0259liy\u0259m ki, bu, asan m\u0259s\u0259l\u0259 deyil, amma b\u0259zi xarici h\u00f6kum\u0259tl\u0259r aras\u0131nda yax\u015f\u0131 bir reputasiya qazand\u0131m, burada onlar art\u0131q m\u0259n\u0259 arxalanmaq \u00fc\u00e7\u00fcn m\u0259n\u0259 z\u0259man\u0259t verdil\u0259r, \u00e7\u00fcnki bu, b\u00fct\u00fcn d\u00fcnyada x\u0259r\u00e7\u0259ng x\u0259st\u0259l\u0259rin\u0259 m\u0259nim d\u0259rman\u0131mdan istifad\u0259 ed\u0259r\u0259k \u00f6zl\u0259rini m\u00fcalic\u0259 etm\u0259y\u0259 k\u00f6m\u0259k ed\u0259 bil\u0259r. G\u00fcnd\u0259lik olaraq yenilikl\u0259r ed\u0259n m\u0259hsul, ke\u00e7dikl\u0259ri b\u0259db\u0259xtliy\u0259 son qoyur. M\u0259n m\u0259hsulumu d\u00fcnyan\u0131n g\u00fccl\u00fc qurumlar\u0131ndan bazara \u00e7\u0131xarma\u011fa ba\u015flayanda \u00e7oxlu \u00e7\u0259tinlikl\u0259r v\u0259 mane\u0259l\u0259r g\u00f6zl\u0259yir\u0259m, amma m\u00fcsb\u0259t\u0259m, bu eqoist, motivasiyal\u0131 v\u0259 aqressiv \u00e7a\u011f\u0131r\u0131\u015flar d\u00fcnya b\u00fct\u00fcn insanlar\u0131n m\u0259hsulumdan vaxt\u0131nda istifad\u0259 etm\u0259kl\u0259 \u0259ld\u0259 ed\u0259 bil\u0259c\u0259yi faydalar\u0131 tan\u0131d\u0131qdan sonra yox olacaq. g\u0259l,\u201d Samanta Pun\u00e7i Heva qeyd etdi.<\/p>\t\t\t\t\t\t<\/div>\n\t\t\t\t<\/div>\n\t\t\t\t<div class=\"elementor-element elementor-element-3c76e24 color-scheme-inherit text-left elementor-widget elementor-widget-text-editor\" data-id=\"3c76e24\" data-element_type=\"widget\" data-widget_type=\"text-editor.default\">\n\t\t\t\t<div class=\"elementor-widget-container\">\n\t\t\t\t\t\t\t<p><strong>H\u0259v\u0259sl\u0259ndirm\u0259 v\u0259 \u00e7eviklik<\/strong><\/p>\t\t\t\t\t\t<\/div>\n\t\t\t\t<\/div>\n\t\t\t\t<div class=\"elementor-element elementor-element-ed7d111 color-scheme-inherit text-left elementor-widget elementor-widget-text-editor\" data-id=\"ed7d111\" data-element_type=\"widget\" data-widget_type=\"text-editor.default\">\n\t\t\t\t<div class=\"elementor-widget-container\">\n\t\t\t\t\t\t\t<p>\u201cBu m\u0259qamda hesab edir\u0259m ki, h\u00f6kum\u0259timiz h\u00f6kum\u0259t orqanlar\u0131nda qar\u015f\u0131la\u015fd\u0131\u011f\u0131m\u0131z cari probleml\u0259rin h\u0259llini asanla\u015fd\u0131rmaqla bizim kimi ixracy\u00f6n\u00fcml\u00fc biznesl\u0259 m\u0259\u015f\u011ful olan insanlar\u0131 t\u0259\u015fviq etm\u0259lidir. \u0130xracat\u00e7\u0131 kimi \u00fczl\u0259\u015fdiyimiz f\u0259sadlar d\u0259h\u015f\u0259tlidir v\u0259 k\u00f6hn\u0259 b\u00fcrokratik sistem\u0259 m\u00fcasir texnologiyan\u0131 t\u0259tbiq etm\u0259kl\u0259 \u00f6hd\u0259sind\u0259n g\u0259l\u0259 bil\u0259c\u0259yimiz asan bir sistem olmal\u0131d\u0131r.<br \/>\u0130qtisadi art\u0131m\u0131 t\u0259\u015fviq etm\u0259k \u00fc\u00e7\u00fcn q\u0259rb \u0259yal\u0259tind\u0259 biliy\u0259 \u0259saslanan sosial bazar iqtisadiyyat\u0131 v\u0259 ixracy\u00f6n\u00fcml\u00fc iqtisadiyyat, el\u0259c\u0259 d\u0259 Q\u0259rb B\u00f6lg\u0259si Meqapolisi yaratmaq \u00fc\u00e7\u00fcn h\u00f6kum\u0259t siyas\u0259ti v\u0259 iqtisadi islahatlar planla\u015fd\u0131r\u0131lmal\u0131d\u0131r.<\/p>\t\t\t\t\t\t<\/div>\n\t\t\t\t<\/div>\n\t\t\t\t\t<\/div>\n\t\t\t\t<\/div>\n\t\t\t\t<\/div>","protected":false},"excerpt":{"rendered":"<p>I will cure the sick with my new innovation Founder \/ Chairman Samantha Punchi Hewa.Natures group of companies Innovation is<\/p>","protected":false},"author":1,"featured_media":0,"parent":0,"menu_order":0,"comment_status":"closed","ping_status":"closed","template":"","meta":{"footnotes":""},"class_list":["post-12511","page","type-page","status-publish","hentry"],"yoast_head":"<!-- This site is optimized with the Yoast SEO Premium plugin v23.0 (Yoast SEO v23.4) - https:\/\/yoast.com\/wordpress\/plugins\/seo\/ -->\n<title>Message from inventor - Sugar Killer Ceylon<\/title>\n<meta name=\"robots\" content=\"index, follow, max-snippet:-1, max-image-preview:large, max-video-preview:-1\" \/>\n<link rel=\"canonical\" href=\"https:\/\/sugarkillerceylon.co\/az\/message-from-inventor\/\" \/>\n<meta property=\"og:locale\" content=\"az_AZ\" \/>\n<meta property=\"og:type\" content=\"article\" \/>\n<meta property=\"og:title\" content=\"Message from inventor\" \/>\n<meta property=\"og:description\" content=\"I will cure the sick with my new innovation Founder \/ Chairman Samantha Punchi Hewa.Natures group of companies Innovation is\" \/>\n<meta property=\"og:url\" content=\"https:\/\/sugarkillerceylon.co\/az\/message-from-inventor\/\" \/>\n<meta property=\"og:site_name\" content=\"Sugar Killer Ceylon\" \/>\n<meta property=\"article:modified_time\" content=\"2024-07-04T03:27:22+00:00\" \/>\n<meta property=\"og:image\" content=\"http:\/\/4.231.236.185\/wp-content\/uploads\/2024\/07\/Charman-1.jpg\" \/>\n<meta name=\"twitter:card\" content=\"summary_large_image\" \/>\n<meta name=\"twitter:label1\" content=\"Est. reading time\" \/>\n\t<meta name=\"twitter:data1\" content=\"3 minutes\" \/>\n<script type=\"application\/ld+json\" class=\"yoast-schema-graph\">{\"@context\":\"https:\/\/schema.org\",\"@graph\":[{\"@type\":\"WebPage\",\"@id\":\"https:\/\/sugarkillerceylon.co\/ty\/message-from-inventor\/\",\"url\":\"https:\/\/sugarkillerceylon.co\/ty\/message-from-inventor\/\",\"name\":\"Message from inventor - Sugar Killer Ceylon\",\"isPartOf\":{\"@id\":\"https:\/\/sugarkillerceylon.co\/#website\"},\"primaryImageOfPage\":{\"@id\":\"https:\/\/sugarkillerceylon.co\/ty\/message-from-inventor\/#primaryimage\"},\"image\":{\"@id\":\"https:\/\/sugarkillerceylon.co\/ty\/message-from-inventor\/#primaryimage\"},\"thumbnailUrl\":\"http:\/\/4.231.236.185\/wp-content\/uploads\/2024\/07\/Charman-1.jpg\",\"datePublished\":\"2024-06-24T12:54:04+00:00\",\"dateModified\":\"2024-07-04T03:27:22+00:00\",\"breadcrumb\":{\"@id\":\"https:\/\/sugarkillerceylon.co\/ty\/message-from-inventor\/#breadcrumb\"},\"inLanguage\":\"az\",\"potentialAction\":[{\"@type\":\"ReadAction\",\"target\":[\"https:\/\/sugarkillerceylon.co\/ty\/message-from-inventor\/\"]}]},{\"@type\":\"ImageObject\",\"inLanguage\":\"az\",\"@id\":\"https:\/\/sugarkillerceylon.co\/ty\/message-from-inventor\/#primaryimage\",\"url\":\"http:\/\/4.231.236.185\/wp-content\/uploads\/2024\/07\/Charman-1.jpg\",\"contentUrl\":\"http:\/\/4.231.236.185\/wp-content\/uploads\/2024\/07\/Charman-1.jpg\"},{\"@type\":\"BreadcrumbList\",\"@id\":\"https:\/\/sugarkillerceylon.co\/ty\/message-from-inventor\/#breadcrumb\",\"itemListElement\":[{\"@type\":\"ListItem\",\"position\":1,\"name\":\"Home\",\"item\":\"https:\/\/sugarkillerceylon.co\/\"},{\"@type\":\"ListItem\",\"position\":2,\"name\":\"Message from inventor\"}]},{\"@type\":\"WebSite\",\"@id\":\"https:\/\/sugarkillerceylon.co\/#website\",\"url\":\"https:\/\/sugarkillerceylon.co\/\",\"name\":\"Sugar Killer Ceylon\",\"description\":\"\",\"potentialAction\":[{\"@type\":\"SearchAction\",\"target\":{\"@type\":\"EntryPoint\",\"urlTemplate\":\"https:\/\/sugarkillerceylon.co\/?s={search_term_string}\"},\"query-input\":{\"@type\":\"PropertyValueSpecification\",\"valueRequired\":true,\"valueName\":\"search_term_string\"}}],\"inLanguage\":\"az\"}]}<\/script>\n<!-- \/ Yoast SEO Premium plugin. -->","yoast_head_json":{"title":"Message from inventor - Sugar Killer Ceylon","robots":{"index":"index","follow":"follow","max-snippet":"max-snippet:-1","max-image-preview":"max-image-preview:large","max-video-preview":"max-video-preview:-1"},"canonical":"https:\/\/sugarkillerceylon.co\/az\/message-from-inventor\/","og_locale":"az_AZ","og_type":"article","og_title":"Message from inventor","og_description":"I will cure the sick with my new innovation Founder \/ Chairman Samantha Punchi Hewa.Natures group of companies Innovation is","og_url":"https:\/\/sugarkillerceylon.co\/az\/message-from-inventor\/","og_site_name":"Sugar Killer Ceylon","article_modified_time":"2024-07-04T03:27:22+00:00","og_image":[{"url":"http:\/\/4.231.236.185\/wp-content\/uploads\/2024\/07\/Charman-1.jpg"}],"twitter_card":"summary_large_image","twitter_misc":{"Est. reading time":"3 minutes"},"schema":{"@context":"https:\/\/schema.org","@graph":[{"@type":"WebPage","@id":"https:\/\/sugarkillerceylon.co\/ty\/message-from-inventor\/","url":"https:\/\/sugarkillerceylon.co\/ty\/message-from-inventor\/","name":"Message from inventor - Sugar Killer Ceylon","isPartOf":{"@id":"https:\/\/sugarkillerceylon.co\/#website"},"primaryImageOfPage":{"@id":"https:\/\/sugarkillerceylon.co\/ty\/message-from-inventor\/#primaryimage"},"image":{"@id":"https:\/\/sugarkillerceylon.co\/ty\/message-from-inventor\/#primaryimage"},"thumbnailUrl":"http:\/\/4.231.236.185\/wp-content\/uploads\/2024\/07\/Charman-1.jpg","datePublished":"2024-06-24T12:54:04+00:00","dateModified":"2024-07-04T03:27:22+00:00","breadcrumb":{"@id":"https:\/\/sugarkillerceylon.co\/ty\/message-from-inventor\/#breadcrumb"},"inLanguage":"az","potentialAction":[{"@type":"ReadAction","target":["https:\/\/sugarkillerceylon.co\/ty\/message-from-inventor\/"]}]},{"@type":"ImageObject","inLanguage":"az","@id":"https:\/\/sugarkillerceylon.co\/ty\/message-from-inventor\/#primaryimage","url":"http:\/\/4.231.236.185\/wp-content\/uploads\/2024\/07\/Charman-1.jpg","contentUrl":"http:\/\/4.231.236.185\/wp-content\/uploads\/2024\/07\/Charman-1.jpg"},{"@type":"BreadcrumbList","@id":"https:\/\/sugarkillerceylon.co\/ty\/message-from-inventor\/#breadcrumb","itemListElement":[{"@type":"ListItem","position":1,"name":"Home","item":"https:\/\/sugarkillerceylon.co\/"},{"@type":"ListItem","position":2,"name":"Message from inventor"}]},{"@type":"WebSite","@id":"https:\/\/sugarkillerceylon.co\/#website","url":"https:\/\/sugarkillerceylon.co\/","name":"Sugar Killer Ceylon","description":"","potentialAction":[{"@type":"SearchAction","target":{"@type":"EntryPoint","urlTemplate":"https:\/\/sugarkillerceylon.co\/?s={search_term_string}"},"query-input":{"@type":"PropertyValueSpecification","valueRequired":true,"valueName":"search_term_string"}}],"inLanguage":"az"}]}},"_links":{"self":[{"href":"https:\/\/sugarkillerceylon.co\/az\/wp-json\/wp\/v2\/pages\/12511","targetHints":{"allow":["GET"]}}],"collection":[{"href":"https:\/\/sugarkillerceylon.co\/az\/wp-json\/wp\/v2\/pages"}],"about":[{"href":"https:\/\/sugarkillerceylon.co\/az\/wp-json\/wp\/v2\/types\/page"}],"author":[{"embeddable":true,"href":"https:\/\/sugarkillerceylon.co\/az\/wp-json\/wp\/v2\/users\/1"}],"replies":[{"embeddable":true,"href":"https:\/\/sugarkillerceylon.co\/az\/wp-json\/wp\/v2\/comments?post=12511"}],"version-history":[{"count":0,"href":"https:\/\/sugarkillerceylon.co\/az\/wp-json\/wp\/v2\/pages\/12511\/revisions"}],"wp:attachment":[{"href":"https:\/\/sugarkillerceylon.co\/az\/wp-json\/wp\/v2\/media?parent=12511"}],"curies":[{"name":"wp","href":"https:\/\/api.w.org\/{rel}","templated":true}]}}