{"id":13661,"date":"2024-09-16T07:15:37","date_gmt":"2024-09-16T06:15:37","guid":{"rendered":"https:\/\/4.231.236.185\/?post_type=product&#038;p=13661"},"modified":"2024-09-30T06:57:29","modified_gmt":"2024-09-30T05:57:29","slug":"30-days-90-tea-envelopes-2","status":"publish","type":"product","link":"https:\/\/sugarkillerceylon.co\/az\/product\/30-days-90-tea-envelopes-2\/","title":{"rendered":"30 G\u00dcNL\u00dcK 90 \u00c7AY Z\u018fRF\u0130"},"content":{"rendered":"<p>T\u0259rkibi<\/p>\n<p>100% Saf Seylon dar\u00e7\u0131n<br \/>\nGizli resept<\/p>\n<p>t\u0259r\u0259find\u0259n t\u00f6vsiy\u0259 olunur<br \/>\nD\u00d6VL\u018fT NAZ\u0130RL\u0130Y\u0130 , \u0130STEHSAL , T\u018fQ\u0130QAT V\u018f \u018fRZACININ T\u018fNZ\u0130ML\u018fNM\u018fS\u0130 .&amp; FDA - \u015eri Lanka<\/p>","protected":false},"excerpt":{"rendered":"<p>\u018fn son tibbi ara\u015fd\u0131rmalara g\u00f6r\u0259, \u015eri-Lanka Asiyada diabet x\u0259st\u0259l\u0259rinin \u0259n \u00e7ox faizin\u0259 malik \u00f6lk\u0259 olub. H\u0259min ara\u015fd\u0131rmalara g\u00f6r\u0259, h\u0259r d\u00f6rd b\u00f6y\u00fckl\u0259rd\u0259n birinin \u015f\u0259k\u0259rli diabet x\u0259st\u0259si oldu\u011fu t\u0259sdiql\u0259nib.<br \/>\n\u018fg\u0259r siz d\u0259 diabetd\u0259n \u0259ziyy\u0259t \u00e7\u0259kirsinizs\u0259, SUGER KILLER T sizin \u00fc\u00e7\u00fcn \u0259n yax\u015f\u0131 h\u0259ll yolu budur.<br \/>\nFikirl\u0259\u015fin...<br \/>\n1) N\u0259 vaxtdan q\u0259rb t\u0259bab\u0259tini q\u0259bul edirsiniz?<br \/>\n2) Uzun ill\u0259r q\u0259rb t\u0259bab\u0259tini q\u0259bul etdikd\u0259n sonra x\u0259st\u0259liyinizi itirmisiniz?<br \/>\n3) Bununla ba\u011fl\u0131 n\u0259 q\u0259d\u0259r pul itirmisiniz?<\/p>\n<p>Amma \u015e\u018fK\u018fR KILLER T dediyimiz kimi istifad\u0259 olunarsa...<br \/>\n1) Qan \u015f\u0259k\u0259rinizin s\u0259viyy\u0259si 30-120 g\u00fcn \u0259rzind\u0259 normalla\u015fd\u0131r\u0131la bil\u0259r.<br \/>\n2) 100% t\u0259bii oldu\u011fu \u00fc\u00e7\u00fcn he\u00e7 bir \u0259ks t\u0259siri yoxdur.<br \/>\n3) \u018fg\u0259r siz art\u0131q q\u0259rb t\u0259bab\u0259tini q\u0259bul edirsinizs\u0259, eyni d\u0259rman\u0131 q\u0259bul ed\u0259rk\u0259n bu m\u0259hsuldan istifad\u0259 etm\u0259y\u0259 ba\u015flaya v\u0259 davam ed\u0259 bil\u0259rsiniz.<br \/>\n4) M\u0259hsulumuzu b\u0259d\u0259n\u0259 q\u0259bul etm\u0259y\u0259 ba\u015flad\u0131qdan sonra qan \u015f\u0259k\u0259ri testinin 14-c\u00fc g\u00fcn\u00fcnd\u0259 qan \u015f\u0259k\u0259rinizin s\u0259viyy\u0259si a\u015fa\u011f\u0131 olarsa, q\u0259rb d\u0259rmanlar\u0131n\u0131 q\u0259bul etm\u0259yi dayand\u0131r\u0131b h\u0259kiminizin t\u00f6vsiy\u0259si il\u0259 m\u0259hsulumuzdan istifad\u0259 etm\u0259y\u0259 davam ed\u0259 bil\u0259rsiniz.<\/p>\n<div data-elementor-type=\"section\" data-elementor-id=\"12392\" class=\"elementor elementor-12392\" data-elementor-post-type=\"elementor_library\">\n<div class=\"elementor-element elementor-element-f8b7b0e e-flex e-con-boxed e-con e-parent\" data-id=\"f8b7b0e\" data-element_type=\"container\" data-settings=\"{&quot;_ha_eqh_enable&quot;:false}\">\n<div class=\"e-con-inner\">\n<div class=\"elementor-element elementor-element-b7b9029 elementor-widget elementor-widget-button\" data-id=\"b7b9029\" data-element_type=\"widget\" data-widget_type=\"button.default\">\n<div class=\"elementor-widget-container\">\n<div class=\"elementor-button-wrapper\">\n\t\t\t<a class=\"elementor-button elementor-button-link elementor-size-sm\" href=\"https:\/\/4.231.236.185\/instructions\/\"><br \/>\n\t\t\t\t\t\t<span class=\"elementor-button-content-wrapper\"><br \/>\n\t\t\t\t\t\t\t\t\t<span class=\"elementor-button-text\">\u0130ST\u0130FAD\u018f \u00dc\u00c7\u00dcN T\u018fL\u0130MATLAR<\/span><br \/>\n\t\t\t\t\t<\/span><br \/>\n\t\t\t\t\t<\/a>\n\t\t<\/div>\n<\/p><\/div>\n<\/p><\/div>\n<\/p><\/div>\n<\/p><\/div>\n<\/p><\/div>","protected":false},"featured_media":12674,"comment_status":"open","ping_status":"closed","template":"","meta":[],"product_cat":[78,79],"product_tag":[],"class_list":{"0":"post-13661","1":"product","2":"type-product","3":"status-publish","4":"has-post-thumbnail","6":"product_cat-economy","7":"product_cat-envelopes-economy","9":"first","10":"instock","11":"shipping-taxable","12":"purchasable","13":"product-type-simple"},"yoast_head":"<!-- This site is optimized with the Yoast SEO Premium plugin v23.0 (Yoast SEO v23.4) - https:\/\/yoast.com\/wordpress\/plugins\/seo\/ -->\n<title>30 DAYS 90 TEA ENVELOPES - Sugar Killer Ceylon<\/title>\n<meta name=\"robots\" content=\"index, follow, max-snippet:-1, max-image-preview:large, max-video-preview:-1\" \/>\n<link rel=\"canonical\" href=\"https:\/\/sugarkillerceylon.co\/az\/product\/30-days-90-tea-envelopes-2\/\" \/>\n<meta property=\"og:locale\" content=\"az_AZ\" \/>\n<meta property=\"og:type\" content=\"article\" \/>\n<meta property=\"og:title\" content=\"30 DAYS 90 TEA ENVELOPES\" \/>\n<meta property=\"og:description\" content=\"According to the latest medical surveys, Sri Lanka has become the country with the highest percentage of diabetes patients in Asia. According to those researches, one out of every four adults has been confirmed to be a diabetic patient. If you are suffering from diabetes too, here is the best solution for you SUGER KILLER T. Think about it... 1) How long have you been taking western medicine? 2) Have you lost your illness after taking western medicine for many years? 3) How much money have you lost on it?  But if SUGAR KILLER T is used as we say... 1) Your blood sugar level can be normalized within 30 to 120 days. 2) 100% natural so no side effects. 3) If you are already taking western medicine, you can start and continue using this product while taking the same medicine. 4) After starting to take our product into the body, if your blood sugar level is low during the 14th day of blood sugar test, you can stop taking western medicine and continue using our product on your doctor&#039;s recommendation\" \/>\n<meta property=\"og:url\" content=\"https:\/\/sugarkillerceylon.co\/az\/product\/30-days-90-tea-envelopes-2\/\" \/>\n<meta property=\"og:site_name\" content=\"Sugar Killer Ceylon\" \/>\n<meta property=\"article:modified_time\" content=\"2024-09-30T05:57:29+00:00\" \/>\n<meta property=\"og:image\" content=\"https:\/\/sugarkillerceylon.co\/wp-content\/uploads\/2024\/06\/B30.jpg\" \/>\n\t<meta property=\"og:image:width\" content=\"600\" \/>\n\t<meta property=\"og:image:height\" content=\"611\" \/>\n\t<meta property=\"og:image:type\" content=\"image\/jpeg\" \/>\n<meta name=\"twitter:card\" content=\"summary_large_image\" \/>\n<meta name=\"twitter:label1\" content=\"Price\" \/>\n\t<meta name=\"twitter:data1\" content=\"&#036;65.00\" \/>\n\t<meta name=\"twitter:label2\" content=\"Availability\" \/>\n\t<meta name=\"twitter:data2\" content=\"In stock\" \/>\n<script type=\"application\/ld+json\" class=\"yoast-schema-graph\">{\"@context\":\"https:\/\/schema.org\",\"@graph\":[{\"@type\":\"WebPage\",\"@id\":\"https:\/\/sugarkillerceylon.co\/product\/30-days-90-tea-envelopes-2\/\",\"url\":\"https:\/\/sugarkillerceylon.co\/product\/30-days-90-tea-envelopes-2\/\",\"name\":\"30 DAYS 90 TEA ENVELOPES - Sugar Killer Ceylon\",\"isPartOf\":{\"@id\":\"https:\/\/sugarkillerceylon.co\/#website\"},\"primaryImageOfPage\":{\"@id\":\"https:\/\/sugarkillerceylon.co\/product\/30-days-90-tea-envelopes-2\/#primaryimage\"},\"image\":{\"@id\":\"https:\/\/sugarkillerceylon.co\/product\/30-days-90-tea-envelopes-2\/#primaryimage\"},\"thumbnailUrl\":\"https:\/\/sugarkillerceylon.co\/wp-content\/uploads\/2024\/06\/B30.jpg\",\"datePublished\":\"2024-09-16T06:15:37+00:00\",\"dateModified\":\"2024-09-30T05:57:29+00:00\",\"breadcrumb\":{\"@id\":\"https:\/\/sugarkillerceylon.co\/product\/30-days-90-tea-envelopes-2\/#breadcrumb\"},\"inLanguage\":\"az\",\"potentialAction\":[{\"@type\":\"ReadAction\",\"target\":[\"https:\/\/sugarkillerceylon.co\/product\/30-days-90-tea-envelopes-2\/\"]}]},{\"@type\":\"ImageObject\",\"inLanguage\":\"az\",\"@id\":\"https:\/\/sugarkillerceylon.co\/product\/30-days-90-tea-envelopes-2\/#primaryimage\",\"url\":\"https:\/\/sugarkillerceylon.co\/wp-content\/uploads\/2024\/06\/B30.jpg\",\"contentUrl\":\"https:\/\/sugarkillerceylon.co\/wp-content\/uploads\/2024\/06\/B30.jpg\",\"width\":600,\"height\":611},{\"@type\":\"BreadcrumbList\",\"@id\":\"https:\/\/sugarkillerceylon.co\/product\/30-days-90-tea-envelopes-2\/#breadcrumb\",\"itemListElement\":[{\"@type\":\"ListItem\",\"position\":1,\"name\":\"Home\",\"item\":\"https:\/\/sugarkillerceylon.co\/\"},{\"@type\":\"ListItem\",\"position\":2,\"name\":\"Shop\",\"item\":\"https:\/\/sugarkillerceylon.co\/shop\/\"},{\"@type\":\"ListItem\",\"position\":3,\"name\":\"30 DAYS 90 TEA ENVELOPES\"}]},{\"@type\":\"WebSite\",\"@id\":\"https:\/\/sugarkillerceylon.co\/#website\",\"url\":\"https:\/\/sugarkillerceylon.co\/\",\"name\":\"Sugar Killer Ceylon\",\"description\":\"\",\"potentialAction\":[{\"@type\":\"SearchAction\",\"target\":{\"@type\":\"EntryPoint\",\"urlTemplate\":\"https:\/\/sugarkillerceylon.co\/?s={search_term_string}\"},\"query-input\":{\"@type\":\"PropertyValueSpecification\",\"valueRequired\":true,\"valueName\":\"search_term_string\"}}],\"inLanguage\":\"az\"}]}<\/script>\n<meta property=\"product:price:amount\" content=\"65.00\" \/>\n<meta property=\"product:price:currency\" content=\"USD\" \/>\n<meta property=\"og:availability\" content=\"instock\" \/>\n<meta property=\"product:availability\" content=\"instock\" \/>\n<meta property=\"product:condition\" content=\"new\" \/>\n<!-- \/ Yoast SEO Premium plugin. -->","yoast_head_json":{"title":"30 DAYS 90 TEA ENVELOPES - Sugar Killer Ceylon","robots":{"index":"index","follow":"follow","max-snippet":"max-snippet:-1","max-image-preview":"max-image-preview:large","max-video-preview":"max-video-preview:-1"},"canonical":"https:\/\/sugarkillerceylon.co\/az\/product\/30-days-90-tea-envelopes-2\/","og_locale":"az_AZ","og_type":"article","og_title":"30 DAYS 90 TEA ENVELOPES","og_description":"According to the latest medical surveys, Sri Lanka has become the country with the highest percentage of diabetes patients in Asia. According to those researches, one out of every four adults has been confirmed to be a diabetic patient. If you are suffering from diabetes too, here is the best solution for you SUGER KILLER T. Think about it... 1) How long have you been taking western medicine? 2) Have you lost your illness after taking western medicine for many years? 3) How much money have you lost on it?  But if SUGAR KILLER T is used as we say... 1) Your blood sugar level can be normalized within 30 to 120 days. 2) 100% natural so no side effects. 3) If you are already taking western medicine, you can start and continue using this product while taking the same medicine. 4) After starting to take our product into the body, if your blood sugar level is low during the 14th day of blood sugar test, you can stop taking western medicine and continue using our product on your doctor's recommendation","og_url":"https:\/\/sugarkillerceylon.co\/az\/product\/30-days-90-tea-envelopes-2\/","og_site_name":"Sugar Killer Ceylon","article_modified_time":"2024-09-30T05:57:29+00:00","og_image":[{"width":600,"height":611,"url":"https:\/\/sugarkillerceylon.co\/wp-content\/uploads\/2024\/06\/B30.jpg","type":"image\/jpeg"}],"twitter_card":"summary_large_image","twitter_misc":{"Price":"&#36;65.00","Availability":"In stock"},"schema":{"@context":"https:\/\/schema.org","@graph":[{"@type":"WebPage","@id":"https:\/\/sugarkillerceylon.co\/product\/30-days-90-tea-envelopes-2\/","url":"https:\/\/sugarkillerceylon.co\/product\/30-days-90-tea-envelopes-2\/","name":"30 DAYS 90 TEA ENVELOPES - Sugar Killer Ceylon","isPartOf":{"@id":"https:\/\/sugarkillerceylon.co\/#website"},"primaryImageOfPage":{"@id":"https:\/\/sugarkillerceylon.co\/product\/30-days-90-tea-envelopes-2\/#primaryimage"},"image":{"@id":"https:\/\/sugarkillerceylon.co\/product\/30-days-90-tea-envelopes-2\/#primaryimage"},"thumbnailUrl":"https:\/\/sugarkillerceylon.co\/wp-content\/uploads\/2024\/06\/B30.jpg","datePublished":"2024-09-16T06:15:37+00:00","dateModified":"2024-09-30T05:57:29+00:00","breadcrumb":{"@id":"https:\/\/sugarkillerceylon.co\/product\/30-days-90-tea-envelopes-2\/#breadcrumb"},"inLanguage":"az","potentialAction":[{"@type":"ReadAction","target":["https:\/\/sugarkillerceylon.co\/product\/30-days-90-tea-envelopes-2\/"]}]},{"@type":"ImageObject","inLanguage":"az","@id":"https:\/\/sugarkillerceylon.co\/product\/30-days-90-tea-envelopes-2\/#primaryimage","url":"https:\/\/sugarkillerceylon.co\/wp-content\/uploads\/2024\/06\/B30.jpg","contentUrl":"https:\/\/sugarkillerceylon.co\/wp-content\/uploads\/2024\/06\/B30.jpg","width":600,"height":611},{"@type":"BreadcrumbList","@id":"https:\/\/sugarkillerceylon.co\/product\/30-days-90-tea-envelopes-2\/#breadcrumb","itemListElement":[{"@type":"ListItem","position":1,"name":"Home","item":"https:\/\/sugarkillerceylon.co\/"},{"@type":"ListItem","position":2,"name":"Shop","item":"https:\/\/sugarkillerceylon.co\/shop\/"},{"@type":"ListItem","position":3,"name":"30 DAYS 90 TEA ENVELOPES"}]},{"@type":"WebSite","@id":"https:\/\/sugarkillerceylon.co\/#website","url":"https:\/\/sugarkillerceylon.co\/","name":"Sugar Killer Ceylon","description":"","potentialAction":[{"@type":"SearchAction","target":{"@type":"EntryPoint","urlTemplate":"https:\/\/sugarkillerceylon.co\/?s={search_term_string}"},"query-input":{"@type":"PropertyValueSpecification","valueRequired":true,"valueName":"search_term_string"}}],"inLanguage":"az"}]},"product_price_amount":"65.00","product_price_currency":"USD","og_availability":"instock","product_availability":"instock","product_condition":"new"},"_links":{"self":[{"href":"https:\/\/sugarkillerceylon.co\/az\/wp-json\/wp\/v2\/product\/13661","targetHints":{"allow":["GET"]}}],"collection":[{"href":"https:\/\/sugarkillerceylon.co\/az\/wp-json\/wp\/v2\/product"}],"about":[{"href":"https:\/\/sugarkillerceylon.co\/az\/wp-json\/wp\/v2\/types\/product"}],"replies":[{"embeddable":true,"href":"https:\/\/sugarkillerceylon.co\/az\/wp-json\/wp\/v2\/comments?post=13661"}],"version-history":[{"count":2,"href":"https:\/\/sugarkillerceylon.co\/az\/wp-json\/wp\/v2\/product\/13661\/revisions"}],"predecessor-version":[{"id":14214,"href":"https:\/\/sugarkillerceylon.co\/az\/wp-json\/wp\/v2\/product\/13661\/revisions\/14214"}],"wp:featuredmedia":[{"embeddable":true,"href":"https:\/\/sugarkillerceylon.co\/az\/wp-json\/wp\/v2\/media\/12674"}],"wp:attachment":[{"href":"https:\/\/sugarkillerceylon.co\/az\/wp-json\/wp\/v2\/media?parent=13661"}],"wp:term":[{"taxonomy":"product_cat","embeddable":true,"href":"https:\/\/sugarkillerceylon.co\/az\/wp-json\/wp\/v2\/product_cat?post=13661"},{"taxonomy":"product_tag","embeddable":true,"href":"https:\/\/sugarkillerceylon.co\/az\/wp-json\/wp\/v2\/product_tag?post=13661"}],"curies":[{"name":"wp","href":"https:\/\/api.w.org\/{rel}","templated":true}]}}