{"id":13737,"date":"2024-09-16T13:23:08","date_gmt":"2024-09-16T12:23:08","guid":{"rendered":"https:\/\/sugarkiller.mooo.com\/?post_type=product&#038;p=13737"},"modified":"2024-09-30T06:59:37","modified_gmt":"2024-09-30T05:59:37","slug":"40-days-120-teacups120g1g-1-teacup-copy","status":"publish","type":"product","link":"https:\/\/sugarkillerceylon.co\/bs\/product\/40-days-120-teacups120g1g-1-teacup-copy\/","title":{"rendered":"40 DANA 120 \u010cAJNICA<br>120g<br>(1g = 1 \u010dajna \u0161olja) (kopija)"},"content":{"rendered":"<p>Sastojci<\/p>\n<p>100% \u010cisti cejlonski cimet<br \/>\nTajni recept<\/p>\n<p>Preporu\u010deno od strane<br \/>\nDR\u017dAVNO MINISTARSTVO PROIZVODNJE , SNABDIJEVANJA I REGULACIJE FARMACEUTSKIH .&amp; FDA - \u0160ri Lanka<\/p>","protected":false},"excerpt":{"rendered":"<p>Prema najnovijim medicinskim istra\u017eivanjima, \u0160ri Lanka je postala zemlja s najve\u0107im postotkom oboljelih od dijabetesa u Aziji. Prema tim istra\u017eivanjima, svaka \u010detvrta odrasla osoba je potvr\u0111ena da je dijabeti\u010dar.<br \/>\nAko i vi patite od dijabetesa, evo najboljeg rje\u0161enja za vas SUGER KILLER T.<br \/>\nRazmislite o tome\u2026<br \/>\n1) Koliko dugo uzimate zapadnu medicinu?<br \/>\n2) Da li ste izgubili svoju bolest nakon dugogodi\u0161njeg uzimanja zapadne medicine?<br \/>\n3) Koliko ste novca izgubili na tome?<\/p>\n<p>Ali ako se SUGAR KILLER T koristi kako mi ka\u017eemo\u2026<br \/>\n1) Nivo \u0161e\u0107era u krvi mo\u017ee se normalizirati u roku od 30 do 120 dana.<br \/>\n2) 100% prirodan tako da nema nuspojava.<br \/>\n3) Ako ve\u0107 uzimate zapadnu medicinu, mo\u017eete zapo\u010deti i nastaviti koristiti ovaj proizvod dok uzimate isti lijek.<br \/>\n4) Nakon \u0161to po\u010dnete da unosite na\u0161 proizvod u organizam, ako vam je nivo \u0161e\u0107era u krvi nizak tokom 14. dana testa \u0161e\u0107era u krvi, mo\u017eete prestati uzimati zapadnu medicinu i nastaviti koristiti na\u0161 proizvod na preporuku va\u0161eg ljekara<\/p>\n<div data-elementor-type=\"section\" data-elementor-id=\"12392\" class=\"elementor elementor-12392\" data-elementor-post-type=\"elementor_library\">\n<div class=\"elementor-element elementor-element-f8b7b0e e-flex e-con-boxed e-con e-parent\" data-id=\"f8b7b0e\" data-element_type=\"container\" data-settings=\"{&quot;_ha_eqh_enable&quot;:false}\">\n<div class=\"e-con-inner\">\n<div class=\"elementor-element elementor-element-b7b9029 elementor-widget elementor-widget-button\" data-id=\"b7b9029\" data-element_type=\"widget\" data-widget_type=\"button.default\">\n<div class=\"elementor-widget-container\">\n<div class=\"elementor-button-wrapper\">\n\t\t\t<a class=\"elementor-button elementor-button-link elementor-size-sm\" href=\"https:\/\/4.231.236.185\/instructions\/\"><br \/>\n\t\t\t\t\t\t<span class=\"elementor-button-content-wrapper\"><br \/>\n\t\t\t\t\t\t\t\t\t<span class=\"elementor-button-text\">UPUTSTVO ZA UPOTREBU<\/span><br \/>\n\t\t\t\t\t<\/span><br \/>\n\t\t\t\t\t<\/a>\n\t\t<\/div>\n<\/p><\/div>\n<\/p><\/div>\n<\/p><\/div>\n<\/p><\/div>\n<\/p><\/div>","protected":false},"featured_media":12697,"comment_status":"open","ping_status":"closed","template":"","meta":[],"product_cat":[78,80],"product_tag":[],"class_list":{"0":"post-13737","1":"product","2":"type-product","3":"status-publish","4":"has-post-thumbnail","6":"product_cat-economy","7":"product_cat-loose-pack-economy","9":"first","10":"instock","11":"shipping-taxable","12":"purchasable","13":"product-type-simple"},"yoast_head":"<!-- This site is optimized with the Yoast SEO Premium plugin v23.0 (Yoast SEO v23.4) - https:\/\/yoast.com\/wordpress\/plugins\/seo\/ -->\n<title>40 DAYS 120 TEACUPS120g(1g = 1 Teacup) (Copy) - Sugar Killer Ceylon<\/title>\n<meta name=\"robots\" content=\"index, follow, max-snippet:-1, max-image-preview:large, max-video-preview:-1\" \/>\n<link rel=\"canonical\" href=\"https:\/\/sugarkillerceylon.co\/bs\/proizvod\/40-days-120-teacups120g1g-1-teacup-copy\/\" \/>\n<meta property=\"og:locale\" content=\"bs_BA\" \/>\n<meta property=\"og:type\" content=\"article\" \/>\n<meta property=\"og:title\" content=\"40 DAYS 120 TEACUPS120g(1g = 1 Teacup) (Copy)\" \/>\n<meta property=\"og:description\" content=\"According to the latest medical surveys, Sri Lanka has become the country with the highest percentage of diabetes patients in Asia. According to those researches, one out of every four adults has been confirmed to be a diabetic patient. If you are suffering from diabetes too, here is the best solution for you SUGER KILLER T. Think about it... 1) How long have you been taking western medicine? 2) Have you lost your illness after taking western medicine for many years? 3) How much money have you lost on it?  But if SUGAR KILLER T is used as we say... 1) Your blood sugar level can be normalized within 30 to 120 days. 2) 100% natural so no side effects. 3) If you are already taking western medicine, you can start and continue using this product while taking the same medicine. 4) After starting to take our product into the body, if your blood sugar level is low during the 14th day of blood sugar test, you can stop taking western medicine and continue using our product on your doctor&#039;s recommendation\" \/>\n<meta property=\"og:url\" content=\"https:\/\/sugarkillerceylon.co\/bs\/proizvod\/40-days-120-teacups120g1g-1-teacup-copy\/\" \/>\n<meta property=\"og:site_name\" content=\"Sugar Killer Ceylon\" \/>\n<meta property=\"article:modified_time\" content=\"2024-09-30T05:59:37+00:00\" \/>\n<meta property=\"og:image\" content=\"https:\/\/sugarkillerceylon.co\/wp-content\/uploads\/2024\/06\/W40-3.jpg\" \/>\n\t<meta property=\"og:image:width\" content=\"600\" \/>\n\t<meta property=\"og:image:height\" content=\"611\" \/>\n\t<meta property=\"og:image:type\" content=\"image\/jpeg\" \/>\n<meta name=\"twitter:card\" content=\"summary_large_image\" \/>\n<meta name=\"twitter:label1\" content=\"Price\" \/>\n\t<meta name=\"twitter:data1\" content=\"&#036;49.00\" \/>\n\t<meta name=\"twitter:label2\" content=\"Availability\" \/>\n\t<meta name=\"twitter:data2\" content=\"In stock\" \/>\n<script type=\"application\/ld+json\" class=\"yoast-schema-graph\">{\"@context\":\"https:\/\/schema.org\",\"@graph\":[{\"@type\":\"WebPage\",\"@id\":\"https:\/\/sugarkillerceylon.co\/product\/40-days-120-teacups120g1g-1-teacup-copy\/\",\"url\":\"https:\/\/sugarkillerceylon.co\/product\/40-days-120-teacups120g1g-1-teacup-copy\/\",\"name\":\"40 DAYS 120 TEACUPS 120g (1g = 1 Teacup) (Copy) - Sugar Killer Ceylon\",\"isPartOf\":{\"@id\":\"https:\/\/sugarkillerceylon.co\/#website\"},\"primaryImageOfPage\":{\"@id\":\"https:\/\/sugarkillerceylon.co\/product\/40-days-120-teacups120g1g-1-teacup-copy\/#primaryimage\"},\"image\":{\"@id\":\"https:\/\/sugarkillerceylon.co\/product\/40-days-120-teacups120g1g-1-teacup-copy\/#primaryimage\"},\"thumbnailUrl\":\"https:\/\/sugarkillerceylon.co\/wp-content\/uploads\/2024\/06\/W40-3.jpg\",\"datePublished\":\"2024-09-16T12:23:08+00:00\",\"dateModified\":\"2024-09-30T05:59:37+00:00\",\"breadcrumb\":{\"@id\":\"https:\/\/sugarkillerceylon.co\/product\/40-days-120-teacups120g1g-1-teacup-copy\/#breadcrumb\"},\"inLanguage\":\"bs-BA\",\"potentialAction\":[{\"@type\":\"ReadAction\",\"target\":[\"https:\/\/sugarkillerceylon.co\/product\/40-days-120-teacups120g1g-1-teacup-copy\/\"]}]},{\"@type\":\"ImageObject\",\"inLanguage\":\"bs-BA\",\"@id\":\"https:\/\/sugarkillerceylon.co\/product\/40-days-120-teacups120g1g-1-teacup-copy\/#primaryimage\",\"url\":\"https:\/\/sugarkillerceylon.co\/wp-content\/uploads\/2024\/06\/W40-3.jpg\",\"contentUrl\":\"https:\/\/sugarkillerceylon.co\/wp-content\/uploads\/2024\/06\/W40-3.jpg\",\"width\":600,\"height\":611},{\"@type\":\"BreadcrumbList\",\"@id\":\"https:\/\/sugarkillerceylon.co\/product\/40-days-120-teacups120g1g-1-teacup-copy\/#breadcrumb\",\"itemListElement\":[{\"@type\":\"ListItem\",\"position\":1,\"name\":\"Home\",\"item\":\"https:\/\/sugarkillerceylon.co\/\"},{\"@type\":\"ListItem\",\"position\":2,\"name\":\"Shop\",\"item\":\"https:\/\/sugarkillerceylon.co\/shop\/\"},{\"@type\":\"ListItem\",\"position\":3,\"name\":\"40 DAYS 120 TEACUPS120g(1g = 1 Teacup) (Copy)\"}]},{\"@type\":\"WebSite\",\"@id\":\"https:\/\/sugarkillerceylon.co\/#website\",\"url\":\"https:\/\/sugarkillerceylon.co\/\",\"name\":\"Sugar Killer Ceylon\",\"description\":\"\",\"potentialAction\":[{\"@type\":\"SearchAction\",\"target\":{\"@type\":\"EntryPoint\",\"urlTemplate\":\"https:\/\/sugarkillerceylon.co\/?s={search_term_string}\"},\"query-input\":{\"@type\":\"PropertyValueSpecification\",\"valueRequired\":true,\"valueName\":\"search_term_string\"}}],\"inLanguage\":\"bs-BA\"}]}<\/script>\n<meta property=\"product:price:amount\" content=\"49.00\" \/>\n<meta property=\"product:price:currency\" content=\"USD\" \/>\n<meta property=\"og:availability\" content=\"instock\" \/>\n<meta property=\"product:availability\" content=\"instock\" \/>\n<meta property=\"product:condition\" content=\"new\" \/>\n<!-- \/ Yoast SEO Premium plugin. -->","yoast_head_json":{"title":"40 DAYS 120 TEACUPS120g(1g = 1 Teacup) (Copy) - Sugar Killer Ceylon","robots":{"index":"index","follow":"follow","max-snippet":"max-snippet:-1","max-image-preview":"max-image-preview:large","max-video-preview":"max-video-preview:-1"},"canonical":"https:\/\/sugarkillerceylon.co\/bs\/proizvod\/40-days-120-teacups120g1g-1-teacup-copy\/","og_locale":"bs_BA","og_type":"article","og_title":"40 DAYS 120 TEACUPS120g(1g = 1 Teacup) (Copy)","og_description":"According to the latest medical surveys, Sri Lanka has become the country with the highest percentage of diabetes patients in Asia. According to those researches, one out of every four adults has been confirmed to be a diabetic patient. If you are suffering from diabetes too, here is the best solution for you SUGER KILLER T. Think about it... 1) How long have you been taking western medicine? 2) Have you lost your illness after taking western medicine for many years? 3) How much money have you lost on it?  But if SUGAR KILLER T is used as we say... 1) Your blood sugar level can be normalized within 30 to 120 days. 2) 100% natural so no side effects. 3) If you are already taking western medicine, you can start and continue using this product while taking the same medicine. 4) After starting to take our product into the body, if your blood sugar level is low during the 14th day of blood sugar test, you can stop taking western medicine and continue using our product on your doctor's recommendation","og_url":"https:\/\/sugarkillerceylon.co\/bs\/proizvod\/40-days-120-teacups120g1g-1-teacup-copy\/","og_site_name":"Sugar Killer Ceylon","article_modified_time":"2024-09-30T05:59:37+00:00","og_image":[{"width":600,"height":611,"url":"https:\/\/sugarkillerceylon.co\/wp-content\/uploads\/2024\/06\/W40-3.jpg","type":"image\/jpeg"}],"twitter_card":"summary_large_image","twitter_misc":{"Price":"&#36;49.00","Availability":"In stock"},"schema":{"@context":"https:\/\/schema.org","@graph":[{"@type":"WebPage","@id":"https:\/\/sugarkillerceylon.co\/product\/40-days-120-teacups120g1g-1-teacup-copy\/","url":"https:\/\/sugarkillerceylon.co\/product\/40-days-120-teacups120g1g-1-teacup-copy\/","name":"40 DAYS 120 TEACUPS 120g (1g = 1 Teacup) (Copy) - Sugar Killer Ceylon","isPartOf":{"@id":"https:\/\/sugarkillerceylon.co\/#website"},"primaryImageOfPage":{"@id":"https:\/\/sugarkillerceylon.co\/product\/40-days-120-teacups120g1g-1-teacup-copy\/#primaryimage"},"image":{"@id":"https:\/\/sugarkillerceylon.co\/product\/40-days-120-teacups120g1g-1-teacup-copy\/#primaryimage"},"thumbnailUrl":"https:\/\/sugarkillerceylon.co\/wp-content\/uploads\/2024\/06\/W40-3.jpg","datePublished":"2024-09-16T12:23:08+00:00","dateModified":"2024-09-30T05:59:37+00:00","breadcrumb":{"@id":"https:\/\/sugarkillerceylon.co\/product\/40-days-120-teacups120g1g-1-teacup-copy\/#breadcrumb"},"inLanguage":"bs-BA","potentialAction":[{"@type":"ReadAction","target":["https:\/\/sugarkillerceylon.co\/product\/40-days-120-teacups120g1g-1-teacup-copy\/"]}]},{"@type":"ImageObject","inLanguage":"bs-BA","@id":"https:\/\/sugarkillerceylon.co\/product\/40-days-120-teacups120g1g-1-teacup-copy\/#primaryimage","url":"https:\/\/sugarkillerceylon.co\/wp-content\/uploads\/2024\/06\/W40-3.jpg","contentUrl":"https:\/\/sugarkillerceylon.co\/wp-content\/uploads\/2024\/06\/W40-3.jpg","width":600,"height":611},{"@type":"BreadcrumbList","@id":"https:\/\/sugarkillerceylon.co\/product\/40-days-120-teacups120g1g-1-teacup-copy\/#breadcrumb","itemListElement":[{"@type":"ListItem","position":1,"name":"Home","item":"https:\/\/sugarkillerceylon.co\/"},{"@type":"ListItem","position":2,"name":"Shop","item":"https:\/\/sugarkillerceylon.co\/shop\/"},{"@type":"ListItem","position":3,"name":"40 DAYS 120 TEACUPS120g(1g = 1 Teacup) (Copy)"}]},{"@type":"WebSite","@id":"https:\/\/sugarkillerceylon.co\/#website","url":"https:\/\/sugarkillerceylon.co\/","name":"Sugar Killer Ceylon","description":"","potentialAction":[{"@type":"SearchAction","target":{"@type":"EntryPoint","urlTemplate":"https:\/\/sugarkillerceylon.co\/?s={search_term_string}"},"query-input":{"@type":"PropertyValueSpecification","valueRequired":true,"valueName":"search_term_string"}}],"inLanguage":"bs-BA"}]},"product_price_amount":"49.00","product_price_currency":"USD","og_availability":"instock","product_availability":"instock","product_condition":"new"},"_links":{"self":[{"href":"https:\/\/sugarkillerceylon.co\/bs\/wp-json\/wp\/v2\/product\/13737","targetHints":{"allow":["GET"]}}],"collection":[{"href":"https:\/\/sugarkillerceylon.co\/bs\/wp-json\/wp\/v2\/product"}],"about":[{"href":"https:\/\/sugarkillerceylon.co\/bs\/wp-json\/wp\/v2\/types\/product"}],"replies":[{"embeddable":true,"href":"https:\/\/sugarkillerceylon.co\/bs\/wp-json\/wp\/v2\/comments?post=13737"}],"version-history":[{"count":2,"href":"https:\/\/sugarkillerceylon.co\/bs\/wp-json\/wp\/v2\/product\/13737\/revisions"}],"predecessor-version":[{"id":14219,"href":"https:\/\/sugarkillerceylon.co\/bs\/wp-json\/wp\/v2\/product\/13737\/revisions\/14219"}],"wp:featuredmedia":[{"embeddable":true,"href":"https:\/\/sugarkillerceylon.co\/bs\/wp-json\/wp\/v2\/media\/12697"}],"wp:attachment":[{"href":"https:\/\/sugarkillerceylon.co\/bs\/wp-json\/wp\/v2\/media?parent=13737"}],"wp:term":[{"taxonomy":"product_cat","embeddable":true,"href":"https:\/\/sugarkillerceylon.co\/bs\/wp-json\/wp\/v2\/product_cat?post=13737"},{"taxonomy":"product_tag","embeddable":true,"href":"https:\/\/sugarkillerceylon.co\/bs\/wp-json\/wp\/v2\/product_tag?post=13737"}],"curies":[{"name":"wp","href":"https:\/\/api.w.org\/{rel}","templated":true}]}}