{"id":13,"date":"2024-05-16T18:14:59","date_gmt":"2024-05-16T17:14:59","guid":{"rendered":"https:\/\/4.231.236.185\/?page_id=13"},"modified":"2024-08-16T07:39:01","modified_gmt":"2024-08-16T06:39:01","slug":"refund-and-returns-policy","status":"publish","type":"page","link":"https:\/\/sugarkillerceylon.co\/ca\/refund-and-returns-policy\/","title":{"rendered":"Pol\u00edtica de devoluci\u00f3 i devolucions"},"content":{"rendered":"<div data-elementor-type=\"wp-page\" data-elementor-id=\"13\" class=\"elementor elementor-13\" data-elementor-post-type=\"page\">\n\t\t\t\t<div class=\"elementor-element elementor-element-75e51d1e e-flex e-con-boxed e-con e-parent\" data-id=\"75e51d1e\" data-element_type=\"container\" data-settings=\"{&quot;_ha_eqh_enable&quot;:false}\">\n\t\t\t\t\t<div class=\"e-con-inner\">\n\t\t\t\t<div class=\"elementor-element elementor-element-7427368d color-scheme-inherit text-left elementor-widget elementor-widget-text-editor\" data-id=\"7427368d\" data-element_type=\"widget\" data-widget_type=\"text-editor.default\">\n\t\t\t\t<div class=\"elementor-widget-container\">\n\t\t\t\t\t\t\t<p><strong>Pol\u00edtica de reemborsament<\/strong><\/p>\n<p>Gr\u00e0cies per comprar a sugarkillerceylon.com. Valorem la vostra satisfacci\u00f3 i ens esforcem per oferir-vos la millor experi\u00e8ncia de compra en l\u00ednia possible. Si, per qualsevol motiu, no est\u00e0s completament satisfet amb la teva compra, estem aqu\u00ed per ajudar-te.<\/p>\n<p><strong>Devolucions<\/strong><\/p>\n<p>Acceptem devolucions en un termini de 7 dies des de la data de compra. Per ser elegible per a una devoluci\u00f3, el vostre article ha d&#039;estar sense utilitzar i en les mateixes condicions en qu\u00e8 el vau rebre. Tamb\u00e9 ha d&#039;estar en l&#039;embalatge original.<\/p>\n<p><strong>Reemborsaments<\/strong><\/p>\n<p>Un cop rebem la teva devoluci\u00f3 i inspeccionem l&#039;article, t&#039;informarem de l&#039;estat de la devoluci\u00f3. Si s&#039;aprova la vostra devoluci\u00f3, iniciarem un reemborsament al vostre m\u00e8tode de pagament original. Tingueu en compte que l&#039;import del reemborsament exclour\u00e0 els c\u00e0rrecs d&#039;enviament incorreguts durant la compra inicial.<\/p>\n<p><strong>Intercanvis<\/strong><\/p>\n<p>Si voleu canviar el vostre article per un altre, poseu-vos en contacte amb el nostre equip d&#039;atenci\u00f3 al client en un termini de 7 dies despr\u00e9s de rebre la vostra comanda. Us proporcionarem m\u00e9s instruccions sobre com procedir amb l&#039;intercanvi.<\/p>\n<p><strong>Articles no retornables<\/strong><\/p>\n<p>Alguns articles no s\u00f3n retornables ni reemborsables. Aquests inclouen:<\/p>\n<ul>\n<li>Targetes regal<\/li>\n<li>Productes de programari descarregables<\/li>\n<li>Articles personalitzats o fets a mida<\/li>\n<li>Mercaderies peribles<\/li>\n<li>Articles danyats o defectuosos<\/li>\n<\/ul>\n<p>En el cas lamentable que el vostre article arribi malm\u00e8s o defectu\u00f3s, poseu-vos en contacte amb nosaltres immediatament. Organitzarem un reempla\u00e7ament o un reemborsament, depenent de la vostra prefer\u00e8ncia i la disponibilitat del producte.<\/p>\n<p><strong>Enviament de devoluci\u00f3<\/strong><\/p>\n<p>Ser\u00e0s responsable de pagar les despeses d&#039;enviament per retornar el teu article tret que la devoluci\u00f3 es degui a un error nostre (per exemple, un article enviat incorrectament, producte defectu\u00f3s). En aquests casos, us proporcionarem una etiqueta d&#039;enviament prepagada.<\/p>\n<p><strong>Temps de processament<\/strong><\/p>\n<p>Els reemborsaments i els canvis es processaran en un termini d&#039;1 dia laborable despr\u00e9s de rebre l&#039;article retornat. Tingueu en compte que el reemborsament pot trigar m\u00e9s temps a apar\u00e8ixer al vostre compte, depenent del vostre prove\u00efdor de pagament.<\/p>\n<p><strong>Contacta amb nosaltres<\/strong><\/p>\n<p>Si teniu cap pregunta o dubte sobre la nostra pol\u00edtica de reemborsament, poseu-vos en contacte amb el nostre equip d&#039;atenci\u00f3 al client a info@sugarkillerceylon.com. Estem aqu\u00ed per ajudar-vos i assegurar-vos que la vostra experi\u00e8ncia de compra amb nosaltres sigui agradable i sense problemes.<\/p>\t\t\t\t\t\t<\/div>\n\t\t\t\t<\/div>\n\t\t\t\t\t<\/div>\n\t\t\t\t<\/div>\n\t\t\t\t<\/div>","protected":false},"excerpt":{"rendered":"<p>Refund Policy Thank you for shopping at sugarkillerceylon.com. We value your satisfaction and strive to provide you with the best<\/p>","protected":false},"author":1,"featured_media":0,"parent":0,"menu_order":0,"comment_status":"closed","ping_status":"closed","template":"","meta":{"footnotes":""},"class_list":["post-13","page","type-page","status-publish","hentry"],"yoast_head":"<!-- This site is optimized with the Yoast SEO Premium plugin v23.0 (Yoast SEO v23.4) - https:\/\/yoast.com\/wordpress\/plugins\/seo\/ -->\n<title>Refund and Returns Policy - Sugar Killer Ceylon<\/title>\n<meta name=\"robots\" content=\"index, follow, max-snippet:-1, max-image-preview:large, max-video-preview:-1\" \/>\n<link rel=\"canonical\" href=\"https:\/\/sugarkillerceylon.co\/ca\/refund-and-returns-policy\/\" \/>\n<meta property=\"og:locale\" content=\"ca_ES\" \/>\n<meta property=\"og:type\" content=\"article\" \/>\n<meta property=\"og:title\" content=\"Refund and Returns Policy\" \/>\n<meta property=\"og:description\" content=\"Refund Policy Thank you for shopping at sugarkillerceylon.com. We value your satisfaction and strive to provide you with the best\" \/>\n<meta property=\"og:url\" content=\"https:\/\/sugarkillerceylon.co\/ca\/refund-and-returns-policy\/\" \/>\n<meta property=\"og:site_name\" content=\"Sugar Killer Ceylon\" \/>\n<meta property=\"article:modified_time\" content=\"2024-08-16T06:39:01+00:00\" \/>\n<meta name=\"twitter:card\" content=\"summary_large_image\" \/>\n<meta name=\"twitter:label1\" content=\"Temps estimat de lectura\" \/>\n\t<meta name=\"twitter:data1\" content=\"2 minuts\" \/>\n<script type=\"application\/ld+json\" class=\"yoast-schema-graph\">{\"@context\":\"https:\/\/schema.org\",\"@graph\":[{\"@type\":\"WebPage\",\"@id\":\"https:\/\/sugarkillerceylon.co\/refund-and-returns-policy\/\",\"url\":\"https:\/\/sugarkillerceylon.co\/refund-and-returns-policy\/\",\"name\":\"Refund and Returns Policy - Sugar Killer Ceylon\",\"isPartOf\":{\"@id\":\"https:\/\/sugarkillerceylon.co\/#website\"},\"datePublished\":\"2024-05-16T17:14:59+00:00\",\"dateModified\":\"2024-08-16T06:39:01+00:00\",\"breadcrumb\":{\"@id\":\"https:\/\/sugarkillerceylon.co\/refund-and-returns-policy\/#breadcrumb\"},\"inLanguage\":\"ca\",\"potentialAction\":[{\"@type\":\"ReadAction\",\"target\":[\"https:\/\/sugarkillerceylon.co\/refund-and-returns-policy\/\"]}]},{\"@type\":\"BreadcrumbList\",\"@id\":\"https:\/\/sugarkillerceylon.co\/refund-and-returns-policy\/#breadcrumb\",\"itemListElement\":[{\"@type\":\"ListItem\",\"position\":1,\"name\":\"Home\",\"item\":\"https:\/\/sugarkillerceylon.co\/\"},{\"@type\":\"ListItem\",\"position\":2,\"name\":\"Refund and Returns Policy\"}]},{\"@type\":\"WebSite\",\"@id\":\"https:\/\/sugarkillerceylon.co\/#website\",\"url\":\"https:\/\/sugarkillerceylon.co\/\",\"name\":\"Sugar Killer Ceylon\",\"description\":\"\",\"potentialAction\":[{\"@type\":\"SearchAction\",\"target\":{\"@type\":\"EntryPoint\",\"urlTemplate\":\"https:\/\/sugarkillerceylon.co\/?s={search_term_string}\"},\"query-input\":{\"@type\":\"PropertyValueSpecification\",\"valueRequired\":true,\"valueName\":\"search_term_string\"}}],\"inLanguage\":\"ca\"}]}<\/script>\n<!-- \/ Yoast SEO Premium plugin. -->","yoast_head_json":{"title":"Refund and Returns Policy - Sugar Killer Ceylon","robots":{"index":"index","follow":"follow","max-snippet":"max-snippet:-1","max-image-preview":"max-image-preview:large","max-video-preview":"max-video-preview:-1"},"canonical":"https:\/\/sugarkillerceylon.co\/ca\/refund-and-returns-policy\/","og_locale":"ca_ES","og_type":"article","og_title":"Refund and Returns Policy","og_description":"Refund Policy Thank you for shopping at sugarkillerceylon.com. We value your satisfaction and strive to provide you with the best","og_url":"https:\/\/sugarkillerceylon.co\/ca\/refund-and-returns-policy\/","og_site_name":"Sugar Killer Ceylon","article_modified_time":"2024-08-16T06:39:01+00:00","twitter_card":"summary_large_image","twitter_misc":{"Temps estimat de lectura":"2 minuts"},"schema":{"@context":"https:\/\/schema.org","@graph":[{"@type":"WebPage","@id":"https:\/\/sugarkillerceylon.co\/refund-and-returns-policy\/","url":"https:\/\/sugarkillerceylon.co\/refund-and-returns-policy\/","name":"Refund and Returns Policy - Sugar Killer Ceylon","isPartOf":{"@id":"https:\/\/sugarkillerceylon.co\/#website"},"datePublished":"2024-05-16T17:14:59+00:00","dateModified":"2024-08-16T06:39:01+00:00","breadcrumb":{"@id":"https:\/\/sugarkillerceylon.co\/refund-and-returns-policy\/#breadcrumb"},"inLanguage":"ca","potentialAction":[{"@type":"ReadAction","target":["https:\/\/sugarkillerceylon.co\/refund-and-returns-policy\/"]}]},{"@type":"BreadcrumbList","@id":"https:\/\/sugarkillerceylon.co\/refund-and-returns-policy\/#breadcrumb","itemListElement":[{"@type":"ListItem","position":1,"name":"Home","item":"https:\/\/sugarkillerceylon.co\/"},{"@type":"ListItem","position":2,"name":"Refund and Returns Policy"}]},{"@type":"WebSite","@id":"https:\/\/sugarkillerceylon.co\/#website","url":"https:\/\/sugarkillerceylon.co\/","name":"Sugar Killer Ceylon","description":"","potentialAction":[{"@type":"SearchAction","target":{"@type":"EntryPoint","urlTemplate":"https:\/\/sugarkillerceylon.co\/?s={search_term_string}"},"query-input":{"@type":"PropertyValueSpecification","valueRequired":true,"valueName":"search_term_string"}}],"inLanguage":"ca"}]}},"_links":{"self":[{"href":"https:\/\/sugarkillerceylon.co\/ca\/wp-json\/wp\/v2\/pages\/13","targetHints":{"allow":["GET"]}}],"collection":[{"href":"https:\/\/sugarkillerceylon.co\/ca\/wp-json\/wp\/v2\/pages"}],"about":[{"href":"https:\/\/sugarkillerceylon.co\/ca\/wp-json\/wp\/v2\/types\/page"}],"author":[{"embeddable":true,"href":"https:\/\/sugarkillerceylon.co\/ca\/wp-json\/wp\/v2\/users\/1"}],"replies":[{"embeddable":true,"href":"https:\/\/sugarkillerceylon.co\/ca\/wp-json\/wp\/v2\/comments?post=13"}],"version-history":[{"count":0,"href":"https:\/\/sugarkillerceylon.co\/ca\/wp-json\/wp\/v2\/pages\/13\/revisions"}],"wp:attachment":[{"href":"https:\/\/sugarkillerceylon.co\/ca\/wp-json\/wp\/v2\/media?parent=13"}],"curies":[{"name":"wp","href":"https:\/\/api.w.org\/{rel}","templated":true}]}}