{"id":13756,"date":"2024-09-16T18:41:26","date_gmt":"2024-09-16T17:41:26","guid":{"rendered":"https:\/\/sugarkiller.mooo.com\/?post_type=product&#038;p=13756"},"modified":"2024-09-30T07:32:48","modified_gmt":"2024-09-30T06:32:48","slug":"30-days-90-tea-envelopes-3","status":"publish","type":"product","link":"https:\/\/sugarkillerceylon.co\/cs\/product\/30-days-90-tea-envelopes-3\/","title":{"rendered":"30 DN\u00cd 90 \u010cAJOV\u00ddCH OB\u00c1LEK"},"content":{"rendered":"<p>Ingredience<\/p>\n<p>100% \u010cist\u00e1 cejlonsk\u00e1 sko\u0159ice<br \/>\nTajn\u00fd recept<\/p>\n<p>Doporu\u010deno u\u017eivatelem<br \/>\nST\u00c1TN\u00cd MINISTERSTVO V\u00ddROBY , Z\u00c1SOBOV\u00c1N\u00cd A REGULACE FARMACEUTICK\u00c9HO .&amp; FDA - Sr\u00ed Lanka<\/p>","protected":false},"excerpt":{"rendered":"<p>Podle posledn\u00edch l\u00e9ka\u0159sk\u00fdch pr\u016fzkum\u016f se Sr\u00ed Lanka stala zem\u00ed s nejvy\u0161\u0161\u00edm procentem pacient\u016f s cukrovkou v Asii. Podle t\u011bchto v\u00fdzkum\u016f bylo u ka\u017ed\u00e9ho \u010dtvrt\u00e9ho dosp\u011bl\u00e9ho potvrzeno, \u017ee je diabetik.<br \/>\nPokud i vy trp\u00edte cukrovkou, zde je pro v\u00e1s nejlep\u0161\u00ed \u0159e\u0161en\u00ed SUGER KILLER T.<br \/>\nP\u0159em\u00fd\u0161lejte o tom\u2026<br \/>\n1) Jak dlouho u\u017e\u00edv\u00e1te z\u00e1padn\u00ed medic\u00ednu?<br \/>\n2) Ztratili jste svou nemoc po mnoha letech u\u017e\u00edv\u00e1n\u00ed z\u00e1padn\u00ed medic\u00edny?<br \/>\n3) Kolik pen\u011bz jste t\u00edm prohr\u00e1li?<\/p>\n<p>Ale pokud se SUGAR KILLER T pou\u017eije, jak \u0159\u00edk\u00e1me\u2026<br \/>\n1) Hladinu cukru v krvi lze normalizovat b\u011bhem 30 a\u017e 120 dn\u016f.<br \/>\n2) 100% p\u0159\u00edrodn\u00ed, tak\u017ee \u017e\u00e1dn\u00e9 vedlej\u0161\u00ed \u00fa\u010dinky.<br \/>\n3) Pokud ji\u017e u\u017e\u00edv\u00e1te z\u00e1padn\u00ed medic\u00ednu, m\u016f\u017eete za\u010d\u00edt a pokra\u010dovat v u\u017e\u00edv\u00e1n\u00ed tohoto p\u0159\u00edpravku p\u0159i u\u017e\u00edv\u00e1n\u00ed stejn\u00e9ho l\u00e9ku.<br \/>\n4) Po zah\u00e1jen\u00ed p\u0159\u00edjmu na\u0161eho p\u0159\u00edpravku do t\u011bla, pokud je hladina cukru v krvi n\u00edzk\u00e1 b\u011bhem 14. dne vy\u0161et\u0159en\u00ed krevn\u00edho cukru, m\u016f\u017eete p\u0159estat u\u017e\u00edvat z\u00e1padn\u00ed medic\u00ednu a pokra\u010dovat v u\u017e\u00edv\u00e1n\u00ed na\u0161eho p\u0159\u00edpravku na doporu\u010den\u00ed l\u00e9ka\u0159e<\/p>\n<div data-elementor-type=\"section\" data-elementor-id=\"12392\" class=\"elementor elementor-12392\" data-elementor-post-type=\"elementor_library\">\n<div class=\"elementor-element elementor-element-f8b7b0e e-flex e-con-boxed e-con e-parent\" data-id=\"f8b7b0e\" data-element_type=\"container\" data-settings=\"{&quot;_ha_eqh_enable&quot;:false}\">\n<div class=\"e-con-inner\">\n<div class=\"elementor-element elementor-element-b7b9029 elementor-widget elementor-widget-button\" data-id=\"b7b9029\" data-element_type=\"widget\" data-widget_type=\"button.default\">\n<div class=\"elementor-widget-container\">\n<div class=\"elementor-button-wrapper\">\n\t\t\t<a class=\"elementor-button elementor-button-link elementor-size-sm\" href=\"https:\/\/4.231.236.185\/instructions\/\"><br \/>\n\t\t\t\t\t\t<span class=\"elementor-button-content-wrapper\"><br \/>\n\t\t\t\t\t\t\t\t\t<span class=\"elementor-button-text\">N\u00c1VOD K POU\u017dIT\u00cd<\/span><br \/>\n\t\t\t\t\t<\/span><br \/>\n\t\t\t\t\t<\/a>\n\t\t<\/div>\n<\/p><\/div>\n<\/p><\/div>\n<\/p><\/div>\n<\/p><\/div>\n<\/p><\/div>","protected":false},"featured_media":12674,"comment_status":"open","ping_status":"closed","template":"","meta":[],"product_cat":[83,82],"product_tag":[],"class_list":{"0":"post-13756","1":"product","2":"type-product","3":"status-publish","4":"has-post-thumbnail","6":"product_cat-envelopes-express","7":"product_cat-express","9":"first","10":"instock","11":"shipping-taxable","12":"purchasable","13":"product-type-simple"},"yoast_head":"<!-- This site is optimized with the Yoast SEO Premium plugin v23.0 (Yoast SEO v23.4) - https:\/\/yoast.com\/wordpress\/plugins\/seo\/ -->\n<title>30 DAYS 90 TEA ENVELOPES - Sugar Killer Ceylon<\/title>\n<meta name=\"robots\" content=\"index, follow, max-snippet:-1, max-image-preview:large, max-video-preview:-1\" \/>\n<link rel=\"canonical\" href=\"https:\/\/sugarkillerceylon.co\/cs\/produkt\/30-days-90-tea-envelopes-3\/\" \/>\n<meta property=\"og:locale\" content=\"cs_CZ\" \/>\n<meta property=\"og:type\" content=\"article\" \/>\n<meta property=\"og:title\" content=\"30 DAYS 90 TEA ENVELOPES\" \/>\n<meta property=\"og:description\" content=\"According to the latest medical surveys, Sri Lanka has become the country with the highest percentage of diabetes patients in Asia. According to those researches, one out of every four adults has been confirmed to be a diabetic patient. If you are suffering from diabetes too, here is the best solution for you SUGER KILLER T. Think about it... 1) How long have you been taking western medicine? 2) Have you lost your illness after taking western medicine for many years? 3) How much money have you lost on it?  But if SUGAR KILLER T is used as we say... 1) Your blood sugar level can be normalized within 30 to 120 days. 2) 100% natural so no side effects. 3) If you are already taking western medicine, you can start and continue using this product while taking the same medicine. 4) After starting to take our product into the body, if your blood sugar level is low during the 14th day of blood sugar test, you can stop taking western medicine and continue using our product on your doctor&#039;s recommendation\" \/>\n<meta property=\"og:url\" content=\"https:\/\/sugarkillerceylon.co\/cs\/produkt\/30-days-90-tea-envelopes-3\/\" \/>\n<meta property=\"og:site_name\" content=\"Sugar Killer Ceylon\" \/>\n<meta property=\"article:modified_time\" content=\"2024-09-30T06:32:48+00:00\" \/>\n<meta property=\"og:image\" content=\"https:\/\/sugarkillerceylon.co\/wp-content\/uploads\/2024\/06\/B30.jpg\" \/>\n\t<meta property=\"og:image:width\" content=\"600\" \/>\n\t<meta property=\"og:image:height\" content=\"611\" \/>\n\t<meta property=\"og:image:type\" content=\"image\/jpeg\" \/>\n<meta name=\"twitter:card\" content=\"summary_large_image\" \/>\n<meta name=\"twitter:label1\" content=\"Cena\" \/>\n\t<meta name=\"twitter:data1\" content=\"&#036;95.00\" \/>\n\t<meta name=\"twitter:label2\" content=\"Dostupnost\" \/>\n\t<meta name=\"twitter:data2\" content=\"Skladem\" \/>\n<script type=\"application\/ld+json\" class=\"yoast-schema-graph\">{\"@context\":\"https:\/\/schema.org\",\"@graph\":[{\"@type\":\"WebPage\",\"@id\":\"https:\/\/sugarkillerceylon.co\/product\/30-days-90-tea-envelopes-3\/\",\"url\":\"https:\/\/sugarkillerceylon.co\/product\/30-days-90-tea-envelopes-3\/\",\"name\":\"30 DAYS 90 TEA ENVELOPES - Sugar Killer Ceylon\",\"isPartOf\":{\"@id\":\"https:\/\/sugarkillerceylon.co\/#website\"},\"primaryImageOfPage\":{\"@id\":\"https:\/\/sugarkillerceylon.co\/product\/30-days-90-tea-envelopes-3\/#primaryimage\"},\"image\":{\"@id\":\"https:\/\/sugarkillerceylon.co\/product\/30-days-90-tea-envelopes-3\/#primaryimage\"},\"thumbnailUrl\":\"https:\/\/sugarkillerceylon.co\/wp-content\/uploads\/2024\/06\/B30.jpg\",\"datePublished\":\"2024-09-16T17:41:26+00:00\",\"dateModified\":\"2024-09-30T06:32:48+00:00\",\"breadcrumb\":{\"@id\":\"https:\/\/sugarkillerceylon.co\/product\/30-days-90-tea-envelopes-3\/#breadcrumb\"},\"inLanguage\":\"cs\",\"potentialAction\":[{\"@type\":\"ReadAction\",\"target\":[\"https:\/\/sugarkillerceylon.co\/product\/30-days-90-tea-envelopes-3\/\"]}]},{\"@type\":\"ImageObject\",\"inLanguage\":\"cs\",\"@id\":\"https:\/\/sugarkillerceylon.co\/product\/30-days-90-tea-envelopes-3\/#primaryimage\",\"url\":\"https:\/\/sugarkillerceylon.co\/wp-content\/uploads\/2024\/06\/B30.jpg\",\"contentUrl\":\"https:\/\/sugarkillerceylon.co\/wp-content\/uploads\/2024\/06\/B30.jpg\",\"width\":600,\"height\":611},{\"@type\":\"BreadcrumbList\",\"@id\":\"https:\/\/sugarkillerceylon.co\/product\/30-days-90-tea-envelopes-3\/#breadcrumb\",\"itemListElement\":[{\"@type\":\"ListItem\",\"position\":1,\"name\":\"Home\",\"item\":\"https:\/\/sugarkillerceylon.co\/\"},{\"@type\":\"ListItem\",\"position\":2,\"name\":\"Shop\",\"item\":\"https:\/\/sugarkillerceylon.co\/shop\/\"},{\"@type\":\"ListItem\",\"position\":3,\"name\":\"30 DAYS 90 TEA ENVELOPES\"}]},{\"@type\":\"WebSite\",\"@id\":\"https:\/\/sugarkillerceylon.co\/#website\",\"url\":\"https:\/\/sugarkillerceylon.co\/\",\"name\":\"Sugar Killer Ceylon\",\"description\":\"\",\"potentialAction\":[{\"@type\":\"SearchAction\",\"target\":{\"@type\":\"EntryPoint\",\"urlTemplate\":\"https:\/\/sugarkillerceylon.co\/?s={search_term_string}\"},\"query-input\":{\"@type\":\"PropertyValueSpecification\",\"valueRequired\":true,\"valueName\":\"search_term_string\"}}],\"inLanguage\":\"cs\"}]}<\/script>\n<meta property=\"product:price:amount\" content=\"95.00\" \/>\n<meta property=\"product:price:currency\" content=\"USD\" \/>\n<meta property=\"og:availability\" content=\"instock\" \/>\n<meta property=\"product:availability\" content=\"instock\" \/>\n<meta property=\"product:condition\" content=\"new\" \/>\n<!-- \/ Yoast SEO Premium plugin. -->","yoast_head_json":{"title":"30 DAYS 90 TEA ENVELOPES - Sugar Killer Ceylon","robots":{"index":"index","follow":"follow","max-snippet":"max-snippet:-1","max-image-preview":"max-image-preview:large","max-video-preview":"max-video-preview:-1"},"canonical":"https:\/\/sugarkillerceylon.co\/cs\/produkt\/30-days-90-tea-envelopes-3\/","og_locale":"cs_CZ","og_type":"article","og_title":"30 DAYS 90 TEA ENVELOPES","og_description":"According to the latest medical surveys, Sri Lanka has become the country with the highest percentage of diabetes patients in Asia. According to those researches, one out of every four adults has been confirmed to be a diabetic patient. If you are suffering from diabetes too, here is the best solution for you SUGER KILLER T. Think about it... 1) How long have you been taking western medicine? 2) Have you lost your illness after taking western medicine for many years? 3) How much money have you lost on it?  But if SUGAR KILLER T is used as we say... 1) Your blood sugar level can be normalized within 30 to 120 days. 2) 100% natural so no side effects. 3) If you are already taking western medicine, you can start and continue using this product while taking the same medicine. 4) After starting to take our product into the body, if your blood sugar level is low during the 14th day of blood sugar test, you can stop taking western medicine and continue using our product on your doctor's recommendation","og_url":"https:\/\/sugarkillerceylon.co\/cs\/produkt\/30-days-90-tea-envelopes-3\/","og_site_name":"Sugar Killer Ceylon","article_modified_time":"2024-09-30T06:32:48+00:00","og_image":[{"width":600,"height":611,"url":"https:\/\/sugarkillerceylon.co\/wp-content\/uploads\/2024\/06\/B30.jpg","type":"image\/jpeg"}],"twitter_card":"summary_large_image","twitter_misc":{"Cena":"&#36;95.00","Dostupnost":"Skladem"},"schema":{"@context":"https:\/\/schema.org","@graph":[{"@type":"WebPage","@id":"https:\/\/sugarkillerceylon.co\/product\/30-days-90-tea-envelopes-3\/","url":"https:\/\/sugarkillerceylon.co\/product\/30-days-90-tea-envelopes-3\/","name":"30 DAYS 90 TEA ENVELOPES - Sugar Killer Ceylon","isPartOf":{"@id":"https:\/\/sugarkillerceylon.co\/#website"},"primaryImageOfPage":{"@id":"https:\/\/sugarkillerceylon.co\/product\/30-days-90-tea-envelopes-3\/#primaryimage"},"image":{"@id":"https:\/\/sugarkillerceylon.co\/product\/30-days-90-tea-envelopes-3\/#primaryimage"},"thumbnailUrl":"https:\/\/sugarkillerceylon.co\/wp-content\/uploads\/2024\/06\/B30.jpg","datePublished":"2024-09-16T17:41:26+00:00","dateModified":"2024-09-30T06:32:48+00:00","breadcrumb":{"@id":"https:\/\/sugarkillerceylon.co\/product\/30-days-90-tea-envelopes-3\/#breadcrumb"},"inLanguage":"cs","potentialAction":[{"@type":"ReadAction","target":["https:\/\/sugarkillerceylon.co\/product\/30-days-90-tea-envelopes-3\/"]}]},{"@type":"ImageObject","inLanguage":"cs","@id":"https:\/\/sugarkillerceylon.co\/product\/30-days-90-tea-envelopes-3\/#primaryimage","url":"https:\/\/sugarkillerceylon.co\/wp-content\/uploads\/2024\/06\/B30.jpg","contentUrl":"https:\/\/sugarkillerceylon.co\/wp-content\/uploads\/2024\/06\/B30.jpg","width":600,"height":611},{"@type":"BreadcrumbList","@id":"https:\/\/sugarkillerceylon.co\/product\/30-days-90-tea-envelopes-3\/#breadcrumb","itemListElement":[{"@type":"ListItem","position":1,"name":"Home","item":"https:\/\/sugarkillerceylon.co\/"},{"@type":"ListItem","position":2,"name":"Shop","item":"https:\/\/sugarkillerceylon.co\/shop\/"},{"@type":"ListItem","position":3,"name":"30 DAYS 90 TEA ENVELOPES"}]},{"@type":"WebSite","@id":"https:\/\/sugarkillerceylon.co\/#website","url":"https:\/\/sugarkillerceylon.co\/","name":"Sugar Killer Ceylon","description":"","potentialAction":[{"@type":"SearchAction","target":{"@type":"EntryPoint","urlTemplate":"https:\/\/sugarkillerceylon.co\/?s={search_term_string}"},"query-input":{"@type":"PropertyValueSpecification","valueRequired":true,"valueName":"search_term_string"}}],"inLanguage":"cs"}]},"product_price_amount":"95.00","product_price_currency":"USD","og_availability":"instock","product_availability":"instock","product_condition":"new"},"_links":{"self":[{"href":"https:\/\/sugarkillerceylon.co\/cs\/wp-json\/wp\/v2\/product\/13756","targetHints":{"allow":["GET"]}}],"collection":[{"href":"https:\/\/sugarkillerceylon.co\/cs\/wp-json\/wp\/v2\/product"}],"about":[{"href":"https:\/\/sugarkillerceylon.co\/cs\/wp-json\/wp\/v2\/types\/product"}],"replies":[{"embeddable":true,"href":"https:\/\/sugarkillerceylon.co\/cs\/wp-json\/wp\/v2\/comments?post=13756"}],"version-history":[{"count":1,"href":"https:\/\/sugarkillerceylon.co\/cs\/wp-json\/wp\/v2\/product\/13756\/revisions"}],"predecessor-version":[{"id":14221,"href":"https:\/\/sugarkillerceylon.co\/cs\/wp-json\/wp\/v2\/product\/13756\/revisions\/14221"}],"wp:featuredmedia":[{"embeddable":true,"href":"https:\/\/sugarkillerceylon.co\/cs\/wp-json\/wp\/v2\/media\/12674"}],"wp:attachment":[{"href":"https:\/\/sugarkillerceylon.co\/cs\/wp-json\/wp\/v2\/media?parent=13756"}],"wp:term":[{"taxonomy":"product_cat","embeddable":true,"href":"https:\/\/sugarkillerceylon.co\/cs\/wp-json\/wp\/v2\/product_cat?post=13756"},{"taxonomy":"product_tag","embeddable":true,"href":"https:\/\/sugarkillerceylon.co\/cs\/wp-json\/wp\/v2\/product_tag?post=13756"}],"curies":[{"name":"wp","href":"https:\/\/api.w.org\/{rel}","templated":true}]}}