{"id":13771,"date":"2024-09-16T18:57:45","date_gmt":"2024-09-16T17:57:45","guid":{"rendered":"https:\/\/sugarkiller.mooo.com\/?post_type=product&#038;p=13771"},"modified":"2024-09-30T07:34:29","modified_gmt":"2024-09-30T06:34:29","slug":"60-days-200-teacups200g1g-1-teacup","status":"publish","type":"product","link":"https:\/\/sugarkillerceylon.co\/cy\/product\/60-days-200-teacups200g1g-1-teacup\/","title":{"rendered":"60 DIWRNOD 200 TEACUPS<br>200g<br>(1g = 1 cwpan te)"},"content":{"rendered":"<p>Cynhwysion<\/p>\n<p>100% Sinamon Pur Ceylon<br \/>\nRys\u00e1it gyfrinachol<\/p>\n<p>Argymhellir gan<br \/>\nGWEINIDOGAETH GWLADOL CYNHYRCHU , CYFLENWAD A RHEOLEIDDIO FFERYLLOL . &amp; FDA -Sri Lanka<\/p>","protected":false},"excerpt":{"rendered":"<p>Yn \u00f4l yr arolygon meddygol diweddaraf, Sri Lanka yw&#039;r wlad sydd \u00e2&#039;r ganran uchaf o gleifion diabetes yn Asia. Yn \u00f4l yr ymchwil hynny, cadarnhawyd bod un o bob pedwar oedolyn yn glaf diabetig.<br \/>\nOs ydych chi&#039;n dioddef o ddiabetes hefyd, dyma&#039;r ateb gorau i chi SUGER KILLER T.<br \/>\nMeddyliwch amdano\u2026<br \/>\n1) Ers pryd ydych chi wedi bod yn cymryd meddyginiaeth orllewinol?<br \/>\n2) Ydych chi wedi colli eich salwch ar \u00f4l cymryd meddyginiaeth orllewinol ers blynyddoedd lawer?<br \/>\n3) Faint o arian ydych chi wedi&#039;i golli arno?<\/p>\n<p>Ond os defnyddir SUGAR KILLER T fel y dywedwn\u2026<br \/>\n1) Gellir normaleiddio lefel eich siwgr gwaed o fewn 30 i 120 diwrnod.<br \/>\n2) 100% naturiol felly dim sg\u00eel-effeithiau.<br \/>\n3) Os ydych chi eisoes yn cymryd meddyginiaeth orllewinol, gallwch chi ddechrau a pharhau i ddefnyddio&#039;r cynnyrch hwn wrth gymryd yr un feddyginiaeth.<br \/>\n4) Ar \u00f4l dechrau cymryd ein cynnyrch i&#039;r corff, os yw lefel eich siwgr gwaed yn isel yn ystod y 14eg diwrnod o brawf siwgr gwaed, gallwch roi&#039;r gorau i gymryd meddyginiaeth orllewinol a pharhau i ddefnyddio ein cynnyrch ar argymhelliad eich meddyg<\/p>\n<div data-elementor-type=\"section\" data-elementor-id=\"12392\" class=\"elementor elementor-12392\" data-elementor-post-type=\"elementor_library\">\n<div class=\"elementor-element elementor-element-f8b7b0e e-flex e-con-boxed e-con e-parent\" data-id=\"f8b7b0e\" data-element_type=\"container\" data-settings=\"{&quot;_ha_eqh_enable&quot;:false}\">\n<div class=\"e-con-inner\">\n<div class=\"elementor-element elementor-element-b7b9029 elementor-widget elementor-widget-button\" data-id=\"b7b9029\" data-element_type=\"widget\" data-widget_type=\"button.default\">\n<div class=\"elementor-widget-container\">\n<div class=\"elementor-button-wrapper\">\n\t\t\t<a class=\"elementor-button elementor-button-link elementor-size-sm\" href=\"https:\/\/4.231.236.185\/instructions\/\"><br \/>\n\t\t\t\t\t\t<span class=\"elementor-button-content-wrapper\"><br \/>\n\t\t\t\t\t\t\t\t\t<span class=\"elementor-button-text\">CYFARWYDDIADAU I DDEFNYDDIO<\/span><br \/>\n\t\t\t\t\t<\/span><br \/>\n\t\t\t\t\t<\/a>\n\t\t<\/div>\n<\/p><\/div>\n<\/p><\/div>\n<\/p><\/div>\n<\/p><\/div>\n<\/p><\/div>","protected":false},"featured_media":12698,"comment_status":"open","ping_status":"closed","template":"","meta":[],"product_cat":[82,84],"product_tag":[],"class_list":{"0":"post-13771","1":"product","2":"type-product","3":"status-publish","4":"has-post-thumbnail","6":"product_cat-express","7":"product_cat-loose-pack-express","9":"first","10":"instock","11":"shipping-taxable","12":"purchasable","13":"product-type-simple"},"yoast_head":"<!-- This site is optimized with the Yoast SEO Premium plugin v23.0 (Yoast SEO v23.4) - https:\/\/yoast.com\/wordpress\/plugins\/seo\/ -->\n<title>60 DAYS 200 TEACUPS200g(1g = 1 Teacup) - Sugar Killer Ceylon<\/title>\n<meta name=\"robots\" content=\"index, follow, max-snippet:-1, max-image-preview:large, max-video-preview:-1\" \/>\n<link rel=\"canonical\" href=\"https:\/\/sugarkillerceylon.co\/cy\/product\/60-days-200-teacups200g1g-1-teacup\/\" \/>\n<meta property=\"og:locale\" content=\"en_US\" \/>\n<meta property=\"og:type\" content=\"article\" \/>\n<meta property=\"og:title\" content=\"60 DAYS 200 TEACUPS200g(1g = 1 Teacup)\" \/>\n<meta property=\"og:description\" content=\"According to the latest medical surveys, Sri Lanka has become the country with the highest percentage of diabetes patients in Asia. According to those researches, one out of every four adults has been confirmed to be a diabetic patient. If you are suffering from diabetes too, here is the best solution for you SUGER KILLER T. Think about it... 1) How long have you been taking western medicine? 2) Have you lost your illness after taking western medicine for many years? 3) How much money have you lost on it?  But if SUGAR KILLER T is used as we say... 1) Your blood sugar level can be normalized within 30 to 120 days. 2) 100% natural so no side effects. 3) If you are already taking western medicine, you can start and continue using this product while taking the same medicine. 4) After starting to take our product into the body, if your blood sugar level is low during the 14th day of blood sugar test, you can stop taking western medicine and continue using our product on your doctor&#039;s recommendation\" \/>\n<meta property=\"og:url\" content=\"https:\/\/sugarkillerceylon.co\/cy\/product\/60-days-200-teacups200g1g-1-teacup\/\" \/>\n<meta property=\"og:site_name\" content=\"Sugar Killer Ceylon\" \/>\n<meta property=\"article:modified_time\" content=\"2024-09-30T06:34:29+00:00\" \/>\n<meta property=\"og:image\" content=\"https:\/\/sugarkillerceylon.co\/wp-content\/uploads\/2024\/06\/W60-3.jpg\" \/>\n\t<meta property=\"og:image:width\" content=\"600\" \/>\n\t<meta property=\"og:image:height\" content=\"611\" \/>\n\t<meta property=\"og:image:type\" content=\"image\/jpeg\" \/>\n<meta name=\"twitter:card\" content=\"summary_large_image\" \/>\n<meta name=\"twitter:label1\" content=\"Price\" \/>\n\t<meta name=\"twitter:data1\" content=\"&#036;115.00\" \/>\n\t<meta name=\"twitter:label2\" content=\"Availability\" \/>\n\t<meta name=\"twitter:data2\" content=\"In stock\" \/>\n<script type=\"application\/ld+json\" class=\"yoast-schema-graph\">{\"@context\":\"https:\/\/schema.org\",\"@graph\":[{\"@type\":\"WebPage\",\"@id\":\"https:\/\/sugarkillerceylon.co\/product\/60-days-200-teacups200g1g-1-teacup\/\",\"url\":\"https:\/\/sugarkillerceylon.co\/product\/60-days-200-teacups200g1g-1-teacup\/\",\"name\":\"60 DAYS 200 TEACUPS 200g (1g = 1 Teacup) - Sugar Killer Ceylon\",\"isPartOf\":{\"@id\":\"https:\/\/sugarkillerceylon.co\/#website\"},\"primaryImageOfPage\":{\"@id\":\"https:\/\/sugarkillerceylon.co\/product\/60-days-200-teacups200g1g-1-teacup\/#primaryimage\"},\"image\":{\"@id\":\"https:\/\/sugarkillerceylon.co\/product\/60-days-200-teacups200g1g-1-teacup\/#primaryimage\"},\"thumbnailUrl\":\"https:\/\/sugarkillerceylon.co\/wp-content\/uploads\/2024\/06\/W60-3.jpg\",\"datePublished\":\"2024-09-16T17:57:45+00:00\",\"dateModified\":\"2024-09-30T06:34:29+00:00\",\"breadcrumb\":{\"@id\":\"https:\/\/sugarkillerceylon.co\/product\/60-days-200-teacups200g1g-1-teacup\/#breadcrumb\"},\"inLanguage\":\"cy\",\"potentialAction\":[{\"@type\":\"ReadAction\",\"target\":[\"https:\/\/sugarkillerceylon.co\/product\/60-days-200-teacups200g1g-1-teacup\/\"]}]},{\"@type\":\"ImageObject\",\"inLanguage\":\"cy\",\"@id\":\"https:\/\/sugarkillerceylon.co\/product\/60-days-200-teacups200g1g-1-teacup\/#primaryimage\",\"url\":\"https:\/\/sugarkillerceylon.co\/wp-content\/uploads\/2024\/06\/W60-3.jpg\",\"contentUrl\":\"https:\/\/sugarkillerceylon.co\/wp-content\/uploads\/2024\/06\/W60-3.jpg\",\"width\":600,\"height\":611},{\"@type\":\"BreadcrumbList\",\"@id\":\"https:\/\/sugarkillerceylon.co\/product\/60-days-200-teacups200g1g-1-teacup\/#breadcrumb\",\"itemListElement\":[{\"@type\":\"ListItem\",\"position\":1,\"name\":\"Home\",\"item\":\"https:\/\/sugarkillerceylon.co\/\"},{\"@type\":\"ListItem\",\"position\":2,\"name\":\"Shop\",\"item\":\"https:\/\/sugarkillerceylon.co\/shop\/\"},{\"@type\":\"ListItem\",\"position\":3,\"name\":\"60 DAYS 200 TEACUPS200g(1g = 1 Teacup)\"}]},{\"@type\":\"WebSite\",\"@id\":\"https:\/\/sugarkillerceylon.co\/#website\",\"url\":\"https:\/\/sugarkillerceylon.co\/\",\"name\":\"Sugar Killer Ceylon\",\"description\":\"\",\"potentialAction\":[{\"@type\":\"SearchAction\",\"target\":{\"@type\":\"EntryPoint\",\"urlTemplate\":\"https:\/\/sugarkillerceylon.co\/?s={search_term_string}\"},\"query-input\":{\"@type\":\"PropertyValueSpecification\",\"valueRequired\":true,\"valueName\":\"search_term_string\"}}],\"inLanguage\":\"cy\"}]}<\/script>\n<meta property=\"product:price:amount\" content=\"115.00\" \/>\n<meta property=\"product:price:currency\" content=\"USD\" \/>\n<meta property=\"og:availability\" content=\"instock\" \/>\n<meta property=\"product:availability\" content=\"instock\" \/>\n<meta property=\"product:condition\" content=\"new\" \/>\n<!-- \/ Yoast SEO Premium plugin. -->","yoast_head_json":{"title":"60 DAYS 200 TEACUPS200g(1g = 1 Teacup) - Sugar Killer Ceylon","robots":{"index":"index","follow":"follow","max-snippet":"max-snippet:-1","max-image-preview":"max-image-preview:large","max-video-preview":"max-video-preview:-1"},"canonical":"https:\/\/sugarkillerceylon.co\/cy\/product\/60-days-200-teacups200g1g-1-teacup\/","og_locale":"en_US","og_type":"article","og_title":"60 DAYS 200 TEACUPS200g(1g = 1 Teacup)","og_description":"According to the latest medical surveys, Sri Lanka has become the country with the highest percentage of diabetes patients in Asia. According to those researches, one out of every four adults has been confirmed to be a diabetic patient. If you are suffering from diabetes too, here is the best solution for you SUGER KILLER T. Think about it... 1) How long have you been taking western medicine? 2) Have you lost your illness after taking western medicine for many years? 3) How much money have you lost on it?  But if SUGAR KILLER T is used as we say... 1) Your blood sugar level can be normalized within 30 to 120 days. 2) 100% natural so no side effects. 3) If you are already taking western medicine, you can start and continue using this product while taking the same medicine. 4) After starting to take our product into the body, if your blood sugar level is low during the 14th day of blood sugar test, you can stop taking western medicine and continue using our product on your doctor's recommendation","og_url":"https:\/\/sugarkillerceylon.co\/cy\/product\/60-days-200-teacups200g1g-1-teacup\/","og_site_name":"Sugar Killer Ceylon","article_modified_time":"2024-09-30T06:34:29+00:00","og_image":[{"width":600,"height":611,"url":"https:\/\/sugarkillerceylon.co\/wp-content\/uploads\/2024\/06\/W60-3.jpg","type":"image\/jpeg"}],"twitter_card":"summary_large_image","twitter_misc":{"Price":"&#36;115.00","Availability":"In stock"},"schema":{"@context":"https:\/\/schema.org","@graph":[{"@type":"WebPage","@id":"https:\/\/sugarkillerceylon.co\/product\/60-days-200-teacups200g1g-1-teacup\/","url":"https:\/\/sugarkillerceylon.co\/product\/60-days-200-teacups200g1g-1-teacup\/","name":"60 DAYS 200 TEACUPS 200g (1g = 1 Teacup) - Sugar Killer Ceylon","isPartOf":{"@id":"https:\/\/sugarkillerceylon.co\/#website"},"primaryImageOfPage":{"@id":"https:\/\/sugarkillerceylon.co\/product\/60-days-200-teacups200g1g-1-teacup\/#primaryimage"},"image":{"@id":"https:\/\/sugarkillerceylon.co\/product\/60-days-200-teacups200g1g-1-teacup\/#primaryimage"},"thumbnailUrl":"https:\/\/sugarkillerceylon.co\/wp-content\/uploads\/2024\/06\/W60-3.jpg","datePublished":"2024-09-16T17:57:45+00:00","dateModified":"2024-09-30T06:34:29+00:00","breadcrumb":{"@id":"https:\/\/sugarkillerceylon.co\/product\/60-days-200-teacups200g1g-1-teacup\/#breadcrumb"},"inLanguage":"cy","potentialAction":[{"@type":"ReadAction","target":["https:\/\/sugarkillerceylon.co\/product\/60-days-200-teacups200g1g-1-teacup\/"]}]},{"@type":"ImageObject","inLanguage":"cy","@id":"https:\/\/sugarkillerceylon.co\/product\/60-days-200-teacups200g1g-1-teacup\/#primaryimage","url":"https:\/\/sugarkillerceylon.co\/wp-content\/uploads\/2024\/06\/W60-3.jpg","contentUrl":"https:\/\/sugarkillerceylon.co\/wp-content\/uploads\/2024\/06\/W60-3.jpg","width":600,"height":611},{"@type":"BreadcrumbList","@id":"https:\/\/sugarkillerceylon.co\/product\/60-days-200-teacups200g1g-1-teacup\/#breadcrumb","itemListElement":[{"@type":"ListItem","position":1,"name":"Home","item":"https:\/\/sugarkillerceylon.co\/"},{"@type":"ListItem","position":2,"name":"Shop","item":"https:\/\/sugarkillerceylon.co\/shop\/"},{"@type":"ListItem","position":3,"name":"60 DAYS 200 TEACUPS200g(1g = 1 Teacup)"}]},{"@type":"WebSite","@id":"https:\/\/sugarkillerceylon.co\/#website","url":"https:\/\/sugarkillerceylon.co\/","name":"Sugar Killer Ceylon","description":"","potentialAction":[{"@type":"SearchAction","target":{"@type":"EntryPoint","urlTemplate":"https:\/\/sugarkillerceylon.co\/?s={search_term_string}"},"query-input":{"@type":"PropertyValueSpecification","valueRequired":true,"valueName":"search_term_string"}}],"inLanguage":"cy"}]},"product_price_amount":"115.00","product_price_currency":"USD","og_availability":"instock","product_availability":"instock","product_condition":"new"},"_links":{"self":[{"href":"https:\/\/sugarkillerceylon.co\/cy\/wp-json\/wp\/v2\/product\/13771","targetHints":{"allow":["GET"]}}],"collection":[{"href":"https:\/\/sugarkillerceylon.co\/cy\/wp-json\/wp\/v2\/product"}],"about":[{"href":"https:\/\/sugarkillerceylon.co\/cy\/wp-json\/wp\/v2\/types\/product"}],"replies":[{"embeddable":true,"href":"https:\/\/sugarkillerceylon.co\/cy\/wp-json\/wp\/v2\/comments?post=13771"}],"version-history":[{"count":1,"href":"https:\/\/sugarkillerceylon.co\/cy\/wp-json\/wp\/v2\/product\/13771\/revisions"}],"predecessor-version":[{"id":14224,"href":"https:\/\/sugarkillerceylon.co\/cy\/wp-json\/wp\/v2\/product\/13771\/revisions\/14224"}],"wp:featuredmedia":[{"embeddable":true,"href":"https:\/\/sugarkillerceylon.co\/cy\/wp-json\/wp\/v2\/media\/12698"}],"wp:attachment":[{"href":"https:\/\/sugarkillerceylon.co\/cy\/wp-json\/wp\/v2\/media?parent=13771"}],"wp:term":[{"taxonomy":"product_cat","embeddable":true,"href":"https:\/\/sugarkillerceylon.co\/cy\/wp-json\/wp\/v2\/product_cat?post=13771"},{"taxonomy":"product_tag","embeddable":true,"href":"https:\/\/sugarkillerceylon.co\/cy\/wp-json\/wp\/v2\/product_tag?post=13771"}],"curies":[{"name":"wp","href":"https:\/\/api.w.org\/{rel}","templated":true}]}}