{"id":12275,"date":"2024-06-08T08:03:34","date_gmt":"2024-06-08T07:03:34","guid":{"rendered":"https:\/\/4.231.236.185\/?post_type=product&#038;p=12275"},"modified":"2024-06-25T08:42:28","modified_gmt":"2024-06-25T07:42:28","slug":"sugar-killer-drink-2","status":"publish","type":"product","link":"https:\/\/sugarkillerceylon.co\/es\/product\/sugar-killer-drink-2\/","title":{"rendered":"Sugar Killer Drink 250ml"},"content":{"rendered":"","protected":false},"excerpt":{"rendered":"<p>Seg\u00fan las \u00faltimas encuestas m\u00e9dicas, Sri Lanka se ha convertido en el pa\u00eds con el mayor porcentaje de pacientes diab\u00e9ticos de Asia. Seg\u00fan esas investigaciones, se ha confirmado que uno de cada cuatro adultos es diab\u00e9tico.<br \/>\nSi tambi\u00e9n sufres de diabetes aqu\u00ed tienes la mejor soluci\u00f3n para ti SUGER KILLER T.<br \/>\nPi\u00e9nsalo\u2026<br \/>\n1) \u00bfCu\u00e1nto tiempo lleva tomando medicina occidental?<br \/>\n2) \u00bfHa perdido usted su enfermedad despu\u00e9s de tomar medicina occidental durante muchos a\u00f1os?<br \/>\n3) \u00bfCu\u00e1nto dinero has perdido con ello?<\/p>\n<p>Pero si se utiliza SUGAR KILLER T como decimos\u2026<br \/>\n1) Su nivel de az\u00facar en sangre puede normalizarse en 30 a 120 d\u00edas.<br \/>\n2) 100% natural por lo que no tiene efectos secundarios.<br \/>\n3) Si ya est\u00e1 tomando medicina occidental, puede comenzar y continuar usando este producto mientras toma la misma medicina.<br \/>\n4) After starting to take our product into the body, if your blood sugar level is low during the 14th day of blood sugar test, you can stop taking western medicine and continue using our product on your doctor&#8217;s recommendation.<\/p>\n<p><a href=\"https:\/\/4.231.236.185\/bulk-orders\/\">ORDER NOW<\/a><\/p>","protected":false},"featured_media":12284,"comment_status":"open","ping_status":"closed","template":"","meta":[],"product_cat":[69],"product_tag":[],"class_list":{"0":"post-12275","1":"product","2":"type-product","3":"status-publish","4":"has-post-thumbnail","6":"product_cat-sugar-killer-drink","8":"first","9":"instock","10":"shipping-taxable","11":"product-type-simple"},"yoast_head":"<!-- This site is optimized with the Yoast SEO Premium plugin v23.0 (Yoast SEO v23.4) - https:\/\/yoast.com\/wordpress\/plugins\/seo\/ -->\n<title>Sugar Killer Drink 250ml - Sugar Killer Ceylon<\/title>\n<meta name=\"robots\" content=\"index, follow, max-snippet:-1, max-image-preview:large, max-video-preview:-1\" \/>\n<link rel=\"canonical\" href=\"https:\/\/sugarkillerceylon.co\/es\/producto\/sugar-killer-drink-2\/\" \/>\n<meta property=\"og:locale\" content=\"es_ES\" \/>\n<meta property=\"og:type\" content=\"article\" \/>\n<meta property=\"og:title\" content=\"Sugar Killer Drink 250ml\" \/>\n<meta property=\"og:description\" content=\"According to the latest medical surveys, Sri Lanka has become the country with the highest percentage of diabetes patients in Asia. According to those researches, one out of every four adults has been confirmed to be a diabetic patient. If you are suffering from diabetes too, here is the best solution for you SUGER KILLER T. Think about it... 1) How long have you been taking western medicine? 2) Have you lost your illness after taking western medicine for many years? 3) How much money have you lost on it?  But if SUGAR KILLER T is used as we say... 1) Your blood sugar level can be normalized within 30 to 120 days. 2) 100% natural so no side effects. 3) If you are already taking western medicine, you can start and continue using this product while taking the same medicine. 4) After starting to take our product into the body, if your blood sugar level is low during the 14th day of blood sugar test, you can stop taking western medicine and continue using our product on your doctor&#039;s recommendation.  ORDER NOW\" \/>\n<meta property=\"og:url\" content=\"https:\/\/sugarkillerceylon.co\/es\/producto\/sugar-killer-drink-2\/\" \/>\n<meta property=\"og:site_name\" content=\"Sugar Killer Ceylon\" \/>\n<meta property=\"article:modified_time\" content=\"2024-06-25T07:42:28+00:00\" \/>\n<meta property=\"og:image\" content=\"https:\/\/sugarkillerceylon.co\/wp-content\/uploads\/2024\/06\/P3.jpg\" \/>\n\t<meta property=\"og:image:width\" content=\"1309\" \/>\n\t<meta property=\"og:image:height\" content=\"1333\" \/>\n\t<meta property=\"og:image:type\" content=\"image\/jpeg\" \/>\n<meta name=\"twitter:card\" content=\"summary_large_image\" \/>\n<meta name=\"twitter:label1\" content=\"Precio\" \/>\n\t<meta name=\"twitter:data1\" content=\"\" \/>\n\t<meta name=\"twitter:label2\" content=\"Disponibilidad\" \/>\n\t<meta name=\"twitter:data2\" content=\"Disponible\" \/>\n<script type=\"application\/ld+json\" class=\"yoast-schema-graph\">{\"@context\":\"https:\/\/schema.org\",\"@graph\":[{\"@type\":\"WebPage\",\"@id\":\"https:\/\/sugarkillerceylon.co\/product\/sugar-killer-drink-2\/\",\"url\":\"https:\/\/sugarkillerceylon.co\/product\/sugar-killer-drink-2\/\",\"name\":\"Sugar Killer Drink 250ml - Sugar Killer Ceylon\",\"isPartOf\":{\"@id\":\"https:\/\/sugarkillerceylon.co\/#website\"},\"primaryImageOfPage\":{\"@id\":\"https:\/\/sugarkillerceylon.co\/product\/sugar-killer-drink-2\/#primaryimage\"},\"image\":{\"@id\":\"https:\/\/sugarkillerceylon.co\/product\/sugar-killer-drink-2\/#primaryimage\"},\"thumbnailUrl\":\"https:\/\/sugarkillerceylon.co\/wp-content\/uploads\/2024\/06\/P3.jpg\",\"datePublished\":\"2024-06-08T07:03:34+00:00\",\"dateModified\":\"2024-06-25T07:42:28+00:00\",\"breadcrumb\":{\"@id\":\"https:\/\/sugarkillerceylon.co\/product\/sugar-killer-drink-2\/#breadcrumb\"},\"inLanguage\":\"es\",\"potentialAction\":[{\"@type\":\"ReadAction\",\"target\":[\"https:\/\/sugarkillerceylon.co\/product\/sugar-killer-drink-2\/\"]}]},{\"@type\":\"ImageObject\",\"inLanguage\":\"es\",\"@id\":\"https:\/\/sugarkillerceylon.co\/product\/sugar-killer-drink-2\/#primaryimage\",\"url\":\"https:\/\/sugarkillerceylon.co\/wp-content\/uploads\/2024\/06\/P3.jpg\",\"contentUrl\":\"https:\/\/sugarkillerceylon.co\/wp-content\/uploads\/2024\/06\/P3.jpg\",\"width\":1309,\"height\":1333},{\"@type\":\"BreadcrumbList\",\"@id\":\"https:\/\/sugarkillerceylon.co\/product\/sugar-killer-drink-2\/#breadcrumb\",\"itemListElement\":[{\"@type\":\"ListItem\",\"position\":1,\"name\":\"Home\",\"item\":\"https:\/\/sugarkillerceylon.co\/\"},{\"@type\":\"ListItem\",\"position\":2,\"name\":\"Shop\",\"item\":\"https:\/\/sugarkillerceylon.co\/shop\/\"},{\"@type\":\"ListItem\",\"position\":3,\"name\":\"Sugar Killer Drink 250ml\"}]},{\"@type\":\"WebSite\",\"@id\":\"https:\/\/sugarkillerceylon.co\/#website\",\"url\":\"https:\/\/sugarkillerceylon.co\/\",\"name\":\"Sugar Killer Ceylon\",\"description\":\"\",\"potentialAction\":[{\"@type\":\"SearchAction\",\"target\":{\"@type\":\"EntryPoint\",\"urlTemplate\":\"https:\/\/sugarkillerceylon.co\/?s={search_term_string}\"},\"query-input\":{\"@type\":\"PropertyValueSpecification\",\"valueRequired\":true,\"valueName\":\"search_term_string\"}}],\"inLanguage\":\"es\"}]}<\/script>\n<meta property=\"product:price:amount\" content=\"0.00\" \/>\n<meta property=\"product:price:currency\" content=\"USD\" \/>\n<meta property=\"og:availability\" content=\"instock\" \/>\n<meta property=\"product:availability\" content=\"instock\" \/>\n<meta property=\"product:condition\" content=\"new\" \/>\n<!-- \/ Yoast SEO Premium plugin. -->","yoast_head_json":{"title":"Sugar Killer Drink 250ml - Sugar Killer Ceylon","robots":{"index":"index","follow":"follow","max-snippet":"max-snippet:-1","max-image-preview":"max-image-preview:large","max-video-preview":"max-video-preview:-1"},"canonical":"https:\/\/sugarkillerceylon.co\/es\/producto\/sugar-killer-drink-2\/","og_locale":"es_ES","og_type":"article","og_title":"Sugar Killer Drink 250ml","og_description":"According to the latest medical surveys, Sri Lanka has become the country with the highest percentage of diabetes patients in Asia. According to those researches, one out of every four adults has been confirmed to be a diabetic patient. If you are suffering from diabetes too, here is the best solution for you SUGER KILLER T. Think about it... 1) How long have you been taking western medicine? 2) Have you lost your illness after taking western medicine for many years? 3) How much money have you lost on it?  But if SUGAR KILLER T is used as we say... 1) Your blood sugar level can be normalized within 30 to 120 days. 2) 100% natural so no side effects. 3) If you are already taking western medicine, you can start and continue using this product while taking the same medicine. 4) After starting to take our product into the body, if your blood sugar level is low during the 14th day of blood sugar test, you can stop taking western medicine and continue using our product on your doctor's recommendation.  ORDER NOW","og_url":"https:\/\/sugarkillerceylon.co\/es\/producto\/sugar-killer-drink-2\/","og_site_name":"Sugar Killer Ceylon","article_modified_time":"2024-06-25T07:42:28+00:00","og_image":[{"width":1309,"height":1333,"url":"https:\/\/sugarkillerceylon.co\/wp-content\/uploads\/2024\/06\/P3.jpg","type":"image\/jpeg"}],"twitter_card":"summary_large_image","twitter_misc":{"Precio":"","Disponibilidad":"Disponible"},"schema":{"@context":"https:\/\/schema.org","@graph":[{"@type":"WebPage","@id":"https:\/\/sugarkillerceylon.co\/product\/sugar-killer-drink-2\/","url":"https:\/\/sugarkillerceylon.co\/product\/sugar-killer-drink-2\/","name":"Sugar Killer Drink 250ml - Sugar Killer Ceylon","isPartOf":{"@id":"https:\/\/sugarkillerceylon.co\/#website"},"primaryImageOfPage":{"@id":"https:\/\/sugarkillerceylon.co\/product\/sugar-killer-drink-2\/#primaryimage"},"image":{"@id":"https:\/\/sugarkillerceylon.co\/product\/sugar-killer-drink-2\/#primaryimage"},"thumbnailUrl":"https:\/\/sugarkillerceylon.co\/wp-content\/uploads\/2024\/06\/P3.jpg","datePublished":"2024-06-08T07:03:34+00:00","dateModified":"2024-06-25T07:42:28+00:00","breadcrumb":{"@id":"https:\/\/sugarkillerceylon.co\/product\/sugar-killer-drink-2\/#breadcrumb"},"inLanguage":"es","potentialAction":[{"@type":"ReadAction","target":["https:\/\/sugarkillerceylon.co\/product\/sugar-killer-drink-2\/"]}]},{"@type":"ImageObject","inLanguage":"es","@id":"https:\/\/sugarkillerceylon.co\/product\/sugar-killer-drink-2\/#primaryimage","url":"https:\/\/sugarkillerceylon.co\/wp-content\/uploads\/2024\/06\/P3.jpg","contentUrl":"https:\/\/sugarkillerceylon.co\/wp-content\/uploads\/2024\/06\/P3.jpg","width":1309,"height":1333},{"@type":"BreadcrumbList","@id":"https:\/\/sugarkillerceylon.co\/product\/sugar-killer-drink-2\/#breadcrumb","itemListElement":[{"@type":"ListItem","position":1,"name":"Home","item":"https:\/\/sugarkillerceylon.co\/"},{"@type":"ListItem","position":2,"name":"Shop","item":"https:\/\/sugarkillerceylon.co\/shop\/"},{"@type":"ListItem","position":3,"name":"Sugar Killer Drink 250ml"}]},{"@type":"WebSite","@id":"https:\/\/sugarkillerceylon.co\/#website","url":"https:\/\/sugarkillerceylon.co\/","name":"Sugar Killer Ceylon","description":"","potentialAction":[{"@type":"SearchAction","target":{"@type":"EntryPoint","urlTemplate":"https:\/\/sugarkillerceylon.co\/?s={search_term_string}"},"query-input":{"@type":"PropertyValueSpecification","valueRequired":true,"valueName":"search_term_string"}}],"inLanguage":"es"}]},"product_price_amount":"0.00","product_price_currency":"USD","og_availability":"instock","product_availability":"instock","product_condition":"new"},"_links":{"self":[{"href":"https:\/\/sugarkillerceylon.co\/es\/wp-json\/wp\/v2\/product\/12275","targetHints":{"allow":["GET"]}}],"collection":[{"href":"https:\/\/sugarkillerceylon.co\/es\/wp-json\/wp\/v2\/product"}],"about":[{"href":"https:\/\/sugarkillerceylon.co\/es\/wp-json\/wp\/v2\/types\/product"}],"replies":[{"embeddable":true,"href":"https:\/\/sugarkillerceylon.co\/es\/wp-json\/wp\/v2\/comments?post=12275"}],"version-history":[{"count":0,"href":"https:\/\/sugarkillerceylon.co\/es\/wp-json\/wp\/v2\/product\/12275\/revisions"}],"wp:featuredmedia":[{"embeddable":true,"href":"https:\/\/sugarkillerceylon.co\/es\/wp-json\/wp\/v2\/media\/12284"}],"wp:attachment":[{"href":"https:\/\/sugarkillerceylon.co\/es\/wp-json\/wp\/v2\/media?parent=12275"}],"wp:term":[{"taxonomy":"product_cat","embeddable":true,"href":"https:\/\/sugarkillerceylon.co\/es\/wp-json\/wp\/v2\/product_cat?post=12275"},{"taxonomy":"product_tag","embeddable":true,"href":"https:\/\/sugarkillerceylon.co\/es\/wp-json\/wp\/v2\/product_tag?post=12275"}],"curies":[{"name":"wp","href":"https:\/\/api.w.org\/{rel}","templated":true}]}}