{"id":12511,"date":"2024-06-24T13:54:04","date_gmt":"2024-06-24T12:54:04","guid":{"rendered":"https:\/\/4.231.236.185\/?page_id=12511"},"modified":"2024-07-04T04:27:22","modified_gmt":"2024-07-04T03:27:22","slug":"message-from-inventor","status":"publish","type":"page","link":"https:\/\/sugarkillerceylon.co\/fur\/message-from-inventor\/","title":{"rendered":"Messa\u00e7 dal invent\u00f4r"},"content":{"rendered":"<div data-elementor-type=\"wp-page\" data-elementor-id=\"12511\" class=\"elementor elementor-12511\" data-elementor-post-type=\"page\">\n\t\t\t\t<div class=\"elementor-element elementor-element-c46e6bb e-flex e-con-boxed e-con e-parent\" data-id=\"c46e6bb\" data-element_type=\"container\" data-settings=\"{&quot;_ha_eqh_enable&quot;:false}\">\n\t\t\t\t\t<div class=\"e-con-inner\">\n\t\t\t\t<div class=\"elementor-element elementor-element-3a5af11 elementor-widget elementor-widget-image\" data-id=\"3a5af11\" data-element_type=\"widget\" data-widget_type=\"image.default\">\n\t\t\t\t<div class=\"elementor-widget-container\">\n\t\t\t\t\t\t\t\t\t\t\t\t\t<img fetchpriority=\"high\" decoding=\"async\" width=\"984\" height=\"805\" src=\"https:\/\/sugarkillerceylon.co\/wp-content\/uploads\/2024\/07\/Charman-1.jpg\" class=\"attachment-large size-large wp-image-12753\" alt=\"\" srcset=\"https:\/\/sugarkillerceylon.co\/wp-content\/uploads\/2024\/07\/Charman-1.jpg 984w, https:\/\/sugarkillerceylon.co\/wp-content\/uploads\/2024\/07\/Charman-1-300x245.jpg 300w, https:\/\/sugarkillerceylon.co\/wp-content\/uploads\/2024\/07\/Charman-1-768x628.jpg 768w, https:\/\/sugarkillerceylon.co\/wp-content\/uploads\/2024\/07\/Charman-1-150x123.jpg 150w\" sizes=\"(max-width: 984px) 100vw, 984px\" \/>\t\t\t\t\t\t\t\t\t\t\t\t\t<\/div>\n\t\t\t\t<\/div>\n\t\t\t\t\t<\/div>\n\t\t\t\t<\/div>\n\t\t<div class=\"elementor-element elementor-element-5fded6d e-flex e-con-boxed e-con e-parent\" data-id=\"5fded6d\" data-element_type=\"container\" data-settings=\"{&quot;_ha_eqh_enable&quot;:false}\">\n\t\t\t\t\t<div class=\"e-con-inner\">\n\t\t\t\t<div class=\"elementor-element elementor-element-9de736c color-scheme-inherit text-left elementor-widget elementor-widget-text-editor\" data-id=\"9de736c\" data-element_type=\"widget\" data-widget_type=\"text-editor.default\">\n\t\t\t\t<div class=\"elementor-widget-container\">\n\t\t\t\t\t\t\t<p>O curar\u00f2 i malats cu la m\u00ea gnove inovazion<\/p>\t\t\t\t\t\t<\/div>\n\t\t\t\t<\/div>\n\t\t\t\t<div class=\"elementor-element elementor-element-1973b88 color-scheme-inherit text-left elementor-widget elementor-widget-text-editor\" data-id=\"1973b88\" data-element_type=\"widget\" data-widget_type=\"text-editor.default\">\n\t\t\t\t<div class=\"elementor-widget-container\">\n\t\t\t\t\t\t\tFondadore \/ presidente Samantha Punchi Hewa.<br>Grup di aziendis Natures\t\t\t\t\t\t<\/div>\n\t\t\t\t<\/div>\n\t\t\t\t<div class=\"elementor-element elementor-element-9170d8b elementor-widget elementor-widget-image\" data-id=\"9170d8b\" data-element_type=\"widget\" data-widget_type=\"image.default\">\n\t\t\t\t<div class=\"elementor-widget-container\">\n\t\t\t\t\t\t\t\t\t\t\t\t\t<img decoding=\"async\" width=\"600\" height=\"280\" src=\"https:\/\/sugarkillerceylon.co\/wp-content\/uploads\/2024\/06\/Natures.png\" class=\"attachment-large size-large wp-image-12583\" alt=\"\" srcset=\"https:\/\/sugarkillerceylon.co\/wp-content\/uploads\/2024\/06\/Natures.png 600w, https:\/\/sugarkillerceylon.co\/wp-content\/uploads\/2024\/06\/Natures-300x140.png 300w, https:\/\/sugarkillerceylon.co\/wp-content\/uploads\/2024\/06\/Natures-150x70.png 150w\" sizes=\"(max-width: 600px) 100vw, 600px\" \/>\t\t\t\t\t\t\t\t\t\t\t\t\t<\/div>\n\t\t\t\t<\/div>\n\t\t\t\t\t<\/div>\n\t\t\t\t<\/div>\n\t\t<div class=\"elementor-element elementor-element-7f6d658 e-flex e-con-boxed e-con e-parent\" data-id=\"7f6d658\" data-element_type=\"container\" data-settings=\"{&quot;_ha_eqh_enable&quot;:false}\">\n\t\t\t\t\t<div class=\"e-con-inner\">\n\t\t<div class=\"elementor-element elementor-element-b227dcd e-con-full e-flex e-con e-child\" data-id=\"b227dcd\" data-element_type=\"container\" data-settings=\"{&quot;_ha_eqh_enable&quot;:false}\">\n\t\t\t\t<div class=\"elementor-element elementor-element-b618d79 color-scheme-inherit text-left elementor-widget elementor-widget-text-editor\" data-id=\"b618d79\" data-element_type=\"widget\" data-widget_type=\"text-editor.default\">\n\t\t\t\t<div class=\"elementor-widget-container\">\n\t\t\t\t\t\t\t<p style=\"text-align: left;\">La inovazion e je il nestri obiet\u00eef princip\u00e2l, pluitost che continu\u00e2 cui prodots tradizion\u00e2i. O vol\u00ecn rivoluzion\u00e2 e concuist\u00e2 il mont cun gnovis invenzions. O vin za cir\u00eet di cjat\u00e2 une soluzion par une epidemie glob\u00e2l cuntun dai nestris gn\u00fbfs prodots. A sar\u00e0 une domande mondi\u00e2l une volte che il prodot al sar\u00e0 lan\u00e7\u00e2t, o sperin,\u201d e \u00e0 not\u00e2t la presidente dai prodots agro Lanka di Nature, Samantha Punchi Hewa.<\/p><p style=\"text-align: left;\">La Nature\u2019s Agro Products Lanka, une aziende impuartante che e esporte cjanele e specis cun val\u00f4r zont\u00e2t, e \u00e0 cjap\u00e2t il Premi di aur tal set\u00f4r de agriculture cun val\u00f4r zont\u00e2t, inte sot categorie dal coc\u00f4s di scjale medie e dai prodots a base di coc\u00f4s inte vincjesim cuarte e Cjamare Nazion\u00e2l dai Esportad\u00f4rs di S (NCE), tign\u00fbts di p\u00f4c al Hilton di Colombo.<\/p><p style=\"text-align: left;\">Cuntune storie lungje e orgol\u00f4se intal cumier\u00e7 internazion\u00e2l, i prodots agricui di Nature Lanka a esportin cum\u00f2 i siei prodots in 20 pa\u00ees cjapant dentri la Coree dal Sud, il Gjapon, la Gnove Zelande, la Australie, la Bolivie e la Arabie Saudite.<\/p><p>Reput\u00e2t a nivel internazion\u00e2l par prodots di cualit\u00e2t cun cjanele, Nature\u2019s Agro Products Lanka al \u00e0 une schirie ecelente di esportazions di cualit\u00e2t cun val\u00f4r zont\u00e2t come il t\u00e8, l\u2019uei di coc\u00f4s vergjin, la noce moscade, il piver e il clof.<\/p>\t\t\t\t\t\t<\/div>\n\t\t\t\t<\/div>\n\t\t\t\t<\/div>\n\t\t<div class=\"elementor-element elementor-element-0de31d7 e-con-full e-flex e-con e-child\" data-id=\"0de31d7\" data-element_type=\"container\" data-settings=\"{&quot;_ha_eqh_enable&quot;:false}\">\n\t\t\t\t<div class=\"elementor-element elementor-element-9adfa5d color-scheme-inherit text-left elementor-widget elementor-widget-text-editor\" data-id=\"9adfa5d\" data-element_type=\"widget\" data-widget_type=\"text-editor.default\">\n\t\t\t\t<div class=\"elementor-widget-container\">\n\t\t\t\t\t\t\t<p style=\"text-align: left;\">L\u2019aziende e je stade premiade cui standard ISO 22000 e HACCP e cuntun numar di certificats di cualit\u00e2t. I prodots agricui de nature Lanka al continue i siei sfuar\u00e7s par produsi prodots a erbis che a \u00e0n l\u2019obiet\u00eef di mior\u00e2 la cualit\u00e2t de vite<\/p><p style=\"text-align: left;\">\u201cIl me desideri al \u00e8 di viodi il Sri Lanka devent\u00e2 un grant Centri Finanziari, un puest impuartant par f\u00e2 cumier\u00e7 di nivel mondi\u00e2l. O sfuar\u00e7 in maniere person\u00e2l par f\u00e2 sucedi lis robis intal cumier\u00e7 promovint prodots Agro di identit\u00e2t uniche al marcj\u00e2t mondi\u00e2l e fasint cuss\u00ec o ai otign\u00fbt il Premi di aur NCE e o soi orgol\u00f4se di chel,\u201d e \u00e0 dite Samantha.<\/p><p style=\"text-align: left;\">O speri di rivoluzion\u00e2 il marcj\u00e2t glob\u00e2l introdusint prest un prodot che al ven de Cinnamon. Chest al vierzar\u00e0 la strade par cur\u00e2 une vore di malatiis soredut il cancar incur\u00e2bil. O speri di sburt\u00e2 une vore di timp e b\u00ea\u00e7s su chest prodot e o ai fat une vore di lav\u00f4rs di ricercje. Chest prodot che o vuei introdusi al sar\u00e8s il prodot dal secul. La m\u00ea idee innovative e var\u00e2 un grant impat sul marcj\u00e2t mondi\u00e2l puartant miliarts di dolars intal nestri pa\u00ees e chest al podar\u00e8s jessi il plui grant vuadagn di cambiament forest pal nestri pa\u00ees.\u201d Samantha e \u00e0 fat viodi.<\/p>\t\t\t\t\t\t<\/div>\n\t\t\t\t<\/div>\n\t\t\t\t<\/div>\n\t\t\t\t\t<\/div>\n\t\t\t\t<\/div>\n\t\t<div class=\"elementor-element elementor-element-c3e5d79 e-flex e-con-boxed e-con e-parent\" data-id=\"c3e5d79\" data-element_type=\"container\" data-settings=\"{&quot;_ha_eqh_enable&quot;:false}\">\n\t\t\t\t\t<div class=\"e-con-inner\">\n\t\t\t\t<div class=\"elementor-element elementor-element-2aa01c9 color-scheme-inherit text-left elementor-widget elementor-widget-text-editor\" data-id=\"2aa01c9\" data-element_type=\"widget\" data-widget_type=\"text-editor.default\">\n\t\t\t\t<div class=\"elementor-widget-container\">\n\t\t\t\t\t\t\t<p><strong>Fat\u00f4rs di risi<\/strong><\/p>\t\t\t\t\t\t<\/div>\n\t\t\t\t<\/div>\n\t\t\t\t<div class=\"elementor-element elementor-element-dfe0b52 color-scheme-inherit text-left elementor-widget elementor-widget-text-editor\" data-id=\"dfe0b52\" data-element_type=\"widget\" data-widget_type=\"text-editor.default\">\n\t\t\t\t<div class=\"elementor-widget-container\">\n\t\t\t\t\t\t\t<p>\u201cO var\u00e8s di d\u00ee che nol \u00e8 un compit facil ma o ai costru\u00eet une buine reputazion cun cualchi guvier forest dul\u00e0 che a mi \u00e0n za d\u00e2t la sigurece di sostign\u00eemi parc\u00e8 che chest al podar\u00e8s jud\u00e2 i pazients di cancar in dut il mont a cur\u00e2si doprant il me prodot innov\u00e2t ogni d\u00ec, metint fin ae miserie che a passin. O speti une vore di sfidis e ostacui cuant che o scomenci a comercializ\u00e2 il me prodot dai cuarps potents dal mont ma o soi posit\u00eef, ch\u00eas sfidis egoistis, motivadis e agressivis a spariraran cuant che il mont al ricognossar\u00e0 i beneficis che ducj i oms a podaressin otign\u00ee doprant il me prodot in timp par vign\u00ee,\u201d e \u00e0 not\u00e2t Samantha Punchi Hewa.<\/p>\t\t\t\t\t\t<\/div>\n\t\t\t\t<\/div>\n\t\t\t\t<div class=\"elementor-element elementor-element-3c76e24 color-scheme-inherit text-left elementor-widget elementor-widget-text-editor\" data-id=\"3c76e24\" data-element_type=\"widget\" data-widget_type=\"text-editor.default\">\n\t\t\t\t<div class=\"elementor-widget-container\">\n\t\t\t\t\t\t\t<p><strong>Incoragjament e flessibilit\u00e2t<\/strong><\/p>\t\t\t\t\t\t<\/div>\n\t\t\t\t<\/div>\n\t\t\t\t<div class=\"elementor-element elementor-element-ed7d111 color-scheme-inherit text-left elementor-widget elementor-widget-text-editor\" data-id=\"ed7d111\" data-element_type=\"widget\" data-widget_type=\"text-editor.default\">\n\t\t\t\t<div class=\"elementor-widget-container\">\n\t\t\t\t\t\t\t<p>\u201cA chest pont o sinti che il nestri guvier al dovar\u00e8s incoragj\u00e2 personis come n\u00f4, che a son intes aziendis orientadis ae esportazion, rindint plui facil gjesti i problemis atu\u00e2i che o vin di front\u00e2 intai cuarps governat\u00eefs. Lis complicazions che o vin di front\u00e2 come esportad\u00f4rs a son teribilis e al dovar\u00e8s jessi un sisteme facil par n\u00f4 di gjesti introdusint la tecnologjie moderne intal vecjo sisteme burocratic.<br \/>Lis politichis dal guvier e lis riformis economichis a varessin di jessi planificadis par cre\u00e2 une economie di marcj\u00e2t soci\u00e2l fondade su la cognossince e une economie orientade aes esportazions come ancje la Megapoli de Regjon Ocident\u00e2l inte provincie ocident\u00e2l par promovi la cressite economiche.<\/p>\t\t\t\t\t\t<\/div>\n\t\t\t\t<\/div>\n\t\t\t\t\t<\/div>\n\t\t\t\t<\/div>\n\t\t\t\t<\/div>","protected":false},"excerpt":{"rendered":"<p>I will cure the sick with my new innovation Founder \/ Chairman Samantha Punchi Hewa.Natures group of companies Innovation is<\/p>","protected":false},"author":1,"featured_media":0,"parent":0,"menu_order":0,"comment_status":"closed","ping_status":"closed","template":"","meta":{"footnotes":""},"class_list":["post-12511","page","type-page","status-publish","hentry"],"yoast_head":"<!-- This site is optimized with the Yoast SEO Premium plugin v23.0 (Yoast SEO v23.4) - https:\/\/yoast.com\/wordpress\/plugins\/seo\/ -->\n<title>Message from inventor - Sugar Killer Ceylon<\/title>\n<meta name=\"robots\" content=\"index, follow, max-snippet:-1, max-image-preview:large, max-video-preview:-1\" \/>\n<link rel=\"canonical\" href=\"https:\/\/sugarkillerceylon.co\/fur\/message-from-inventor\/\" \/>\n<meta property=\"og:locale\" content=\"en_US\" \/>\n<meta property=\"og:type\" content=\"article\" \/>\n<meta property=\"og:title\" content=\"Message from inventor\" \/>\n<meta property=\"og:description\" content=\"I will cure the sick with my new innovation Founder \/ Chairman Samantha Punchi Hewa.Natures group of companies Innovation is\" \/>\n<meta property=\"og:url\" content=\"https:\/\/sugarkillerceylon.co\/fur\/message-from-inventor\/\" \/>\n<meta property=\"og:site_name\" content=\"Sugar Killer Ceylon\" \/>\n<meta property=\"article:modified_time\" content=\"2024-07-04T03:27:22+00:00\" \/>\n<meta property=\"og:image\" content=\"http:\/\/4.231.236.185\/wp-content\/uploads\/2024\/07\/Charman-1.jpg\" \/>\n<meta name=\"twitter:card\" content=\"summary_large_image\" \/>\n<meta name=\"twitter:label1\" content=\"Est. reading time\" \/>\n\t<meta name=\"twitter:data1\" content=\"3 minutes\" \/>\n<script type=\"application\/ld+json\" class=\"yoast-schema-graph\">{\"@context\":\"https:\/\/schema.org\",\"@graph\":[{\"@type\":\"WebPage\",\"@id\":\"https:\/\/sugarkillerceylon.co\/ty\/message-from-inventor\/\",\"url\":\"https:\/\/sugarkillerceylon.co\/ty\/message-from-inventor\/\",\"name\":\"Message from inventor - Sugar Killer Ceylon\",\"isPartOf\":{\"@id\":\"https:\/\/sugarkillerceylon.co\/#website\"},\"primaryImageOfPage\":{\"@id\":\"https:\/\/sugarkillerceylon.co\/ty\/message-from-inventor\/#primaryimage\"},\"image\":{\"@id\":\"https:\/\/sugarkillerceylon.co\/ty\/message-from-inventor\/#primaryimage\"},\"thumbnailUrl\":\"http:\/\/4.231.236.185\/wp-content\/uploads\/2024\/07\/Charman-1.jpg\",\"datePublished\":\"2024-06-24T12:54:04+00:00\",\"dateModified\":\"2024-07-04T03:27:22+00:00\",\"breadcrumb\":{\"@id\":\"https:\/\/sugarkillerceylon.co\/ty\/message-from-inventor\/#breadcrumb\"},\"inLanguage\":\"fur\",\"potentialAction\":[{\"@type\":\"ReadAction\",\"target\":[\"https:\/\/sugarkillerceylon.co\/ty\/message-from-inventor\/\"]}]},{\"@type\":\"ImageObject\",\"inLanguage\":\"fur\",\"@id\":\"https:\/\/sugarkillerceylon.co\/ty\/message-from-inventor\/#primaryimage\",\"url\":\"http:\/\/4.231.236.185\/wp-content\/uploads\/2024\/07\/Charman-1.jpg\",\"contentUrl\":\"http:\/\/4.231.236.185\/wp-content\/uploads\/2024\/07\/Charman-1.jpg\"},{\"@type\":\"BreadcrumbList\",\"@id\":\"https:\/\/sugarkillerceylon.co\/ty\/message-from-inventor\/#breadcrumb\",\"itemListElement\":[{\"@type\":\"ListItem\",\"position\":1,\"name\":\"Home\",\"item\":\"https:\/\/sugarkillerceylon.co\/\"},{\"@type\":\"ListItem\",\"position\":2,\"name\":\"Message from inventor\"}]},{\"@type\":\"WebSite\",\"@id\":\"https:\/\/sugarkillerceylon.co\/#website\",\"url\":\"https:\/\/sugarkillerceylon.co\/\",\"name\":\"Sugar Killer Ceylon\",\"description\":\"\",\"potentialAction\":[{\"@type\":\"SearchAction\",\"target\":{\"@type\":\"EntryPoint\",\"urlTemplate\":\"https:\/\/sugarkillerceylon.co\/?s={search_term_string}\"},\"query-input\":{\"@type\":\"PropertyValueSpecification\",\"valueRequired\":true,\"valueName\":\"search_term_string\"}}],\"inLanguage\":\"fur\"}]}<\/script>\n<!-- \/ Yoast SEO Premium plugin. -->","yoast_head_json":{"title":"Message from inventor - Sugar Killer Ceylon","robots":{"index":"index","follow":"follow","max-snippet":"max-snippet:-1","max-image-preview":"max-image-preview:large","max-video-preview":"max-video-preview:-1"},"canonical":"https:\/\/sugarkillerceylon.co\/fur\/message-from-inventor\/","og_locale":"en_US","og_type":"article","og_title":"Message from inventor","og_description":"I will cure the sick with my new innovation Founder \/ Chairman Samantha Punchi Hewa.Natures group of companies Innovation is","og_url":"https:\/\/sugarkillerceylon.co\/fur\/message-from-inventor\/","og_site_name":"Sugar Killer Ceylon","article_modified_time":"2024-07-04T03:27:22+00:00","og_image":[{"url":"http:\/\/4.231.236.185\/wp-content\/uploads\/2024\/07\/Charman-1.jpg"}],"twitter_card":"summary_large_image","twitter_misc":{"Est. reading time":"3 minutes"},"schema":{"@context":"https:\/\/schema.org","@graph":[{"@type":"WebPage","@id":"https:\/\/sugarkillerceylon.co\/ty\/message-from-inventor\/","url":"https:\/\/sugarkillerceylon.co\/ty\/message-from-inventor\/","name":"Message from inventor - Sugar Killer Ceylon","isPartOf":{"@id":"https:\/\/sugarkillerceylon.co\/#website"},"primaryImageOfPage":{"@id":"https:\/\/sugarkillerceylon.co\/ty\/message-from-inventor\/#primaryimage"},"image":{"@id":"https:\/\/sugarkillerceylon.co\/ty\/message-from-inventor\/#primaryimage"},"thumbnailUrl":"http:\/\/4.231.236.185\/wp-content\/uploads\/2024\/07\/Charman-1.jpg","datePublished":"2024-06-24T12:54:04+00:00","dateModified":"2024-07-04T03:27:22+00:00","breadcrumb":{"@id":"https:\/\/sugarkillerceylon.co\/ty\/message-from-inventor\/#breadcrumb"},"inLanguage":"fur","potentialAction":[{"@type":"ReadAction","target":["https:\/\/sugarkillerceylon.co\/ty\/message-from-inventor\/"]}]},{"@type":"ImageObject","inLanguage":"fur","@id":"https:\/\/sugarkillerceylon.co\/ty\/message-from-inventor\/#primaryimage","url":"http:\/\/4.231.236.185\/wp-content\/uploads\/2024\/07\/Charman-1.jpg","contentUrl":"http:\/\/4.231.236.185\/wp-content\/uploads\/2024\/07\/Charman-1.jpg"},{"@type":"BreadcrumbList","@id":"https:\/\/sugarkillerceylon.co\/ty\/message-from-inventor\/#breadcrumb","itemListElement":[{"@type":"ListItem","position":1,"name":"Home","item":"https:\/\/sugarkillerceylon.co\/"},{"@type":"ListItem","position":2,"name":"Message from inventor"}]},{"@type":"WebSite","@id":"https:\/\/sugarkillerceylon.co\/#website","url":"https:\/\/sugarkillerceylon.co\/","name":"Sugar Killer Ceylon","description":"","potentialAction":[{"@type":"SearchAction","target":{"@type":"EntryPoint","urlTemplate":"https:\/\/sugarkillerceylon.co\/?s={search_term_string}"},"query-input":{"@type":"PropertyValueSpecification","valueRequired":true,"valueName":"search_term_string"}}],"inLanguage":"fur"}]}},"_links":{"self":[{"href":"https:\/\/sugarkillerceylon.co\/fur\/wp-json\/wp\/v2\/pages\/12511","targetHints":{"allow":["GET"]}}],"collection":[{"href":"https:\/\/sugarkillerceylon.co\/fur\/wp-json\/wp\/v2\/pages"}],"about":[{"href":"https:\/\/sugarkillerceylon.co\/fur\/wp-json\/wp\/v2\/types\/page"}],"author":[{"embeddable":true,"href":"https:\/\/sugarkillerceylon.co\/fur\/wp-json\/wp\/v2\/users\/1"}],"replies":[{"embeddable":true,"href":"https:\/\/sugarkillerceylon.co\/fur\/wp-json\/wp\/v2\/comments?post=12511"}],"version-history":[{"count":0,"href":"https:\/\/sugarkillerceylon.co\/fur\/wp-json\/wp\/v2\/pages\/12511\/revisions"}],"wp:attachment":[{"href":"https:\/\/sugarkillerceylon.co\/fur\/wp-json\/wp\/v2\/media?parent=12511"}],"curies":[{"name":"wp","href":"https:\/\/api.w.org\/{rel}","templated":true}]}}