{"id":13284,"date":"2024-07-28T08:22:35","date_gmt":"2024-07-28T07:22:35","guid":{"rendered":"https:\/\/4.231.236.185\/terms-of-use-3\/"},"modified":"2024-08-27T11:41:17","modified_gmt":"2024-08-27T10:41:17","slug":"terms-of-use-3","status":"publish","type":"page","link":"https:\/\/sugarkillerceylon.co\/fur\/terms-of-use-3\/","title":{"rendered":"Tiermins di \u00fbs"},"content":{"rendered":"<h1>Tiermins e cundizions<\/h1>\n<p>Chescj Tiermins a regolin il vostre ac\u00e8s a, l\u2019\u00fbs di ducj i contign\u00fbts, i prodots e i servizis disponibii sul s\u00eet web (il \u201cServizi\u201d) gjest\u00eets di Natures Ceylon Cinnamond House (\u201cnoaltris\u201d, \u201cnoaltris\u201d, o \u201c nestri&quot;).<\/p>\n<p>Il vostre ac\u00e8s ai nestris servizis al \u00e8 sogjet ae vostre acetazion, cence modifichis, di ducj i tiermins e cundizions contign\u00fbts cul\u00ec e di dutis lis altris regulis e politichis operativis publicadis e che a puedin jessi publicadis di volte in volte di n\u00f4.<\/p>\n<p>Par plas\u00ea lei ben il Contrat prin di jentr\u00e2 o dopr\u00e2 i nestris Servizis. Acessant o doprant cualsisei part dai nestris Servizis, tu \u00e2s di acet\u00e2 di jessi le\u00e2t a chescj Tiermins. Se no tu \u00e2s di jessi dacuardi cun nissune part dai tiermins dal Contrat, alore no tu puedis v\u00ea ac\u00e8s o dopr\u00e2 i nestris Servizis.<\/p>\n<h2>Propriet\u00e2t inteletu\u00e2l<\/h2>\n<p>Il Contrat nol trasfer\u00ecs di n\u00f4 a te nissune propriet\u00e2t inteletu\u00e2l nestre o di une tierce part, e ducj i dirits, il titul e l\u2019inter\u00e8s in e a ch\u00ea propriet\u00e2t a restarin (come tra lis parts) nome cun Natures Ceylon Cinnamond House e i siei licenziad\u00f4rs.<\/p>\n<h3>Servizis di une tierce part<\/h3>\n<p>Intal dopr\u00e2 i Servizis, tu puedis dopr\u00e2 servizis, prodots, programs, incorporazions o aplicazions di une tierce part (\u201cServizis di une tierce part\u201d).<\/p>\n<p>Se tu dopris cualsisei Servizi di Tierce Part, tu capissis che:<\/p>\n<ul>\n<li>Ogni \u00fbs di un Servizi di une Tierce Part al \u00e8 a risi, e no jerin responsabii di nissun par s\u00eets web o Servizis di Tierce Part.<\/li>\n<li>Tu ricognossis e concuardis che No jerin responsabii di nissun dam o pierdite caus\u00e2t o presum\u00fbt caus\u00e2t di o in conession cul \u00fbs di cualsisei contign\u00fbt, bens o servizis disponibii su o a traviers di cualsisei s\u00eet web o servizis di chest gjenar.<\/li>\n<\/ul>\n<h2>Conts<\/h2>\n<p>Cuant che l&#039;\u00fbs di cualsisei part dai nestris Servizis al domande un conto, tu \u00e2s di acet\u00e2 di d\u00e2 nuie di informazions completis e acuradis cuant che tu te regjistris par un conto.<\/p>\n<p>Tu s\u00eas l\u2019unic responsabil di cualsisei ativit\u00e2t che e sucedi sot dal to conto. Tu s\u00eas responsabil di mantign\u00ee a zornade lis informazions dal to conto e di mantign\u00ee la t\u00f4 cl\u00e2f di cjase sigure.<\/p>\n<p>Tu s\u00eas responsabil di mantign\u00ee la sigurece dal to conto che tu dopris par jentr\u00e2 tal Servizi. No tu \u00e2s di condividi o dopr\u00e2 m\u00e2l lis tuis credenzi\u00e2i di ac\u00e8s. Tu \u00e2s di comunic\u00e2 subit cualsisei \u00fbs no autoriz\u00e2t dal to conto o cuant che tu \u00e2s di cap\u00ee cualsisei altre violazion de sigurece.<\/p>\n<h2>Terminazion<\/h2>\n<p>A podaressin termin\u00e2 o sospindi il to ac\u00e8s a ducj o a cualsisei part dai nestris Servizis in cualsisei moment, cun o cence cause, cun o cence preavist, cun efiets subit.<\/p>\n<p>Se tu \u00e2s di disf\u00e2 il Contrat o il to conto Natures Ceylon Cinnamond House, tu puedis semplicementri interompi di dopr\u00e2 i nestris Servizis.<\/p>\n<p>Dutis lis disposizions dal Contrat che par l\u00f4r nature a dovaressin sorevivi ae disfate a sorevivin ae disfate, cjapant dentri, cence limitazion, lis disposizions di propriet\u00e2t, lis disclaimers di garanzie, l\u2019indennit\u00e2t e lis limitazions di responsabilit\u00e2t.<\/p>\n<h2>Declarazion di responsabilit\u00e2t<\/h2>\n<p>I nestris Servizis a son furn\u00eets \u201cCOME CHE A SON.\u201d e base \u201cCOME DISPONIBIL\u201d. Natures Ceylon Cinnamond House e i siei furnid\u00f4rs e licenziad\u00f4rs a declinin dutis lis garanziis di cualsisei gjenar, espressis o implicitis, cjapant dentri, cence limitazion, lis garanziis di comercialit\u00e2t, idoneit\u00e2t par un fin particol\u00e2r e no violazion. Ni Natures Ceylon Cinnamond House, ni i siei furnid\u00f4rs e licenziad\u00f4rs, a dan nissune garanzie che i nestris Servizis a sedin libars di er\u00f4rs o che l\u2019ac\u00e8s a l\u00f4r al sar\u00e0 continui o ininterot. Tu capissis che tu scarichis di, o altrimentri otign\u00ees contign\u00fbts o servizis a traviers, i nestris Servizis a t\u00f4 discrezion e risi.<\/p>\n<h3>Jurisdizion e le\u00e7 aplicabile<\/h3>\n<p>F\u00fbr che la misure che cualsisei le\u00e7 aplicabile e previ\u00f4t altrimentri, il Contrat e cualsisei ac\u00e8s o \u00fbs dai nestris Servizis a saran guviern\u00e2ts des le\u00e7s dal Sri Lanka.<\/p>\n<p>Il puest just par cualsisei dispute che e nassi o che e rivuarde il Contrat e cualsisei ac\u00e8s o \u00fbs dai nestris Servizis al sar\u00e0 il tribun\u00e2l stat\u00e2l e feder\u00e2l che al si cjate in Sri Lanka.<\/p>\n<h2>Cambiaments<\/h2>\n<p>La Cjase di Canele di Nature Ceylon e si riserve il dirit, a nestre uniche discrezion, di modific\u00e2 o rimpla\u00e7\u00e2 chescj Tiermins in cualsisei moment.<\/p>\n<p>Se o fasin cambiaments che a son materi\u00e2i, o lu fasar\u00ecn sav\u00ea publicant sul nestri s\u00eet web, o mandant une email o une altre comunicazion prin che i cambiaments a cjapin efiet. L\u2019av\u00ees al determinar\u00e0 un periodi di timp resonevul dopo dal cu\u00e2l i gn\u00fbfs tiermins a cjaparin efiet.<\/p>\n<p>Se no s\u00eas dacuardi cui nestris cambiaments, alore tu \u00e2s di ferm\u00e2 di dopr\u00e2 i nestris Servizis dentri dal periodi di preavist specific\u00e2t, o une volte che i cambiaments a deventin efica\u00e7s.<\/p>\n<p>Il vostre \u00fbs continu\u00e2t dai nestris Servizis al sar\u00e0 sogjet ai gn\u00fbfs tiermins.<\/p>","protected":false},"excerpt":{"rendered":"<p>Terms and Conditions These Terms govern your access to, usage of all content, Product and Services available at https:\/\/www.sugarkillerceylon.com website<\/p>","protected":false},"author":1,"featured_media":0,"parent":0,"menu_order":0,"comment_status":"closed","ping_status":"closed","template":"","meta":{"footnotes":""},"class_list":["post-13284","page","type-page","status-publish","hentry"],"yoast_head":"<!-- This site is optimized with the Yoast SEO Premium plugin v23.0 (Yoast SEO v23.4) - https:\/\/yoast.com\/wordpress\/plugins\/seo\/ -->\n<title>Terms of Use - Sugar Killer Ceylon<\/title>\n<meta name=\"robots\" content=\"index, follow, max-snippet:-1, max-image-preview:large, max-video-preview:-1\" \/>\n<link rel=\"canonical\" href=\"https:\/\/sugarkillerceylon.co\/fur\/terms-of-use-3\/\" \/>\n<meta property=\"og:locale\" content=\"en_US\" \/>\n<meta property=\"og:type\" content=\"article\" \/>\n<meta property=\"og:title\" content=\"Terms of Use\" \/>\n<meta property=\"og:description\" content=\"Terms and Conditions These Terms govern your access to, usage of all content, Product and Services available at https:\/\/www.sugarkillerceylon.com website\" \/>\n<meta property=\"og:url\" content=\"https:\/\/sugarkillerceylon.co\/fur\/terms-of-use-3\/\" \/>\n<meta property=\"og:site_name\" content=\"Sugar Killer Ceylon\" \/>\n<meta property=\"article:modified_time\" content=\"2024-08-27T10:41:17+00:00\" \/>\n<meta name=\"twitter:card\" content=\"summary_large_image\" \/>\n<meta name=\"twitter:label1\" content=\"Est. reading time\" \/>\n\t<meta name=\"twitter:data1\" content=\"4 minutes\" \/>\n<script type=\"application\/ld+json\" class=\"yoast-schema-graph\">{\"@context\":\"https:\/\/schema.org\",\"@graph\":[{\"@type\":\"WebPage\",\"@id\":\"https:\/\/sugarkillerceylon.co\/terms-of-use-3\/\",\"url\":\"https:\/\/sugarkillerceylon.co\/terms-of-use-3\/\",\"name\":\"Terms of Use - Sugar Killer Ceylon\",\"isPartOf\":{\"@id\":\"https:\/\/sugarkillerceylon.co\/#website\"},\"datePublished\":\"2024-07-28T07:22:35+00:00\",\"dateModified\":\"2024-08-27T10:41:17+00:00\",\"breadcrumb\":{\"@id\":\"https:\/\/sugarkillerceylon.co\/terms-of-use-3\/#breadcrumb\"},\"inLanguage\":\"fur\",\"potentialAction\":[{\"@type\":\"ReadAction\",\"target\":[\"https:\/\/sugarkillerceylon.co\/terms-of-use-3\/\"]}]},{\"@type\":\"BreadcrumbList\",\"@id\":\"https:\/\/sugarkillerceylon.co\/terms-of-use-3\/#breadcrumb\",\"itemListElement\":[{\"@type\":\"ListItem\",\"position\":1,\"name\":\"Home\",\"item\":\"https:\/\/sugarkillerceylon.co\/\"},{\"@type\":\"ListItem\",\"position\":2,\"name\":\"Terms of Use\"}]},{\"@type\":\"WebSite\",\"@id\":\"https:\/\/sugarkillerceylon.co\/#website\",\"url\":\"https:\/\/sugarkillerceylon.co\/\",\"name\":\"Sugar Killer Ceylon\",\"description\":\"\",\"potentialAction\":[{\"@type\":\"SearchAction\",\"target\":{\"@type\":\"EntryPoint\",\"urlTemplate\":\"https:\/\/sugarkillerceylon.co\/?s={search_term_string}\"},\"query-input\":{\"@type\":\"PropertyValueSpecification\",\"valueRequired\":true,\"valueName\":\"search_term_string\"}}],\"inLanguage\":\"fur\"}]}<\/script>\n<!-- \/ Yoast SEO Premium plugin. -->","yoast_head_json":{"title":"Terms of Use - Sugar Killer Ceylon","robots":{"index":"index","follow":"follow","max-snippet":"max-snippet:-1","max-image-preview":"max-image-preview:large","max-video-preview":"max-video-preview:-1"},"canonical":"https:\/\/sugarkillerceylon.co\/fur\/terms-of-use-3\/","og_locale":"en_US","og_type":"article","og_title":"Terms of Use","og_description":"Terms and Conditions These Terms govern your access to, usage of all content, Product and Services available at https:\/\/www.sugarkillerceylon.com website","og_url":"https:\/\/sugarkillerceylon.co\/fur\/terms-of-use-3\/","og_site_name":"Sugar Killer Ceylon","article_modified_time":"2024-08-27T10:41:17+00:00","twitter_card":"summary_large_image","twitter_misc":{"Est. reading time":"4 minutes"},"schema":{"@context":"https:\/\/schema.org","@graph":[{"@type":"WebPage","@id":"https:\/\/sugarkillerceylon.co\/terms-of-use-3\/","url":"https:\/\/sugarkillerceylon.co\/terms-of-use-3\/","name":"Terms of Use - Sugar Killer Ceylon","isPartOf":{"@id":"https:\/\/sugarkillerceylon.co\/#website"},"datePublished":"2024-07-28T07:22:35+00:00","dateModified":"2024-08-27T10:41:17+00:00","breadcrumb":{"@id":"https:\/\/sugarkillerceylon.co\/terms-of-use-3\/#breadcrumb"},"inLanguage":"fur","potentialAction":[{"@type":"ReadAction","target":["https:\/\/sugarkillerceylon.co\/terms-of-use-3\/"]}]},{"@type":"BreadcrumbList","@id":"https:\/\/sugarkillerceylon.co\/terms-of-use-3\/#breadcrumb","itemListElement":[{"@type":"ListItem","position":1,"name":"Home","item":"https:\/\/sugarkillerceylon.co\/"},{"@type":"ListItem","position":2,"name":"Terms of Use"}]},{"@type":"WebSite","@id":"https:\/\/sugarkillerceylon.co\/#website","url":"https:\/\/sugarkillerceylon.co\/","name":"Sugar Killer Ceylon","description":"","potentialAction":[{"@type":"SearchAction","target":{"@type":"EntryPoint","urlTemplate":"https:\/\/sugarkillerceylon.co\/?s={search_term_string}"},"query-input":{"@type":"PropertyValueSpecification","valueRequired":true,"valueName":"search_term_string"}}],"inLanguage":"fur"}]}},"_links":{"self":[{"href":"https:\/\/sugarkillerceylon.co\/fur\/wp-json\/wp\/v2\/pages\/13284","targetHints":{"allow":["GET"]}}],"collection":[{"href":"https:\/\/sugarkillerceylon.co\/fur\/wp-json\/wp\/v2\/pages"}],"about":[{"href":"https:\/\/sugarkillerceylon.co\/fur\/wp-json\/wp\/v2\/types\/page"}],"author":[{"embeddable":true,"href":"https:\/\/sugarkillerceylon.co\/fur\/wp-json\/wp\/v2\/users\/1"}],"replies":[{"embeddable":true,"href":"https:\/\/sugarkillerceylon.co\/fur\/wp-json\/wp\/v2\/comments?post=13284"}],"version-history":[{"count":0,"href":"https:\/\/sugarkillerceylon.co\/fur\/wp-json\/wp\/v2\/pages\/13284\/revisions"}],"wp:attachment":[{"href":"https:\/\/sugarkillerceylon.co\/fur\/wp-json\/wp\/v2\/media?parent=13284"}],"curies":[{"name":"wp","href":"https:\/\/api.w.org\/{rel}","templated":true}]}}