{"id":13288,"date":"2024-07-28T08:26:26","date_gmt":"2024-07-28T07:26:26","guid":{"rendered":"https:\/\/4.231.236.185\/privacy-policy-2\/"},"modified":"2024-08-16T07:41:01","modified_gmt":"2024-08-16T06:41:01","slug":"privacy-policy-2","status":"publish","type":"page","link":"https:\/\/sugarkillerceylon.co\/fur\/privacy-policy-2\/","title":{"rendered":"Politiche di riservatece"},"content":{"rendered":"<h2>Politiche di riservatece<\/h2>\n<p>Benvign\u00fbt su https:\/\/www.sugarkillerceylon.com (il \u201dS\u00eet\u201d).O capissin che la riservatece in r\u00eat e je impuartante pai utents dal nestri s\u00eet, in m\u00fbt particol\u00e2r cuant che a fasin af\u00e2rs.Cheste afermazion e regole lis nestris politichis di riservatece in rivuart a chei utents dal s\u00eet (\u201cVisitad\u00f4rs\u201d) che a visitin cence f\u00e2 af\u00e2rs e Visitad\u00f4rs che a si regjistrin par f\u00e2 af\u00e2rs sul s\u00eet e a doprin i diviers servizis ufr\u00eets di Natures Ceylon Cinnamond House (insiemi, \u201cServizis\u201d) (\u201cClients Autoriz\u00e2ts\u201d).<\/p>\n<p><span style=\"font-weight: bold;\">\u201dInformazions di identificazion person\u00e2l\u201d <\/span><\/p>\n<p>si rifer\u00ecs a cualsisei informazion che e identifiche o e pues jessi doprade par identific\u00e2, contat\u00e2 o localiz\u00e2 la persone che chestis informazions a rivuardin, cjapant dentri, ma no limitantsi a, non, adresse, numar di telefon, numar di fax, adresse di email, prof\u00eei finanziaris, sigurece soci\u00e2l numar, e informazions de cjarte di credit. Lis informazions di identificazion person\u00e2l a no cjapin dentri informazions che a son cjapadis s\u00f9 in m\u00fbt anonim (v\u00e2l a d\u00ee cence identificazion dal utent individu\u00e2l) o informazions demografichis che a no son leadis a un individui identific\u00e2t.<\/p>\n<p><span style=\"font-weight: bold;\">Che informazions di identificazion person\u00e2l a son cjapadis s\u00f9? <\/span><\/p>\n<p>A podaressin cjap\u00e2 s\u00f9 informazions di base dal prof\u00eel dal utent di ducj i nestris visitad\u00f4rs. O cjapin s\u00f9 lis seguitis informazions adizion\u00e2ls dai nestris Clients Autoriz\u00e2ts: i nons, i adressis, i numars di telefon e i adressis di email dai Clients Autoriz\u00e2ts, la nature e la dimension dal cumier\u00e7, e la nature e la dimension dal inventari publicitari che il Client Autoriz\u00e2t al v\u00fbl compr\u00e2 o vendi.<\/p>\n<p><span style=\"font-weight: bold;\">Che organizazions a stan cjapant s\u00f9 lis informazions? <\/span><\/p>\n<p>In plui de nestre racuelte direte di informazions, i nestris vendid\u00f4rs di servizis di tierce part (come lis aziendis di cjartis di credit, lis cjasis di compensazion e lis bancjis) che a puedin furn\u00ee servizis come credit, sigurazion e servizis di fiducie a puedin cjap\u00e2 s\u00f9 chestis informazions dai nestris Visitad\u00f4rs e Clients Autoriz\u00e2ts. No control\u00ecn cem\u00fbt che chestis tiercis parts a doprin chestis informazions, ma o domand\u00ecn di pales\u00e2 cem\u00fbt che a doprin lis informazions person\u00e2ls furnidis a l\u00f4r dai Visitad\u00f4rs e dai Clients Autoriz\u00e2ts. Cualchidune di chestis tiercis parts e pues jessi intermediaris che a agjissin nome come leams inte cjadene di distribuzion, e a no archiviin, conservin o doprin lis informazions che ur son stadis d\u00e2ts.<\/p>\n<p><span style=\"font-weight: bold;\">Cuant che il s\u00eet al dopre lis informazions di identificazion person\u00e2l?<\/span><\/p>\n<p>O dopr\u00ecn lis Informazions di Identificazion Person\u00e2l par personaliz\u00e2 il s\u00eet, par f\u00e2 ofertis di servizis adatis e par sodisf\u00e2 lis domandis di compr\u00e2 e vendi sul s\u00eet. A podaressin mand\u00e2 un email ai Visitad\u00f4rs e ai Clients Autoriz\u00e2ts su ricercjis o oportunit\u00e2ts di compr\u00e2 e vendi sul s\u00eet o informazions relativis ae materie dal s\u00eet. A podin ancje dopr\u00e2 lis Informazions di Identificazion Person\u00e2l par contat\u00e2 i Visitad\u00f4rs e i Clients Autoriz\u00e2ts in rispueste a domandis specifichis, o par furn\u00ee lis informazions domandadis.<\/p>\n<p><span style=\"font-weight: bold;\">Cun cui si pues condividi lis informazions?<\/span><\/p>\n<p>Lis Informazions di Identificazion Person\u00e2l sui Clients Autoriz\u00e2ts a puedin jessi condividudis cun altris Clients Autoriz\u00e2ts che a vuelin valut\u00e2 potenzi\u00e2i transazions cun altris Clients Autoriz\u00e2ts. A podaressin condividi informazions agregadis sui nestris Visitad\u00f4rs, cjapant dentri la demografie dai nestris Visitad\u00f4rs e Clients Autoriz\u00e2ts, cu lis nestris agjenziis afiliadis e vendid\u00f4rs di tierce part. O ufrin ancje la pussibilit\u00e2t di \u201drefud\u00e2\u201d di ricevi informazions o di jessi contat\u00e2ts di n\u00f4 o di cualsisei agjenzie che e agj\u00ecs par nestri non.<\/p>\n<p><span style=\"font-weight: bold;\">Cuant che lis informazions di identificazion person\u00e2l a son salvadis?<\/span><\/p>\n<p>Lis informazions di identificazion person\u00e2l cjapadis s\u00f9 de Cjase di Canele di Nature a son salvadis in m\u00fbt sig\u00fbr e no son accessibilis a tiercis parts o ai dipendents de Cjase di Canele di Nature in Ceylon gjavant l\u2019\u00fbs come indic\u00e2t parsore.<\/p>\n<p><span style=\"font-weight: bold;\">Che sieltis a son disponibilis pai visitad\u00f4rs a rivuart de racuelte, \u00fbs e distribuzion des informazions?<\/span><\/p>\n<p>I visitad\u00f4rs e i clients autoriz\u00e2ts a puedin refud\u00e2si di ricevi informazions no domandadis o di jessi contat\u00e2ts di n\u00f4 e\/o dai nestris vendid\u00f4rs e agjenziis afiliadis rispuindint ai email come istru\u00eet, o contactant n\u00f4 al 3M,Ella Road , Cinnamon Tree Elpitiya -80400 Sri Lanka.<\/p>\n<p><span style=\"font-weight: bold;\">I cookies a son dopr\u00e2ts sul s\u00eet?<\/span><\/p>\n<p>I cookies a son dopr\u00e2ts par une variet\u00e2t di mot\u00eefs. O dopr\u00ecn i cookies par otign\u00ee informazions su lis preferencis dai nestris Visitad\u00f4rs e sui servizis che a sielzin. O dopr\u00ecn ancje i Cookies par mot\u00eefs di sigurece par protezi i nestris Clients Autoriz\u00e2ts. Par esempli, se un Client Autoriz\u00e2t al \u00e8 logj\u00e2t e il s\u00eet nol \u00e8 dopr\u00e2t par plui di 10 min\u00fbts, o logj\u00ecn in m\u00fbt automatic il Client Autoriz\u00e2t.<\/p>\n<p><span style=\"font-weight: bold;\">Cuant che la Cjase di Canele di Ceylon e dopre lis informazions di accession? <\/span><\/p>\n<p>Natures Ceylon Cinnamond House e dopre lis informazions di accession, come, ma no limitantsi a, adressis IP, ISP e tips di navigad\u00f4rs, par analiz\u00e2 lis tindincis, gjest\u00ee il s\u00eet, tign\u00ee di voli il moviment e l&#039;\u00fbs di un utent e cjap\u00e2 s\u00f9 informazions demografichis largjis.<\/p>\n<p><span style=\"font-weight: bold;\">Che colaborad\u00f4rs o furnid\u00f4rs di servizis a \u00e0n ac\u00e8s aes Informazions di Identificazion Person\u00e2l dai Visitad\u00f4rs e\/o dai Clients Autoriz\u00e2ts sul Sit?<\/span><\/p>\n<p>Natures Ceylon Cinnamond House e \u00e0 jentr\u00e2t e e continuar\u00e0 a jentr\u00e2 in colaborazions e altris afiliazions cuntun numar di vendid\u00f4rs. Chescj vendid\u00f4rs a puedin v\u00ea ac\u00e8s a ciertis informazions di identificazion person\u00e2l su la base di un dibisugn di cognossince par valut\u00e2 i clients autoriz\u00e2ts pe idoneit\u00e2t al servizi. La nestre politiche di riservatece no cuvier\u00e7 la l\u00f4r racuelte o l\u2019\u00fbs di chestis informazions. Divulgazion di informazions di identificazion person\u00e2l par conform\u00e2si ae le\u00e7. O divulgar\u00ecn lis Informazions di Identificazion Person\u00e2l par conform\u00e2si a un ordin judiziari o a une citazion o a une domande di une agjenzie des fuarcis da l\u2019ordin par d\u00e2 f\u00fbr informazions. O divulgar\u00ecn ancje lis Informazions di Identificazion Person\u00e2l cuant che al \u00e8 necessari par protezi la sigurece dai nestris Visitad\u00f4rs e Clients Autoriz\u00e2ts.<\/p>\n<p><span style=\"font-weight: bold;\">Cuant che il s\u00eet al manten siguris lis informazions di identificazion person\u00e2l?<\/span><\/p>\n<p>Ducj i nestris imple\u00e2ts a cognossin lis nestris politichis e pratichis di sigurece. Lis Informazions di Identificazion Person\u00e2l dai nestris Visitad\u00f4rs e Clients Autoriz\u00e2ts a son acessibilis dome a un numar limit\u00e2t di dipendents cualific\u00e2ts che a \u00e0n une cl\u00e2f di cjase par pod\u00ea v\u00ea ac\u00e8s aes informazions. O audit\u00ecn i nestris sistemis e proc\u00e8s di sigurece in m\u00fbt regol\u00e2r. Lis informazions sensibilis, come i numars de cjarte di credit o dai numars de sigurece soci\u00e2l, a son protetis di protocoi di codificazion, in vore par protezi lis informazions mandadis a traviers di internet. Ancje se o cjapin misuris reson\u00e2ls dal pont di viste comerci\u00e2l par mantign\u00ee un s\u00eet sig\u00fbr, lis comunicazions eletronichis e lis basis di d\u00e2ts a son sogjetis a er\u00f4rs, manipolazions e intrusions, e no pod\u00ecn garant\u00ee o garant\u00ee che chescj events a no sucedin e no sar\u00ecn responsabii dai Visitad\u00f4rs o dai Autoriz\u00e2ts Clients par cualsisei event di chest gjenar.<\/p>\n<p><span style=\"font-weight: bold;\">Cuss\u00ec i visitad\u00f4rs a puedin corezi cualsisei imprecision intes informazions di identificazion person\u00e2l?<\/span><\/p>\n<p>I visitad\u00f4rs e i clients autoriz\u00e2ts a puedin contat\u00e2 nuie par gjorn\u00e2 lis informazions di identificazion person\u00e2l su di l\u00f4r o par corezi cualsisei imprecision mandant nuie a info@sugarkillerceylon.com<\/p>\n<p><span style=\"font-weight: bold;\">Un Visitad\u00f4r al pues cancel\u00e2 o disat\u00eef lis Informazions di Identificazion Person\u00e2l cjapadis s\u00f9 dal s\u00eet?<\/span><\/p>\n<p>O furnissin ai Visitad\u00f4rs e ai Clients Autoriz\u00e2ts un mecanisim par cancel\u00e2\/disativ\u00e2 lis Informazions di Identificazion Person\u00e2l de base di d\u00e2ts dal s\u00eet contactant . In dut c\u00e2s, par vie dai backup e dai regjistris di cancelazions, al pues jessi impussibil cancel\u00e2 la votazion di un visitad\u00f4r cence conserv\u00e2 cualchi informazion residu\u00e2l. Un individui che al domande di disativa lis Informazions di Identificazion Person\u00e2l al var\u00e2 chestis informazions canceladis in m\u00fbt funzion\u00e2l, e no vendar\u00ecn, no trasferir\u00ecn o no doprar\u00ecn lis Informazions di Identificazion Person\u00e2l relativis a chel individui in nissun m\u00fbt par l\u00e2 indenant.<\/p>\n<p><span style=\"font-weight: bold;\">Cje al suc\u00eat se la Politiche di privacy e cambie?<\/span><\/p>\n<p>O fasar\u00ecn sav\u00ea ai nestris Visitad\u00f4rs e Clients Autoriz\u00e2ts i cambiaments inte nestre politiche di riservatece publicant chescj cambiaments sul s\u00eet. In ogni c\u00e2s, se o cambi\u00ecn la nestre politiche di riservatece in m\u00fbt che al podar\u00e8s caus\u00e2 la divulgazion di Informazions di Identificazion Person\u00e2l che un Visitad\u00f4r o un Client Autoriz\u00e2t al \u00e0 domand\u00e2t prime di no jessi divulgadis, o contatar\u00ecn chel Visitad\u00f4r o chel Client Autoriz\u00e2t par permeti a chel Visitad\u00f4r o Client Autoriz\u00e2t di imped\u00ee cheste divulgazion.<\/p>\n<p><span style=\"font-weight: bold;\">Colegaments:<\/span><\/p>\n<p>https:\/\/www.ceylon.com al conten leams a altris s\u00eets web. Par plas\u00ea note che cuant che tu f\u00e2s clic suntun di chescj leams, tu st\u00e2s passant a un altri s\u00eet web. Ti incoragj\u00ecn a lei lis declarazions di riservatece di chescj s\u00eets coleg\u00e2ts parc\u00e8 che lis l\u00f4r politichis di riservatece a puedin jessi diviersis des nestris.<\/p>","protected":false},"excerpt":{"rendered":"<p>Privacy Policy Welcome to https:\/\/www.sugarkillerceylon.com (the &#8221;Site&#8221;).We understand that privacy online is important to users of our Site, especially when<\/p>","protected":false},"author":1,"featured_media":0,"parent":0,"menu_order":0,"comment_status":"closed","ping_status":"closed","template":"","meta":{"footnotes":""},"class_list":["post-13288","page","type-page","status-publish","hentry"],"yoast_head":"<!-- This site is optimized with the Yoast SEO Premium plugin v23.0 (Yoast SEO v23.4) - https:\/\/yoast.com\/wordpress\/plugins\/seo\/ -->\n<title>Privacy Policy - Sugar Killer Ceylon<\/title>\n<meta name=\"robots\" content=\"index, follow, max-snippet:-1, max-image-preview:large, max-video-preview:-1\" \/>\n<link rel=\"canonical\" href=\"https:\/\/sugarkillerceylon.co\/fur\/privacy-policy-2\/\" \/>\n<meta property=\"og:locale\" content=\"en_US\" \/>\n<meta property=\"og:type\" content=\"article\" \/>\n<meta property=\"og:title\" content=\"Privacy Policy\" \/>\n<meta property=\"og:description\" content=\"Privacy Policy Welcome to https:\/\/www.sugarkillerceylon.com (the &#8221;Site&#8221;).We understand that privacy online is important to users of our Site, especially when\" \/>\n<meta property=\"og:url\" content=\"https:\/\/sugarkillerceylon.co\/fur\/privacy-policy-2\/\" \/>\n<meta property=\"og:site_name\" content=\"Sugar Killer Ceylon\" \/>\n<meta property=\"article:modified_time\" content=\"2024-08-16T06:41:01+00:00\" \/>\n<meta name=\"twitter:card\" content=\"summary_large_image\" \/>\n<meta name=\"twitter:label1\" content=\"Est. reading time\" \/>\n\t<meta name=\"twitter:data1\" content=\"6 minutes\" \/>\n<script type=\"application\/ld+json\" class=\"yoast-schema-graph\">{\"@context\":\"https:\/\/schema.org\",\"@graph\":[{\"@type\":\"WebPage\",\"@id\":\"https:\/\/sugarkillerceylon.co\/privacy-policy-2\/\",\"url\":\"https:\/\/sugarkillerceylon.co\/privacy-policy-2\/\",\"name\":\"Privacy Policy - Sugar Killer Ceylon\",\"isPartOf\":{\"@id\":\"https:\/\/sugarkillerceylon.co\/#website\"},\"datePublished\":\"2024-07-28T07:26:26+00:00\",\"dateModified\":\"2024-08-16T06:41:01+00:00\",\"breadcrumb\":{\"@id\":\"https:\/\/sugarkillerceylon.co\/privacy-policy-2\/#breadcrumb\"},\"inLanguage\":\"fur\",\"potentialAction\":[{\"@type\":\"ReadAction\",\"target\":[\"https:\/\/sugarkillerceylon.co\/privacy-policy-2\/\"]}]},{\"@type\":\"BreadcrumbList\",\"@id\":\"https:\/\/sugarkillerceylon.co\/privacy-policy-2\/#breadcrumb\",\"itemListElement\":[{\"@type\":\"ListItem\",\"position\":1,\"name\":\"Home\",\"item\":\"https:\/\/sugarkillerceylon.co\/\"},{\"@type\":\"ListItem\",\"position\":2,\"name\":\"Privacy Policy\"}]},{\"@type\":\"WebSite\",\"@id\":\"https:\/\/sugarkillerceylon.co\/#website\",\"url\":\"https:\/\/sugarkillerceylon.co\/\",\"name\":\"Sugar Killer Ceylon\",\"description\":\"\",\"potentialAction\":[{\"@type\":\"SearchAction\",\"target\":{\"@type\":\"EntryPoint\",\"urlTemplate\":\"https:\/\/sugarkillerceylon.co\/?s={search_term_string}\"},\"query-input\":{\"@type\":\"PropertyValueSpecification\",\"valueRequired\":true,\"valueName\":\"search_term_string\"}}],\"inLanguage\":\"fur\"}]}<\/script>\n<!-- \/ Yoast SEO Premium plugin. -->","yoast_head_json":{"title":"Privacy Policy - Sugar Killer Ceylon","robots":{"index":"index","follow":"follow","max-snippet":"max-snippet:-1","max-image-preview":"max-image-preview:large","max-video-preview":"max-video-preview:-1"},"canonical":"https:\/\/sugarkillerceylon.co\/fur\/privacy-policy-2\/","og_locale":"en_US","og_type":"article","og_title":"Privacy Policy","og_description":"Privacy Policy Welcome to https:\/\/www.sugarkillerceylon.com (the &#8221;Site&#8221;).We understand that privacy online is important to users of our Site, especially when","og_url":"https:\/\/sugarkillerceylon.co\/fur\/privacy-policy-2\/","og_site_name":"Sugar Killer Ceylon","article_modified_time":"2024-08-16T06:41:01+00:00","twitter_card":"summary_large_image","twitter_misc":{"Est. reading time":"6 minutes"},"schema":{"@context":"https:\/\/schema.org","@graph":[{"@type":"WebPage","@id":"https:\/\/sugarkillerceylon.co\/privacy-policy-2\/","url":"https:\/\/sugarkillerceylon.co\/privacy-policy-2\/","name":"Privacy Policy - Sugar Killer Ceylon","isPartOf":{"@id":"https:\/\/sugarkillerceylon.co\/#website"},"datePublished":"2024-07-28T07:26:26+00:00","dateModified":"2024-08-16T06:41:01+00:00","breadcrumb":{"@id":"https:\/\/sugarkillerceylon.co\/privacy-policy-2\/#breadcrumb"},"inLanguage":"fur","potentialAction":[{"@type":"ReadAction","target":["https:\/\/sugarkillerceylon.co\/privacy-policy-2\/"]}]},{"@type":"BreadcrumbList","@id":"https:\/\/sugarkillerceylon.co\/privacy-policy-2\/#breadcrumb","itemListElement":[{"@type":"ListItem","position":1,"name":"Home","item":"https:\/\/sugarkillerceylon.co\/"},{"@type":"ListItem","position":2,"name":"Privacy Policy"}]},{"@type":"WebSite","@id":"https:\/\/sugarkillerceylon.co\/#website","url":"https:\/\/sugarkillerceylon.co\/","name":"Sugar Killer Ceylon","description":"","potentialAction":[{"@type":"SearchAction","target":{"@type":"EntryPoint","urlTemplate":"https:\/\/sugarkillerceylon.co\/?s={search_term_string}"},"query-input":{"@type":"PropertyValueSpecification","valueRequired":true,"valueName":"search_term_string"}}],"inLanguage":"fur"}]}},"_links":{"self":[{"href":"https:\/\/sugarkillerceylon.co\/fur\/wp-json\/wp\/v2\/pages\/13288","targetHints":{"allow":["GET"]}}],"collection":[{"href":"https:\/\/sugarkillerceylon.co\/fur\/wp-json\/wp\/v2\/pages"}],"about":[{"href":"https:\/\/sugarkillerceylon.co\/fur\/wp-json\/wp\/v2\/types\/page"}],"author":[{"embeddable":true,"href":"https:\/\/sugarkillerceylon.co\/fur\/wp-json\/wp\/v2\/users\/1"}],"replies":[{"embeddable":true,"href":"https:\/\/sugarkillerceylon.co\/fur\/wp-json\/wp\/v2\/comments?post=13288"}],"version-history":[{"count":0,"href":"https:\/\/sugarkillerceylon.co\/fur\/wp-json\/wp\/v2\/pages\/13288\/revisions"}],"wp:attachment":[{"href":"https:\/\/sugarkillerceylon.co\/fur\/wp-json\/wp\/v2\/media?parent=13288"}],"curies":[{"name":"wp","href":"https:\/\/api.w.org\/{rel}","templated":true}]}}