{"id":11789,"date":"2024-05-18T14:08:29","date_gmt":"2024-05-18T13:08:29","guid":{"rendered":"https:\/\/4.231.236.185\/?post_type=product&#038;p=11789"},"modified":"2024-07-29T14:00:22","modified_gmt":"2024-07-29T13:00:22","slug":"sugar-killer-tea-packet","status":"publish","type":"product","link":"https:\/\/sugarkillerceylon.co\/fur\/product\/sugar-killer-tea-packet\/","title":{"rendered":"Bevude antizucar 200ml"},"content":{"rendered":"","protected":false},"excerpt":{"rendered":"<p>Secont lis ultimis indagjinis medichis, il Sri Lanka al \u00e8 devent\u00e2t il pa\u00ees cun la plui alte percentu\u00e2l di pazients di diabete in Asie. Secont ch\u00eas ricercjis, un su cuatri adults al \u00e8 st\u00e2t conferm\u00e2t come pazient diabetic.<br \/>\nSe ancje tu \u00e2s il diabete, e je la mi\u00f4r soluzion par te SUGER KILLER T.<br \/>\nPenseghe...<br \/>\n1) Di cuant timp che tu cjapis la medisine ocident\u00e2l?<br \/>\n2) A \u00e2s pierd\u00fbt la malatie dopo v\u00ea cjap\u00e2t la medisine ocident\u00e2l par tancj agns?<br \/>\n3) Cuants b\u00ea\u00e7s tu \u00e2s pierd\u00fbt su di j\u00ea?<\/p>\n<p>Ma se il SUGAR KILLER T al \u00e8 dopr\u00e2t come che o dis\u00ecn n\u00f4...<br \/>\n1) Il nivel di zucar intal sanc al pues jessi normaliz\u00e2t dentri di 30 a 120 d\u00ees.<br \/>\n2) 100% natur\u00e2l cuss\u00ec nissun efiet colater\u00e2l.<br \/>\n3) Se tu \u00e2s za cjap\u00e2t la medisine ocident\u00e2l, tu puedis scomen\u00e7\u00e2 e continu\u00e2 a dopr\u00e2 chest prodot intant che tu cjapis la stesse medisine.<br \/>\n4) Dopo v\u00ea scomen\u00e7\u00e2t a puart\u00e2 il nestri prodot intal cuarp, se il nivel di zucar intal sanc al \u00e8 bas vie pal 14im d\u00ec de prove dal zucar intal sanc, tu puedis ferm\u00e2 di cjap\u00e2 la medisine ocident\u00e2l e continu\u00e2 a dopr\u00e2 il nestri prodot su la racomandazion dal to miedi.<\/p>\n<p><a href=\"https:\/\/4.231.236.185\/bulk-orders\/\">ORDIN\u00c2 CUMO<\/a><\/p>","protected":false},"featured_media":13476,"comment_status":"open","ping_status":"closed","template":"","meta":[],"product_cat":[69],"product_tag":[],"class_list":{"0":"post-11789","1":"product","2":"type-product","3":"status-publish","4":"has-post-thumbnail","6":"product_cat-sugar-killer-drink","8":"first","9":"instock","10":"shipping-taxable","11":"product-type-simple"},"yoast_head":"<!-- This site is optimized with the Yoast SEO Premium plugin v23.0 (Yoast SEO v23.4) - https:\/\/yoast.com\/wordpress\/plugins\/seo\/ -->\n<title>Sugar Killer Drink 200ml - Sugar Killer Ceylon<\/title>\n<meta name=\"robots\" content=\"index, follow, max-snippet:-1, max-image-preview:large, max-video-preview:-1\" \/>\n<link rel=\"canonical\" href=\"https:\/\/sugarkillerceylon.co\/fur\/product\/sugar-killer-tea-packet\/\" \/>\n<meta property=\"og:locale\" content=\"en_US\" \/>\n<meta property=\"og:type\" content=\"article\" \/>\n<meta property=\"og:title\" content=\"Sugar Killer Drink 200ml\" \/>\n<meta property=\"og:description\" content=\"According to the latest medical surveys, Sri Lanka has become the country with the highest percentage of diabetes patients in Asia. According to those researches, one out of every four adults has been confirmed to be a diabetic patient. If you are suffering from diabetes too, here is the best solution for you SUGER KILLER T. Think about it... 1) How long have you been taking western medicine? 2) Have you lost your illness after taking western medicine for many years? 3) How much money have you lost on it?  But if SUGAR KILLER T is used as we say... 1) Your blood sugar level can be normalized within 30 to 120 days. 2) 100% natural so no side effects. 3) If you are already taking western medicine, you can start and continue using this product while taking the same medicine. 4) After starting to take our product into the body, if your blood sugar level is low during the 14th day of blood sugar test, you can stop taking western medicine and continue using our product on your doctor&#039;s recommendation.  ORDER NOW\" \/>\n<meta property=\"og:url\" content=\"https:\/\/sugarkillerceylon.co\/fur\/product\/sugar-killer-tea-packet\/\" \/>\n<meta property=\"og:site_name\" content=\"Sugar Killer Ceylon\" \/>\n<meta property=\"article:modified_time\" content=\"2024-07-29T13:00:22+00:00\" \/>\n<meta property=\"og:image\" content=\"https:\/\/sugarkillerceylon.co\/wp-content\/uploads\/2024\/05\/P3-Recovered.png\" \/>\n\t<meta property=\"og:image:width\" content=\"600\" \/>\n\t<meta property=\"og:image:height\" content=\"611\" \/>\n\t<meta property=\"og:image:type\" content=\"image\/png\" \/>\n<meta name=\"twitter:card\" content=\"summary_large_image\" \/>\n<meta name=\"twitter:label1\" content=\"Price\" \/>\n\t<meta name=\"twitter:data1\" content=\"\" \/>\n\t<meta name=\"twitter:label2\" content=\"Availability\" \/>\n\t<meta name=\"twitter:data2\" content=\"In stock\" \/>\n<script type=\"application\/ld+json\" class=\"yoast-schema-graph\">{\"@context\":\"https:\/\/schema.org\",\"@graph\":[{\"@type\":\"WebPage\",\"@id\":\"https:\/\/sugarkillerceylon.co\/product\/sugar-killer-tea-packet\/\",\"url\":\"https:\/\/sugarkillerceylon.co\/product\/sugar-killer-tea-packet\/\",\"name\":\"Sugar Killer Drink 200ml - Sugar Killer Ceylon\",\"isPartOf\":{\"@id\":\"https:\/\/sugarkillerceylon.co\/#website\"},\"primaryImageOfPage\":{\"@id\":\"https:\/\/sugarkillerceylon.co\/product\/sugar-killer-tea-packet\/#primaryimage\"},\"image\":{\"@id\":\"https:\/\/sugarkillerceylon.co\/product\/sugar-killer-tea-packet\/#primaryimage\"},\"thumbnailUrl\":\"https:\/\/sugarkillerceylon.co\/wp-content\/uploads\/2024\/05\/P3-Recovered.png\",\"datePublished\":\"2024-05-18T13:08:29+00:00\",\"dateModified\":\"2024-07-29T13:00:22+00:00\",\"breadcrumb\":{\"@id\":\"https:\/\/sugarkillerceylon.co\/product\/sugar-killer-tea-packet\/#breadcrumb\"},\"inLanguage\":\"fur\",\"potentialAction\":[{\"@type\":\"ReadAction\",\"target\":[\"https:\/\/sugarkillerceylon.co\/product\/sugar-killer-tea-packet\/\"]}]},{\"@type\":\"ImageObject\",\"inLanguage\":\"fur\",\"@id\":\"https:\/\/sugarkillerceylon.co\/product\/sugar-killer-tea-packet\/#primaryimage\",\"url\":\"https:\/\/sugarkillerceylon.co\/wp-content\/uploads\/2024\/05\/P3-Recovered.png\",\"contentUrl\":\"https:\/\/sugarkillerceylon.co\/wp-content\/uploads\/2024\/05\/P3-Recovered.png\",\"width\":600,\"height\":611},{\"@type\":\"BreadcrumbList\",\"@id\":\"https:\/\/sugarkillerceylon.co\/product\/sugar-killer-tea-packet\/#breadcrumb\",\"itemListElement\":[{\"@type\":\"ListItem\",\"position\":1,\"name\":\"Home\",\"item\":\"https:\/\/sugarkillerceylon.co\/\"},{\"@type\":\"ListItem\",\"position\":2,\"name\":\"Shop\",\"item\":\"https:\/\/sugarkillerceylon.co\/shop\/\"},{\"@type\":\"ListItem\",\"position\":3,\"name\":\"Sugar Killer Drink 200ml\"}]},{\"@type\":\"WebSite\",\"@id\":\"https:\/\/sugarkillerceylon.co\/#website\",\"url\":\"https:\/\/sugarkillerceylon.co\/\",\"name\":\"Sugar Killer Ceylon\",\"description\":\"\",\"potentialAction\":[{\"@type\":\"SearchAction\",\"target\":{\"@type\":\"EntryPoint\",\"urlTemplate\":\"https:\/\/sugarkillerceylon.co\/?s={search_term_string}\"},\"query-input\":{\"@type\":\"PropertyValueSpecification\",\"valueRequired\":true,\"valueName\":\"search_term_string\"}}],\"inLanguage\":\"fur\"}]}<\/script>\n<meta property=\"product:price:amount\" content=\"0.00\" \/>\n<meta property=\"product:price:currency\" content=\"USD\" \/>\n<meta property=\"og:availability\" content=\"instock\" \/>\n<meta property=\"product:availability\" content=\"instock\" \/>\n<meta property=\"product:condition\" content=\"new\" \/>\n<!-- \/ Yoast SEO Premium plugin. -->","yoast_head_json":{"title":"Sugar Killer Drink 200ml - Sugar Killer Ceylon","robots":{"index":"index","follow":"follow","max-snippet":"max-snippet:-1","max-image-preview":"max-image-preview:large","max-video-preview":"max-video-preview:-1"},"canonical":"https:\/\/sugarkillerceylon.co\/fur\/product\/sugar-killer-tea-packet\/","og_locale":"en_US","og_type":"article","og_title":"Sugar Killer Drink 200ml","og_description":"According to the latest medical surveys, Sri Lanka has become the country with the highest percentage of diabetes patients in Asia. According to those researches, one out of every four adults has been confirmed to be a diabetic patient. If you are suffering from diabetes too, here is the best solution for you SUGER KILLER T. Think about it... 1) How long have you been taking western medicine? 2) Have you lost your illness after taking western medicine for many years? 3) How much money have you lost on it?  But if SUGAR KILLER T is used as we say... 1) Your blood sugar level can be normalized within 30 to 120 days. 2) 100% natural so no side effects. 3) If you are already taking western medicine, you can start and continue using this product while taking the same medicine. 4) After starting to take our product into the body, if your blood sugar level is low during the 14th day of blood sugar test, you can stop taking western medicine and continue using our product on your doctor's recommendation.  ORDER NOW","og_url":"https:\/\/sugarkillerceylon.co\/fur\/product\/sugar-killer-tea-packet\/","og_site_name":"Sugar Killer Ceylon","article_modified_time":"2024-07-29T13:00:22+00:00","og_image":[{"width":600,"height":611,"url":"https:\/\/sugarkillerceylon.co\/wp-content\/uploads\/2024\/05\/P3-Recovered.png","type":"image\/png"}],"twitter_card":"summary_large_image","twitter_misc":{"Price":"","Availability":"In stock"},"schema":{"@context":"https:\/\/schema.org","@graph":[{"@type":"WebPage","@id":"https:\/\/sugarkillerceylon.co\/product\/sugar-killer-tea-packet\/","url":"https:\/\/sugarkillerceylon.co\/product\/sugar-killer-tea-packet\/","name":"Sugar Killer Drink 200ml - Sugar Killer Ceylon","isPartOf":{"@id":"https:\/\/sugarkillerceylon.co\/#website"},"primaryImageOfPage":{"@id":"https:\/\/sugarkillerceylon.co\/product\/sugar-killer-tea-packet\/#primaryimage"},"image":{"@id":"https:\/\/sugarkillerceylon.co\/product\/sugar-killer-tea-packet\/#primaryimage"},"thumbnailUrl":"https:\/\/sugarkillerceylon.co\/wp-content\/uploads\/2024\/05\/P3-Recovered.png","datePublished":"2024-05-18T13:08:29+00:00","dateModified":"2024-07-29T13:00:22+00:00","breadcrumb":{"@id":"https:\/\/sugarkillerceylon.co\/product\/sugar-killer-tea-packet\/#breadcrumb"},"inLanguage":"fur","potentialAction":[{"@type":"ReadAction","target":["https:\/\/sugarkillerceylon.co\/product\/sugar-killer-tea-packet\/"]}]},{"@type":"ImageObject","inLanguage":"fur","@id":"https:\/\/sugarkillerceylon.co\/product\/sugar-killer-tea-packet\/#primaryimage","url":"https:\/\/sugarkillerceylon.co\/wp-content\/uploads\/2024\/05\/P3-Recovered.png","contentUrl":"https:\/\/sugarkillerceylon.co\/wp-content\/uploads\/2024\/05\/P3-Recovered.png","width":600,"height":611},{"@type":"BreadcrumbList","@id":"https:\/\/sugarkillerceylon.co\/product\/sugar-killer-tea-packet\/#breadcrumb","itemListElement":[{"@type":"ListItem","position":1,"name":"Home","item":"https:\/\/sugarkillerceylon.co\/"},{"@type":"ListItem","position":2,"name":"Shop","item":"https:\/\/sugarkillerceylon.co\/shop\/"},{"@type":"ListItem","position":3,"name":"Sugar Killer Drink 200ml"}]},{"@type":"WebSite","@id":"https:\/\/sugarkillerceylon.co\/#website","url":"https:\/\/sugarkillerceylon.co\/","name":"Sugar Killer Ceylon","description":"","potentialAction":[{"@type":"SearchAction","target":{"@type":"EntryPoint","urlTemplate":"https:\/\/sugarkillerceylon.co\/?s={search_term_string}"},"query-input":{"@type":"PropertyValueSpecification","valueRequired":true,"valueName":"search_term_string"}}],"inLanguage":"fur"}]},"product_price_amount":"0.00","product_price_currency":"USD","og_availability":"instock","product_availability":"instock","product_condition":"new"},"_links":{"self":[{"href":"https:\/\/sugarkillerceylon.co\/fur\/wp-json\/wp\/v2\/product\/11789","targetHints":{"allow":["GET"]}}],"collection":[{"href":"https:\/\/sugarkillerceylon.co\/fur\/wp-json\/wp\/v2\/product"}],"about":[{"href":"https:\/\/sugarkillerceylon.co\/fur\/wp-json\/wp\/v2\/types\/product"}],"replies":[{"embeddable":true,"href":"https:\/\/sugarkillerceylon.co\/fur\/wp-json\/wp\/v2\/comments?post=11789"}],"version-history":[{"count":0,"href":"https:\/\/sugarkillerceylon.co\/fur\/wp-json\/wp\/v2\/product\/11789\/revisions"}],"wp:featuredmedia":[{"embeddable":true,"href":"https:\/\/sugarkillerceylon.co\/fur\/wp-json\/wp\/v2\/media\/13476"}],"wp:attachment":[{"href":"https:\/\/sugarkillerceylon.co\/fur\/wp-json\/wp\/v2\/media?parent=11789"}],"wp:term":[{"taxonomy":"product_cat","embeddable":true,"href":"https:\/\/sugarkillerceylon.co\/fur\/wp-json\/wp\/v2\/product_cat?post=11789"},{"taxonomy":"product_tag","embeddable":true,"href":"https:\/\/sugarkillerceylon.co\/fur\/wp-json\/wp\/v2\/product_tag?post=11789"}],"curies":[{"name":"wp","href":"https:\/\/api.w.org\/{rel}","templated":true}]}}