{"id":13731,"date":"2024-09-16T13:20:06","date_gmt":"2024-09-16T12:20:06","guid":{"rendered":"https:\/\/sugarkiller.mooo.com\/?post_type=product&#038;p=13731"},"modified":"2024-09-30T06:58:49","modified_gmt":"2024-09-30T05:58:49","slug":"90-days-280-teacups-free-12-day-pack280g1g-1-teacup-copy","status":"publish","type":"product","link":"https:\/\/sugarkillerceylon.co\/gl\/product\/90-days-280-teacups-free-12-day-pack280g1g-1-teacup-copy\/","title":{"rendered":"90 D\u00cdAS 280 TAZAS DE T\u00c9 + Pack GRATIS de 12 d\u00edas<br>280 g<br>(1 g = 1 cunca de t\u00e9)"},"content":{"rendered":"<p>Ingredientes<\/p>\n<p>100% Canela pura de Ceil\u00e1n<br \/>\nReceita secreta<\/p>\n<p>Recomendado por<br \/>\nMINISTERIO DE ESTADO DE PRODUCCI\u00d3N, SUBMINISTRO E REGULACI\u00d3N DE FARMAC\u00c9UTICAS. &amp; FDA - Sri Lanka<\/p>","protected":false},"excerpt":{"rendered":"<p>Segundo as \u00faltimas enquisas m\u00e9dicas, Sri Lanka converteuse no pa\u00eds con maior porcentaxe de pacientes con diabetes en Asia. Segundo esas investigaci\u00f3ns, confirmouse que un de cada catro adultos \u00e9 un paciente diab\u00e9tico.<br \/>\nSe tam\u00e9n padeces diabetes, aqu\u00ed tes a mellor soluci\u00f3n para ti SUGER KILLER T.<br \/>\nPense niso\u2026<br \/>\n1) Canto tempo leva tomando medicina occidental?<br \/>\n2) Perdeches a t\u00faa enfermidade despois de tomar medicina occidental durante moitos anos?<br \/>\n3) Canto di\u00f1eiro perdeu con el?<\/p>\n<p>Pero se usa SUGAR KILLER T como dicimos...<br \/>\n1) O seu nivel de azucre no sangue p\u00f3dese normalizar dentro de 30 a 120 d\u00edas.<br \/>\n2) 100% natural polo que non hai efectos secundarios.<br \/>\n3) Se xa est\u00e1 tomando medicina occidental, pode comezar e continuar usando este produto mentres toma o mesmo medicamento.<br \/>\n4) Despois de comezar a tomar o noso produto no corpo, se o seu nivel de azucre no sangue \u00e9 baixo durante o d\u00eda 14 da proba de azucre no sangue, pode deixar de tomar medicamentos occidental e seguir usando o noso produto por recomendaci\u00f3n do seu m\u00e9dico.<\/p>\n<div data-elementor-type=\"section\" data-elementor-id=\"12392\" class=\"elementor elementor-12392\" data-elementor-post-type=\"elementor_library\">\n<div class=\"elementor-element elementor-element-f8b7b0e e-flex e-con-boxed e-con e-parent\" data-id=\"f8b7b0e\" data-element_type=\"container\" data-settings=\"{&quot;_ha_eqh_enable&quot;:false}\">\n<div class=\"e-con-inner\">\n<div class=\"elementor-element elementor-element-b7b9029 elementor-widget elementor-widget-button\" data-id=\"b7b9029\" data-element_type=\"widget\" data-widget_type=\"button.default\">\n<div class=\"elementor-widget-container\">\n<div class=\"elementor-button-wrapper\">\n\t\t\t<a class=\"elementor-button elementor-button-link elementor-size-sm\" href=\"https:\/\/4.231.236.185\/instructions\/\"><br \/>\n\t\t\t\t\t\t<span class=\"elementor-button-content-wrapper\"><br \/>\n\t\t\t\t\t\t\t\t\t<span class=\"elementor-button-text\">INSTRUCCI\u00d3NS PARA USAR<\/span><br \/>\n\t\t\t\t\t<\/span><br \/>\n\t\t\t\t\t<\/a>\n\t\t<\/div>\n<\/p><\/div>\n<\/p><\/div>\n<\/p><\/div>\n<\/p><\/div>\n<\/p><\/div>","protected":false},"featured_media":12699,"comment_status":"open","ping_status":"closed","template":"","meta":[],"product_cat":[78,80],"product_tag":[],"class_list":{"0":"post-13731","1":"product","2":"type-product","3":"status-publish","4":"has-post-thumbnail","6":"product_cat-economy","7":"product_cat-loose-pack-economy","9":"first","10":"instock","11":"shipping-taxable","12":"purchasable","13":"product-type-simple"},"yoast_head":"<!-- This site is optimized with the Yoast SEO Premium plugin v23.0 (Yoast SEO v23.4) - https:\/\/yoast.com\/wordpress\/plugins\/seo\/ -->\n<title>90 DAYS 280 TEACUPS + FREE 12 Day Pack280g(1g = 1 Teacup) - Sugar Killer Ceylon<\/title>\n<meta name=\"robots\" content=\"index, follow, max-snippet:-1, max-image-preview:large, max-video-preview:-1\" \/>\n<link rel=\"canonical\" href=\"https:\/\/sugarkillerceylon.co\/gl\/produto\/90-days-280-teacups-free-12-day-pack280g1g-1-teacup-copy\/\" \/>\n<meta property=\"og:locale\" content=\"gl_ES\" \/>\n<meta property=\"og:type\" content=\"article\" \/>\n<meta property=\"og:title\" content=\"90 DAYS 280 TEACUPS + FREE 12 Day Pack280g(1g = 1 Teacup)\" \/>\n<meta property=\"og:description\" content=\"According to the latest medical surveys, Sri Lanka has become the country with the highest percentage of diabetes patients in Asia. According to those researches, one out of every four adults has been confirmed to be a diabetic patient. If you are suffering from diabetes too, here is the best solution for you SUGER KILLER T. Think about it... 1) How long have you been taking western medicine? 2) Have you lost your illness after taking western medicine for many years? 3) How much money have you lost on it?  But if SUGAR KILLER T is used as we say... 1) Your blood sugar level can be normalized within 30 to 120 days. 2) 100% natural so no side effects. 3) If you are already taking western medicine, you can start and continue using this product while taking the same medicine. 4) After starting to take our product into the body, if your blood sugar level is low during the 14th day of blood sugar test, you can stop taking western medicine and continue using our product on your doctor&#039;s recommendation\" \/>\n<meta property=\"og:url\" content=\"https:\/\/sugarkillerceylon.co\/gl\/produto\/90-days-280-teacups-free-12-day-pack280g1g-1-teacup-copy\/\" \/>\n<meta property=\"og:site_name\" content=\"Sugar Killer Ceylon\" \/>\n<meta property=\"article:modified_time\" content=\"2024-09-30T05:58:49+00:00\" \/>\n<meta property=\"og:image\" content=\"https:\/\/sugarkillerceylon.co\/wp-content\/uploads\/2024\/06\/W90-3.jpg\" \/>\n\t<meta property=\"og:image:width\" content=\"600\" \/>\n\t<meta property=\"og:image:height\" content=\"611\" \/>\n\t<meta property=\"og:image:type\" content=\"image\/jpeg\" \/>\n<meta name=\"twitter:card\" content=\"summary_large_image\" \/>\n<meta name=\"twitter:label1\" content=\"Price\" \/>\n\t<meta name=\"twitter:data1\" content=\"&#036;89.00\" \/>\n\t<meta name=\"twitter:label2\" content=\"Availability\" \/>\n\t<meta name=\"twitter:data2\" content=\"In stock\" \/>\n<script type=\"application\/ld+json\" class=\"yoast-schema-graph\">{\"@context\":\"https:\/\/schema.org\",\"@graph\":[{\"@type\":\"WebPage\",\"@id\":\"https:\/\/sugarkillerceylon.co\/product\/90-days-280-teacups-free-12-day-pack280g1g-1-teacup-copy\/\",\"url\":\"https:\/\/sugarkillerceylon.co\/product\/90-days-280-teacups-free-12-day-pack280g1g-1-teacup-copy\/\",\"name\":\"90 DAYS 280 TEACUPS + FREE 12 Day Pack 280g (1g = 1 Teacup) - Sugar Killer Ceylon\",\"isPartOf\":{\"@id\":\"https:\/\/sugarkillerceylon.co\/#website\"},\"primaryImageOfPage\":{\"@id\":\"https:\/\/sugarkillerceylon.co\/product\/90-days-280-teacups-free-12-day-pack280g1g-1-teacup-copy\/#primaryimage\"},\"image\":{\"@id\":\"https:\/\/sugarkillerceylon.co\/product\/90-days-280-teacups-free-12-day-pack280g1g-1-teacup-copy\/#primaryimage\"},\"thumbnailUrl\":\"https:\/\/sugarkillerceylon.co\/wp-content\/uploads\/2024\/06\/W90-3.jpg\",\"datePublished\":\"2024-09-16T12:20:06+00:00\",\"dateModified\":\"2024-09-30T05:58:49+00:00\",\"breadcrumb\":{\"@id\":\"https:\/\/sugarkillerceylon.co\/product\/90-days-280-teacups-free-12-day-pack280g1g-1-teacup-copy\/#breadcrumb\"},\"inLanguage\":\"gl-ES\",\"potentialAction\":[{\"@type\":\"ReadAction\",\"target\":[\"https:\/\/sugarkillerceylon.co\/product\/90-days-280-teacups-free-12-day-pack280g1g-1-teacup-copy\/\"]}]},{\"@type\":\"ImageObject\",\"inLanguage\":\"gl-ES\",\"@id\":\"https:\/\/sugarkillerceylon.co\/product\/90-days-280-teacups-free-12-day-pack280g1g-1-teacup-copy\/#primaryimage\",\"url\":\"https:\/\/sugarkillerceylon.co\/wp-content\/uploads\/2024\/06\/W90-3.jpg\",\"contentUrl\":\"https:\/\/sugarkillerceylon.co\/wp-content\/uploads\/2024\/06\/W90-3.jpg\",\"width\":600,\"height\":611},{\"@type\":\"BreadcrumbList\",\"@id\":\"https:\/\/sugarkillerceylon.co\/product\/90-days-280-teacups-free-12-day-pack280g1g-1-teacup-copy\/#breadcrumb\",\"itemListElement\":[{\"@type\":\"ListItem\",\"position\":1,\"name\":\"Home\",\"item\":\"https:\/\/sugarkillerceylon.co\/\"},{\"@type\":\"ListItem\",\"position\":2,\"name\":\"Shop\",\"item\":\"https:\/\/sugarkillerceylon.co\/shop\/\"},{\"@type\":\"ListItem\",\"position\":3,\"name\":\"90 DAYS 280 TEACUPS + FREE 12 Day Pack280g(1g = 1 Teacup)\"}]},{\"@type\":\"WebSite\",\"@id\":\"https:\/\/sugarkillerceylon.co\/#website\",\"url\":\"https:\/\/sugarkillerceylon.co\/\",\"name\":\"Sugar Killer Ceylon\",\"description\":\"\",\"potentialAction\":[{\"@type\":\"SearchAction\",\"target\":{\"@type\":\"EntryPoint\",\"urlTemplate\":\"https:\/\/sugarkillerceylon.co\/?s={search_term_string}\"},\"query-input\":{\"@type\":\"PropertyValueSpecification\",\"valueRequired\":true,\"valueName\":\"search_term_string\"}}],\"inLanguage\":\"gl-ES\"}]}<\/script>\n<meta property=\"product:price:amount\" content=\"89.00\" \/>\n<meta property=\"product:price:currency\" content=\"USD\" \/>\n<meta property=\"og:availability\" content=\"instock\" \/>\n<meta property=\"product:availability\" content=\"instock\" \/>\n<meta property=\"product:condition\" content=\"new\" \/>\n<!-- \/ Yoast SEO Premium plugin. -->","yoast_head_json":{"title":"90 DAYS 280 TEACUPS + FREE 12 Day Pack280g(1g = 1 Teacup) - Sugar Killer Ceylon","robots":{"index":"index","follow":"follow","max-snippet":"max-snippet:-1","max-image-preview":"max-image-preview:large","max-video-preview":"max-video-preview:-1"},"canonical":"https:\/\/sugarkillerceylon.co\/gl\/produto\/90-days-280-teacups-free-12-day-pack280g1g-1-teacup-copy\/","og_locale":"gl_ES","og_type":"article","og_title":"90 DAYS 280 TEACUPS + FREE 12 Day Pack280g(1g = 1 Teacup)","og_description":"According to the latest medical surveys, Sri Lanka has become the country with the highest percentage of diabetes patients in Asia. According to those researches, one out of every four adults has been confirmed to be a diabetic patient. If you are suffering from diabetes too, here is the best solution for you SUGER KILLER T. Think about it... 1) How long have you been taking western medicine? 2) Have you lost your illness after taking western medicine for many years? 3) How much money have you lost on it?  But if SUGAR KILLER T is used as we say... 1) Your blood sugar level can be normalized within 30 to 120 days. 2) 100% natural so no side effects. 3) If you are already taking western medicine, you can start and continue using this product while taking the same medicine. 4) After starting to take our product into the body, if your blood sugar level is low during the 14th day of blood sugar test, you can stop taking western medicine and continue using our product on your doctor's recommendation","og_url":"https:\/\/sugarkillerceylon.co\/gl\/produto\/90-days-280-teacups-free-12-day-pack280g1g-1-teacup-copy\/","og_site_name":"Sugar Killer Ceylon","article_modified_time":"2024-09-30T05:58:49+00:00","og_image":[{"width":600,"height":611,"url":"https:\/\/sugarkillerceylon.co\/wp-content\/uploads\/2024\/06\/W90-3.jpg","type":"image\/jpeg"}],"twitter_card":"summary_large_image","twitter_misc":{"Price":"&#36;89.00","Availability":"In stock"},"schema":{"@context":"https:\/\/schema.org","@graph":[{"@type":"WebPage","@id":"https:\/\/sugarkillerceylon.co\/product\/90-days-280-teacups-free-12-day-pack280g1g-1-teacup-copy\/","url":"https:\/\/sugarkillerceylon.co\/product\/90-days-280-teacups-free-12-day-pack280g1g-1-teacup-copy\/","name":"90 DAYS 280 TEACUPS + FREE 12 Day Pack 280g (1g = 1 Teacup) - Sugar Killer Ceylon","isPartOf":{"@id":"https:\/\/sugarkillerceylon.co\/#website"},"primaryImageOfPage":{"@id":"https:\/\/sugarkillerceylon.co\/product\/90-days-280-teacups-free-12-day-pack280g1g-1-teacup-copy\/#primaryimage"},"image":{"@id":"https:\/\/sugarkillerceylon.co\/product\/90-days-280-teacups-free-12-day-pack280g1g-1-teacup-copy\/#primaryimage"},"thumbnailUrl":"https:\/\/sugarkillerceylon.co\/wp-content\/uploads\/2024\/06\/W90-3.jpg","datePublished":"2024-09-16T12:20:06+00:00","dateModified":"2024-09-30T05:58:49+00:00","breadcrumb":{"@id":"https:\/\/sugarkillerceylon.co\/product\/90-days-280-teacups-free-12-day-pack280g1g-1-teacup-copy\/#breadcrumb"},"inLanguage":"gl-ES","potentialAction":[{"@type":"ReadAction","target":["https:\/\/sugarkillerceylon.co\/product\/90-days-280-teacups-free-12-day-pack280g1g-1-teacup-copy\/"]}]},{"@type":"ImageObject","inLanguage":"gl-ES","@id":"https:\/\/sugarkillerceylon.co\/product\/90-days-280-teacups-free-12-day-pack280g1g-1-teacup-copy\/#primaryimage","url":"https:\/\/sugarkillerceylon.co\/wp-content\/uploads\/2024\/06\/W90-3.jpg","contentUrl":"https:\/\/sugarkillerceylon.co\/wp-content\/uploads\/2024\/06\/W90-3.jpg","width":600,"height":611},{"@type":"BreadcrumbList","@id":"https:\/\/sugarkillerceylon.co\/product\/90-days-280-teacups-free-12-day-pack280g1g-1-teacup-copy\/#breadcrumb","itemListElement":[{"@type":"ListItem","position":1,"name":"Home","item":"https:\/\/sugarkillerceylon.co\/"},{"@type":"ListItem","position":2,"name":"Shop","item":"https:\/\/sugarkillerceylon.co\/shop\/"},{"@type":"ListItem","position":3,"name":"90 DAYS 280 TEACUPS + FREE 12 Day Pack280g(1g = 1 Teacup)"}]},{"@type":"WebSite","@id":"https:\/\/sugarkillerceylon.co\/#website","url":"https:\/\/sugarkillerceylon.co\/","name":"Sugar Killer Ceylon","description":"","potentialAction":[{"@type":"SearchAction","target":{"@type":"EntryPoint","urlTemplate":"https:\/\/sugarkillerceylon.co\/?s={search_term_string}"},"query-input":{"@type":"PropertyValueSpecification","valueRequired":true,"valueName":"search_term_string"}}],"inLanguage":"gl-ES"}]},"product_price_amount":"89.00","product_price_currency":"USD","og_availability":"instock","product_availability":"instock","product_condition":"new"},"_links":{"self":[{"href":"https:\/\/sugarkillerceylon.co\/gl\/wp-json\/wp\/v2\/product\/13731","targetHints":{"allow":["GET"]}}],"collection":[{"href":"https:\/\/sugarkillerceylon.co\/gl\/wp-json\/wp\/v2\/product"}],"about":[{"href":"https:\/\/sugarkillerceylon.co\/gl\/wp-json\/wp\/v2\/types\/product"}],"replies":[{"embeddable":true,"href":"https:\/\/sugarkillerceylon.co\/gl\/wp-json\/wp\/v2\/comments?post=13731"}],"version-history":[{"count":1,"href":"https:\/\/sugarkillerceylon.co\/gl\/wp-json\/wp\/v2\/product\/13731\/revisions"}],"predecessor-version":[{"id":14217,"href":"https:\/\/sugarkillerceylon.co\/gl\/wp-json\/wp\/v2\/product\/13731\/revisions\/14217"}],"wp:featuredmedia":[{"embeddable":true,"href":"https:\/\/sugarkillerceylon.co\/gl\/wp-json\/wp\/v2\/media\/12699"}],"wp:attachment":[{"href":"https:\/\/sugarkillerceylon.co\/gl\/wp-json\/wp\/v2\/media?parent=13731"}],"wp:term":[{"taxonomy":"product_cat","embeddable":true,"href":"https:\/\/sugarkillerceylon.co\/gl\/wp-json\/wp\/v2\/product_cat?post=13731"},{"taxonomy":"product_tag","embeddable":true,"href":"https:\/\/sugarkillerceylon.co\/gl\/wp-json\/wp\/v2\/product_tag?post=13731"}],"curies":[{"name":"wp","href":"https:\/\/api.w.org\/{rel}","templated":true}]}}