{"id":12511,"date":"2024-06-24T13:54:04","date_gmt":"2024-06-24T12:54:04","guid":{"rendered":"https:\/\/4.231.236.185\/?page_id=12511"},"modified":"2024-07-04T04:27:22","modified_gmt":"2024-07-04T03:27:22","slug":"message-from-inventor","status":"publish","type":"page","link":"https:\/\/sugarkillerceylon.co\/hu\/message-from-inventor\/","title":{"rendered":"\u00dczenet a feltal\u00e1l\u00f3t\u00f3l"},"content":{"rendered":"<div data-elementor-type=\"wp-page\" data-elementor-id=\"12511\" class=\"elementor elementor-12511\" data-elementor-post-type=\"page\">\n\t\t\t\t<div class=\"elementor-element elementor-element-c46e6bb e-flex e-con-boxed e-con e-parent\" data-id=\"c46e6bb\" data-element_type=\"container\" data-settings=\"{&quot;_ha_eqh_enable&quot;:false}\">\n\t\t\t\t\t<div class=\"e-con-inner\">\n\t\t\t\t<div class=\"elementor-element elementor-element-3a5af11 elementor-widget elementor-widget-image\" data-id=\"3a5af11\" data-element_type=\"widget\" data-widget_type=\"image.default\">\n\t\t\t\t<div class=\"elementor-widget-container\">\n\t\t\t\t\t\t\t\t\t\t\t\t\t<img fetchpriority=\"high\" decoding=\"async\" width=\"984\" height=\"805\" src=\"https:\/\/sugarkillerceylon.co\/wp-content\/uploads\/2024\/07\/Charman-1.jpg\" class=\"attachment-large size-large wp-image-12753\" alt=\"\" srcset=\"https:\/\/sugarkillerceylon.co\/wp-content\/uploads\/2024\/07\/Charman-1.jpg 984w, https:\/\/sugarkillerceylon.co\/wp-content\/uploads\/2024\/07\/Charman-1-300x245.jpg 300w, https:\/\/sugarkillerceylon.co\/wp-content\/uploads\/2024\/07\/Charman-1-768x628.jpg 768w, https:\/\/sugarkillerceylon.co\/wp-content\/uploads\/2024\/07\/Charman-1-150x123.jpg 150w\" sizes=\"(max-width: 984px) 100vw, 984px\" \/>\t\t\t\t\t\t\t\t\t\t\t\t\t<\/div>\n\t\t\t\t<\/div>\n\t\t\t\t\t<\/div>\n\t\t\t\t<\/div>\n\t\t<div class=\"elementor-element elementor-element-5fded6d e-flex e-con-boxed e-con e-parent\" data-id=\"5fded6d\" data-element_type=\"container\" data-settings=\"{&quot;_ha_eqh_enable&quot;:false}\">\n\t\t\t\t\t<div class=\"e-con-inner\">\n\t\t\t\t<div class=\"elementor-element elementor-element-9de736c color-scheme-inherit text-left elementor-widget elementor-widget-text-editor\" data-id=\"9de736c\" data-element_type=\"widget\" data-widget_type=\"text-editor.default\">\n\t\t\t\t<div class=\"elementor-widget-container\">\n\t\t\t\t\t\t\t<p>Betegeket fogok gy\u00f3gy\u00edtani az \u00faj innov\u00e1ci\u00f3mmal<\/p>\t\t\t\t\t\t<\/div>\n\t\t\t\t<\/div>\n\t\t\t\t<div class=\"elementor-element elementor-element-1973b88 color-scheme-inherit text-left elementor-widget elementor-widget-text-editor\" data-id=\"1973b88\" data-element_type=\"widget\" data-widget_type=\"text-editor.default\">\n\t\t\t\t<div class=\"elementor-widget-container\">\n\t\t\t\t\t\t\tAlap\u00edt\u00f3 \/ eln\u00f6k Samantha Punchi Hewa.<br>Natures c\u00e9gcsoport\t\t\t\t\t\t<\/div>\n\t\t\t\t<\/div>\n\t\t\t\t<div class=\"elementor-element elementor-element-9170d8b elementor-widget elementor-widget-image\" data-id=\"9170d8b\" data-element_type=\"widget\" data-widget_type=\"image.default\">\n\t\t\t\t<div class=\"elementor-widget-container\">\n\t\t\t\t\t\t\t\t\t\t\t\t\t<img decoding=\"async\" width=\"600\" height=\"280\" src=\"https:\/\/sugarkillerceylon.co\/wp-content\/uploads\/2024\/06\/Natures.png\" class=\"attachment-large size-large wp-image-12583\" alt=\"\" srcset=\"https:\/\/sugarkillerceylon.co\/wp-content\/uploads\/2024\/06\/Natures.png 600w, https:\/\/sugarkillerceylon.co\/wp-content\/uploads\/2024\/06\/Natures-300x140.png 300w, https:\/\/sugarkillerceylon.co\/wp-content\/uploads\/2024\/06\/Natures-150x70.png 150w\" sizes=\"(max-width: 600px) 100vw, 600px\" \/>\t\t\t\t\t\t\t\t\t\t\t\t\t<\/div>\n\t\t\t\t<\/div>\n\t\t\t\t\t<\/div>\n\t\t\t\t<\/div>\n\t\t<div class=\"elementor-element elementor-element-7f6d658 e-flex e-con-boxed e-con e-parent\" data-id=\"7f6d658\" data-element_type=\"container\" data-settings=\"{&quot;_ha_eqh_enable&quot;:false}\">\n\t\t\t\t\t<div class=\"e-con-inner\">\n\t\t<div class=\"elementor-element elementor-element-b227dcd e-con-full e-flex e-con e-child\" data-id=\"b227dcd\" data-element_type=\"container\" data-settings=\"{&quot;_ha_eqh_enable&quot;:false}\">\n\t\t\t\t<div class=\"elementor-element elementor-element-b618d79 color-scheme-inherit text-left elementor-widget elementor-widget-text-editor\" data-id=\"b618d79\" data-element_type=\"widget\" data-widget_type=\"text-editor.default\">\n\t\t\t\t<div class=\"elementor-widget-container\">\n\t\t\t\t\t\t\t<p style=\"text-align: left;\">Az innov\u00e1ci\u00f3ra helyezz\u00fck a hangs\u00falyt ahelyett, hogy a hagyom\u00e1nyos term\u00e9kekkel folytatn\u00e1nk. C\u00e9lunk, hogy \u00faj tal\u00e1lm\u00e1nyokkal forradalmas\u00edtsuk \u00e9s megh\u00f3d\u00edtsuk a vil\u00e1got. Egyik \u00faj term\u00e9k\u00fcnkkel m\u00e1r pr\u00f3b\u00e1ltunk megold\u00e1st tal\u00e1lni egy glob\u00e1lis j\u00e1rv\u00e1nyra. Rem\u00e9lj\u00fck, a term\u00e9k bevezet\u00e9se ut\u00e1n vil\u00e1gszerte lesz kereslet\u201d \u2013 jegyezte meg Samantha Punchi Hewa, a Nature&#039;s Agro Products Lanka eln\u00f6ke.<\/p><p style=\"text-align: left;\">A Nature&#039;s Agro Products Lanka, a vezet\u0151 hozz\u00e1adott \u00e9rt\u00e9ket k\u00e9pvisel\u0151 fah\u00e9j- \u00e9s f\u0171szerexport\u00e1l\u00f3 v\u00e1llalat megkapta az Arany D\u00edjat az \u00e9rt\u00e9kn\u00f6velt mez\u0151gazdas\u00e1gi \u00e1gazat, a k\u00f6zepes m\u00e9ret\u0171 k\u00f3kuszdi\u00f3 \u00e9s k\u00f3kusz alap\u00fa term\u00e9kek alkateg\u00f3ri\u00e1j\u00e1ban a 24. alkalommal megrendezett Sr\u00ed Lanka-i Nemzeti Export\u0151r Kamar\u00e1n. (NCE) d\u00edj\u00e1tad\u00f3, amelyet a k\u00f6zelm\u00faltban a Hilton Colomb\u00f3ban tartottak.<\/p><p style=\"text-align: left;\">A nemzetk\u00f6zi kereskedelemben hossz\u00fa \u00e9s b\u00fcszke m\u00falttal rendelkez\u0151 Nature&#039;s Agro Products Lanka jelenleg 20 orsz\u00e1gba export\u00e1lja term\u00e9keit, k\u00f6zt\u00fck D\u00e9l-Kore\u00e1ba, Jap\u00e1nba, \u00daj-Z\u00e9landra, Ausztr\u00e1li\u00e1ba, Bol\u00edvi\u00e1ba \u00e9s Sza\u00fad-Ar\u00e1bi\u00e1ba.<\/p><p>A min\u0151s\u00e9gi fah\u00e9jas term\u00e9kekr\u0151l nemzetk\u00f6zileg is elismert Nature&#039;s Agro Products Lanka kiv\u00e1l\u00f3 hozz\u00e1adott \u00e9rt\u00e9k\u0171, min\u0151s\u00e9gi exportterm\u00e9kekkel rendelkezik, bele\u00e9rtve a te\u00e1t, sz\u0171z k\u00f3kuszolajat, szerecsendi\u00f3t, borsot \u00e9s szegf\u0171szeget.<\/p>\t\t\t\t\t\t<\/div>\n\t\t\t\t<\/div>\n\t\t\t\t<\/div>\n\t\t<div class=\"elementor-element elementor-element-0de31d7 e-con-full e-flex e-con e-child\" data-id=\"0de31d7\" data-element_type=\"container\" data-settings=\"{&quot;_ha_eqh_enable&quot;:false}\">\n\t\t\t\t<div class=\"elementor-element elementor-element-9adfa5d color-scheme-inherit text-left elementor-widget elementor-widget-text-editor\" data-id=\"9adfa5d\" data-element_type=\"widget\" data-widget_type=\"text-editor.default\">\n\t\t\t\t<div class=\"elementor-widget-container\">\n\t\t\t\t\t\t\t<p style=\"text-align: left;\">A c\u00e9g elnyerte az ISO 22000 \u00e9s HACCP szabv\u00e1nyokat, valamint sz\u00e1mos min\u0151s\u00e9gi tan\u00fas\u00edtv\u00e1nyt. A Nature&#039;s Agro Products Lanka folytatja az \u00e9letmin\u0151s\u00e9g jav\u00edt\u00e1s\u00e1t c\u00e9lz\u00f3 gy\u00f3gyn\u00f6v\u00e9nyterm\u00e9kek gy\u00e1rt\u00e1s\u00e1t<\/p><p style=\"text-align: left;\">\u201eAz a v\u00e1gyam, hogy Sr\u00ed Lanka egy nagyszer\u0171 p\u00e9nz\u00fcgyi k\u00f6zpontt\u00e1 v\u00e1ljon, a vil\u00e1gsz\u00ednvonal\u00fa keresked\u00e9s fontos hely\u00e9v\u00e9. \u00c9n szem\u00e9ly szerint kem\u00e9nyen t\u00f6rekszem arra, hogy a kereskedelmi \u00fczlet\u00e1gban a dolgok megt\u00f6rt\u00e9njenek az\u00e1ltal, hogy egyedi identit\u00e1s\u00fa Agro term\u00e9keket n\u00e9pszer\u0171s\u00edtek a vil\u00e1gpiacon, \u00e9s ezzel megszereztem az NCE Gold Award-ot, \u00e9s erre b\u00fcszke vagyok\u201d \u2013 mondta Samantha.<\/p><p style=\"text-align: left;\">Rem\u00e9lem, hogy hamarosan forradalmas\u00edtom a glob\u00e1lis piacot egy olyan term\u00e9k bevezet\u00e9s\u00e9vel, amely a Cinnamonb\u00f3l \u00e9rkezik. Ez megnyitja az utat sz\u00e1mos betegs\u00e9g, f\u0151leg gy\u00f3gy\u00edthatatlan r\u00e1k gy\u00f3gyul\u00e1s\u00e1hoz. Rem\u00e9lem, sok id\u0151t \u00e9s p\u00e9nzt fogok ford\u00edtani erre a term\u00e9kre, \u00e9s rengeteg kutat\u00f3munk\u00e1t v\u00e9geztem. Ez a term\u00e9k, amit szeretn\u00e9k bemutatni, az \u00e9vsz\u00e1zad term\u00e9ke lenne. Innovat\u00edv \u00f6tletem nagy hat\u00e1ssal lesz a vil\u00e1gpiacra, doll\u00e1rmilli\u00e1rdokat hozva orsz\u00e1gunknak, \u00e9s ez lehet haz\u00e1nk legnagyobb devizabev\u00e9tele.&quot; \u2013 mutatott r\u00e1 Samantha.<\/p>\t\t\t\t\t\t<\/div>\n\t\t\t\t<\/div>\n\t\t\t\t<\/div>\n\t\t\t\t\t<\/div>\n\t\t\t\t<\/div>\n\t\t<div class=\"elementor-element elementor-element-c3e5d79 e-flex e-con-boxed e-con e-parent\" data-id=\"c3e5d79\" data-element_type=\"container\" data-settings=\"{&quot;_ha_eqh_enable&quot;:false}\">\n\t\t\t\t\t<div class=\"e-con-inner\">\n\t\t\t\t<div class=\"elementor-element elementor-element-2aa01c9 color-scheme-inherit text-left elementor-widget elementor-widget-text-editor\" data-id=\"2aa01c9\" data-element_type=\"widget\" data-widget_type=\"text-editor.default\">\n\t\t\t\t<div class=\"elementor-widget-container\">\n\t\t\t\t\t\t\t<p><strong>Kock\u00e1zati t\u00e9nyez\u0151k<\/strong><\/p>\t\t\t\t\t\t<\/div>\n\t\t\t\t<\/div>\n\t\t\t\t<div class=\"elementor-element elementor-element-dfe0b52 color-scheme-inherit text-left elementor-widget elementor-widget-text-editor\" data-id=\"dfe0b52\" data-element_type=\"widget\" data-widget_type=\"text-editor.default\">\n\t\t\t\t<div class=\"elementor-widget-container\">\n\t\t\t\t\t\t\t<p>\u201eAzt kell mondanom, hogy nem k\u00f6nny\u0171 feladat, de j\u00f3 h\u00edrnevet szereztem n\u00e9h\u00e1ny k\u00fclf\u00f6ldi korm\u00e1nyn\u00e1l, ahol m\u00e1r biztos\u00edtottak a t\u00e1mogat\u00e1somr\u00f3l, mivel ez seg\u00edthet a r\u00e1kos betegeknek szerte a vil\u00e1gon, hogy meggy\u00f3gyuljanak a napi rendszeress\u00e9ggel \u00faj\u00edtott term\u00e9ket, ami a nyomor\u00fas\u00e1gnak veti al\u00e1, amelyen kereszt\u00fclmennek. Rengeteg kih\u00edv\u00e1sra \u00e9s akad\u00e1lyra sz\u00e1m\u00edtok, amikor elkezdem forgalmazni a term\u00e9kemet a vil\u00e1g nagyhatalm\u00fa test\u00fcleteit\u0151l, de pozit\u00edv vagyok, ezek az \u00f6nz\u0151, motiv\u00e1lt \u00e9s agressz\u00edv kih\u00edv\u00e1sok el fognak t\u0171nni, ha a vil\u00e1g felismeri, hogy minden ember sz\u00e1m\u00e1ra milyen el\u0151ny\u00f6k sz\u00e1rmazhatnak a term\u00e9kem id\u0151ben t\u00f6rt\u00e9n\u0151 haszn\u00e1lat\u00e1b\u00f3l. gyere\u201d \u2013 jegyezte meg Samantha Punchi Hewa.<\/p>\t\t\t\t\t\t<\/div>\n\t\t\t\t<\/div>\n\t\t\t\t<div class=\"elementor-element elementor-element-3c76e24 color-scheme-inherit text-left elementor-widget elementor-widget-text-editor\" data-id=\"3c76e24\" data-element_type=\"widget\" data-widget_type=\"text-editor.default\">\n\t\t\t\t<div class=\"elementor-widget-container\">\n\t\t\t\t\t\t\t<p><strong>\u00d6szt\u00f6nz\u00e9s \u00e9s rugalmass\u00e1g<\/strong><\/p>\t\t\t\t\t\t<\/div>\n\t\t\t\t<\/div>\n\t\t\t\t<div class=\"elementor-element elementor-element-ed7d111 color-scheme-inherit text-left elementor-widget elementor-widget-text-editor\" data-id=\"ed7d111\" data-element_type=\"widget\" data-widget_type=\"text-editor.default\">\n\t\t\t\t<div class=\"elementor-widget-container\">\n\t\t\t\t\t\t\t<p>\u201eEzen a ponton \u00fagy gondolom, hogy a korm\u00e1nyunknak b\u00e1tor\u00edtania kellene a hozz\u00e1nk hasonl\u00f3kat, akik az exportorient\u00e1lt \u00fczlet\u00e1gban tev\u00e9kenykednek, megk\u00f6nny\u00edtve a korm\u00e1nyzati szervekn\u00e9l felmer\u00fcl\u0151 aktu\u00e1lis probl\u00e9m\u00e1k kezel\u00e9s\u00e9t. A bonyodalmak, amelyekkel export\u0151rk\u00e9nt szembes\u00fcl\u00fcnk, sz\u00f6rny\u0171ek, \u00e9s egy olyan rendszernek kell lennie, amelyet k\u00f6nnyen kezelhet\u00fcnk a modern technol\u00f3gia bevezet\u00e9s\u00e9vel a r\u00e9gi b\u00fcrokratikus rendszerbe.<br \/>Korm\u00e1nyzati politik\u00e1kat \u00e9s gazdas\u00e1gi reformokat kell megtervezni a tud\u00e1salap\u00fa szoci\u00e1lis piacgazdas\u00e1g \u00e9s az exportorient\u00e1lt gazdas\u00e1g, valamint a nyugati tartom\u00e1nyban a nyugati r\u00e9gi\u00f3 Megapolis l\u00e9trehoz\u00e1sa \u00e9rdek\u00e9ben a gazdas\u00e1gi n\u00f6veked\u00e9s el\u0151seg\u00edt\u00e9se \u00e9rdek\u00e9ben.<\/p>\t\t\t\t\t\t<\/div>\n\t\t\t\t<\/div>\n\t\t\t\t\t<\/div>\n\t\t\t\t<\/div>\n\t\t\t\t<\/div>","protected":false},"excerpt":{"rendered":"<p>I will cure the sick with my new innovation Founder \/ Chairman Samantha Punchi Hewa.Natures group of companies Innovation is<\/p>","protected":false},"author":1,"featured_media":0,"parent":0,"menu_order":0,"comment_status":"closed","ping_status":"closed","template":"","meta":{"footnotes":""},"class_list":["post-12511","page","type-page","status-publish","hentry"],"yoast_head":"<!-- This site is optimized with the Yoast SEO Premium plugin v23.0 (Yoast SEO v23.4) - https:\/\/yoast.com\/wordpress\/plugins\/seo\/ -->\n<title>Message from inventor - Sugar Killer Ceylon<\/title>\n<meta name=\"robots\" content=\"index, follow, max-snippet:-1, max-image-preview:large, max-video-preview:-1\" \/>\n<link rel=\"canonical\" href=\"https:\/\/sugarkillerceylon.co\/hu\/message-from-inventor\/\" \/>\n<meta property=\"og:locale\" content=\"hu_HU\" \/>\n<meta property=\"og:type\" content=\"article\" \/>\n<meta property=\"og:title\" content=\"Message from inventor\" \/>\n<meta property=\"og:description\" content=\"I will cure the sick with my new innovation Founder \/ Chairman Samantha Punchi Hewa.Natures group of companies Innovation is\" \/>\n<meta property=\"og:url\" content=\"https:\/\/sugarkillerceylon.co\/hu\/message-from-inventor\/\" \/>\n<meta property=\"og:site_name\" content=\"Sugar Killer Ceylon\" \/>\n<meta property=\"article:modified_time\" content=\"2024-07-04T03:27:22+00:00\" \/>\n<meta property=\"og:image\" content=\"http:\/\/4.231.236.185\/wp-content\/uploads\/2024\/07\/Charman-1.jpg\" \/>\n<meta name=\"twitter:card\" content=\"summary_large_image\" \/>\n<meta name=\"twitter:label1\" content=\"Becs\u00fclt olvas\u00e1si id\u0151\" \/>\n\t<meta name=\"twitter:data1\" content=\"3 perc\" \/>\n<script type=\"application\/ld+json\" class=\"yoast-schema-graph\">{\"@context\":\"https:\/\/schema.org\",\"@graph\":[{\"@type\":\"WebPage\",\"@id\":\"https:\/\/sugarkillerceylon.co\/ty\/message-from-inventor\/\",\"url\":\"https:\/\/sugarkillerceylon.co\/ty\/message-from-inventor\/\",\"name\":\"Message from inventor - Sugar Killer Ceylon\",\"isPartOf\":{\"@id\":\"https:\/\/sugarkillerceylon.co\/#website\"},\"primaryImageOfPage\":{\"@id\":\"https:\/\/sugarkillerceylon.co\/ty\/message-from-inventor\/#primaryimage\"},\"image\":{\"@id\":\"https:\/\/sugarkillerceylon.co\/ty\/message-from-inventor\/#primaryimage\"},\"thumbnailUrl\":\"http:\/\/4.231.236.185\/wp-content\/uploads\/2024\/07\/Charman-1.jpg\",\"datePublished\":\"2024-06-24T12:54:04+00:00\",\"dateModified\":\"2024-07-04T03:27:22+00:00\",\"breadcrumb\":{\"@id\":\"https:\/\/sugarkillerceylon.co\/ty\/message-from-inventor\/#breadcrumb\"},\"inLanguage\":\"hu\",\"potentialAction\":[{\"@type\":\"ReadAction\",\"target\":[\"https:\/\/sugarkillerceylon.co\/ty\/message-from-inventor\/\"]}]},{\"@type\":\"ImageObject\",\"inLanguage\":\"hu\",\"@id\":\"https:\/\/sugarkillerceylon.co\/ty\/message-from-inventor\/#primaryimage\",\"url\":\"http:\/\/4.231.236.185\/wp-content\/uploads\/2024\/07\/Charman-1.jpg\",\"contentUrl\":\"http:\/\/4.231.236.185\/wp-content\/uploads\/2024\/07\/Charman-1.jpg\"},{\"@type\":\"BreadcrumbList\",\"@id\":\"https:\/\/sugarkillerceylon.co\/ty\/message-from-inventor\/#breadcrumb\",\"itemListElement\":[{\"@type\":\"ListItem\",\"position\":1,\"name\":\"Home\",\"item\":\"https:\/\/sugarkillerceylon.co\/\"},{\"@type\":\"ListItem\",\"position\":2,\"name\":\"Message from inventor\"}]},{\"@type\":\"WebSite\",\"@id\":\"https:\/\/sugarkillerceylon.co\/#website\",\"url\":\"https:\/\/sugarkillerceylon.co\/\",\"name\":\"Sugar Killer Ceylon\",\"description\":\"\",\"potentialAction\":[{\"@type\":\"SearchAction\",\"target\":{\"@type\":\"EntryPoint\",\"urlTemplate\":\"https:\/\/sugarkillerceylon.co\/?s={search_term_string}\"},\"query-input\":{\"@type\":\"PropertyValueSpecification\",\"valueRequired\":true,\"valueName\":\"search_term_string\"}}],\"inLanguage\":\"hu\"}]}<\/script>\n<!-- \/ Yoast SEO Premium plugin. -->","yoast_head_json":{"title":"Message from inventor - Sugar Killer Ceylon","robots":{"index":"index","follow":"follow","max-snippet":"max-snippet:-1","max-image-preview":"max-image-preview:large","max-video-preview":"max-video-preview:-1"},"canonical":"https:\/\/sugarkillerceylon.co\/hu\/message-from-inventor\/","og_locale":"hu_HU","og_type":"article","og_title":"Message from inventor","og_description":"I will cure the sick with my new innovation Founder \/ Chairman Samantha Punchi Hewa.Natures group of companies Innovation is","og_url":"https:\/\/sugarkillerceylon.co\/hu\/message-from-inventor\/","og_site_name":"Sugar Killer Ceylon","article_modified_time":"2024-07-04T03:27:22+00:00","og_image":[{"url":"http:\/\/4.231.236.185\/wp-content\/uploads\/2024\/07\/Charman-1.jpg"}],"twitter_card":"summary_large_image","twitter_misc":{"Becs\u00fclt olvas\u00e1si id\u0151":"3 perc"},"schema":{"@context":"https:\/\/schema.org","@graph":[{"@type":"WebPage","@id":"https:\/\/sugarkillerceylon.co\/ty\/message-from-inventor\/","url":"https:\/\/sugarkillerceylon.co\/ty\/message-from-inventor\/","name":"Message from inventor - Sugar Killer Ceylon","isPartOf":{"@id":"https:\/\/sugarkillerceylon.co\/#website"},"primaryImageOfPage":{"@id":"https:\/\/sugarkillerceylon.co\/ty\/message-from-inventor\/#primaryimage"},"image":{"@id":"https:\/\/sugarkillerceylon.co\/ty\/message-from-inventor\/#primaryimage"},"thumbnailUrl":"http:\/\/4.231.236.185\/wp-content\/uploads\/2024\/07\/Charman-1.jpg","datePublished":"2024-06-24T12:54:04+00:00","dateModified":"2024-07-04T03:27:22+00:00","breadcrumb":{"@id":"https:\/\/sugarkillerceylon.co\/ty\/message-from-inventor\/#breadcrumb"},"inLanguage":"hu","potentialAction":[{"@type":"ReadAction","target":["https:\/\/sugarkillerceylon.co\/ty\/message-from-inventor\/"]}]},{"@type":"ImageObject","inLanguage":"hu","@id":"https:\/\/sugarkillerceylon.co\/ty\/message-from-inventor\/#primaryimage","url":"http:\/\/4.231.236.185\/wp-content\/uploads\/2024\/07\/Charman-1.jpg","contentUrl":"http:\/\/4.231.236.185\/wp-content\/uploads\/2024\/07\/Charman-1.jpg"},{"@type":"BreadcrumbList","@id":"https:\/\/sugarkillerceylon.co\/ty\/message-from-inventor\/#breadcrumb","itemListElement":[{"@type":"ListItem","position":1,"name":"Home","item":"https:\/\/sugarkillerceylon.co\/"},{"@type":"ListItem","position":2,"name":"Message from inventor"}]},{"@type":"WebSite","@id":"https:\/\/sugarkillerceylon.co\/#website","url":"https:\/\/sugarkillerceylon.co\/","name":"Sugar Killer Ceylon","description":"","potentialAction":[{"@type":"SearchAction","target":{"@type":"EntryPoint","urlTemplate":"https:\/\/sugarkillerceylon.co\/?s={search_term_string}"},"query-input":{"@type":"PropertyValueSpecification","valueRequired":true,"valueName":"search_term_string"}}],"inLanguage":"hu"}]}},"_links":{"self":[{"href":"https:\/\/sugarkillerceylon.co\/hu\/wp-json\/wp\/v2\/pages\/12511","targetHints":{"allow":["GET"]}}],"collection":[{"href":"https:\/\/sugarkillerceylon.co\/hu\/wp-json\/wp\/v2\/pages"}],"about":[{"href":"https:\/\/sugarkillerceylon.co\/hu\/wp-json\/wp\/v2\/types\/page"}],"author":[{"embeddable":true,"href":"https:\/\/sugarkillerceylon.co\/hu\/wp-json\/wp\/v2\/users\/1"}],"replies":[{"embeddable":true,"href":"https:\/\/sugarkillerceylon.co\/hu\/wp-json\/wp\/v2\/comments?post=12511"}],"version-history":[{"count":0,"href":"https:\/\/sugarkillerceylon.co\/hu\/wp-json\/wp\/v2\/pages\/12511\/revisions"}],"wp:attachment":[{"href":"https:\/\/sugarkillerceylon.co\/hu\/wp-json\/wp\/v2\/media?parent=12511"}],"curies":[{"name":"wp","href":"https:\/\/api.w.org\/{rel}","templated":true}]}}