{"id":13770,"date":"2024-09-16T18:57:43","date_gmt":"2024-09-16T17:57:43","guid":{"rendered":"https:\/\/sugarkiller.mooo.com\/?post_type=product&#038;p=13770"},"modified":"2024-09-30T07:34:49","modified_gmt":"2024-09-30T06:34:49","slug":"40-days-120-teacups120g1g-1-teacup","status":"publish","type":"product","link":"https:\/\/sugarkillerceylon.co\/is\/product\/40-days-120-teacups120g1g-1-teacup\/","title":{"rendered":"40 DAGAR 120 TEKOLAR<br>120g<br>(1g = 1 tebolli)"},"content":{"rendered":"<p>Hr\u00e1efni<\/p>\n<p>100% Pure Ceylon kanill<br \/>\nLeynileg uppskrift<\/p>\n<p>M\u00e6lt me\u00f0 af<br \/>\nR\u00cdKISSTILLINGARR\u00c1\u00d0UNEYTI\u00d0, birg\u00f0a- og LYFJAREGLUR OG FDA-Sr\u00ed Lanka<\/p>","protected":false},"excerpt":{"rendered":"<p>Samkv\u00e6mt n\u00fdjustu l\u00e6knisfr\u00e6\u00f0ilegum k\u00f6nnunum er Sri Lanka or\u00f0i\u00f0 landi\u00f0 me\u00f0 h\u00e6sta hlutfall sykurs\u00fdkissj\u00faklinga \u00ed As\u00edu. Samkv\u00e6mt \u00feessum ranns\u00f3knum hefur veri\u00f0 sta\u00f0fest a\u00f0 einn af hverjum fj\u00f3rum fullor\u00f0num s\u00e9 sykursj\u00fakur.<br \/>\nEf \u00fe\u00fa ert l\u00edka me\u00f0 sykurs\u00fdki, \u00fe\u00e1 er h\u00e9r besta lausnin fyrir \u00feig SUGER KILLER T.<br \/>\nHugsa\u00f0u um \u00fea\u00f0\u2026<br \/>\n1) Hversu lengi hefur \u00fe\u00fa teki\u00f0 vestr\u00e6n lyf?<br \/>\n2) Hefur \u00fe\u00fa misst sj\u00fakd\u00f3minn eftir a\u00f0 hafa teki\u00f0 vestr\u00e6n lyf \u00ed m\u00f6rg \u00e1r?<br \/>\n3) Hversu miklum peningum hefur \u00fe\u00fa tapa\u00f0 \u00e1 \u00fev\u00ed?<\/p>\n<p>En ef SUGAR KILLER T er nota\u00f0 eins og vi\u00f0 segjum...<br \/>\n1) H\u00e6gt er a\u00f0 sta\u00f0la bl\u00f3\u00f0sykursgildi innan 30 til 120 daga.<br \/>\n2) 100% n\u00e1tt\u00farulegt svo engar aukaverkanir.<br \/>\n3) Ef \u00fe\u00fa ert n\u00fa \u00feegar a\u00f0 taka vestr\u00e6n lyf getur\u00f0u byrja\u00f0 og haldi\u00f0 \u00e1fram a\u00f0 nota \u00feessa v\u00f6ru \u00e1 me\u00f0an \u00fe\u00fa tekur sama lyfi\u00f0.<br \/>\n4) Eftir a\u00f0 hafa byrja\u00f0 a\u00f0 taka v\u00f6runa okkar inn \u00ed l\u00edkamann, ef bl\u00f3\u00f0sykursgildi \u00feitt er l\u00e1gt \u00e1 14. degi bl\u00f3\u00f0sykurspr\u00f3fs, getur\u00f0u h\u00e6tt a\u00f0 taka vestr\u00e6n lyf og haldi\u00f0 \u00e1fram a\u00f0 nota v\u00f6runa okkar samkv\u00e6mt r\u00e1\u00f0leggingum l\u00e6knisins.<\/p>\n<div data-elementor-type=\"section\" data-elementor-id=\"12392\" class=\"elementor elementor-12392\" data-elementor-post-type=\"elementor_library\">\n<div class=\"elementor-element elementor-element-f8b7b0e e-flex e-con-boxed e-con e-parent\" data-id=\"f8b7b0e\" data-element_type=\"container\" data-settings=\"{&quot;_ha_eqh_enable&quot;:false}\">\n<div class=\"e-con-inner\">\n<div class=\"elementor-element elementor-element-b7b9029 elementor-widget elementor-widget-button\" data-id=\"b7b9029\" data-element_type=\"widget\" data-widget_type=\"button.default\">\n<div class=\"elementor-widget-container\">\n<div class=\"elementor-button-wrapper\">\n\t\t\t<a class=\"elementor-button elementor-button-link elementor-size-sm\" href=\"https:\/\/4.231.236.185\/instructions\/\"><br \/>\n\t\t\t\t\t\t<span class=\"elementor-button-content-wrapper\"><br \/>\n\t\t\t\t\t\t\t\t\t<span class=\"elementor-button-text\">LEI\u00d0BEININGAR TIL NOTKUN<\/span><br \/>\n\t\t\t\t\t<\/span><br \/>\n\t\t\t\t\t<\/a>\n\t\t<\/div>\n<\/p><\/div>\n<\/p><\/div>\n<\/p><\/div>\n<\/p><\/div>\n<\/p><\/div>","protected":false},"featured_media":12697,"comment_status":"open","ping_status":"closed","template":"","meta":[],"product_cat":[82,84],"product_tag":[],"class_list":{"0":"post-13770","1":"product","2":"type-product","3":"status-publish","4":"has-post-thumbnail","6":"product_cat-express","7":"product_cat-loose-pack-express","9":"first","10":"instock","11":"shipping-taxable","12":"purchasable","13":"product-type-simple"},"yoast_head":"<!-- This site is optimized with the Yoast SEO Premium plugin v23.0 (Yoast SEO v23.4) - https:\/\/yoast.com\/wordpress\/plugins\/seo\/ -->\n<title>40 DAYS 120 TEACUPS120g(1g = 1 Teacup) - Sugar Killer Ceylon<\/title>\n<meta name=\"robots\" content=\"index, follow, max-snippet:-1, max-image-preview:large, max-video-preview:-1\" \/>\n<link rel=\"canonical\" href=\"https:\/\/sugarkillerceylon.co\/is\/product\/40-days-120-teacups120g1g-1-teacup\/\" \/>\n<meta property=\"og:locale\" content=\"is_IS\" \/>\n<meta property=\"og:type\" content=\"article\" \/>\n<meta property=\"og:title\" content=\"40 DAYS 120 TEACUPS120g(1g = 1 Teacup)\" \/>\n<meta property=\"og:description\" content=\"According to the latest medical surveys, Sri Lanka has become the country with the highest percentage of diabetes patients in Asia. According to those researches, one out of every four adults has been confirmed to be a diabetic patient. If you are suffering from diabetes too, here is the best solution for you SUGER KILLER T. Think about it... 1) How long have you been taking western medicine? 2) Have you lost your illness after taking western medicine for many years? 3) How much money have you lost on it?  But if SUGAR KILLER T is used as we say... 1) Your blood sugar level can be normalized within 30 to 120 days. 2) 100% natural so no side effects. 3) If you are already taking western medicine, you can start and continue using this product while taking the same medicine. 4) After starting to take our product into the body, if your blood sugar level is low during the 14th day of blood sugar test, you can stop taking western medicine and continue using our product on your doctor&#039;s recommendation\" \/>\n<meta property=\"og:url\" content=\"https:\/\/sugarkillerceylon.co\/is\/product\/40-days-120-teacups120g1g-1-teacup\/\" \/>\n<meta property=\"og:site_name\" content=\"Sugar Killer Ceylon\" \/>\n<meta property=\"article:modified_time\" content=\"2024-09-30T06:34:49+00:00\" \/>\n<meta property=\"og:image\" content=\"https:\/\/sugarkillerceylon.co\/wp-content\/uploads\/2024\/06\/W40-3.jpg\" \/>\n\t<meta property=\"og:image:width\" content=\"600\" \/>\n\t<meta property=\"og:image:height\" content=\"611\" \/>\n\t<meta property=\"og:image:type\" content=\"image\/jpeg\" \/>\n<meta name=\"twitter:card\" content=\"summary_large_image\" \/>\n<meta name=\"twitter:label1\" content=\"Price\" \/>\n\t<meta name=\"twitter:data1\" content=\"&#036;85.00\" \/>\n\t<meta name=\"twitter:label2\" content=\"Availability\" \/>\n\t<meta name=\"twitter:data2\" content=\"In stock\" \/>\n<script type=\"application\/ld+json\" class=\"yoast-schema-graph\">{\"@context\":\"https:\/\/schema.org\",\"@graph\":[{\"@type\":\"WebPage\",\"@id\":\"https:\/\/sugarkillerceylon.co\/product\/40-days-120-teacups120g1g-1-teacup\/\",\"url\":\"https:\/\/sugarkillerceylon.co\/product\/40-days-120-teacups120g1g-1-teacup\/\",\"name\":\"40 DAYS 120 TEACUPS 120g (1g = 1 Teacup) - Sugar Killer Ceylon\",\"isPartOf\":{\"@id\":\"https:\/\/sugarkillerceylon.co\/#website\"},\"primaryImageOfPage\":{\"@id\":\"https:\/\/sugarkillerceylon.co\/product\/40-days-120-teacups120g1g-1-teacup\/#primaryimage\"},\"image\":{\"@id\":\"https:\/\/sugarkillerceylon.co\/product\/40-days-120-teacups120g1g-1-teacup\/#primaryimage\"},\"thumbnailUrl\":\"https:\/\/sugarkillerceylon.co\/wp-content\/uploads\/2024\/06\/W40-3.jpg\",\"datePublished\":\"2024-09-16T17:57:43+00:00\",\"dateModified\":\"2024-09-30T06:34:49+00:00\",\"breadcrumb\":{\"@id\":\"https:\/\/sugarkillerceylon.co\/product\/40-days-120-teacups120g1g-1-teacup\/#breadcrumb\"},\"inLanguage\":\"is\",\"potentialAction\":[{\"@type\":\"ReadAction\",\"target\":[\"https:\/\/sugarkillerceylon.co\/product\/40-days-120-teacups120g1g-1-teacup\/\"]}]},{\"@type\":\"ImageObject\",\"inLanguage\":\"is\",\"@id\":\"https:\/\/sugarkillerceylon.co\/product\/40-days-120-teacups120g1g-1-teacup\/#primaryimage\",\"url\":\"https:\/\/sugarkillerceylon.co\/wp-content\/uploads\/2024\/06\/W40-3.jpg\",\"contentUrl\":\"https:\/\/sugarkillerceylon.co\/wp-content\/uploads\/2024\/06\/W40-3.jpg\",\"width\":600,\"height\":611},{\"@type\":\"BreadcrumbList\",\"@id\":\"https:\/\/sugarkillerceylon.co\/product\/40-days-120-teacups120g1g-1-teacup\/#breadcrumb\",\"itemListElement\":[{\"@type\":\"ListItem\",\"position\":1,\"name\":\"Home\",\"item\":\"https:\/\/sugarkillerceylon.co\/\"},{\"@type\":\"ListItem\",\"position\":2,\"name\":\"Shop\",\"item\":\"https:\/\/sugarkillerceylon.co\/shop\/\"},{\"@type\":\"ListItem\",\"position\":3,\"name\":\"40 DAYS 120 TEACUPS120g(1g = 1 Teacup)\"}]},{\"@type\":\"WebSite\",\"@id\":\"https:\/\/sugarkillerceylon.co\/#website\",\"url\":\"https:\/\/sugarkillerceylon.co\/\",\"name\":\"Sugar Killer Ceylon\",\"description\":\"\",\"potentialAction\":[{\"@type\":\"SearchAction\",\"target\":{\"@type\":\"EntryPoint\",\"urlTemplate\":\"https:\/\/sugarkillerceylon.co\/?s={search_term_string}\"},\"query-input\":{\"@type\":\"PropertyValueSpecification\",\"valueRequired\":true,\"valueName\":\"search_term_string\"}}],\"inLanguage\":\"is\"}]}<\/script>\n<meta property=\"product:price:amount\" content=\"85.00\" \/>\n<meta property=\"product:price:currency\" content=\"USD\" \/>\n<meta property=\"og:availability\" content=\"instock\" \/>\n<meta property=\"product:availability\" content=\"instock\" \/>\n<meta property=\"product:condition\" content=\"new\" \/>\n<!-- \/ Yoast SEO Premium plugin. -->","yoast_head_json":{"title":"40 DAYS 120 TEACUPS120g(1g = 1 Teacup) - Sugar Killer Ceylon","robots":{"index":"index","follow":"follow","max-snippet":"max-snippet:-1","max-image-preview":"max-image-preview:large","max-video-preview":"max-video-preview:-1"},"canonical":"https:\/\/sugarkillerceylon.co\/is\/product\/40-days-120-teacups120g1g-1-teacup\/","og_locale":"is_IS","og_type":"article","og_title":"40 DAYS 120 TEACUPS120g(1g = 1 Teacup)","og_description":"According to the latest medical surveys, Sri Lanka has become the country with the highest percentage of diabetes patients in Asia. According to those researches, one out of every four adults has been confirmed to be a diabetic patient. If you are suffering from diabetes too, here is the best solution for you SUGER KILLER T. Think about it... 1) How long have you been taking western medicine? 2) Have you lost your illness after taking western medicine for many years? 3) How much money have you lost on it?  But if SUGAR KILLER T is used as we say... 1) Your blood sugar level can be normalized within 30 to 120 days. 2) 100% natural so no side effects. 3) If you are already taking western medicine, you can start and continue using this product while taking the same medicine. 4) After starting to take our product into the body, if your blood sugar level is low during the 14th day of blood sugar test, you can stop taking western medicine and continue using our product on your doctor's recommendation","og_url":"https:\/\/sugarkillerceylon.co\/is\/product\/40-days-120-teacups120g1g-1-teacup\/","og_site_name":"Sugar Killer Ceylon","article_modified_time":"2024-09-30T06:34:49+00:00","og_image":[{"width":600,"height":611,"url":"https:\/\/sugarkillerceylon.co\/wp-content\/uploads\/2024\/06\/W40-3.jpg","type":"image\/jpeg"}],"twitter_card":"summary_large_image","twitter_misc":{"Price":"&#36;85.00","Availability":"In stock"},"schema":{"@context":"https:\/\/schema.org","@graph":[{"@type":"WebPage","@id":"https:\/\/sugarkillerceylon.co\/product\/40-days-120-teacups120g1g-1-teacup\/","url":"https:\/\/sugarkillerceylon.co\/product\/40-days-120-teacups120g1g-1-teacup\/","name":"40 DAYS 120 TEACUPS 120g (1g = 1 Teacup) - Sugar Killer Ceylon","isPartOf":{"@id":"https:\/\/sugarkillerceylon.co\/#website"},"primaryImageOfPage":{"@id":"https:\/\/sugarkillerceylon.co\/product\/40-days-120-teacups120g1g-1-teacup\/#primaryimage"},"image":{"@id":"https:\/\/sugarkillerceylon.co\/product\/40-days-120-teacups120g1g-1-teacup\/#primaryimage"},"thumbnailUrl":"https:\/\/sugarkillerceylon.co\/wp-content\/uploads\/2024\/06\/W40-3.jpg","datePublished":"2024-09-16T17:57:43+00:00","dateModified":"2024-09-30T06:34:49+00:00","breadcrumb":{"@id":"https:\/\/sugarkillerceylon.co\/product\/40-days-120-teacups120g1g-1-teacup\/#breadcrumb"},"inLanguage":"is","potentialAction":[{"@type":"ReadAction","target":["https:\/\/sugarkillerceylon.co\/product\/40-days-120-teacups120g1g-1-teacup\/"]}]},{"@type":"ImageObject","inLanguage":"is","@id":"https:\/\/sugarkillerceylon.co\/product\/40-days-120-teacups120g1g-1-teacup\/#primaryimage","url":"https:\/\/sugarkillerceylon.co\/wp-content\/uploads\/2024\/06\/W40-3.jpg","contentUrl":"https:\/\/sugarkillerceylon.co\/wp-content\/uploads\/2024\/06\/W40-3.jpg","width":600,"height":611},{"@type":"BreadcrumbList","@id":"https:\/\/sugarkillerceylon.co\/product\/40-days-120-teacups120g1g-1-teacup\/#breadcrumb","itemListElement":[{"@type":"ListItem","position":1,"name":"Home","item":"https:\/\/sugarkillerceylon.co\/"},{"@type":"ListItem","position":2,"name":"Shop","item":"https:\/\/sugarkillerceylon.co\/shop\/"},{"@type":"ListItem","position":3,"name":"40 DAYS 120 TEACUPS120g(1g = 1 Teacup)"}]},{"@type":"WebSite","@id":"https:\/\/sugarkillerceylon.co\/#website","url":"https:\/\/sugarkillerceylon.co\/","name":"Sugar Killer Ceylon","description":"","potentialAction":[{"@type":"SearchAction","target":{"@type":"EntryPoint","urlTemplate":"https:\/\/sugarkillerceylon.co\/?s={search_term_string}"},"query-input":{"@type":"PropertyValueSpecification","valueRequired":true,"valueName":"search_term_string"}}],"inLanguage":"is"}]},"product_price_amount":"85.00","product_price_currency":"USD","og_availability":"instock","product_availability":"instock","product_condition":"new"},"_links":{"self":[{"href":"https:\/\/sugarkillerceylon.co\/is\/wp-json\/wp\/v2\/product\/13770","targetHints":{"allow":["GET"]}}],"collection":[{"href":"https:\/\/sugarkillerceylon.co\/is\/wp-json\/wp\/v2\/product"}],"about":[{"href":"https:\/\/sugarkillerceylon.co\/is\/wp-json\/wp\/v2\/types\/product"}],"replies":[{"embeddable":true,"href":"https:\/\/sugarkillerceylon.co\/is\/wp-json\/wp\/v2\/comments?post=13770"}],"version-history":[{"count":2,"href":"https:\/\/sugarkillerceylon.co\/is\/wp-json\/wp\/v2\/product\/13770\/revisions"}],"predecessor-version":[{"id":14225,"href":"https:\/\/sugarkillerceylon.co\/is\/wp-json\/wp\/v2\/product\/13770\/revisions\/14225"}],"wp:featuredmedia":[{"embeddable":true,"href":"https:\/\/sugarkillerceylon.co\/is\/wp-json\/wp\/v2\/media\/12697"}],"wp:attachment":[{"href":"https:\/\/sugarkillerceylon.co\/is\/wp-json\/wp\/v2\/media?parent=13770"}],"wp:term":[{"taxonomy":"product_cat","embeddable":true,"href":"https:\/\/sugarkillerceylon.co\/is\/wp-json\/wp\/v2\/product_cat?post=13770"},{"taxonomy":"product_tag","embeddable":true,"href":"https:\/\/sugarkillerceylon.co\/is\/wp-json\/wp\/v2\/product_tag?post=13770"}],"curies":[{"name":"wp","href":"https:\/\/api.w.org\/{rel}","templated":true}]}}