{"id":13756,"date":"2024-09-16T18:41:26","date_gmt":"2024-09-16T17:41:26","guid":{"rendered":"https:\/\/sugarkiller.mooo.com\/?post_type=product&#038;p=13756"},"modified":"2024-09-30T07:32:48","modified_gmt":"2024-09-30T06:32:48","slug":"30-days-90-tea-envelopes-3","status":"publish","type":"product","link":"https:\/\/sugarkillerceylon.co\/lt\/product\/30-days-90-tea-envelopes-3\/","title":{"rendered":"30 DIEN\u0172 90 ARBATOS VOK\u0172"},"content":{"rendered":"<p>Ingredientai<\/p>\n<p>100% grynas Ceilono cinamonas<br \/>\nSlaptas receptas<\/p>\n<p>Rekomendavo<br \/>\nVALSTYB\u0116S GAMYBOS, TIEKIMO IR FARMACINI\u0172 MED\u017dIAG\u0172 REGULIAVIMO MINISTERIJOS IR FDA \u2013 \u0160ri Lanka<\/p>","protected":false},"excerpt":{"rendered":"<p>Naujausi\u0173 medicinini\u0173 tyrim\u0173 duomenimis, \u0160ri Lanka tapo \u0161alimi, kurioje sergan\u010di\u0173j\u0173 cukriniu diabetu procentas yra did\u017eiausias Azijoje. Remiantis \u0161iais tyrimais, vienas i\u0161 keturi\u0173 suaugusi\u0173j\u0173 buvo patvirtintas, kad serga cukriniu diabetu.<br \/>\nJei taip pat sergate cukriniu diabetu, \u010dia yra geriausias sprendimas SUGER KILLER T.<br \/>\nPagalvok apie tai\u2026<br \/>\n1) Kiek laiko vartojate vakarieti\u0161k\u0105 medicin\u0105?<br \/>\n2) Ar daug met\u0173 vartoj\u0119s vakarieti\u0161k\u0105 medicin\u0105 praradote lig\u0105?<br \/>\n3) Kiek pinig\u0173 d\u0117l to praradote?<\/p>\n<p>Bet jei SUGAR KILLER T naudojamas taip, kaip sakome\u2026<br \/>\n1) J\u016bs\u0173 cukraus kiekis kraujyje gali b\u016bti normalizuotas per 30\u2013120 dien\u0173.<br \/>\n2) 100% nat\u016bralus, tod\u0117l jokio \u0161alutinio poveikio.<br \/>\n3) Jei jau vartojate vakarieti\u0161k\u0105 medicin\u0105, galite prad\u0117ti ir toliau vartoti \u0161\u012f produkt\u0105 vartodami t\u0105 pat\u012f vaist\u0105.<br \/>\n4) Prad\u0117jus vartoti m\u016bs\u0173 gamin\u012f \u012f organizm\u0105, jei cukraus kiekis kraujyje per 14-t\u0105 dien\u0105 yra \u017eemas, galite nutraukti vakarieti\u0161kos medicinos vartojim\u0105 ir gydytojo rekomendacija toliau vartoti m\u016bs\u0173 produkt\u0105.<\/p>\n<div data-elementor-type=\"section\" data-elementor-id=\"12392\" class=\"elementor elementor-12392\" data-elementor-post-type=\"elementor_library\">\n<div class=\"elementor-element elementor-element-f8b7b0e e-flex e-con-boxed e-con e-parent\" data-id=\"f8b7b0e\" data-element_type=\"container\" data-settings=\"{&quot;_ha_eqh_enable&quot;:false}\">\n<div class=\"e-con-inner\">\n<div class=\"elementor-element elementor-element-b7b9029 elementor-widget elementor-widget-button\" data-id=\"b7b9029\" data-element_type=\"widget\" data-widget_type=\"button.default\">\n<div class=\"elementor-widget-container\">\n<div class=\"elementor-button-wrapper\">\n\t\t\t<a class=\"elementor-button elementor-button-link elementor-size-sm\" href=\"https:\/\/4.231.236.185\/instructions\/\"><br \/>\n\t\t\t\t\t\t<span class=\"elementor-button-content-wrapper\"><br \/>\n\t\t\t\t\t\t\t\t\t<span class=\"elementor-button-text\">NAUDOJIMO INSTRUKCIJA<\/span><br \/>\n\t\t\t\t\t<\/span><br \/>\n\t\t\t\t\t<\/a>\n\t\t<\/div>\n<\/p><\/div>\n<\/p><\/div>\n<\/p><\/div>\n<\/p><\/div>\n<\/p><\/div>","protected":false},"featured_media":12674,"comment_status":"open","ping_status":"closed","template":"","meta":[],"product_cat":[83,82],"product_tag":[],"class_list":{"0":"post-13756","1":"product","2":"type-product","3":"status-publish","4":"has-post-thumbnail","6":"product_cat-envelopes-express","7":"product_cat-express","9":"first","10":"instock","11":"shipping-taxable","12":"purchasable","13":"product-type-simple"},"yoast_head":"<!-- This site is optimized with the Yoast SEO Premium plugin v23.0 (Yoast SEO v23.4) - https:\/\/yoast.com\/wordpress\/plugins\/seo\/ -->\n<title>30 DAYS 90 TEA ENVELOPES - Sugar Killer Ceylon<\/title>\n<meta name=\"robots\" content=\"index, follow, max-snippet:-1, max-image-preview:large, max-video-preview:-1\" \/>\n<link rel=\"canonical\" href=\"https:\/\/sugarkillerceylon.co\/lt\/produktas\/30-days-90-tea-envelopes-3\/\" \/>\n<meta property=\"og:locale\" content=\"lt_LT\" \/>\n<meta property=\"og:type\" content=\"article\" \/>\n<meta property=\"og:title\" content=\"30 DAYS 90 TEA ENVELOPES\" \/>\n<meta property=\"og:description\" content=\"According to the latest medical surveys, Sri Lanka has become the country with the highest percentage of diabetes patients in Asia. According to those researches, one out of every four adults has been confirmed to be a diabetic patient. If you are suffering from diabetes too, here is the best solution for you SUGER KILLER T. Think about it... 1) How long have you been taking western medicine? 2) Have you lost your illness after taking western medicine for many years? 3) How much money have you lost on it?  But if SUGAR KILLER T is used as we say... 1) Your blood sugar level can be normalized within 30 to 120 days. 2) 100% natural so no side effects. 3) If you are already taking western medicine, you can start and continue using this product while taking the same medicine. 4) After starting to take our product into the body, if your blood sugar level is low during the 14th day of blood sugar test, you can stop taking western medicine and continue using our product on your doctor&#039;s recommendation\" \/>\n<meta property=\"og:url\" content=\"https:\/\/sugarkillerceylon.co\/lt\/produktas\/30-days-90-tea-envelopes-3\/\" \/>\n<meta property=\"og:site_name\" content=\"Sugar Killer Ceylon\" \/>\n<meta property=\"article:modified_time\" content=\"2024-09-30T06:32:48+00:00\" \/>\n<meta property=\"og:image\" content=\"https:\/\/sugarkillerceylon.co\/wp-content\/uploads\/2024\/06\/B30.jpg\" \/>\n\t<meta property=\"og:image:width\" content=\"600\" \/>\n\t<meta property=\"og:image:height\" content=\"611\" \/>\n\t<meta property=\"og:image:type\" content=\"image\/jpeg\" \/>\n<meta name=\"twitter:card\" content=\"summary_large_image\" \/>\n<meta name=\"twitter:label1\" content=\"Price\" \/>\n\t<meta name=\"twitter:data1\" content=\"&#036;95.00\" \/>\n\t<meta name=\"twitter:label2\" content=\"Availability\" \/>\n\t<meta name=\"twitter:data2\" content=\"In stock\" \/>\n<script type=\"application\/ld+json\" class=\"yoast-schema-graph\">{\"@context\":\"https:\/\/schema.org\",\"@graph\":[{\"@type\":\"WebPage\",\"@id\":\"https:\/\/sugarkillerceylon.co\/product\/30-days-90-tea-envelopes-3\/\",\"url\":\"https:\/\/sugarkillerceylon.co\/product\/30-days-90-tea-envelopes-3\/\",\"name\":\"30 DAYS 90 TEA ENVELOPES - Sugar Killer Ceylon\",\"isPartOf\":{\"@id\":\"https:\/\/sugarkillerceylon.co\/#website\"},\"primaryImageOfPage\":{\"@id\":\"https:\/\/sugarkillerceylon.co\/product\/30-days-90-tea-envelopes-3\/#primaryimage\"},\"image\":{\"@id\":\"https:\/\/sugarkillerceylon.co\/product\/30-days-90-tea-envelopes-3\/#primaryimage\"},\"thumbnailUrl\":\"https:\/\/sugarkillerceylon.co\/wp-content\/uploads\/2024\/06\/B30.jpg\",\"datePublished\":\"2024-09-16T17:41:26+00:00\",\"dateModified\":\"2024-09-30T06:32:48+00:00\",\"breadcrumb\":{\"@id\":\"https:\/\/sugarkillerceylon.co\/product\/30-days-90-tea-envelopes-3\/#breadcrumb\"},\"inLanguage\":\"lt-LT\",\"potentialAction\":[{\"@type\":\"ReadAction\",\"target\":[\"https:\/\/sugarkillerceylon.co\/product\/30-days-90-tea-envelopes-3\/\"]}]},{\"@type\":\"ImageObject\",\"inLanguage\":\"lt-LT\",\"@id\":\"https:\/\/sugarkillerceylon.co\/product\/30-days-90-tea-envelopes-3\/#primaryimage\",\"url\":\"https:\/\/sugarkillerceylon.co\/wp-content\/uploads\/2024\/06\/B30.jpg\",\"contentUrl\":\"https:\/\/sugarkillerceylon.co\/wp-content\/uploads\/2024\/06\/B30.jpg\",\"width\":600,\"height\":611},{\"@type\":\"BreadcrumbList\",\"@id\":\"https:\/\/sugarkillerceylon.co\/product\/30-days-90-tea-envelopes-3\/#breadcrumb\",\"itemListElement\":[{\"@type\":\"ListItem\",\"position\":1,\"name\":\"Home\",\"item\":\"https:\/\/sugarkillerceylon.co\/\"},{\"@type\":\"ListItem\",\"position\":2,\"name\":\"Shop\",\"item\":\"https:\/\/sugarkillerceylon.co\/shop\/\"},{\"@type\":\"ListItem\",\"position\":3,\"name\":\"30 DAYS 90 TEA ENVELOPES\"}]},{\"@type\":\"WebSite\",\"@id\":\"https:\/\/sugarkillerceylon.co\/#website\",\"url\":\"https:\/\/sugarkillerceylon.co\/\",\"name\":\"Sugar Killer Ceylon\",\"description\":\"\",\"potentialAction\":[{\"@type\":\"SearchAction\",\"target\":{\"@type\":\"EntryPoint\",\"urlTemplate\":\"https:\/\/sugarkillerceylon.co\/?s={search_term_string}\"},\"query-input\":{\"@type\":\"PropertyValueSpecification\",\"valueRequired\":true,\"valueName\":\"search_term_string\"}}],\"inLanguage\":\"lt-LT\"}]}<\/script>\n<meta property=\"product:price:amount\" content=\"95.00\" \/>\n<meta property=\"product:price:currency\" content=\"USD\" \/>\n<meta property=\"og:availability\" content=\"instock\" \/>\n<meta property=\"product:availability\" content=\"instock\" \/>\n<meta property=\"product:condition\" content=\"new\" \/>\n<!-- \/ Yoast SEO Premium plugin. -->","yoast_head_json":{"title":"30 DAYS 90 TEA ENVELOPES - Sugar Killer Ceylon","robots":{"index":"index","follow":"follow","max-snippet":"max-snippet:-1","max-image-preview":"max-image-preview:large","max-video-preview":"max-video-preview:-1"},"canonical":"https:\/\/sugarkillerceylon.co\/lt\/produktas\/30-days-90-tea-envelopes-3\/","og_locale":"lt_LT","og_type":"article","og_title":"30 DAYS 90 TEA ENVELOPES","og_description":"According to the latest medical surveys, Sri Lanka has become the country with the highest percentage of diabetes patients in Asia. According to those researches, one out of every four adults has been confirmed to be a diabetic patient. If you are suffering from diabetes too, here is the best solution for you SUGER KILLER T. Think about it... 1) How long have you been taking western medicine? 2) Have you lost your illness after taking western medicine for many years? 3) How much money have you lost on it?  But if SUGAR KILLER T is used as we say... 1) Your blood sugar level can be normalized within 30 to 120 days. 2) 100% natural so no side effects. 3) If you are already taking western medicine, you can start and continue using this product while taking the same medicine. 4) After starting to take our product into the body, if your blood sugar level is low during the 14th day of blood sugar test, you can stop taking western medicine and continue using our product on your doctor's recommendation","og_url":"https:\/\/sugarkillerceylon.co\/lt\/produktas\/30-days-90-tea-envelopes-3\/","og_site_name":"Sugar Killer Ceylon","article_modified_time":"2024-09-30T06:32:48+00:00","og_image":[{"width":600,"height":611,"url":"https:\/\/sugarkillerceylon.co\/wp-content\/uploads\/2024\/06\/B30.jpg","type":"image\/jpeg"}],"twitter_card":"summary_large_image","twitter_misc":{"Price":"&#36;95.00","Availability":"In stock"},"schema":{"@context":"https:\/\/schema.org","@graph":[{"@type":"WebPage","@id":"https:\/\/sugarkillerceylon.co\/product\/30-days-90-tea-envelopes-3\/","url":"https:\/\/sugarkillerceylon.co\/product\/30-days-90-tea-envelopes-3\/","name":"30 DAYS 90 TEA ENVELOPES - Sugar Killer Ceylon","isPartOf":{"@id":"https:\/\/sugarkillerceylon.co\/#website"},"primaryImageOfPage":{"@id":"https:\/\/sugarkillerceylon.co\/product\/30-days-90-tea-envelopes-3\/#primaryimage"},"image":{"@id":"https:\/\/sugarkillerceylon.co\/product\/30-days-90-tea-envelopes-3\/#primaryimage"},"thumbnailUrl":"https:\/\/sugarkillerceylon.co\/wp-content\/uploads\/2024\/06\/B30.jpg","datePublished":"2024-09-16T17:41:26+00:00","dateModified":"2024-09-30T06:32:48+00:00","breadcrumb":{"@id":"https:\/\/sugarkillerceylon.co\/product\/30-days-90-tea-envelopes-3\/#breadcrumb"},"inLanguage":"lt-LT","potentialAction":[{"@type":"ReadAction","target":["https:\/\/sugarkillerceylon.co\/product\/30-days-90-tea-envelopes-3\/"]}]},{"@type":"ImageObject","inLanguage":"lt-LT","@id":"https:\/\/sugarkillerceylon.co\/product\/30-days-90-tea-envelopes-3\/#primaryimage","url":"https:\/\/sugarkillerceylon.co\/wp-content\/uploads\/2024\/06\/B30.jpg","contentUrl":"https:\/\/sugarkillerceylon.co\/wp-content\/uploads\/2024\/06\/B30.jpg","width":600,"height":611},{"@type":"BreadcrumbList","@id":"https:\/\/sugarkillerceylon.co\/product\/30-days-90-tea-envelopes-3\/#breadcrumb","itemListElement":[{"@type":"ListItem","position":1,"name":"Home","item":"https:\/\/sugarkillerceylon.co\/"},{"@type":"ListItem","position":2,"name":"Shop","item":"https:\/\/sugarkillerceylon.co\/shop\/"},{"@type":"ListItem","position":3,"name":"30 DAYS 90 TEA ENVELOPES"}]},{"@type":"WebSite","@id":"https:\/\/sugarkillerceylon.co\/#website","url":"https:\/\/sugarkillerceylon.co\/","name":"Sugar Killer Ceylon","description":"","potentialAction":[{"@type":"SearchAction","target":{"@type":"EntryPoint","urlTemplate":"https:\/\/sugarkillerceylon.co\/?s={search_term_string}"},"query-input":{"@type":"PropertyValueSpecification","valueRequired":true,"valueName":"search_term_string"}}],"inLanguage":"lt-LT"}]},"product_price_amount":"95.00","product_price_currency":"USD","og_availability":"instock","product_availability":"instock","product_condition":"new"},"_links":{"self":[{"href":"https:\/\/sugarkillerceylon.co\/lt\/wp-json\/wp\/v2\/product\/13756","targetHints":{"allow":["GET"]}}],"collection":[{"href":"https:\/\/sugarkillerceylon.co\/lt\/wp-json\/wp\/v2\/product"}],"about":[{"href":"https:\/\/sugarkillerceylon.co\/lt\/wp-json\/wp\/v2\/types\/product"}],"replies":[{"embeddable":true,"href":"https:\/\/sugarkillerceylon.co\/lt\/wp-json\/wp\/v2\/comments?post=13756"}],"version-history":[{"count":1,"href":"https:\/\/sugarkillerceylon.co\/lt\/wp-json\/wp\/v2\/product\/13756\/revisions"}],"predecessor-version":[{"id":14221,"href":"https:\/\/sugarkillerceylon.co\/lt\/wp-json\/wp\/v2\/product\/13756\/revisions\/14221"}],"wp:featuredmedia":[{"embeddable":true,"href":"https:\/\/sugarkillerceylon.co\/lt\/wp-json\/wp\/v2\/media\/12674"}],"wp:attachment":[{"href":"https:\/\/sugarkillerceylon.co\/lt\/wp-json\/wp\/v2\/media?parent=13756"}],"wp:term":[{"taxonomy":"product_cat","embeddable":true,"href":"https:\/\/sugarkillerceylon.co\/lt\/wp-json\/wp\/v2\/product_cat?post=13756"},{"taxonomy":"product_tag","embeddable":true,"href":"https:\/\/sugarkillerceylon.co\/lt\/wp-json\/wp\/v2\/product_tag?post=13756"}],"curies":[{"name":"wp","href":"https:\/\/api.w.org\/{rel}","templated":true}]}}