{"id":13663,"date":"2024-09-16T07:15:49","date_gmt":"2024-09-16T06:15:49","guid":{"rendered":"https:\/\/4.231.236.185\/?post_type=product&#038;p=13663"},"modified":"2024-09-30T06:56:43","modified_gmt":"2024-09-30T05:56:43","slug":"90-days-270-tea-envelopes-2","status":"publish","type":"product","link":"https:\/\/sugarkillerceylon.co\/lv\/product\/90-days-270-tea-envelopes-2\/","title":{"rendered":"90 DIENAS 270 T\u0112JAS Aploksnes"},"content":{"rendered":"<p>Sast\u0101vda\u013cas<\/p>\n<p>100% T\u012brs Ceilonas kan\u0113lis<br \/>\nSlepen\u0101 recepte<\/p>\n<p>Ieteica<br \/>\nVALSTS RA\u017dO\u0160ANAS, PIEG\u0100DES UN FARMACEITISK\u0100S L\u012aDZEK\u013bU REGUL\u0112\u0160ANAS MINISTRIJA . &amp; FDA - \u0160rilanka<\/p>","protected":false},"excerpt":{"rendered":"<p>Saska\u0146\u0101 ar jaun\u0101kaj\u0101m medic\u012bnisk\u0101m aptauj\u0101m \u0160rilanka ir k\u013cuvusi par valsti ar visliel\u0101ko cukura diab\u0113ta pacientu procentu\u0101lo da\u013cu \u0100zij\u0101. Saska\u0146\u0101 ar \u0161iem p\u0113t\u012bjumiem viens no katriem \u010detriem pieaugu\u0161ajiem ir apstiprin\u0101ts k\u0101 diab\u0113ta pacients.<br \/>\nJa ar\u012b j\u016bs cie\u0161at no cukura diab\u0113ta, \u0161eit ir lab\u0101kais risin\u0101jums jums SUGER KILLER T.<br \/>\nPadom\u0101 par to\u2026<br \/>\n1) Cik ilgi j\u016bs lietojat rietumu medic\u012bnu?<br \/>\n2) Vai esat zaud\u0113jis savu slim\u012bbu p\u0113c daudzu gadu ilgas rietumu medic\u012bnas lieto\u0161anas?<br \/>\n3) Cik daudz naudas j\u016bs par to esat zaud\u0113jis?<\/p>\n<p>Bet, ja tiek izmantots SUGAR KILLER T, k\u0101 m\u0113s sak\u0101m\u2026<br \/>\n1) J\u016bsu cukura l\u012bmeni asin\u012bs var normaliz\u0113t 30 l\u012bdz 120 dienu laik\u0101.<br \/>\n2) 100% dab\u012bgs, t\u0101p\u0113c nav blakuspar\u0101d\u012bbu.<br \/>\n3) Ja j\u016bs jau lietojat rietumu z\u0101les, varat s\u0101kt un turpin\u0101t lietot \u0161o produktu, vienlaikus lietojot t\u0101s pa\u0161as z\u0101les.<br \/>\n4) P\u0113c m\u016bsu produkta ievad\u012b\u0161anas organism\u0101, ja cukura l\u012bmenis asin\u012bs ir zems 14.\u00a0dienas cukura l\u012bme\u0146a noteik\u0161anas asin\u012bs, varat p\u0101rtraukt rietumu medic\u012bnas lieto\u0161anu un turpin\u0101t lietot m\u016bsu produktu p\u0113c \u0101rsta ieteikuma.<\/p>\n<div data-elementor-type=\"section\" data-elementor-id=\"12392\" class=\"elementor elementor-12392\" data-elementor-post-type=\"elementor_library\">\n<div class=\"elementor-element elementor-element-f8b7b0e e-flex e-con-boxed e-con e-parent\" data-id=\"f8b7b0e\" data-element_type=\"container\" data-settings=\"{&quot;_ha_eqh_enable&quot;:false}\">\n<div class=\"e-con-inner\">\n<div class=\"elementor-element elementor-element-b7b9029 elementor-widget elementor-widget-button\" data-id=\"b7b9029\" data-element_type=\"widget\" data-widget_type=\"button.default\">\n<div class=\"elementor-widget-container\">\n<div class=\"elementor-button-wrapper\">\n\t\t\t<a class=\"elementor-button elementor-button-link elementor-size-sm\" href=\"https:\/\/4.231.236.185\/instructions\/\"><br \/>\n\t\t\t\t\t\t<span class=\"elementor-button-content-wrapper\"><br \/>\n\t\t\t\t\t\t\t\t\t<span class=\"elementor-button-text\">LIETO\u0160ANAS NOR\u0100D\u012aJUMI<\/span><br \/>\n\t\t\t\t\t<\/span><br \/>\n\t\t\t\t\t<\/a>\n\t\t<\/div>\n<\/p><\/div>\n<\/p><\/div>\n<\/p><\/div>\n<\/p><\/div>\n<\/p><\/div>","protected":false},"featured_media":12676,"comment_status":"open","ping_status":"closed","template":"","meta":[],"product_cat":[78,79],"product_tag":[],"class_list":{"0":"post-13663","1":"product","2":"type-product","3":"status-publish","4":"has-post-thumbnail","6":"product_cat-economy","7":"product_cat-envelopes-economy","9":"first","10":"instock","11":"shipping-taxable","12":"purchasable","13":"product-type-simple"},"yoast_head":"<!-- This site is optimized with the Yoast SEO Premium plugin v23.0 (Yoast SEO v23.4) - https:\/\/yoast.com\/wordpress\/plugins\/seo\/ -->\n<title>90 DAYS 270 TEA ENVELOPES - Sugar Killer Ceylon<\/title>\n<meta name=\"robots\" content=\"index, follow, max-snippet:-1, max-image-preview:large, max-video-preview:-1\" \/>\n<link rel=\"canonical\" href=\"https:\/\/sugarkillerceylon.co\/lv\/products\/90-days-270-tea-envelopes-2\/\" \/>\n<meta property=\"og:locale\" content=\"lv_LV\" \/>\n<meta property=\"og:type\" content=\"article\" \/>\n<meta property=\"og:title\" content=\"90 DAYS 270 TEA ENVELOPES\" \/>\n<meta property=\"og:description\" content=\"According to the latest medical surveys, Sri Lanka has become the country with the highest percentage of diabetes patients in Asia. According to those researches, one out of every four adults has been confirmed to be a diabetic patient. If you are suffering from diabetes too, here is the best solution for you SUGER KILLER T. Think about it... 1) How long have you been taking western medicine? 2) Have you lost your illness after taking western medicine for many years? 3) How much money have you lost on it?  But if SUGAR KILLER T is used as we say... 1) Your blood sugar level can be normalized within 30 to 120 days. 2) 100% natural so no side effects. 3) If you are already taking western medicine, you can start and continue using this product while taking the same medicine. 4) After starting to take our product into the body, if your blood sugar level is low during the 14th day of blood sugar test, you can stop taking western medicine and continue using our product on your doctor&#039;s recommendation\" \/>\n<meta property=\"og:url\" content=\"https:\/\/sugarkillerceylon.co\/lv\/products\/90-days-270-tea-envelopes-2\/\" \/>\n<meta property=\"og:site_name\" content=\"Sugar Killer Ceylon\" \/>\n<meta property=\"article:modified_time\" content=\"2024-09-30T05:56:43+00:00\" \/>\n<meta property=\"og:image\" content=\"https:\/\/sugarkillerceylon.co\/wp-content\/uploads\/2024\/06\/B90.jpg\" \/>\n\t<meta property=\"og:image:width\" content=\"600\" \/>\n\t<meta property=\"og:image:height\" content=\"611\" \/>\n\t<meta property=\"og:image:type\" content=\"image\/jpeg\" \/>\n<meta name=\"twitter:card\" content=\"summary_large_image\" \/>\n<meta name=\"twitter:label1\" content=\"Price\" \/>\n\t<meta name=\"twitter:data1\" content=\"&#036;140.00\" \/>\n\t<meta name=\"twitter:label2\" content=\"Availability\" \/>\n\t<meta name=\"twitter:data2\" content=\"In stock\" \/>\n<script type=\"application\/ld+json\" class=\"yoast-schema-graph\">{\"@context\":\"https:\/\/schema.org\",\"@graph\":[{\"@type\":\"WebPage\",\"@id\":\"https:\/\/sugarkillerceylon.co\/product\/90-days-270-tea-envelopes-2\/\",\"url\":\"https:\/\/sugarkillerceylon.co\/product\/90-days-270-tea-envelopes-2\/\",\"name\":\"90 DAYS 270 TEA ENVELOPES - Sugar Killer Ceylon\",\"isPartOf\":{\"@id\":\"https:\/\/sugarkillerceylon.co\/#website\"},\"primaryImageOfPage\":{\"@id\":\"https:\/\/sugarkillerceylon.co\/product\/90-days-270-tea-envelopes-2\/#primaryimage\"},\"image\":{\"@id\":\"https:\/\/sugarkillerceylon.co\/product\/90-days-270-tea-envelopes-2\/#primaryimage\"},\"thumbnailUrl\":\"https:\/\/sugarkillerceylon.co\/wp-content\/uploads\/2024\/06\/B90.jpg\",\"datePublished\":\"2024-09-16T06:15:49+00:00\",\"dateModified\":\"2024-09-30T05:56:43+00:00\",\"breadcrumb\":{\"@id\":\"https:\/\/sugarkillerceylon.co\/product\/90-days-270-tea-envelopes-2\/#breadcrumb\"},\"inLanguage\":\"lv-LV\",\"potentialAction\":[{\"@type\":\"ReadAction\",\"target\":[\"https:\/\/sugarkillerceylon.co\/product\/90-days-270-tea-envelopes-2\/\"]}]},{\"@type\":\"ImageObject\",\"inLanguage\":\"lv-LV\",\"@id\":\"https:\/\/sugarkillerceylon.co\/product\/90-days-270-tea-envelopes-2\/#primaryimage\",\"url\":\"https:\/\/sugarkillerceylon.co\/wp-content\/uploads\/2024\/06\/B90.jpg\",\"contentUrl\":\"https:\/\/sugarkillerceylon.co\/wp-content\/uploads\/2024\/06\/B90.jpg\",\"width\":600,\"height\":611},{\"@type\":\"BreadcrumbList\",\"@id\":\"https:\/\/sugarkillerceylon.co\/product\/90-days-270-tea-envelopes-2\/#breadcrumb\",\"itemListElement\":[{\"@type\":\"ListItem\",\"position\":1,\"name\":\"Home\",\"item\":\"https:\/\/sugarkillerceylon.co\/\"},{\"@type\":\"ListItem\",\"position\":2,\"name\":\"Shop\",\"item\":\"https:\/\/sugarkillerceylon.co\/shop\/\"},{\"@type\":\"ListItem\",\"position\":3,\"name\":\"90 DAYS 270 TEA ENVELOPES\"}]},{\"@type\":\"WebSite\",\"@id\":\"https:\/\/sugarkillerceylon.co\/#website\",\"url\":\"https:\/\/sugarkillerceylon.co\/\",\"name\":\"Sugar Killer Ceylon\",\"description\":\"\",\"potentialAction\":[{\"@type\":\"SearchAction\",\"target\":{\"@type\":\"EntryPoint\",\"urlTemplate\":\"https:\/\/sugarkillerceylon.co\/?s={search_term_string}\"},\"query-input\":{\"@type\":\"PropertyValueSpecification\",\"valueRequired\":true,\"valueName\":\"search_term_string\"}}],\"inLanguage\":\"lv-LV\"}]}<\/script>\n<meta property=\"product:price:amount\" content=\"140.00\" \/>\n<meta property=\"product:price:currency\" content=\"USD\" \/>\n<meta property=\"og:availability\" content=\"instock\" \/>\n<meta property=\"product:availability\" content=\"instock\" \/>\n<meta property=\"product:condition\" content=\"new\" \/>\n<!-- \/ Yoast SEO Premium plugin. -->","yoast_head_json":{"title":"90 DAYS 270 TEA ENVELOPES - Sugar Killer Ceylon","robots":{"index":"index","follow":"follow","max-snippet":"max-snippet:-1","max-image-preview":"max-image-preview:large","max-video-preview":"max-video-preview:-1"},"canonical":"https:\/\/sugarkillerceylon.co\/lv\/products\/90-days-270-tea-envelopes-2\/","og_locale":"lv_LV","og_type":"article","og_title":"90 DAYS 270 TEA ENVELOPES","og_description":"According to the latest medical surveys, Sri Lanka has become the country with the highest percentage of diabetes patients in Asia. According to those researches, one out of every four adults has been confirmed to be a diabetic patient. If you are suffering from diabetes too, here is the best solution for you SUGER KILLER T. Think about it... 1) How long have you been taking western medicine? 2) Have you lost your illness after taking western medicine for many years? 3) How much money have you lost on it?  But if SUGAR KILLER T is used as we say... 1) Your blood sugar level can be normalized within 30 to 120 days. 2) 100% natural so no side effects. 3) If you are already taking western medicine, you can start and continue using this product while taking the same medicine. 4) After starting to take our product into the body, if your blood sugar level is low during the 14th day of blood sugar test, you can stop taking western medicine and continue using our product on your doctor's recommendation","og_url":"https:\/\/sugarkillerceylon.co\/lv\/products\/90-days-270-tea-envelopes-2\/","og_site_name":"Sugar Killer Ceylon","article_modified_time":"2024-09-30T05:56:43+00:00","og_image":[{"width":600,"height":611,"url":"https:\/\/sugarkillerceylon.co\/wp-content\/uploads\/2024\/06\/B90.jpg","type":"image\/jpeg"}],"twitter_card":"summary_large_image","twitter_misc":{"Price":"&#36;140.00","Availability":"In stock"},"schema":{"@context":"https:\/\/schema.org","@graph":[{"@type":"WebPage","@id":"https:\/\/sugarkillerceylon.co\/product\/90-days-270-tea-envelopes-2\/","url":"https:\/\/sugarkillerceylon.co\/product\/90-days-270-tea-envelopes-2\/","name":"90 DAYS 270 TEA ENVELOPES - Sugar Killer Ceylon","isPartOf":{"@id":"https:\/\/sugarkillerceylon.co\/#website"},"primaryImageOfPage":{"@id":"https:\/\/sugarkillerceylon.co\/product\/90-days-270-tea-envelopes-2\/#primaryimage"},"image":{"@id":"https:\/\/sugarkillerceylon.co\/product\/90-days-270-tea-envelopes-2\/#primaryimage"},"thumbnailUrl":"https:\/\/sugarkillerceylon.co\/wp-content\/uploads\/2024\/06\/B90.jpg","datePublished":"2024-09-16T06:15:49+00:00","dateModified":"2024-09-30T05:56:43+00:00","breadcrumb":{"@id":"https:\/\/sugarkillerceylon.co\/product\/90-days-270-tea-envelopes-2\/#breadcrumb"},"inLanguage":"lv-LV","potentialAction":[{"@type":"ReadAction","target":["https:\/\/sugarkillerceylon.co\/product\/90-days-270-tea-envelopes-2\/"]}]},{"@type":"ImageObject","inLanguage":"lv-LV","@id":"https:\/\/sugarkillerceylon.co\/product\/90-days-270-tea-envelopes-2\/#primaryimage","url":"https:\/\/sugarkillerceylon.co\/wp-content\/uploads\/2024\/06\/B90.jpg","contentUrl":"https:\/\/sugarkillerceylon.co\/wp-content\/uploads\/2024\/06\/B90.jpg","width":600,"height":611},{"@type":"BreadcrumbList","@id":"https:\/\/sugarkillerceylon.co\/product\/90-days-270-tea-envelopes-2\/#breadcrumb","itemListElement":[{"@type":"ListItem","position":1,"name":"Home","item":"https:\/\/sugarkillerceylon.co\/"},{"@type":"ListItem","position":2,"name":"Shop","item":"https:\/\/sugarkillerceylon.co\/shop\/"},{"@type":"ListItem","position":3,"name":"90 DAYS 270 TEA ENVELOPES"}]},{"@type":"WebSite","@id":"https:\/\/sugarkillerceylon.co\/#website","url":"https:\/\/sugarkillerceylon.co\/","name":"Sugar Killer Ceylon","description":"","potentialAction":[{"@type":"SearchAction","target":{"@type":"EntryPoint","urlTemplate":"https:\/\/sugarkillerceylon.co\/?s={search_term_string}"},"query-input":{"@type":"PropertyValueSpecification","valueRequired":true,"valueName":"search_term_string"}}],"inLanguage":"lv-LV"}]},"product_price_amount":"140.00","product_price_currency":"USD","og_availability":"instock","product_availability":"instock","product_condition":"new"},"_links":{"self":[{"href":"https:\/\/sugarkillerceylon.co\/lv\/wp-json\/wp\/v2\/product\/13663","targetHints":{"allow":["GET"]}}],"collection":[{"href":"https:\/\/sugarkillerceylon.co\/lv\/wp-json\/wp\/v2\/product"}],"about":[{"href":"https:\/\/sugarkillerceylon.co\/lv\/wp-json\/wp\/v2\/types\/product"}],"replies":[{"embeddable":true,"href":"https:\/\/sugarkillerceylon.co\/lv\/wp-json\/wp\/v2\/comments?post=13663"}],"version-history":[{"count":1,"href":"https:\/\/sugarkillerceylon.co\/lv\/wp-json\/wp\/v2\/product\/13663\/revisions"}],"predecessor-version":[{"id":14212,"href":"https:\/\/sugarkillerceylon.co\/lv\/wp-json\/wp\/v2\/product\/13663\/revisions\/14212"}],"wp:featuredmedia":[{"embeddable":true,"href":"https:\/\/sugarkillerceylon.co\/lv\/wp-json\/wp\/v2\/media\/12676"}],"wp:attachment":[{"href":"https:\/\/sugarkillerceylon.co\/lv\/wp-json\/wp\/v2\/media?parent=13663"}],"wp:term":[{"taxonomy":"product_cat","embeddable":true,"href":"https:\/\/sugarkillerceylon.co\/lv\/wp-json\/wp\/v2\/product_cat?post=13663"},{"taxonomy":"product_tag","embeddable":true,"href":"https:\/\/sugarkillerceylon.co\/lv\/wp-json\/wp\/v2\/product_tag?post=13663"}],"curies":[{"name":"wp","href":"https:\/\/api.w.org\/{rel}","templated":true}]}}