{"id":13284,"date":"2024-07-28T08:22:35","date_gmt":"2024-07-28T07:22:35","guid":{"rendered":"https:\/\/4.231.236.185\/terms-of-use-3\/"},"modified":"2024-08-27T11:41:17","modified_gmt":"2024-08-27T10:41:17","slug":"terms-of-use-3","status":"publish","type":"page","link":"https:\/\/sugarkillerceylon.co\/oc\/terms-of-use-3\/","title":{"rendered":"Condicions d&#039;utilizacion"},"content":{"rendered":"<h1>T\u00e8rmes e condicions<\/h1>\n<p>Aquestas Condicions gov\u00e8rnan v\u00f2stre acc\u00e8s, l&#039;utilizacion de tot contengut, Produch e Servicis disponibles sul sit web https:\/\/www.sugarkillerceylon.com (lo &quot;Servici&quot;) operat per Natures Ceylon Cinnamond House (&quot;nosautres&quot;, &quot;nosautres&quot;, o &quot; n\u00f2stre&quot;).<\/p>\n<p>V\u00f2stre acc\u00e8s a n\u00f2stres servicis es subj\u00e8cte a v\u00f2stra acceptacion, sens modificacion, de totes los t\u00e8rmes e condicions contenguts aic\u00ed e de totas las autras r\u00e8glas e politicas d&#039;explotacion publicadas e que p\u00f2don \u00e8sser publicadas de temps en temps per nosautres.<\/p>\n<p>Merc\u00e9s de legir l&#039;Ac\u00f2rdi amb atencion abans d&#039;accedir o d&#039;utilizar n\u00f2stres Servicis. En accedissent o en utilizant quina partida que si\u00e1 de n\u00f2stres Servicis, acceptatz d&#039;\u00e8sser ligat a aquestas Condicions. Se acceptatz pas cap de partida de las condicions de l&#039;Ac\u00f2rdi, alara pod\u00e8tz pas accedir o utilizar n\u00f2stres Servicis.<\/p>\n<h2>Proprietat intellectuala<\/h2>\n<p>L&#039;Ac\u00f2rdi transfer\u00eds pas de Nosautres a vos cap de la n\u00f2stra proprietat intellectuala o de tresen, e totes los dreches, t\u00edtol e inter\u00e8s dins e cap a aquela proprietat demorar\u00e0n (coma entre las partidas) unicament amb Natures Ceylon Cinnamond House e sos licenciaires.<\/p>\n<h3>Servicis t\u00e8rces<\/h3>\n<p>En utilizant los Servicis, pod\u00e8tz utilizar de servicis, de produches, de logicials, d&#039;encastraments o d&#039;aplicacions desvolopadas per un t\u00e8r\u00e7 (\u201cServicis de T\u00e8r\u00e7\u201d).<\/p>\n<p>S&#039;utilizatz de servicis t\u00e8rces, compren\u00e8tz que :<\/p>\n<ul>\n<li>Tota utilizacion d&#039;un Servici T\u00e8r\u00e7 es a v\u00f2stre risc, e serem pas responsables o responsables davant degun pels sites web o Servicis T\u00e8r\u00e7.<\/li>\n<li>Reconeiss\u00e8tz e acceptatz que serem pas responsables o responsables de cap de damatge o p\u00e8rda causat o presumit causat per o en ligam amb l&#039;utilizacion de quin contengut que si\u00e1, de bens o de servicis disponibles sus o a trav\u00e8rs de cap de sites web o servicis.<\/li>\n<\/ul>\n<h2>Comptes<\/h2>\n<p>Quand l&#039;utilizacion de quina partida que si\u00e1 de n\u00f2stres Servicis demanda un compte, acceptatz de nos provesir d&#039;informacions completas e precisas quand vos inscriv\u00e8tz per un compte.<\/p>\n<p>Seretz l&#039;unic responsable e responsable de tota activitat que se debana jos v\u00f2stre compte. S\u00e8tz responsable de mant\u00e9ner v\u00f2stras informacions de compte a jorn e de mant\u00e9ner v\u00f2stre senhal segur.<\/p>\n<p>S\u00e8tz responsable de mant\u00e9ner la seguretat de v\u00f2stre compte qu&#039;utilizatz per accedir al Servici. Vos cal pas partejar o mal utilizar v\u00f2stras informacions d&#039;acc\u00e8s. Nos dev\u00e8tz avisar immediatament de tota utilizacion non autorizada de v\u00f2stre compte o al moment de prene consci\u00e9ncia de tota autra violacion de seguretat.<\/p>\n<h2>Rescission<\/h2>\n<p>Pod\u00e8m rescindir o suspendre v\u00f2stre acc\u00e8s a totes o quina partida que si\u00e1 de n\u00f2stres Servicis a quin moment que si\u00e1, amb o sens causa, amb o sens av\u00eds, amb efi\u00e8ch immediat.<\/p>\n<p>Se vol\u00e8tz rescindir l&#039;Ac\u00f2rdi o v\u00f2stre compte Natures Ceylon Cinnamond House, pod\u00e8tz simplament arrestar d&#039;utilizar n\u00f2stres Servicis.<\/p>\n<p>Totas las disposicions de l&#039;Ac\u00f2rdi que per lor natura deuri\u00e1n subreviure a la resolucion subreviur\u00e0n a la resolucion, inclusent, sens limitacion, las disposicions de proprietat, las ren\u00f3ncias de garantia, l&#039;indemnitat e las limitacions de responsabilitat.<\/p>\n<h2>Avertiment de responsabilitat<\/h2>\n<p>N\u00f2stres Servicis son provesits &quot;TAL QUE SON.&quot; e &quot;COMA DISPONIBLE&quot; en basa. Natures Ceylon Cinnamond House e sos provesidors e lic\u00e9nciaires refusan totas las garantias de quina mena que si\u00e1, expr\u00e8ssa o implicita, inclusent, sens limitacion, las garantias de comercializacion, d&#039;aptitud per un objectiu particular e de non-infraccion. Ni Natures Ceylon Cinnamond House, ni sos provesidors e lic\u00e9nciaires, fan cap de garantia que n\u00f2stres Servicis ser\u00e0n exempts d&#039;errors o que l&#039;acc\u00e8s i ser\u00e0 contunhat o ininterromput. Compren\u00e8tz que telecargatz dempu\u00e8i, o obten\u00e8tz d&#039;un autre biais de contengut o de servicis a trav\u00e8rs, n\u00f2stres Servicis a v\u00f2stra pr\u00f2pria discrecion e risc.<\/p>\n<h3>Jurisdiccion e drech aplicable<\/h3>\n<p>Levat dins la mesura que tota lei aplicabla preve lo contrari, l&#039;Ac\u00f2rdi e tot acc\u00e8s o utilizacion de n\u00f2stres Servicis ser\u00e0n regits per las leis de Sri Lanka.<\/p>\n<p>Lo lu\u00f2c corr\u00e8cte per totas las disputas que sorgisson o ligadas a l&#039;Ac\u00f2rdi e tot acc\u00e8s o utilizacion de n\u00f2stres Servicis ser\u00e0n los tribunals estatals e federals situats a Sri Lanka.<\/p>\n<h2>Cambiaments<\/h2>\n<p>Natures Ceylon Cinnamond House se reserva lo drech, a n\u00f2stra sola discrecion, de modificar o de rempla\u00e7ar aquelas Condicions en quin moment que si\u00e1.<\/p>\n<p>Se fas\u00e8m de modificacions que son materialas, vos o informarem en publicant sus n\u00f2stre site web, o en vos enviant un corri\u00e8l o una autra comunicacion abans que los cambiaments prengan efi\u00e8ch. L&#039;av\u00eds designar\u00e0 un peri\u00f2de de temps rasonable apr\u00e8s que los nov\u00e8ls t\u00e8rmes prendr\u00e0n efi\u00e8ch.<\/p>\n<p>Se s\u00e8tz pas d&#039;ac\u00f2rdi amb n\u00f2stres cambiaments, alara deuriatz arrestar d&#039;utilizar n\u00f2stres Servicis dins lo peri\u00f2de de preav\u00eds designat, o un c\u00f2p que los cambiaments venon efectius.<\/p>\n<p>V\u00f2stre usatge contunhat de n\u00f2stres Servicis ser\u00e0 sometut a las nov\u00e8las condicions.<\/p>","protected":false},"excerpt":{"rendered":"<p>Terms and Conditions These Terms govern your access to, usage of all content, Product and Services available at https:\/\/www.sugarkillerceylon.com website<\/p>","protected":false},"author":1,"featured_media":0,"parent":0,"menu_order":0,"comment_status":"closed","ping_status":"closed","template":"","meta":{"footnotes":""},"class_list":["post-13284","page","type-page","status-publish","hentry"],"yoast_head":"<!-- This site is optimized with the Yoast SEO Premium plugin v23.0 (Yoast SEO v23.4) - https:\/\/yoast.com\/wordpress\/plugins\/seo\/ -->\n<title>Terms of Use - Sugar Killer Ceylon<\/title>\n<meta name=\"robots\" content=\"index, follow, max-snippet:-1, max-image-preview:large, max-video-preview:-1\" \/>\n<link rel=\"canonical\" href=\"https:\/\/sugarkillerceylon.co\/oc\/terms-of-use-3\/\" \/>\n<meta property=\"og:locale\" content=\"en_US\" \/>\n<meta property=\"og:type\" content=\"article\" \/>\n<meta property=\"og:title\" content=\"Terms of Use\" \/>\n<meta property=\"og:description\" content=\"Terms and Conditions These Terms govern your access to, usage of all content, Product and Services available at https:\/\/www.sugarkillerceylon.com website\" \/>\n<meta property=\"og:url\" content=\"https:\/\/sugarkillerceylon.co\/oc\/terms-of-use-3\/\" \/>\n<meta property=\"og:site_name\" content=\"Sugar Killer Ceylon\" \/>\n<meta property=\"article:modified_time\" content=\"2024-08-27T10:41:17+00:00\" \/>\n<meta name=\"twitter:card\" content=\"summary_large_image\" \/>\n<meta name=\"twitter:label1\" content=\"Est. reading time\" \/>\n\t<meta name=\"twitter:data1\" content=\"4 minutes\" \/>\n<script type=\"application\/ld+json\" class=\"yoast-schema-graph\">{\"@context\":\"https:\/\/schema.org\",\"@graph\":[{\"@type\":\"WebPage\",\"@id\":\"https:\/\/sugarkillerceylon.co\/terms-of-use-3\/\",\"url\":\"https:\/\/sugarkillerceylon.co\/terms-of-use-3\/\",\"name\":\"Terms of Use - Sugar Killer Ceylon\",\"isPartOf\":{\"@id\":\"https:\/\/sugarkillerceylon.co\/#website\"},\"datePublished\":\"2024-07-28T07:22:35+00:00\",\"dateModified\":\"2024-08-27T10:41:17+00:00\",\"breadcrumb\":{\"@id\":\"https:\/\/sugarkillerceylon.co\/terms-of-use-3\/#breadcrumb\"},\"inLanguage\":\"oc\",\"potentialAction\":[{\"@type\":\"ReadAction\",\"target\":[\"https:\/\/sugarkillerceylon.co\/terms-of-use-3\/\"]}]},{\"@type\":\"BreadcrumbList\",\"@id\":\"https:\/\/sugarkillerceylon.co\/terms-of-use-3\/#breadcrumb\",\"itemListElement\":[{\"@type\":\"ListItem\",\"position\":1,\"name\":\"Home\",\"item\":\"https:\/\/sugarkillerceylon.co\/\"},{\"@type\":\"ListItem\",\"position\":2,\"name\":\"Terms of Use\"}]},{\"@type\":\"WebSite\",\"@id\":\"https:\/\/sugarkillerceylon.co\/#website\",\"url\":\"https:\/\/sugarkillerceylon.co\/\",\"name\":\"Sugar Killer Ceylon\",\"description\":\"\",\"potentialAction\":[{\"@type\":\"SearchAction\",\"target\":{\"@type\":\"EntryPoint\",\"urlTemplate\":\"https:\/\/sugarkillerceylon.co\/?s={search_term_string}\"},\"query-input\":{\"@type\":\"PropertyValueSpecification\",\"valueRequired\":true,\"valueName\":\"search_term_string\"}}],\"inLanguage\":\"oc\"}]}<\/script>\n<!-- \/ Yoast SEO Premium plugin. -->","yoast_head_json":{"title":"Terms of Use - Sugar Killer Ceylon","robots":{"index":"index","follow":"follow","max-snippet":"max-snippet:-1","max-image-preview":"max-image-preview:large","max-video-preview":"max-video-preview:-1"},"canonical":"https:\/\/sugarkillerceylon.co\/oc\/terms-of-use-3\/","og_locale":"en_US","og_type":"article","og_title":"Terms of Use","og_description":"Terms and Conditions These Terms govern your access to, usage of all content, Product and Services available at https:\/\/www.sugarkillerceylon.com website","og_url":"https:\/\/sugarkillerceylon.co\/oc\/terms-of-use-3\/","og_site_name":"Sugar Killer Ceylon","article_modified_time":"2024-08-27T10:41:17+00:00","twitter_card":"summary_large_image","twitter_misc":{"Est. reading time":"4 minutes"},"schema":{"@context":"https:\/\/schema.org","@graph":[{"@type":"WebPage","@id":"https:\/\/sugarkillerceylon.co\/terms-of-use-3\/","url":"https:\/\/sugarkillerceylon.co\/terms-of-use-3\/","name":"Terms of Use - Sugar Killer Ceylon","isPartOf":{"@id":"https:\/\/sugarkillerceylon.co\/#website"},"datePublished":"2024-07-28T07:22:35+00:00","dateModified":"2024-08-27T10:41:17+00:00","breadcrumb":{"@id":"https:\/\/sugarkillerceylon.co\/terms-of-use-3\/#breadcrumb"},"inLanguage":"oc","potentialAction":[{"@type":"ReadAction","target":["https:\/\/sugarkillerceylon.co\/terms-of-use-3\/"]}]},{"@type":"BreadcrumbList","@id":"https:\/\/sugarkillerceylon.co\/terms-of-use-3\/#breadcrumb","itemListElement":[{"@type":"ListItem","position":1,"name":"Home","item":"https:\/\/sugarkillerceylon.co\/"},{"@type":"ListItem","position":2,"name":"Terms of Use"}]},{"@type":"WebSite","@id":"https:\/\/sugarkillerceylon.co\/#website","url":"https:\/\/sugarkillerceylon.co\/","name":"Sugar Killer Ceylon","description":"","potentialAction":[{"@type":"SearchAction","target":{"@type":"EntryPoint","urlTemplate":"https:\/\/sugarkillerceylon.co\/?s={search_term_string}"},"query-input":{"@type":"PropertyValueSpecification","valueRequired":true,"valueName":"search_term_string"}}],"inLanguage":"oc"}]}},"_links":{"self":[{"href":"https:\/\/sugarkillerceylon.co\/oc\/wp-json\/wp\/v2\/pages\/13284","targetHints":{"allow":["GET"]}}],"collection":[{"href":"https:\/\/sugarkillerceylon.co\/oc\/wp-json\/wp\/v2\/pages"}],"about":[{"href":"https:\/\/sugarkillerceylon.co\/oc\/wp-json\/wp\/v2\/types\/page"}],"author":[{"embeddable":true,"href":"https:\/\/sugarkillerceylon.co\/oc\/wp-json\/wp\/v2\/users\/1"}],"replies":[{"embeddable":true,"href":"https:\/\/sugarkillerceylon.co\/oc\/wp-json\/wp\/v2\/comments?post=13284"}],"version-history":[{"count":0,"href":"https:\/\/sugarkillerceylon.co\/oc\/wp-json\/wp\/v2\/pages\/13284\/revisions"}],"wp:attachment":[{"href":"https:\/\/sugarkillerceylon.co\/oc\/wp-json\/wp\/v2\/media?parent=13284"}],"curies":[{"name":"wp","href":"https:\/\/api.w.org\/{rel}","templated":true}]}}