{"id":13442,"date":"2024-07-29T09:42:27","date_gmt":"2024-07-29T08:42:27","guid":{"rendered":"https:\/\/4.231.236.185\/?post_type=product&#038;p=13442"},"modified":"2024-07-29T09:43:51","modified_gmt":"2024-07-29T08:43:51","slug":"sugar-killer-flavored-drink","status":"publish","type":"product","link":"https:\/\/sugarkillerceylon.co\/sq\/product\/sugar-killer-flavored-drink\/","title":{"rendered":"PIJE E SHEQERVRAS\u00cbS me Arom\u00eb"},"content":{"rendered":"","protected":false},"excerpt":{"rendered":"<p>Sipas sondazheve t\u00eb fundit mjek\u00ebsore, Sri Lanka \u00ebsht\u00eb b\u00ebr\u00eb vendi me p\u00ebrqindjen m\u00eb t\u00eb lart\u00eb t\u00eb pacient\u00ebve me diabet n\u00eb Azi. Sipas k\u00ebtyre studimeve, nj\u00eb n\u00eb \u00e7do kat\u00ebr t\u00eb rritur \u00ebsht\u00eb konfirmuar se \u00ebsht\u00eb pacient me diabet.<br \/>\nN\u00ebse edhe ju vuani nga diabeti, ja zgjidhja m\u00eb e mir\u00eb p\u00ebr ju VRASJA E SHEQIT.<br \/>\nMendoni p\u00ebr k\u00ebt\u00eb\u2026<br \/>\n1) Sa koh\u00eb keni marr\u00eb mjek\u00ebsi per\u00ebndimore?<br \/>\n2) A e keni humbur s\u00ebmundjen pasi keni marr\u00eb mjek\u00ebsin\u00eb per\u00ebndimore p\u00ebr shum\u00eb vite?<br \/>\n3) Sa para keni humbur p\u00ebr t\u00eb?<\/p>\n<p>Por n\u00ebse SHUGAR KILLER T p\u00ebrdoret si\u00e7 themi\u2026<br \/>\n1) Niveli i sheqerit n\u00eb gjak mund t\u00eb normalizohet brenda 30 deri n\u00eb 120 dit\u00eb.<br \/>\n2) 100% natyral k\u00ebshtu q\u00eb nuk ka efekte an\u00ebsore.<br \/>\n3) N\u00ebse jeni duke marr\u00eb tashm\u00eb mjek\u00ebsi per\u00ebndimore, mund t\u00eb filloni dhe t\u00eb vazhdoni ta p\u00ebrdorni k\u00ebt\u00eb produkt duke marr\u00eb t\u00eb nj\u00ebjtin ila\u00e7.<br \/>\n4) After starting to take our product into the body, if your blood sugar level is low during the 14th day of blood sugar test, you can stop taking western medicine and continue using our product on your doctor&#8217;s recommendation.<\/p>\n<p><a href=\"https:\/\/4.231.236.185\/bulk-orders\/\">ORDER NOW<\/a><\/p>","protected":false},"featured_media":13443,"comment_status":"open","ping_status":"closed","template":"","meta":[],"product_cat":[69],"product_tag":[],"class_list":{"0":"post-13442","1":"product","2":"type-product","3":"status-publish","4":"has-post-thumbnail","6":"product_cat-sugar-killer-drink","8":"first","9":"instock","10":"shipping-taxable","11":"product-type-simple"},"yoast_head":"<!-- This site is optimized with the Yoast SEO Premium plugin v23.0 (Yoast SEO v23.4) - https:\/\/yoast.com\/wordpress\/plugins\/seo\/ -->\n<title>SUGAR KILLER Flavored DRINK - Sugar Killer Ceylon<\/title>\n<meta name=\"robots\" content=\"index, follow, max-snippet:-1, max-image-preview:large, max-video-preview:-1\" \/>\n<link rel=\"canonical\" href=\"https:\/\/sugarkillerceylon.co\/sq\/produkt\/sugar-killer-flavored-drink\/\" \/>\n<meta property=\"og:locale\" content=\"sq_AL\" \/>\n<meta property=\"og:type\" content=\"article\" \/>\n<meta property=\"og:title\" content=\"SUGAR KILLER Flavored DRINK\" \/>\n<meta property=\"og:description\" content=\"According to the latest medical surveys, Sri Lanka has become the country with the highest percentage of diabetes patients in Asia. According to those researches, one out of every four adults has been confirmed to be a diabetic patient. If you are suffering from diabetes too, here is the best solution for you SUGER KILLER T. Think about it... 1) How long have you been taking western medicine? 2) Have you lost your illness after taking western medicine for many years? 3) How much money have you lost on it?  But if SUGAR KILLER T is used as we say... 1) Your blood sugar level can be normalized within 30 to 120 days. 2) 100% natural so no side effects. 3) If you are already taking western medicine, you can start and continue using this product while taking the same medicine. 4) After starting to take our product into the body, if your blood sugar level is low during the 14th day of blood sugar test, you can stop taking western medicine and continue using our product on your doctor&#039;s recommendation.  ORDER NOW\" \/>\n<meta property=\"og:url\" content=\"https:\/\/sugarkillerceylon.co\/sq\/produkt\/sugar-killer-flavored-drink\/\" \/>\n<meta property=\"og:site_name\" content=\"Sugar Killer Ceylon\" \/>\n<meta property=\"article:modified_time\" content=\"2024-07-29T08:43:51+00:00\" \/>\n<meta property=\"og:image\" content=\"https:\/\/sugarkillerceylon.co\/wp-content\/uploads\/2024\/07\/P4.png\" \/>\n\t<meta property=\"og:image:width\" content=\"600\" \/>\n\t<meta property=\"og:image:height\" content=\"611\" \/>\n\t<meta property=\"og:image:type\" content=\"image\/png\" \/>\n<meta name=\"twitter:card\" content=\"summary_large_image\" \/>\n<meta name=\"twitter:label1\" content=\"Price\" \/>\n\t<meta name=\"twitter:data1\" content=\"\" \/>\n\t<meta name=\"twitter:label2\" content=\"Availability\" \/>\n\t<meta name=\"twitter:data2\" content=\"In stock\" \/>\n<script type=\"application\/ld+json\" class=\"yoast-schema-graph\">{\"@context\":\"https:\/\/schema.org\",\"@graph\":[{\"@type\":\"WebPage\",\"@id\":\"https:\/\/sugarkillerceylon.co\/product\/sugar-killer-flavored-drink\/\",\"url\":\"https:\/\/sugarkillerceylon.co\/product\/sugar-killer-flavored-drink\/\",\"name\":\"SUGAR KILLER Flavored DRINK - Sugar Killer Ceylon\",\"isPartOf\":{\"@id\":\"https:\/\/sugarkillerceylon.co\/#website\"},\"primaryImageOfPage\":{\"@id\":\"https:\/\/sugarkillerceylon.co\/product\/sugar-killer-flavored-drink\/#primaryimage\"},\"image\":{\"@id\":\"https:\/\/sugarkillerceylon.co\/product\/sugar-killer-flavored-drink\/#primaryimage\"},\"thumbnailUrl\":\"https:\/\/sugarkillerceylon.co\/wp-content\/uploads\/2024\/07\/P4.png\",\"datePublished\":\"2024-07-29T08:42:27+00:00\",\"dateModified\":\"2024-07-29T08:43:51+00:00\",\"breadcrumb\":{\"@id\":\"https:\/\/sugarkillerceylon.co\/product\/sugar-killer-flavored-drink\/#breadcrumb\"},\"inLanguage\":\"sq\",\"potentialAction\":[{\"@type\":\"ReadAction\",\"target\":[\"https:\/\/sugarkillerceylon.co\/product\/sugar-killer-flavored-drink\/\"]}]},{\"@type\":\"ImageObject\",\"inLanguage\":\"sq\",\"@id\":\"https:\/\/sugarkillerceylon.co\/product\/sugar-killer-flavored-drink\/#primaryimage\",\"url\":\"https:\/\/sugarkillerceylon.co\/wp-content\/uploads\/2024\/07\/P4.png\",\"contentUrl\":\"https:\/\/sugarkillerceylon.co\/wp-content\/uploads\/2024\/07\/P4.png\",\"width\":600,\"height\":611},{\"@type\":\"BreadcrumbList\",\"@id\":\"https:\/\/sugarkillerceylon.co\/product\/sugar-killer-flavored-drink\/#breadcrumb\",\"itemListElement\":[{\"@type\":\"ListItem\",\"position\":1,\"name\":\"Home\",\"item\":\"https:\/\/sugarkillerceylon.co\/\"},{\"@type\":\"ListItem\",\"position\":2,\"name\":\"Shop\",\"item\":\"https:\/\/sugarkillerceylon.co\/shop\/\"},{\"@type\":\"ListItem\",\"position\":3,\"name\":\"SUGAR KILLER Flavored DRINK\"}]},{\"@type\":\"WebSite\",\"@id\":\"https:\/\/sugarkillerceylon.co\/#website\",\"url\":\"https:\/\/sugarkillerceylon.co\/\",\"name\":\"Sugar Killer Ceylon\",\"description\":\"\",\"potentialAction\":[{\"@type\":\"SearchAction\",\"target\":{\"@type\":\"EntryPoint\",\"urlTemplate\":\"https:\/\/sugarkillerceylon.co\/?s={search_term_string}\"},\"query-input\":{\"@type\":\"PropertyValueSpecification\",\"valueRequired\":true,\"valueName\":\"search_term_string\"}}],\"inLanguage\":\"sq\"}]}<\/script>\n<meta property=\"product:price:amount\" content=\"0.00\" \/>\n<meta property=\"product:price:currency\" content=\"USD\" \/>\n<meta property=\"og:availability\" content=\"instock\" \/>\n<meta property=\"product:availability\" content=\"instock\" \/>\n<meta property=\"product:condition\" content=\"new\" \/>\n<!-- \/ Yoast SEO Premium plugin. -->","yoast_head_json":{"title":"SUGAR KILLER Flavored DRINK - Sugar Killer Ceylon","robots":{"index":"index","follow":"follow","max-snippet":"max-snippet:-1","max-image-preview":"max-image-preview:large","max-video-preview":"max-video-preview:-1"},"canonical":"https:\/\/sugarkillerceylon.co\/sq\/produkt\/sugar-killer-flavored-drink\/","og_locale":"sq_AL","og_type":"article","og_title":"SUGAR KILLER Flavored DRINK","og_description":"According to the latest medical surveys, Sri Lanka has become the country with the highest percentage of diabetes patients in Asia. According to those researches, one out of every four adults has been confirmed to be a diabetic patient. If you are suffering from diabetes too, here is the best solution for you SUGER KILLER T. Think about it... 1) How long have you been taking western medicine? 2) Have you lost your illness after taking western medicine for many years? 3) How much money have you lost on it?  But if SUGAR KILLER T is used as we say... 1) Your blood sugar level can be normalized within 30 to 120 days. 2) 100% natural so no side effects. 3) If you are already taking western medicine, you can start and continue using this product while taking the same medicine. 4) After starting to take our product into the body, if your blood sugar level is low during the 14th day of blood sugar test, you can stop taking western medicine and continue using our product on your doctor's recommendation.  ORDER NOW","og_url":"https:\/\/sugarkillerceylon.co\/sq\/produkt\/sugar-killer-flavored-drink\/","og_site_name":"Sugar Killer Ceylon","article_modified_time":"2024-07-29T08:43:51+00:00","og_image":[{"width":600,"height":611,"url":"https:\/\/sugarkillerceylon.co\/wp-content\/uploads\/2024\/07\/P4.png","type":"image\/png"}],"twitter_card":"summary_large_image","twitter_misc":{"Price":"","Availability":"In stock"},"schema":{"@context":"https:\/\/schema.org","@graph":[{"@type":"WebPage","@id":"https:\/\/sugarkillerceylon.co\/product\/sugar-killer-flavored-drink\/","url":"https:\/\/sugarkillerceylon.co\/product\/sugar-killer-flavored-drink\/","name":"SUGAR KILLER Flavored DRINK - Sugar Killer Ceylon","isPartOf":{"@id":"https:\/\/sugarkillerceylon.co\/#website"},"primaryImageOfPage":{"@id":"https:\/\/sugarkillerceylon.co\/product\/sugar-killer-flavored-drink\/#primaryimage"},"image":{"@id":"https:\/\/sugarkillerceylon.co\/product\/sugar-killer-flavored-drink\/#primaryimage"},"thumbnailUrl":"https:\/\/sugarkillerceylon.co\/wp-content\/uploads\/2024\/07\/P4.png","datePublished":"2024-07-29T08:42:27+00:00","dateModified":"2024-07-29T08:43:51+00:00","breadcrumb":{"@id":"https:\/\/sugarkillerceylon.co\/product\/sugar-killer-flavored-drink\/#breadcrumb"},"inLanguage":"sq","potentialAction":[{"@type":"ReadAction","target":["https:\/\/sugarkillerceylon.co\/product\/sugar-killer-flavored-drink\/"]}]},{"@type":"ImageObject","inLanguage":"sq","@id":"https:\/\/sugarkillerceylon.co\/product\/sugar-killer-flavored-drink\/#primaryimage","url":"https:\/\/sugarkillerceylon.co\/wp-content\/uploads\/2024\/07\/P4.png","contentUrl":"https:\/\/sugarkillerceylon.co\/wp-content\/uploads\/2024\/07\/P4.png","width":600,"height":611},{"@type":"BreadcrumbList","@id":"https:\/\/sugarkillerceylon.co\/product\/sugar-killer-flavored-drink\/#breadcrumb","itemListElement":[{"@type":"ListItem","position":1,"name":"Home","item":"https:\/\/sugarkillerceylon.co\/"},{"@type":"ListItem","position":2,"name":"Shop","item":"https:\/\/sugarkillerceylon.co\/shop\/"},{"@type":"ListItem","position":3,"name":"SUGAR KILLER Flavored DRINK"}]},{"@type":"WebSite","@id":"https:\/\/sugarkillerceylon.co\/#website","url":"https:\/\/sugarkillerceylon.co\/","name":"Sugar Killer Ceylon","description":"","potentialAction":[{"@type":"SearchAction","target":{"@type":"EntryPoint","urlTemplate":"https:\/\/sugarkillerceylon.co\/?s={search_term_string}"},"query-input":{"@type":"PropertyValueSpecification","valueRequired":true,"valueName":"search_term_string"}}],"inLanguage":"sq"}]},"product_price_amount":"0.00","product_price_currency":"USD","og_availability":"instock","product_availability":"instock","product_condition":"new"},"_links":{"self":[{"href":"https:\/\/sugarkillerceylon.co\/sq\/wp-json\/wp\/v2\/product\/13442","targetHints":{"allow":["GET"]}}],"collection":[{"href":"https:\/\/sugarkillerceylon.co\/sq\/wp-json\/wp\/v2\/product"}],"about":[{"href":"https:\/\/sugarkillerceylon.co\/sq\/wp-json\/wp\/v2\/types\/product"}],"replies":[{"embeddable":true,"href":"https:\/\/sugarkillerceylon.co\/sq\/wp-json\/wp\/v2\/comments?post=13442"}],"version-history":[{"count":0,"href":"https:\/\/sugarkillerceylon.co\/sq\/wp-json\/wp\/v2\/product\/13442\/revisions"}],"wp:featuredmedia":[{"embeddable":true,"href":"https:\/\/sugarkillerceylon.co\/sq\/wp-json\/wp\/v2\/media\/13443"}],"wp:attachment":[{"href":"https:\/\/sugarkillerceylon.co\/sq\/wp-json\/wp\/v2\/media?parent=13442"}],"wp:term":[{"taxonomy":"product_cat","embeddable":true,"href":"https:\/\/sugarkillerceylon.co\/sq\/wp-json\/wp\/v2\/product_cat?post=13442"},{"taxonomy":"product_tag","embeddable":true,"href":"https:\/\/sugarkillerceylon.co\/sq\/wp-json\/wp\/v2\/product_tag?post=13442"}],"curies":[{"name":"wp","href":"https:\/\/api.w.org\/{rel}","templated":true}]}}