{"id":12511,"date":"2024-06-24T13:54:04","date_gmt":"2024-06-24T12:54:04","guid":{"rendered":"https:\/\/4.231.236.185\/?page_id=12511"},"modified":"2024-07-04T04:27:22","modified_gmt":"2024-07-04T03:27:22","slug":"message-from-inventor","status":"publish","type":"page","link":"https:\/\/sugarkillerceylon.co\/szl\/message-from-inventor\/","title":{"rendered":"Wiad\u014dmo\u015b\u0107 \u00f4d wynalazcy"},"content":{"rendered":"<div data-elementor-type=\"wp-page\" data-elementor-id=\"12511\" class=\"elementor elementor-12511\" data-elementor-post-type=\"page\">\n\t\t\t\t<div class=\"elementor-element elementor-element-c46e6bb e-flex e-con-boxed e-con e-parent\" data-id=\"c46e6bb\" data-element_type=\"container\" data-settings=\"{&quot;_ha_eqh_enable&quot;:false}\">\n\t\t\t\t\t<div class=\"e-con-inner\">\n\t\t\t\t<div class=\"elementor-element elementor-element-3a5af11 elementor-widget elementor-widget-image\" data-id=\"3a5af11\" data-element_type=\"widget\" data-widget_type=\"image.default\">\n\t\t\t\t<div class=\"elementor-widget-container\">\n\t\t\t\t\t\t\t\t\t\t\t\t\t<img fetchpriority=\"high\" decoding=\"async\" width=\"984\" height=\"805\" src=\"https:\/\/sugarkillerceylon.co\/wp-content\/uploads\/2024\/07\/Charman-1.jpg\" class=\"attachment-large size-large wp-image-12753\" alt=\"\" srcset=\"https:\/\/sugarkillerceylon.co\/wp-content\/uploads\/2024\/07\/Charman-1.jpg 984w, https:\/\/sugarkillerceylon.co\/wp-content\/uploads\/2024\/07\/Charman-1-300x245.jpg 300w, https:\/\/sugarkillerceylon.co\/wp-content\/uploads\/2024\/07\/Charman-1-768x628.jpg 768w, https:\/\/sugarkillerceylon.co\/wp-content\/uploads\/2024\/07\/Charman-1-150x123.jpg 150w\" sizes=\"(max-width: 984px) 100vw, 984px\" \/>\t\t\t\t\t\t\t\t\t\t\t\t\t<\/div>\n\t\t\t\t<\/div>\n\t\t\t\t\t<\/div>\n\t\t\t\t<\/div>\n\t\t<div class=\"elementor-element elementor-element-5fded6d e-flex e-con-boxed e-con e-parent\" data-id=\"5fded6d\" data-element_type=\"container\" data-settings=\"{&quot;_ha_eqh_enable&quot;:false}\">\n\t\t\t\t\t<div class=\"e-con-inner\">\n\t\t\t\t<div class=\"elementor-element elementor-element-9de736c color-scheme-inherit text-left elementor-widget elementor-widget-text-editor\" data-id=\"9de736c\" data-element_type=\"widget\" data-widget_type=\"text-editor.default\">\n\t\t\t\t<div class=\"elementor-widget-container\">\n\t\t\t\t\t\t\t<p>Wylecz\u014dm chorych ze p\u014dmoc\u014dm mojij nowyj innowacyje<\/p>\t\t\t\t\t\t<\/div>\n\t\t\t\t<\/div>\n\t\t\t\t<div class=\"elementor-element elementor-element-1973b88 color-scheme-inherit text-left elementor-widget elementor-widget-text-editor\" data-id=\"1973b88\" data-element_type=\"widget\" data-widget_type=\"text-editor.default\">\n\t\t\t\t<div class=\"elementor-widget-container\">\n\t\t\t\t\t\t\tZa\u0142o\u017cycielka \/ Przewodnicz\u014dnco Samantha Punchi Hewa.<br>Grupa fyrm Natures\t\t\t\t\t\t<\/div>\n\t\t\t\t<\/div>\n\t\t\t\t<div class=\"elementor-element elementor-element-9170d8b elementor-widget elementor-widget-image\" data-id=\"9170d8b\" data-element_type=\"widget\" data-widget_type=\"image.default\">\n\t\t\t\t<div class=\"elementor-widget-container\">\n\t\t\t\t\t\t\t\t\t\t\t\t\t<img decoding=\"async\" width=\"600\" height=\"280\" src=\"https:\/\/sugarkillerceylon.co\/wp-content\/uploads\/2024\/06\/Natures.png\" class=\"attachment-large size-large wp-image-12583\" alt=\"\" srcset=\"https:\/\/sugarkillerceylon.co\/wp-content\/uploads\/2024\/06\/Natures.png 600w, https:\/\/sugarkillerceylon.co\/wp-content\/uploads\/2024\/06\/Natures-300x140.png 300w, https:\/\/sugarkillerceylon.co\/wp-content\/uploads\/2024\/06\/Natures-150x70.png 150w\" sizes=\"(max-width: 600px) 100vw, 600px\" \/>\t\t\t\t\t\t\t\t\t\t\t\t\t<\/div>\n\t\t\t\t<\/div>\n\t\t\t\t\t<\/div>\n\t\t\t\t<\/div>\n\t\t<div class=\"elementor-element elementor-element-7f6d658 e-flex e-con-boxed e-con e-parent\" data-id=\"7f6d658\" data-element_type=\"container\" data-settings=\"{&quot;_ha_eqh_enable&quot;:false}\">\n\t\t\t\t\t<div class=\"e-con-inner\">\n\t\t<div class=\"elementor-element elementor-element-b227dcd e-con-full e-flex e-con e-child\" data-id=\"b227dcd\" data-element_type=\"container\" data-settings=\"{&quot;_ha_eqh_enable&quot;:false}\">\n\t\t\t\t<div class=\"elementor-element elementor-element-b618d79 color-scheme-inherit text-left elementor-widget elementor-widget-text-editor\" data-id=\"b618d79\" data-element_type=\"widget\" data-widget_type=\"text-editor.default\">\n\t\t\t\t<div class=\"elementor-widget-container\">\n\t\t\t\t\t\t\t<p style=\"text-align: left;\">Innowacyje s\u014dm naszym g\u0142ownym zainteresowaniym, a niy k\u014dntynuowa\u0107 z tradycyjnymi produktami. Zamierzamy zrewolucj\u014dnizowa\u0107 i podbi\u0107 \u015bwiat nowymi wynalazkami. Ju\u017c pr\u014dbowali my znoj\u015b rozwi\u014dnzanie globalnyj epidymije ze jednym z naszych nowych produkt\u014dw. Nadziej\u014dmy, i\u017ce jak produkt bydzie wkludz\u014dny na rynek, bydzie \u00f4g\u014dlno\u015bwiatowy popyt\u201d, \u00f4dnotowa\u0142a przewodnicz\u014dnco Agro Products Lanka Nature, Samantha Punchi Hewa.<\/p><p style=\"text-align: left;\">Nature&#039;s Agro Products Lanka, wied\u014dnco fyrma, kero eksportuje cynamon i prziprawy z warto\u015bci\u014dm przidano, dosta\u0142a Z\u0142oto Nadgroda w sekt\u014drze bauerstwa z warto\u015bci\u014dm przidano, podkategoryji kokosu na strzednij skali i produkt\u014dw \u00f4partych na kokosie na 24. rocznyj N\u014drodnyj Izbie Eksporter\u014dw S Nadgrody (NCE), \u00f4dby\u0142y sie niydowno w The Hilton Colombo.<\/p><p style=\"text-align: left;\">Przi dugij i dumnyj historyji handlu miyndzynorodowego, Nature&#039;s Agro Products Lanka eksportuje tero\u017anie swoje produkty do 20 kraj\u014dw, w tym do Korei Po\u0142edniowyj, Jap\u014dnije, Nowyj Zelandyje, Australije, Boliwije i Saudyjskij Arabije.<\/p><p>Nature&#039;s Agro Products Lanka, kero je znano na zagranicznym pozi\u014dmie ze jako\u015bciowych produkt\u014dw z cynamonu, mo perfekt asortyment eksport\u014dw jako\u015bciowych \u00f4 warto\u015bci przidanyj, w tym herbata, \u00f4lej kokosowy, muskat, pieprz i go\u0142\u014dbek.<\/p>\t\t\t\t\t\t<\/div>\n\t\t\t\t<\/div>\n\t\t\t\t<\/div>\n\t\t<div class=\"elementor-element elementor-element-0de31d7 e-con-full e-flex e-con e-child\" data-id=\"0de31d7\" data-element_type=\"container\" data-settings=\"{&quot;_ha_eqh_enable&quot;:false}\">\n\t\t\t\t<div class=\"elementor-element elementor-element-9adfa5d color-scheme-inherit text-left elementor-widget elementor-widget-text-editor\" data-id=\"9adfa5d\" data-element_type=\"widget\" data-widget_type=\"text-editor.default\">\n\t\t\t\t<div class=\"elementor-widget-container\">\n\t\t\t\t\t\t\t<p style=\"text-align: left;\">Fyrma \u00f4sta\u0142a prziznano sztandardami ISO 22000 i HACCP jak ty\u017c moc\u014dm certyfikat\u014dw jako\u015bci. Nature&#039;s Agro Products Lanka k\u014dntynuuje swoje wysi\u0142ki we produkcyji ro\u015blinnych produkt\u014dw, co maj\u014dm cylu w poprawa jako\u015bci \u017cycio<\/p><p style=\"text-align: left;\">\u201cMoje pragniynie je, coby Sri Lanka stowo sie wielgim Cyntrum Finansowym, wo\u017cnym placym do handlu \u015bwiatowyj klasy. Ja \u00f4sobi\u015bcie d\u014dn\u017c\u014dm do tego, coby rzeczy sta\u0142y sie w handlowym biznysie bez pr\u014dmowanie wyj\u014dntkowych to\u017csamo\u015bciowych produkt\u014dw Agro na \u015bwiatowym rynku i bez to \u00f4si\u014dngn\u014d\u0142ch NCE Gold Award i s\u014dm z tego dumno\u201d, pedzia\u0142a Samantha.<\/p><p style=\"text-align: left;\">Nadziej\u014dm sie, i\u017ce wkr\u014dtce zrewolucj\u014dnizuj\u014dm globalny rynek bez wkludzynie produktu, co pochodzi \u00f4d Cinnamon. To toruje dr\u014dga do wyleczynio mocy chor\u014db, g\u0142ownie nieuleczalnego raka. Nadziej\u014dm sie, i\u017ce przepyndz\u014dm srogo tajla czasu i pijyndzy na tyn produkt i wyk\u014dno\u0142ch srogo robota badawczo. Tyn produkt, co chc\u014dm wkludzi\u0107, b\u014d\u0142by produktym stolecio. Moja innowacyjno idyjo bydzie mia\u0142a srogi wp\u0142yw na \u015bwiatowy rynek, przinosi\u014dnc milijardy dolar\u014dw do naszego kraju, a to mo\u017ce by\u0107 nojsrogszym zarobiyniym waluty do naszego kraju.\u201d - wskoza\u0142a Samantha.<\/p>\t\t\t\t\t\t<\/div>\n\t\t\t\t<\/div>\n\t\t\t\t<\/div>\n\t\t\t\t\t<\/div>\n\t\t\t\t<\/div>\n\t\t<div class=\"elementor-element elementor-element-c3e5d79 e-flex e-con-boxed e-con e-parent\" data-id=\"c3e5d79\" data-element_type=\"container\" data-settings=\"{&quot;_ha_eqh_enable&quot;:false}\">\n\t\t\t\t\t<div class=\"e-con-inner\">\n\t\t\t\t<div class=\"elementor-element elementor-element-2aa01c9 color-scheme-inherit text-left elementor-widget elementor-widget-text-editor\" data-id=\"2aa01c9\" data-element_type=\"widget\" data-widget_type=\"text-editor.default\">\n\t\t\t\t<div class=\"elementor-widget-container\">\n\t\t\t\t\t\t\t<p><strong>Faktory ryzyka<\/strong><\/p>\t\t\t\t\t\t<\/div>\n\t\t\t\t<\/div>\n\t\t\t\t<div class=\"elementor-element elementor-element-dfe0b52 color-scheme-inherit text-left elementor-widget elementor-widget-text-editor\" data-id=\"dfe0b52\" data-element_type=\"widget\" data-widget_type=\"text-editor.default\">\n\t\t\t\t<div class=\"elementor-widget-container\">\n\t\t\t\t\t\t\t<p>\u201cMusz\u0119 pedzie\u0107, i\u017ce to niyma \u0142acne zadanie, ale zbudowo\u0142ch dobro reputacyjo przi niykerych zagranicznych regyr\u014dnkach, kaj ju\u017c dali mi zapewniynie, i\u017ce spiyraj\u014dm mi, p\u014dniywo\u017c mog\u0142oby to p\u014dm\u014dc pacjynt\u014dm z raka na co\u0142kim \u015bwiecie wyleczy\u0107 sie bez u\u017cycie mojich innowowany produkt na codziynnyj bazie, k\u014d\u0144cz\u014dnc mizeryjo, przez ker\u014dm przechodz\u014dm. \u00d4czekuj\u014dm moc wyzwa\u0144 i przeszk\u014dd, kej zaczynam marketowa\u0107 sw\u014dj produkt \u00f4d \u015bwiatowych potyn\u017cnych \u00f4rgan\u014dw, ale s\u014dm pozytywny, i\u017ce te sobeczne, zmotywowane i agresywne wyzwania znikn\u014dm, kej \u015bwiat pozna korzi\u015bci, jake wszyjscy ludzie mog\u014dm dosta\u0107, u\u017cywaj\u014dnc mojigo produktu w czasie, coby przijd\u017a\u201d, zauwa\u017cy\u0142a Samantha Punchi Hewa.<\/p>\t\t\t\t\t\t<\/div>\n\t\t\t\t<\/div>\n\t\t\t\t<div class=\"elementor-element elementor-element-3c76e24 color-scheme-inherit text-left elementor-widget elementor-widget-text-editor\" data-id=\"3c76e24\" data-element_type=\"widget\" data-widget_type=\"text-editor.default\">\n\t\t\t\t<div class=\"elementor-widget-container\">\n\t\t\t\t\t\t\t<p><strong>Zachynczynie i elastyczno\u015b\u0107<\/strong><\/p>\t\t\t\t\t\t<\/div>\n\t\t\t\t<\/div>\n\t\t\t\t<div class=\"elementor-element elementor-element-ed7d111 color-scheme-inherit text-left elementor-widget elementor-widget-text-editor\" data-id=\"ed7d111\" data-element_type=\"widget\" data-widget_type=\"text-editor.default\">\n\t\t\t\t<div class=\"elementor-widget-container\">\n\t\t\t\t\t\t\t<p>\u201cW tym m\u014dmyncie czuj\u014dm, i\u017ce nasz regyr\u014dnek winno zachynca\u0107 ludzi takich jak my, co zajmuj\u014dm sie byznysym z\u00f4riyntowanym na eksport, bez u\u0142acniynie poradzynio sie z tero\u017anymi problymami, co sie z niymi trefiymy w \u00f4rganach regyr\u014dnkowych. K\u014dmplikacyje, co sie z niymi stoimy jako eksportery, s\u014dm straszne i winno by\u0107 \u0142acny systym, coby sie z nim poradzi\u0107 bez wkludzynie modernyj technologije do starego systymu bi\u014drokratycznego.<br \/>Polityka regyr\u014dnkowo i reformy ek\u014dn\u014dmiczne winny by\u0107 planowane, coby stworzi\u0107 \u00f4parto na wiedzy ek\u014dn\u014dmijo rynkowo spo\u0142eczno i ek\u014dn\u014dmijo z\u00f4riyntowano na eksport, jak ty\u017c Megapolis Regi\u014dnu Zachodnigo w zachodnij prowincyji, coby pr\u014dmowa\u0107 wzr\u014dst ek\u014dn\u014dmiczny.<\/p>\t\t\t\t\t\t<\/div>\n\t\t\t\t<\/div>\n\t\t\t\t\t<\/div>\n\t\t\t\t<\/div>\n\t\t\t\t<\/div>","protected":false},"excerpt":{"rendered":"<p>I will cure the sick with my new innovation Founder \/ Chairman Samantha Punchi Hewa.Natures group of companies Innovation is<\/p>","protected":false},"author":1,"featured_media":0,"parent":0,"menu_order":0,"comment_status":"closed","ping_status":"closed","template":"","meta":{"footnotes":""},"class_list":["post-12511","page","type-page","status-publish","hentry"],"yoast_head":"<!-- This site is optimized with the Yoast SEO Premium plugin v23.0 (Yoast SEO v23.4) - https:\/\/yoast.com\/wordpress\/plugins\/seo\/ -->\n<title>Message from inventor - Sugar Killer Ceylon<\/title>\n<meta name=\"robots\" content=\"index, follow, max-snippet:-1, max-image-preview:large, max-video-preview:-1\" \/>\n<link rel=\"canonical\" href=\"https:\/\/sugarkillerceylon.co\/szl\/message-from-inventor\/\" \/>\n<meta property=\"og:locale\" content=\"en_US\" \/>\n<meta property=\"og:type\" content=\"article\" \/>\n<meta property=\"og:title\" content=\"Message from inventor\" \/>\n<meta property=\"og:description\" content=\"I will cure the sick with my new innovation Founder \/ Chairman Samantha Punchi Hewa.Natures group of companies Innovation is\" \/>\n<meta property=\"og:url\" content=\"https:\/\/sugarkillerceylon.co\/szl\/message-from-inventor\/\" \/>\n<meta property=\"og:site_name\" content=\"Sugar Killer Ceylon\" \/>\n<meta property=\"article:modified_time\" content=\"2024-07-04T03:27:22+00:00\" \/>\n<meta property=\"og:image\" content=\"http:\/\/4.231.236.185\/wp-content\/uploads\/2024\/07\/Charman-1.jpg\" \/>\n<meta name=\"twitter:card\" content=\"summary_large_image\" \/>\n<meta name=\"twitter:label1\" content=\"Est. reading time\" \/>\n\t<meta name=\"twitter:data1\" content=\"3 minutes\" \/>\n<script type=\"application\/ld+json\" class=\"yoast-schema-graph\">{\"@context\":\"https:\/\/schema.org\",\"@graph\":[{\"@type\":\"WebPage\",\"@id\":\"https:\/\/sugarkillerceylon.co\/ty\/message-from-inventor\/\",\"url\":\"https:\/\/sugarkillerceylon.co\/ty\/message-from-inventor\/\",\"name\":\"Message from inventor - Sugar Killer Ceylon\",\"isPartOf\":{\"@id\":\"https:\/\/sugarkillerceylon.co\/#website\"},\"primaryImageOfPage\":{\"@id\":\"https:\/\/sugarkillerceylon.co\/ty\/message-from-inventor\/#primaryimage\"},\"image\":{\"@id\":\"https:\/\/sugarkillerceylon.co\/ty\/message-from-inventor\/#primaryimage\"},\"thumbnailUrl\":\"http:\/\/4.231.236.185\/wp-content\/uploads\/2024\/07\/Charman-1.jpg\",\"datePublished\":\"2024-06-24T12:54:04+00:00\",\"dateModified\":\"2024-07-04T03:27:22+00:00\",\"breadcrumb\":{\"@id\":\"https:\/\/sugarkillerceylon.co\/ty\/message-from-inventor\/#breadcrumb\"},\"inLanguage\":\"szl-PL\",\"potentialAction\":[{\"@type\":\"ReadAction\",\"target\":[\"https:\/\/sugarkillerceylon.co\/ty\/message-from-inventor\/\"]}]},{\"@type\":\"ImageObject\",\"inLanguage\":\"szl-PL\",\"@id\":\"https:\/\/sugarkillerceylon.co\/ty\/message-from-inventor\/#primaryimage\",\"url\":\"http:\/\/4.231.236.185\/wp-content\/uploads\/2024\/07\/Charman-1.jpg\",\"contentUrl\":\"http:\/\/4.231.236.185\/wp-content\/uploads\/2024\/07\/Charman-1.jpg\"},{\"@type\":\"BreadcrumbList\",\"@id\":\"https:\/\/sugarkillerceylon.co\/ty\/message-from-inventor\/#breadcrumb\",\"itemListElement\":[{\"@type\":\"ListItem\",\"position\":1,\"name\":\"Home\",\"item\":\"https:\/\/sugarkillerceylon.co\/\"},{\"@type\":\"ListItem\",\"position\":2,\"name\":\"Message from inventor\"}]},{\"@type\":\"WebSite\",\"@id\":\"https:\/\/sugarkillerceylon.co\/#website\",\"url\":\"https:\/\/sugarkillerceylon.co\/\",\"name\":\"Sugar Killer Ceylon\",\"description\":\"\",\"potentialAction\":[{\"@type\":\"SearchAction\",\"target\":{\"@type\":\"EntryPoint\",\"urlTemplate\":\"https:\/\/sugarkillerceylon.co\/?s={search_term_string}\"},\"query-input\":{\"@type\":\"PropertyValueSpecification\",\"valueRequired\":true,\"valueName\":\"search_term_string\"}}],\"inLanguage\":\"szl-PL\"}]}<\/script>\n<!-- \/ Yoast SEO Premium plugin. -->","yoast_head_json":{"title":"Message from inventor - Sugar Killer Ceylon","robots":{"index":"index","follow":"follow","max-snippet":"max-snippet:-1","max-image-preview":"max-image-preview:large","max-video-preview":"max-video-preview:-1"},"canonical":"https:\/\/sugarkillerceylon.co\/szl\/message-from-inventor\/","og_locale":"en_US","og_type":"article","og_title":"Message from inventor","og_description":"I will cure the sick with my new innovation Founder \/ Chairman Samantha Punchi Hewa.Natures group of companies Innovation is","og_url":"https:\/\/sugarkillerceylon.co\/szl\/message-from-inventor\/","og_site_name":"Sugar Killer Ceylon","article_modified_time":"2024-07-04T03:27:22+00:00","og_image":[{"url":"http:\/\/4.231.236.185\/wp-content\/uploads\/2024\/07\/Charman-1.jpg"}],"twitter_card":"summary_large_image","twitter_misc":{"Est. reading time":"3 minutes"},"schema":{"@context":"https:\/\/schema.org","@graph":[{"@type":"WebPage","@id":"https:\/\/sugarkillerceylon.co\/ty\/message-from-inventor\/","url":"https:\/\/sugarkillerceylon.co\/ty\/message-from-inventor\/","name":"Message from inventor - Sugar Killer Ceylon","isPartOf":{"@id":"https:\/\/sugarkillerceylon.co\/#website"},"primaryImageOfPage":{"@id":"https:\/\/sugarkillerceylon.co\/ty\/message-from-inventor\/#primaryimage"},"image":{"@id":"https:\/\/sugarkillerceylon.co\/ty\/message-from-inventor\/#primaryimage"},"thumbnailUrl":"http:\/\/4.231.236.185\/wp-content\/uploads\/2024\/07\/Charman-1.jpg","datePublished":"2024-06-24T12:54:04+00:00","dateModified":"2024-07-04T03:27:22+00:00","breadcrumb":{"@id":"https:\/\/sugarkillerceylon.co\/ty\/message-from-inventor\/#breadcrumb"},"inLanguage":"szl-PL","potentialAction":[{"@type":"ReadAction","target":["https:\/\/sugarkillerceylon.co\/ty\/message-from-inventor\/"]}]},{"@type":"ImageObject","inLanguage":"szl-PL","@id":"https:\/\/sugarkillerceylon.co\/ty\/message-from-inventor\/#primaryimage","url":"http:\/\/4.231.236.185\/wp-content\/uploads\/2024\/07\/Charman-1.jpg","contentUrl":"http:\/\/4.231.236.185\/wp-content\/uploads\/2024\/07\/Charman-1.jpg"},{"@type":"BreadcrumbList","@id":"https:\/\/sugarkillerceylon.co\/ty\/message-from-inventor\/#breadcrumb","itemListElement":[{"@type":"ListItem","position":1,"name":"Home","item":"https:\/\/sugarkillerceylon.co\/"},{"@type":"ListItem","position":2,"name":"Message from inventor"}]},{"@type":"WebSite","@id":"https:\/\/sugarkillerceylon.co\/#website","url":"https:\/\/sugarkillerceylon.co\/","name":"Sugar Killer Ceylon","description":"","potentialAction":[{"@type":"SearchAction","target":{"@type":"EntryPoint","urlTemplate":"https:\/\/sugarkillerceylon.co\/?s={search_term_string}"},"query-input":{"@type":"PropertyValueSpecification","valueRequired":true,"valueName":"search_term_string"}}],"inLanguage":"szl-PL"}]}},"_links":{"self":[{"href":"https:\/\/sugarkillerceylon.co\/szl\/wp-json\/wp\/v2\/pages\/12511","targetHints":{"allow":["GET"]}}],"collection":[{"href":"https:\/\/sugarkillerceylon.co\/szl\/wp-json\/wp\/v2\/pages"}],"about":[{"href":"https:\/\/sugarkillerceylon.co\/szl\/wp-json\/wp\/v2\/types\/page"}],"author":[{"embeddable":true,"href":"https:\/\/sugarkillerceylon.co\/szl\/wp-json\/wp\/v2\/users\/1"}],"replies":[{"embeddable":true,"href":"https:\/\/sugarkillerceylon.co\/szl\/wp-json\/wp\/v2\/comments?post=12511"}],"version-history":[{"count":0,"href":"https:\/\/sugarkillerceylon.co\/szl\/wp-json\/wp\/v2\/pages\/12511\/revisions"}],"wp:attachment":[{"href":"https:\/\/sugarkillerceylon.co\/szl\/wp-json\/wp\/v2\/media?parent=12511"}],"curies":[{"name":"wp","href":"https:\/\/api.w.org\/{rel}","templated":true}]}}