{"id":13,"date":"2024-05-16T18:14:59","date_gmt":"2024-05-16T17:14:59","guid":{"rendered":"https:\/\/4.231.236.185\/?page_id=13"},"modified":"2024-08-16T07:39:01","modified_gmt":"2024-08-16T06:39:01","slug":"refund-and-returns-policy","status":"publish","type":"page","link":"https:\/\/sugarkillerceylon.co\/szl\/refund-and-returns-policy\/","title":{"rendered":"Polityka zwrotu i zwrotu"},"content":{"rendered":"<div data-elementor-type=\"wp-page\" data-elementor-id=\"13\" class=\"elementor elementor-13\" data-elementor-post-type=\"page\">\n\t\t\t\t<div class=\"elementor-element elementor-element-75e51d1e e-flex e-con-boxed e-con e-parent\" data-id=\"75e51d1e\" data-element_type=\"container\" data-settings=\"{&quot;_ha_eqh_enable&quot;:false}\">\n\t\t\t\t\t<div class=\"e-con-inner\">\n\t\t\t\t<div class=\"elementor-element elementor-element-7427368d color-scheme-inherit text-left elementor-widget elementor-widget-text-editor\" data-id=\"7427368d\" data-element_type=\"widget\" data-widget_type=\"text-editor.default\">\n\t\t\t\t<div class=\"elementor-widget-container\">\n\t\t\t\t\t\t\t<p><strong>Polityka zwrotu \u015brodk\u014dw<\/strong><\/p>\n<p>Dziykuj\u014dm za zakupy na sugarkillerceylon.com. Cyniymy Waszo satysfakcyjo i staramy sie zapewni\u0107 Wam mo\u017cliwie nojlepsze do\u015bwiadczynie zkup\u014dw online. Je\u017ali z jakigo\u015b powodu niy jeste\u015b do k\u014d\u0144ca spok\u014djny ze swojigo zakupu, my s\u014dm tu, coby p\u014dm\u014dc.<\/p>\n<p><strong>Zwroty<\/strong><\/p>\n<p>Akceptujymy zwroty w czasie 7 dni \u00f4d dnia zakupu. Coby mie\u0107 prawo do zwrotu, przedmiot musi by\u0107 niywyu\u017cyty i w tym samym stanie, w jakim go dosto\u0142e\u015b. Musi by\u0107 ty\u017c w \u00f4ryginalnyj \u00f4pakowaniu.<\/p>\n<p><strong>Zwroty \u015brodk\u014dw<\/strong><\/p>\n<p>Po dostaniu zwrotu i sprawdzyniu przedmiotu, poinformujymy Ci \u00f4 stanie zwrotu \u015brodk\u014dw. Je\u017ali twoja zwrot bydzie zatwierdz\u014dno, zainicjujymy zwrot \u015brodk\u014dw na twoja \u00f4ryginalno knif p\u0142atno\u015bci. Proszymy zwr\u014dci\u0107 uwoga, i\u017ce kwota zwrotu niy zawiyro wszyskich \u00f4p\u0142at za wysy\u0142ka poniesionych w czasie piyrszego zakupu.<\/p>\n<p><strong>Wymiany<\/strong><\/p>\n<p>Je\u017ali chcesz wymiyni\u0107 sw\u014dj przedmiot na inkszy, prosz\u014dm, skontaktuj sie z naszym zespo\u0142ym sp\u014dmoganio kliynt\u014dw w czasie 7 dni \u00f4d dostania zam\u00f3wiynio. Dostarczymy Ci dalszych instrukcyji, jak post\u014dmpi\u0107 z umian\u014dm.<\/p>\n<p><strong>Przedmioty, kere niy mog\u014dm by\u0107 zwracane<\/strong><\/p>\n<p>Niykere przedmioty niy s\u014dm zwracalne i niy s\u014dm zwracalne. Nole\u017c\u014dm do nich:<\/p>\n<ul>\n<li>Karty prezyntowe<\/li>\n<li>Produkty \u00f4programowanio do \u015bci\u014dngniy\u0144cio<\/li>\n<li>Przedmioty spers\u014dnalizowane abo wyk\u014dnane na zam\u00f3wienie<\/li>\n<li>Towory \u0142atwo sie psuj\u014dm<\/li>\n<li>Poszkodz\u014dne abo wadliwe przedmioty<\/li>\n<\/ul>\n<p>W \u017ca\u0142osnym przipadku, kej twoj przedmiot przijdzie zniszcz\u014dny abo wadliwy, prosim, skontaktuj sie z niymi niyzawodnie. Z\u00f4rganizujymy wymiana abo zwr\u014dt \u015brodk\u014dw, w zole\u017cno\u015bci \u00f4d Twojich preferyncyj\u014dw i dostympno\u015bci produktu.<\/p>\n<p><strong>Zwrotno wysy\u0142ka<\/strong><\/p>\n<p>Bydziesz \u00f4dpowiedzialny za wyp\u0142ata koszt\u014dw wysy\u0142ki za zwr\u014dt przedmiotu, bodej, i\u017ce zwr\u014dt je sprawi\u014dny naszym b\u0142yndym (bp. niyw\u0142a\u015bciwy wys\u0142any przedmiot, wadliwy produkt). W takich przipadkach zapewnimy Ci przedp\u0142ac\u014dno etyketa wysy\u0142kowo.<\/p>\n<p><strong>Czas przetworzanio<\/strong><\/p>\n<p>Zwroty \u015brodk\u014dw i wymiany byd\u014dm przetworz\u014dne w czasie 1 dnia roboczego po dostaniu zwr\u014dc\u014dnego przedmiotu. Proszymy pamiynta\u0107, i\u017ce zwrot \u015brodk\u014dw mo\u017ce potrzebowa\u0107 ekstra czasu, coby ukoza\u0107 sie na twojim k\u014dncie, w zole\u017cno\u015bci \u00f4d dostowcy p\u0142atno\u015bci.<\/p>\n<p><strong>Sk\u014dntaktuj sie z nami<\/strong><\/p>\n<p>Je\u017ali masz jake\u015b pytania abo \u00f4bawy co do naszyj polityki zwrotu \u015brodk\u014dw, prosim \u00f4 k\u014dntakt z naszym zespo\u0142ym sp\u014dmoganio kliynt\u014dw na info@sugarkillerceylon.com. My s\u014dm tu, coby Ci p\u014dm\u014dc i zapewni\u0107, i\u017ce Twoje do\u015bwiadczynie zbytu z nami by\u0142o przijymne i bezproblemowe.<\/p>\t\t\t\t\t\t<\/div>\n\t\t\t\t<\/div>\n\t\t\t\t\t<\/div>\n\t\t\t\t<\/div>\n\t\t\t\t<\/div>","protected":false},"excerpt":{"rendered":"<p>Polityka zwrotu \u015brodk\u014dw Dziykuj\u014dm za zakupy na sugarkillerceylon.com. Cyniymy Waszo satysfakcyjo i staramy sie zapewni\u0107 Wam nojlepsze<\/p>","protected":false},"author":1,"featured_media":0,"parent":0,"menu_order":0,"comment_status":"closed","ping_status":"closed","template":"","meta":{"footnotes":""},"class_list":["post-13","page","type-page","status-publish","hentry"],"yoast_head":"<!-- This site is optimized with the Yoast SEO Premium plugin v23.0 (Yoast SEO v23.4) - https:\/\/yoast.com\/wordpress\/plugins\/seo\/ -->\n<title>Refund and Returns Policy - Sugar Killer Ceylon<\/title>\n<meta name=\"robots\" content=\"index, follow, max-snippet:-1, max-image-preview:large, max-video-preview:-1\" \/>\n<link rel=\"canonical\" href=\"https:\/\/sugarkillerceylon.co\/szl\/refund-and-returns-policy\/\" \/>\n<meta property=\"og:locale\" content=\"en_US\" \/>\n<meta property=\"og:type\" content=\"article\" \/>\n<meta property=\"og:title\" content=\"Refund and Returns Policy\" \/>\n<meta property=\"og:description\" content=\"Refund Policy Thank you for shopping at sugarkillerceylon.com. We value your satisfaction and strive to provide you with the best\" \/>\n<meta property=\"og:url\" content=\"https:\/\/sugarkillerceylon.co\/szl\/refund-and-returns-policy\/\" \/>\n<meta property=\"og:site_name\" content=\"Sugar Killer Ceylon\" \/>\n<meta property=\"article:modified_time\" content=\"2024-08-16T06:39:01+00:00\" \/>\n<meta name=\"twitter:card\" content=\"summary_large_image\" \/>\n<meta name=\"twitter:label1\" content=\"Est. reading time\" \/>\n\t<meta name=\"twitter:data1\" content=\"2 minutes\" \/>\n<script type=\"application\/ld+json\" class=\"yoast-schema-graph\">{\"@context\":\"https:\/\/schema.org\",\"@graph\":[{\"@type\":\"WebPage\",\"@id\":\"https:\/\/sugarkillerceylon.co\/refund-and-returns-policy\/\",\"url\":\"https:\/\/sugarkillerceylon.co\/refund-and-returns-policy\/\",\"name\":\"Refund and Returns Policy - Sugar Killer Ceylon\",\"isPartOf\":{\"@id\":\"https:\/\/sugarkillerceylon.co\/#website\"},\"datePublished\":\"2024-05-16T17:14:59+00:00\",\"dateModified\":\"2024-08-16T06:39:01+00:00\",\"breadcrumb\":{\"@id\":\"https:\/\/sugarkillerceylon.co\/refund-and-returns-policy\/#breadcrumb\"},\"inLanguage\":\"szl-PL\",\"potentialAction\":[{\"@type\":\"ReadAction\",\"target\":[\"https:\/\/sugarkillerceylon.co\/refund-and-returns-policy\/\"]}]},{\"@type\":\"BreadcrumbList\",\"@id\":\"https:\/\/sugarkillerceylon.co\/refund-and-returns-policy\/#breadcrumb\",\"itemListElement\":[{\"@type\":\"ListItem\",\"position\":1,\"name\":\"Home\",\"item\":\"https:\/\/sugarkillerceylon.co\/\"},{\"@type\":\"ListItem\",\"position\":2,\"name\":\"Refund and Returns Policy\"}]},{\"@type\":\"WebSite\",\"@id\":\"https:\/\/sugarkillerceylon.co\/#website\",\"url\":\"https:\/\/sugarkillerceylon.co\/\",\"name\":\"Sugar Killer Ceylon\",\"description\":\"\",\"potentialAction\":[{\"@type\":\"SearchAction\",\"target\":{\"@type\":\"EntryPoint\",\"urlTemplate\":\"https:\/\/sugarkillerceylon.co\/?s={search_term_string}\"},\"query-input\":{\"@type\":\"PropertyValueSpecification\",\"valueRequired\":true,\"valueName\":\"search_term_string\"}}],\"inLanguage\":\"szl-PL\"}]}<\/script>\n<!-- \/ Yoast SEO Premium plugin. -->","yoast_head_json":{"title":"Refund and Returns Policy - Sugar Killer Ceylon","robots":{"index":"index","follow":"follow","max-snippet":"max-snippet:-1","max-image-preview":"max-image-preview:large","max-video-preview":"max-video-preview:-1"},"canonical":"https:\/\/sugarkillerceylon.co\/szl\/refund-and-returns-policy\/","og_locale":"en_US","og_type":"article","og_title":"Refund and Returns Policy","og_description":"Refund Policy Thank you for shopping at sugarkillerceylon.com. We value your satisfaction and strive to provide you with the best","og_url":"https:\/\/sugarkillerceylon.co\/szl\/refund-and-returns-policy\/","og_site_name":"Sugar Killer Ceylon","article_modified_time":"2024-08-16T06:39:01+00:00","twitter_card":"summary_large_image","twitter_misc":{"Est. reading time":"2 minutes"},"schema":{"@context":"https:\/\/schema.org","@graph":[{"@type":"WebPage","@id":"https:\/\/sugarkillerceylon.co\/refund-and-returns-policy\/","url":"https:\/\/sugarkillerceylon.co\/refund-and-returns-policy\/","name":"Refund and Returns Policy - Sugar Killer Ceylon","isPartOf":{"@id":"https:\/\/sugarkillerceylon.co\/#website"},"datePublished":"2024-05-16T17:14:59+00:00","dateModified":"2024-08-16T06:39:01+00:00","breadcrumb":{"@id":"https:\/\/sugarkillerceylon.co\/refund-and-returns-policy\/#breadcrumb"},"inLanguage":"szl-PL","potentialAction":[{"@type":"ReadAction","target":["https:\/\/sugarkillerceylon.co\/refund-and-returns-policy\/"]}]},{"@type":"BreadcrumbList","@id":"https:\/\/sugarkillerceylon.co\/refund-and-returns-policy\/#breadcrumb","itemListElement":[{"@type":"ListItem","position":1,"name":"Home","item":"https:\/\/sugarkillerceylon.co\/"},{"@type":"ListItem","position":2,"name":"Refund and Returns Policy"}]},{"@type":"WebSite","@id":"https:\/\/sugarkillerceylon.co\/#website","url":"https:\/\/sugarkillerceylon.co\/","name":"Sugar Killer Ceylon","description":"","potentialAction":[{"@type":"SearchAction","target":{"@type":"EntryPoint","urlTemplate":"https:\/\/sugarkillerceylon.co\/?s={search_term_string}"},"query-input":{"@type":"PropertyValueSpecification","valueRequired":true,"valueName":"search_term_string"}}],"inLanguage":"szl-PL"}]}},"_links":{"self":[{"href":"https:\/\/sugarkillerceylon.co\/szl\/wp-json\/wp\/v2\/pages\/13","targetHints":{"allow":["GET"]}}],"collection":[{"href":"https:\/\/sugarkillerceylon.co\/szl\/wp-json\/wp\/v2\/pages"}],"about":[{"href":"https:\/\/sugarkillerceylon.co\/szl\/wp-json\/wp\/v2\/types\/page"}],"author":[{"embeddable":true,"href":"https:\/\/sugarkillerceylon.co\/szl\/wp-json\/wp\/v2\/users\/1"}],"replies":[{"embeddable":true,"href":"https:\/\/sugarkillerceylon.co\/szl\/wp-json\/wp\/v2\/comments?post=13"}],"version-history":[{"count":0,"href":"https:\/\/sugarkillerceylon.co\/szl\/wp-json\/wp\/v2\/pages\/13\/revisions"}],"wp:attachment":[{"href":"https:\/\/sugarkillerceylon.co\/szl\/wp-json\/wp\/v2\/media?parent=13"}],"curies":[{"name":"wp","href":"https:\/\/api.w.org\/{rel}","templated":true}]}}