{"id":13288,"date":"2024-07-28T08:26:26","date_gmt":"2024-07-28T07:26:26","guid":{"rendered":"https:\/\/4.231.236.185\/privacy-policy-2\/"},"modified":"2024-08-16T07:41:01","modified_gmt":"2024-08-16T06:41:01","slug":"privacy-policy-2","status":"publish","type":"page","link":"https:\/\/sugarkillerceylon.co\/szl\/privacy-policy-2\/","title":{"rendered":"Polityka prywatno\u015bci"},"content":{"rendered":"<h2>Polityka prywatno\u015bci<\/h2>\n<p>Witajmy na https:\/\/www.sugarkillerceylon.com (\u201dStrona\u201d). Rozumiymy, i\u017ce prywatno\u015b\u0107 w internecie je wa\u017cno do u\u017cywoczy naszyj Strony, \u00f4sobliwie w czasie prowadzynio biznesu. To deklaracyjo ryguluje naszo polityka prywatno\u015bci w \u00f4dniesiyniu do tych u\u017cywocz\u014dw Strony (\u201dNawiydzaj\u014dncy\u201d), co nawiydzaj\u014dm bez transakcyj\u014dw biznesowych i Nawiydzaj\u014dncy, co registruj\u014dm sie do transakcyj\u014dw biznesowych na Stronie i korzystaj\u014dm z rozt\u014dmajtych usug \u00f4ferowanych bez Natures Ceylon Cinnamond House (zbiorowo, \u201dUs\u0142ugi\u201d) (\u201dAutoryzowani Kliynty\u201d).<\/p>\n<p><span style=\"font-weight: bold;\">\u201dInformacyje \u00f4sobiste\u201d <\/span><\/p>\n<p>\u00f4dnosi sie do wszyskich informacyji, co idyntyfikuj\u014dm abo mog\u014dm by\u0107 u\u017cyte do idyntyfikacyje, k\u014dntaktu abo zlokalizowanio \u00f4soby, do keryj take informacyje \u00f4dnosz\u014dm sie, w tym, ale niy \u00f4graniczaj\u014dnc sie do, miana, adresu, numeru telef\u014dnu, numeru faksu, adresu e-mail, profil\u014dw financowych, zabezpieczynio spo\u0142ecznego numer, jak ty\u017c informacyje \u00f4 karcie kredytowyj. Informacyje \u00f4sobiste niy \u00f4byjmuj\u014dm informacyji, co s\u014dm gr\u014dmadz\u014dne an\u014dnimowo (to znaczy bez idyntyfikacyje k\u014dnkretnego u\u017cywocza) ani informacyji dymograficznych, co niy s\u014dm powi\u014dnzane ze zidyntyfikowan\u014dm \u00f4sob\u014dm.<\/p>\n<p><span style=\"font-weight: bold;\">Jake informacyje \u00f4sobiste s\u014dm gr\u014dmadz\u014dne? <\/span><\/p>\n<p>Mogymy gr\u014dmadzi\u0107 bazowe informacyje \u00f4 profilu u\u017cywocza \u00f4d wszyskich naszych Nawiydzaj\u014dncych. Gr\u014dmadzimy \u00f4d naszych Autoryzowanych Kliynt\u014dw nastympuj\u014dnce ekstra informacyje: miana, adresy, numery telef\u014dn\u014dw i adresy e-mail Autoryzowanych Kliynt\u014dw, natura i srogo\u015b\u0107 byznesu jak ty\u017c natura i srogo\u015b\u0107 zasob\u014dw ryklamy, co Autoryzowany Klient zamierzo kupi\u0107 abo przeda\u0107.<\/p>\n<p><span style=\"font-weight: bold;\">Jake \u00f4rganizacyje gr\u014dmadz\u014dm te informacyje? <\/span><\/p>\n<p>\u00d4kr\u014dm naszego bezpostrzednigo gr\u014dmadzynio informacyji, nasze dostowcy us\u0142ug \u00f4d trzecij str\u014dny (take jak fyrmy kart\u014dw kredytowych, kliring\u014dw i banki), co mog\u014dm lifrowa\u0107 take usugi jak usugi kredytowe, ferzicher\u014dngowe i depozyty, mog\u014dm gr\u014dmadzi\u0107 te informacyje \u00f4d naszych Nawiydzaj\u014dncych i Autoryzowanych Kliynt\u014dw. Niy k\u014dntrolujymy, w jaki sp\u014ds\u014db te trzecie \u00f4soby u\u017cywaj\u014dm takich informacyji, ale prosimy je \u00f4 ujawniynie, w jaki sp\u014ds\u014db u\u017cywaj\u014dm informacyji \u00f4sobistych dostarczanych im \u00f4d Nawiydzaj\u014dncych i Autoryzowanych Kliynt\u014dw. Niykere z tych trzecich str\u014dn mog\u014dm by\u0107 postrzednikami, co dzia\u0142aj\u014dm jyny za \u0142\u014dnczynia w ly\u0144cuchu dystrybucyje i niy przechowuj\u014dm, niy utrzimuj\u014dm ani niy u\u017cywaj\u014dm dostanych im informacyji.<\/p>\n<p><span style=\"font-weight: bold;\">Jak Strona u\u017cywo Informacyji, co mog\u014dm \u00f4sobi\u015bcie idyntyfikowa\u0107?<\/span><\/p>\n<p>U\u017cyw\u014dmy Informacyji \u00d4sobistych do przifasowanio Strony, do \u00f4fertowanio \u00f4dpednich us\u0142ug jak ty\u017c do spo\u0142niynio zapyta\u0144 \u00f4 zakup i przedej na Stronie. Mogymy wysy\u0142a\u0107 e-mail do Nawiydzaj\u014dncych i Autoryzowanych Kliynt\u014dw \u00f4 podszukowaniach abo mo\u017cebno\u015bciach kupowanio i przedowanio na Stronie abo \u00f4 informacyjach zwi\u014dnzanych z przedmiotym Strony. Mogymy ty\u017c u\u017cywa\u0107 Informacyji \u00d4sobistych do k\u014dntaktu z Nawiydzaj\u014dncymi i Autoryzowanymi Klientami w \u00f4dpowiedzi na k\u014dnkretne zapytania abo do dostarczynio wymoganych informacyji.<\/p>\n<p><span style=\"font-weight: bold;\">Z kim mog\u014dm by\u0107 dziel\u014dne informacyje?<\/span><\/p>\n<p>Informacyje \u00f4sobiste \u00f4 Autoryzowanych Kliyntach mog\u014dm by\u0107 udost\u0119pniane inkszym Autoryzowanym Kliynt\u014dm, co chc\u014dm \u00f4cyni\u0107 potyncjalne transakcyje z inkszymi Autoryzowanymi Klientami. Mogymy dzieli\u0107 sie zagregowanymi informacyjami \u00f4 naszych Nawiydzaj\u014dncych, w tym danymi dymograficznymi naszych Nawiydzaj\u014dncych i Autoryzowanych Kliynt\u014dw, z naszymi powi\u014dnzanymi agyncyjami i dostowcami ze str\u014dn trzecich. \u00d4ferujymy ty\u017c mo\u017cebno\u015b\u0107 \u201d\u00f4dwo\u0142ywanio sie\u201d \u00f4d dostawanio informacyji abo bycio k\u014dntaktowanym bez nos abo bez jako ino agyncyjo, kero dzia\u0142o w naszym mianie.<\/p>\n<p><span style=\"font-weight: bold;\">Jak s\u014dm przechowywane informacyje \u00f4sobiste?<\/span><\/p>\n<p>Informacyje \u00f4sobiste zebrane bez Natures Ceylon Cinnamond House s\u014dm bezpiecznie przechowowane i niy s\u014dm dostympne dlo \u00f4s\u014db trzecich abo robotnik\u014dw Natures Ceylon Cinnamond House, z wyj\u014dntkym u\u017cycio, jak wskazano powy\u017cyj.<\/p>\n<p><span style=\"font-weight: bold;\">Jake \u00f4biory s\u014dm dostympne dlo Nawiydzaj\u014dncych w \u00f4dniesiyniu do gr\u014dmadzynio, u\u017cywanio i dystrybucyje informacyji?<\/span><\/p>\n<p>Nawiydzaj\u014dncy i Autoryzowani Kliynci mog\u014dm \u00f4dkaza\u0107 sie \u00f4d dostawanio niyzaprosz\u014dnych informacyji \u00f4d nos i\/abo naszych dostowc\u014dw i powi\u014dnzanych agyncyji abo k\u014dntaktowanio sie z niymi bez \u00f4dpowiyd\u017a na e-mailiki zgodnie z instrukcyjami abo k\u014dntaktuj\u014dnc sie z niymi pod adresym 3M,Ella Road , Cinnamon Tree Elpitiya -80400 Sri Lanka.<\/p>\n<p><span style=\"font-weight: bold;\">Czy cookies s\u014dm u\u017cywane na Stronie?<\/span><\/p>\n<p>Cookies s\u014dm u\u017cywane z rozt\u014dmajtych powod\u014dw. U\u017cyw\u014dmy cookies do uzyskanio informacyji \u00f4 preferyncyjach naszych Nawiydzaj\u014dncych i usugach, co \u00f4ni \u00f4biyraj\u014dm. U\u017cyw\u014dmy ty\u017c cookies do cyl\u014dw bezpiyczy\u0144stwa, coby \u00f4chr\u014dni\u0107 naszych Autoryzowanych Kliynt\u014dw. Bez przik\u0142od, je\u017ali Autoryzowany Klient je zalogowany, a witryna je niyu\u017cywano bez wiyncyj jak 10 minut, aut\u014dmatycznie wylogujymy Autoryzowanego Klienta.<\/p>\n<p><span style=\"font-weight: bold;\">Jak Natures Cejl\u014dnowy D\u014dm Cynamond u\u017cywo informacyji logowanio? <\/span><\/p>\n<p>Natures Ceylon Cinnamond House u\u017cywo informacyji logowanio, w tym, ale niy ino, adres\u014dw IP, dostowc\u014dw internetowych i zort\u014dw przegl\u014dndarz\u014dw, do analizy tryndzyn\u014dw, administrowanio Strony, \u015bledzynio ruchu i u\u017cywanio u\u017cywocza jak ty\u017c gr\u014dmadzynio szyrokich informacyji dymograficznych.<\/p>\n<p><span style=\"font-weight: bold;\">Jake partnyrze abo dostowcy us\u0142ug maj\u014dm dostymp do Informacyji \u00d4sobistych \u00f4d Nawiydzaj\u014dncych i\/abo Autoryzowanych Kliynt\u014dw na Stronie?<\/span><\/p>\n<p>Natures Ceylon Cinnamond House zawar\u0142o i durch zawiyro partnerstwa i inksze powi\u014dnzania z moc\u014dm dostowc\u014dw. Take dostowcy mog\u014dm mie\u0107 dostymp do pewnych Informacyji \u00d4sobistych Idyntyfikacyjnych na podstawie potrzeby wiedzy do \u00f4cyny Autoryzowanych Kliynt\u014dw pod wzglyndym kwalifikacyje do us\u0142ug. Naszo polityka prywatno\u015bci niy \u00f4byjmuje jejich gr\u014dmadzynio abo u\u017cywanio tych informacyji. Ujawnianie Informacyji, co mog\u014dm Idyntyfikowa\u0107 \u00f4soba, coby zgodliwi\u0107 z prawym. Ujawniymy Informacyje, co Idyntyfikuj\u014dm \u00d4sobi\u015bcie, coby przestrzega\u0107 rozkazu gyrichtu abo wezwanio abo pro\u015bby \u00f4rgan\u014dw przestrzynnych \u00f4 uwolniynie informacyji. Ujawniymy ty\u017c Informacyje, co mog\u014dm Idyntyfikowa\u0107 \u00d4sobi\u015bcie, kej to je rozs\u014dndnie k\u014dnieczne do \u00f4chr\u014dny bezpiyczy\u0144stwa naszych Nawiydzaj\u014dncych i Autoryzowanych Kliynt\u014dw.<\/p>\n<p><span style=\"font-weight: bold;\">Jak Strona utrzimuje Informacyje \u00d4sobowe bezpieczne?<\/span><\/p>\n<p>Wszyscy nasze robotnicy znaj\u014dm naszo polityka i praktyki bezpiyczy\u0144stwa. Informacyje \u00d4sobowe naszych Nawiydzaj\u014dncych i Autoryzowanych Kliynt\u014dw s\u014dm dostympne ino dlo \u00f4granicz\u014dnyj liczby kwalifikowanych robotnik\u014dw, co dostan\u014dm has\u0142o, coby zdoby\u0107 dostymp do tych informacyji. Regularnie audytujymy nasze systymy i procesy bezpiyczy\u0144stwa. Czu\u0142e informacyje, take jak numery kart\u014dw kredytowych abo numer\u014dw ubezpiyczynio spo\u0142ecznego, s\u014dm chr\u014dni\u014dne bez protoko\u0142y szyfrowanio, co s\u014dm w u\u017cyciu dlo \u00f4chr\u014dny informacyji wysy\u0142anych bez internet. Chocio\u017c podejmujymy k\u014dmercyjnie rozs\u014dndne \u015brodki, coby utrzima\u0107 bezpieczno str\u014dna, k\u014dmunikacyjo elektr\u014dniczno i bazy danych podlygaj\u014dm b\u0142ynd\u014dm, manipulacyj\u014dm i w\u0142amaniu, i niy mogymy gwarantowa\u0107 ani gwarantowa\u0107, i\u017ce take wydarzenia niy \u00f4dbyd\u014dm sie i niy bydymy \u00f4dpowiedzialni przed Nawiydzaj\u014dncymi abo Autoryzowanymi Kliynt\u014dw za ko\u017cde take zdarzynia.<\/p>\n<p><span style=\"font-weight: bold;\">Jak Nawiydzaj\u014dncy mog\u014dm skorygowa\u0107 wszyske niydok\u0142adno\u015bci w Informacyjach \u00d4sobistych?<\/span><\/p>\n<p>Nawiydzaj\u014dncy i Autoryzowani Kliynci mog\u014dm sie z niymi skontaktowa\u0107, coby zaktualizowa\u0107 Informacyje \u00d4sobowe \u00f4 nich abo naprawi\u0107 wszelke niydok\u0142adno\u015bci, wys\u0142anie n\u014dm e-mail na info@sugarkillerceylon.com<\/p>\n<p><span style=\"font-weight: bold;\">Mo\u017ce Nawiydzaj\u014dncy ususi\u0107 abo dezaktywowa\u0107 Informacyje \u00d4sobowe zebrane bez Strona?<\/span><\/p>\n<p>Zapewni\u014dmy Nawiydzaj\u014dncym i Autoryzowanym Kliynt\u014dm mechanizm usuwanio\/dezaktywowanio Informacyji \u00d4sobistych z bazy danych Strony bez k\u014dntakt z . Jednak skuli kopiji zapasowych i zopis\u014dw usuniy\u0144cio mo\u017ce by\u0107 niymo\u017cebne usuniy\u0144cie wpisu \u00f4d Nawiydzaj\u014dncego bez zachowanio resztowych informacyji. \u00d4soba, kero prosi \u00f4 dezaktywacyjo Informacyji \u00d4sobistych, bydzie mia\u0142a te informacyje funkcj\u014dnalnie usuniynte, a my niy b\u014dmy przedowa\u0107, przenoszi\u0107 ani niy u\u017cywa\u0107 Informacyji \u00d4sobowych, co sie tykaj\u014dm tyj \u00f4soby w \u017codny sp\u014ds\u014db w przodku.<\/p>\n<p><span style=\"font-weight: bold;\">Co sie stanie, je\u017ali Polityka Prywatno\u015bci sie zmiyni?<\/span><\/p>\n<p>Dajymy naszym Go\u015bci\u014dm i Autoryzowanym Kliynt\u014dm zna\u0107 \u00f4 zmianach w naszyj polityce prywatno\u015bci, \u00f4publikuj\u014dnc take zmiany na Stronie. Je\u017ali jednak zmiyni\u014dmy naszo polityka prywatno\u015bci w sp\u014ds\u014db, co mo\u017ce sprawi\u0107, i\u017ce ujawniynie Informacyji \u00d4sobistych, co ich wczasnij poprosiy\u0142 Go\u015bci abo Autoryzowany Klient, skontaktujymy sie z takim Gwiyrzym abo Autoryzowanym Kliyntym, coby przizwoli\u0107 takimu Gy\u015bciowi abo Autoryzowanymu Klientowi zapobiyc take ujawniynie.<\/p>\n<p><span style=\"font-weight: bold;\">\u00d4dno\u015bniki:<\/span><\/p>\n<p>https:\/\/www.cukruzabijacz.com zawiyro \u00f4dno\u015bniki do inkszych stron internetowych. Prosz\u014dm zwr\u014dci\u0107 uwoga, i\u017ce kej klikniesz na jedyn z tych lynki, przechodzisz na inkszo str\u014dna internetowo. Zachyncaj\u014dm Ci do przeczytanio deklaracyje prywatno\u015bci tych po\u0142\u014dncz\u014dnych str\u014dn, p\u014dniywo\u017c jejich polityka prywatno\u015bci mo\u017ce sie r\u014d\u017cni\u0107 \u00f4d naszych.<\/p>","protected":false},"excerpt":{"rendered":"<p>Privacy Policy Welcome to https:\/\/www.sugarkillerceylon.com (the &#8221;Site&#8221;).We understand that privacy online is important to users of our Site, especially when<\/p>","protected":false},"author":1,"featured_media":0,"parent":0,"menu_order":0,"comment_status":"closed","ping_status":"closed","template":"","meta":{"footnotes":""},"class_list":["post-13288","page","type-page","status-publish","hentry"],"yoast_head":"<!-- This site is optimized with the Yoast SEO Premium plugin v23.0 (Yoast SEO v23.4) - https:\/\/yoast.com\/wordpress\/plugins\/seo\/ -->\n<title>Privacy Policy - Sugar Killer Ceylon<\/title>\n<meta name=\"robots\" content=\"index, follow, max-snippet:-1, max-image-preview:large, max-video-preview:-1\" \/>\n<link rel=\"canonical\" href=\"https:\/\/sugarkillerceylon.co\/szl\/privacy-policy-2\/\" \/>\n<meta property=\"og:locale\" content=\"en_US\" \/>\n<meta property=\"og:type\" content=\"article\" \/>\n<meta property=\"og:title\" content=\"Privacy Policy\" \/>\n<meta property=\"og:description\" content=\"Privacy Policy Welcome to https:\/\/www.sugarkillerceylon.com (the &#8221;Site&#8221;).We understand that privacy online is important to users of our Site, especially when\" \/>\n<meta property=\"og:url\" content=\"https:\/\/sugarkillerceylon.co\/szl\/privacy-policy-2\/\" \/>\n<meta property=\"og:site_name\" content=\"Sugar Killer Ceylon\" \/>\n<meta property=\"article:modified_time\" content=\"2024-08-16T06:41:01+00:00\" \/>\n<meta name=\"twitter:card\" content=\"summary_large_image\" \/>\n<meta name=\"twitter:label1\" content=\"Est. reading time\" \/>\n\t<meta name=\"twitter:data1\" content=\"6 minutes\" \/>\n<script type=\"application\/ld+json\" class=\"yoast-schema-graph\">{\"@context\":\"https:\/\/schema.org\",\"@graph\":[{\"@type\":\"WebPage\",\"@id\":\"https:\/\/sugarkillerceylon.co\/privacy-policy-2\/\",\"url\":\"https:\/\/sugarkillerceylon.co\/privacy-policy-2\/\",\"name\":\"Privacy Policy - Sugar Killer Ceylon\",\"isPartOf\":{\"@id\":\"https:\/\/sugarkillerceylon.co\/#website\"},\"datePublished\":\"2024-07-28T07:26:26+00:00\",\"dateModified\":\"2024-08-16T06:41:01+00:00\",\"breadcrumb\":{\"@id\":\"https:\/\/sugarkillerceylon.co\/privacy-policy-2\/#breadcrumb\"},\"inLanguage\":\"szl-PL\",\"potentialAction\":[{\"@type\":\"ReadAction\",\"target\":[\"https:\/\/sugarkillerceylon.co\/privacy-policy-2\/\"]}]},{\"@type\":\"BreadcrumbList\",\"@id\":\"https:\/\/sugarkillerceylon.co\/privacy-policy-2\/#breadcrumb\",\"itemListElement\":[{\"@type\":\"ListItem\",\"position\":1,\"name\":\"Home\",\"item\":\"https:\/\/sugarkillerceylon.co\/\"},{\"@type\":\"ListItem\",\"position\":2,\"name\":\"Privacy Policy\"}]},{\"@type\":\"WebSite\",\"@id\":\"https:\/\/sugarkillerceylon.co\/#website\",\"url\":\"https:\/\/sugarkillerceylon.co\/\",\"name\":\"Sugar Killer Ceylon\",\"description\":\"\",\"potentialAction\":[{\"@type\":\"SearchAction\",\"target\":{\"@type\":\"EntryPoint\",\"urlTemplate\":\"https:\/\/sugarkillerceylon.co\/?s={search_term_string}\"},\"query-input\":{\"@type\":\"PropertyValueSpecification\",\"valueRequired\":true,\"valueName\":\"search_term_string\"}}],\"inLanguage\":\"szl-PL\"}]}<\/script>\n<!-- \/ Yoast SEO Premium plugin. -->","yoast_head_json":{"title":"Privacy Policy - Sugar Killer Ceylon","robots":{"index":"index","follow":"follow","max-snippet":"max-snippet:-1","max-image-preview":"max-image-preview:large","max-video-preview":"max-video-preview:-1"},"canonical":"https:\/\/sugarkillerceylon.co\/szl\/privacy-policy-2\/","og_locale":"en_US","og_type":"article","og_title":"Privacy Policy","og_description":"Privacy Policy Welcome to https:\/\/www.sugarkillerceylon.com (the &#8221;Site&#8221;).We understand that privacy online is important to users of our Site, especially when","og_url":"https:\/\/sugarkillerceylon.co\/szl\/privacy-policy-2\/","og_site_name":"Sugar Killer Ceylon","article_modified_time":"2024-08-16T06:41:01+00:00","twitter_card":"summary_large_image","twitter_misc":{"Est. reading time":"6 minutes"},"schema":{"@context":"https:\/\/schema.org","@graph":[{"@type":"WebPage","@id":"https:\/\/sugarkillerceylon.co\/privacy-policy-2\/","url":"https:\/\/sugarkillerceylon.co\/privacy-policy-2\/","name":"Privacy Policy - Sugar Killer Ceylon","isPartOf":{"@id":"https:\/\/sugarkillerceylon.co\/#website"},"datePublished":"2024-07-28T07:26:26+00:00","dateModified":"2024-08-16T06:41:01+00:00","breadcrumb":{"@id":"https:\/\/sugarkillerceylon.co\/privacy-policy-2\/#breadcrumb"},"inLanguage":"szl-PL","potentialAction":[{"@type":"ReadAction","target":["https:\/\/sugarkillerceylon.co\/privacy-policy-2\/"]}]},{"@type":"BreadcrumbList","@id":"https:\/\/sugarkillerceylon.co\/privacy-policy-2\/#breadcrumb","itemListElement":[{"@type":"ListItem","position":1,"name":"Home","item":"https:\/\/sugarkillerceylon.co\/"},{"@type":"ListItem","position":2,"name":"Privacy Policy"}]},{"@type":"WebSite","@id":"https:\/\/sugarkillerceylon.co\/#website","url":"https:\/\/sugarkillerceylon.co\/","name":"Sugar Killer Ceylon","description":"","potentialAction":[{"@type":"SearchAction","target":{"@type":"EntryPoint","urlTemplate":"https:\/\/sugarkillerceylon.co\/?s={search_term_string}"},"query-input":{"@type":"PropertyValueSpecification","valueRequired":true,"valueName":"search_term_string"}}],"inLanguage":"szl-PL"}]}},"_links":{"self":[{"href":"https:\/\/sugarkillerceylon.co\/szl\/wp-json\/wp\/v2\/pages\/13288","targetHints":{"allow":["GET"]}}],"collection":[{"href":"https:\/\/sugarkillerceylon.co\/szl\/wp-json\/wp\/v2\/pages"}],"about":[{"href":"https:\/\/sugarkillerceylon.co\/szl\/wp-json\/wp\/v2\/types\/page"}],"author":[{"embeddable":true,"href":"https:\/\/sugarkillerceylon.co\/szl\/wp-json\/wp\/v2\/users\/1"}],"replies":[{"embeddable":true,"href":"https:\/\/sugarkillerceylon.co\/szl\/wp-json\/wp\/v2\/comments?post=13288"}],"version-history":[{"count":0,"href":"https:\/\/sugarkillerceylon.co\/szl\/wp-json\/wp\/v2\/pages\/13288\/revisions"}],"wp:attachment":[{"href":"https:\/\/sugarkillerceylon.co\/szl\/wp-json\/wp\/v2\/media?parent=13288"}],"curies":[{"name":"wp","href":"https:\/\/api.w.org\/{rel}","templated":true}]}}