{"id":11789,"date":"2024-05-18T14:08:29","date_gmt":"2024-05-18T13:08:29","guid":{"rendered":"https:\/\/4.231.236.185\/?post_type=product&#038;p=11789"},"modified":"2024-07-29T14:00:22","modified_gmt":"2024-07-29T13:00:22","slug":"sugar-killer-tea-packet","status":"publish","type":"product","link":"https:\/\/sugarkillerceylon.co\/tr\/product\/sugar-killer-tea-packet\/","title":{"rendered":"\u015eeker \u00d6ld\u00fcr\u00fcc\u00fc \u0130\u00e7ecek 200ml"},"content":{"rendered":"","protected":false},"excerpt":{"rendered":"<p>Son t\u0131bbi ara\u015ft\u0131rmalara g\u00f6re Sri Lanka, Asya&#039;da en y\u00fcksek oranda diyabet hastas\u0131 bulunan \u00fclke haline geldi. Bu ara\u015ft\u0131rmalara g\u00f6re, her d\u00f6rt yeti\u015fkinden birinin diyabet hastas\u0131 oldu\u011fu do\u011fruland\u0131.<br \/>\nE\u011fer siz de diyabet hastas\u0131ysan\u0131z i\u015fte sizin i\u00e7in en iyi \u00e7\u00f6z\u00fcm \u015eEKER \u00d6LD\u00dcR\u00dcC\u00dc T.<br \/>\nBir d\u00fc\u015f\u00fcn\u00fcn\u2026<br \/>\n1) Ne kadar zamand\u0131r bat\u0131 t\u0131bb\u0131 kullan\u0131yorsunuz?<br \/>\n2) Uzun y\u0131llar bat\u0131 t\u0131bb\u0131n\u0131 kullanman\u0131za ra\u011fmen hastal\u0131\u011f\u0131n\u0131zdan kurtuldunuz mu?<br \/>\n3) Ne kadar para kaybettiniz?<\/p>\n<p>Ama e\u011fer SUGAR KILLER T dedi\u011fimiz gibi kullan\u0131l\u0131rsa\u2026<br \/>\n1) Kan \u015fekeri seviyeniz 30 ila 120 g\u00fcn i\u00e7erisinde normale d\u00f6nebilir.<br \/>\n2) 100% do\u011fald\u0131r, dolay\u0131s\u0131yla yan etkisi yoktur.<br \/>\n3) Zaten bat\u0131 t\u0131bb\u0131 kullan\u0131yorsan\u0131z, ayn\u0131 ilac\u0131 kullan\u0131rken bu \u00fcr\u00fcn\u00fc kullanmaya ba\u015flayabilir ve devam edebilirsiniz.<br \/>\n4) \u00dcr\u00fcn\u00fcm\u00fcz\u00fc v\u00fccudunuza almaya ba\u015flad\u0131ktan sonra, kan \u015fekeri testinizin 14. g\u00fcn\u00fcnde kan \u015fekeri seviyeniz d\u00fc\u015f\u00fckse, bat\u0131 t\u0131bb\u0131n\u0131 b\u0131rak\u0131p doktorunuzun \u00f6nerisi \u00fczerine \u00fcr\u00fcn\u00fcm\u00fcz\u00fc kullanmaya devam edebilirsiniz.<\/p>\n<p><a href=\"https:\/\/4.231.236.185\/bulk-orders\/\">\u015e\u0130MD\u0130 S\u0130PAR\u0130\u015e VER<\/a><\/p>","protected":false},"featured_media":13476,"comment_status":"open","ping_status":"closed","template":"","meta":[],"product_cat":[69],"product_tag":[],"class_list":{"0":"post-11789","1":"product","2":"type-product","3":"status-publish","4":"has-post-thumbnail","6":"product_cat-sugar-killer-drink","8":"first","9":"instock","10":"shipping-taxable","11":"product-type-simple"},"yoast_head":"<!-- This site is optimized with the Yoast SEO Premium plugin v23.0 (Yoast SEO v23.4) - https:\/\/yoast.com\/wordpress\/plugins\/seo\/ -->\n<title>Sugar Killer Drink 200ml - Sugar Killer Ceylon<\/title>\n<meta name=\"robots\" content=\"index, follow, max-snippet:-1, max-image-preview:large, max-video-preview:-1\" \/>\n<link rel=\"canonical\" href=\"https:\/\/sugarkillerceylon.co\/tr\/urun\/sugar-killer-tea-packet\/\" \/>\n<meta property=\"og:locale\" content=\"tr_TR\" \/>\n<meta property=\"og:type\" content=\"article\" \/>\n<meta property=\"og:title\" content=\"Sugar Killer Drink 200ml\" \/>\n<meta property=\"og:description\" content=\"According to the latest medical surveys, Sri Lanka has become the country with the highest percentage of diabetes patients in Asia. According to those researches, one out of every four adults has been confirmed to be a diabetic patient. If you are suffering from diabetes too, here is the best solution for you SUGER KILLER T. Think about it... 1) How long have you been taking western medicine? 2) Have you lost your illness after taking western medicine for many years? 3) How much money have you lost on it?  But if SUGAR KILLER T is used as we say... 1) Your blood sugar level can be normalized within 30 to 120 days. 2) 100% natural so no side effects. 3) If you are already taking western medicine, you can start and continue using this product while taking the same medicine. 4) After starting to take our product into the body, if your blood sugar level is low during the 14th day of blood sugar test, you can stop taking western medicine and continue using our product on your doctor&#039;s recommendation.  ORDER NOW\" \/>\n<meta property=\"og:url\" content=\"https:\/\/sugarkillerceylon.co\/tr\/urun\/sugar-killer-tea-packet\/\" \/>\n<meta property=\"og:site_name\" content=\"Sugar Killer Ceylon\" \/>\n<meta property=\"article:modified_time\" content=\"2024-07-29T13:00:22+00:00\" \/>\n<meta property=\"og:image\" content=\"https:\/\/sugarkillerceylon.co\/wp-content\/uploads\/2024\/05\/P3-Recovered.png\" \/>\n\t<meta property=\"og:image:width\" content=\"600\" \/>\n\t<meta property=\"og:image:height\" content=\"611\" \/>\n\t<meta property=\"og:image:type\" content=\"image\/png\" \/>\n<meta name=\"twitter:card\" content=\"summary_large_image\" \/>\n<meta name=\"twitter:label1\" content=\"Fiyat\" \/>\n\t<meta name=\"twitter:data1\" content=\"\" \/>\n\t<meta name=\"twitter:label2\" content=\"Durumu\" \/>\n\t<meta name=\"twitter:data2\" content=\"Stokta var\" \/>\n<script type=\"application\/ld+json\" class=\"yoast-schema-graph\">{\"@context\":\"https:\/\/schema.org\",\"@graph\":[{\"@type\":\"WebPage\",\"@id\":\"https:\/\/sugarkillerceylon.co\/product\/sugar-killer-tea-packet\/\",\"url\":\"https:\/\/sugarkillerceylon.co\/product\/sugar-killer-tea-packet\/\",\"name\":\"Sugar Killer Drink 200ml - Sugar Killer Ceylon\",\"isPartOf\":{\"@id\":\"https:\/\/sugarkillerceylon.co\/#website\"},\"primaryImageOfPage\":{\"@id\":\"https:\/\/sugarkillerceylon.co\/product\/sugar-killer-tea-packet\/#primaryimage\"},\"image\":{\"@id\":\"https:\/\/sugarkillerceylon.co\/product\/sugar-killer-tea-packet\/#primaryimage\"},\"thumbnailUrl\":\"https:\/\/sugarkillerceylon.co\/wp-content\/uploads\/2024\/05\/P3-Recovered.png\",\"datePublished\":\"2024-05-18T13:08:29+00:00\",\"dateModified\":\"2024-07-29T13:00:22+00:00\",\"breadcrumb\":{\"@id\":\"https:\/\/sugarkillerceylon.co\/product\/sugar-killer-tea-packet\/#breadcrumb\"},\"inLanguage\":\"tr\",\"potentialAction\":[{\"@type\":\"ReadAction\",\"target\":[\"https:\/\/sugarkillerceylon.co\/product\/sugar-killer-tea-packet\/\"]}]},{\"@type\":\"ImageObject\",\"inLanguage\":\"tr\",\"@id\":\"https:\/\/sugarkillerceylon.co\/product\/sugar-killer-tea-packet\/#primaryimage\",\"url\":\"https:\/\/sugarkillerceylon.co\/wp-content\/uploads\/2024\/05\/P3-Recovered.png\",\"contentUrl\":\"https:\/\/sugarkillerceylon.co\/wp-content\/uploads\/2024\/05\/P3-Recovered.png\",\"width\":600,\"height\":611},{\"@type\":\"BreadcrumbList\",\"@id\":\"https:\/\/sugarkillerceylon.co\/product\/sugar-killer-tea-packet\/#breadcrumb\",\"itemListElement\":[{\"@type\":\"ListItem\",\"position\":1,\"name\":\"Home\",\"item\":\"https:\/\/sugarkillerceylon.co\/\"},{\"@type\":\"ListItem\",\"position\":2,\"name\":\"Shop\",\"item\":\"https:\/\/sugarkillerceylon.co\/shop\/\"},{\"@type\":\"ListItem\",\"position\":3,\"name\":\"Sugar Killer Drink 200ml\"}]},{\"@type\":\"WebSite\",\"@id\":\"https:\/\/sugarkillerceylon.co\/#website\",\"url\":\"https:\/\/sugarkillerceylon.co\/\",\"name\":\"Sugar Killer Ceylon\",\"description\":\"\",\"potentialAction\":[{\"@type\":\"SearchAction\",\"target\":{\"@type\":\"EntryPoint\",\"urlTemplate\":\"https:\/\/sugarkillerceylon.co\/?s={search_term_string}\"},\"query-input\":{\"@type\":\"PropertyValueSpecification\",\"valueRequired\":true,\"valueName\":\"search_term_string\"}}],\"inLanguage\":\"tr\"}]}<\/script>\n<meta property=\"product:price:amount\" content=\"0.00\" \/>\n<meta property=\"product:price:currency\" content=\"USD\" \/>\n<meta property=\"og:availability\" content=\"instock\" \/>\n<meta property=\"product:availability\" content=\"instock\" \/>\n<meta property=\"product:condition\" content=\"new\" \/>\n<!-- \/ Yoast SEO Premium plugin. -->","yoast_head_json":{"title":"Sugar Killer Drink 200ml - Sugar Killer Ceylon","robots":{"index":"index","follow":"follow","max-snippet":"max-snippet:-1","max-image-preview":"max-image-preview:large","max-video-preview":"max-video-preview:-1"},"canonical":"https:\/\/sugarkillerceylon.co\/tr\/urun\/sugar-killer-tea-packet\/","og_locale":"tr_TR","og_type":"article","og_title":"Sugar Killer Drink 200ml","og_description":"According to the latest medical surveys, Sri Lanka has become the country with the highest percentage of diabetes patients in Asia. According to those researches, one out of every four adults has been confirmed to be a diabetic patient. If you are suffering from diabetes too, here is the best solution for you SUGER KILLER T. Think about it... 1) How long have you been taking western medicine? 2) Have you lost your illness after taking western medicine for many years? 3) How much money have you lost on it?  But if SUGAR KILLER T is used as we say... 1) Your blood sugar level can be normalized within 30 to 120 days. 2) 100% natural so no side effects. 3) If you are already taking western medicine, you can start and continue using this product while taking the same medicine. 4) After starting to take our product into the body, if your blood sugar level is low during the 14th day of blood sugar test, you can stop taking western medicine and continue using our product on your doctor's recommendation.  ORDER NOW","og_url":"https:\/\/sugarkillerceylon.co\/tr\/urun\/sugar-killer-tea-packet\/","og_site_name":"Sugar Killer Ceylon","article_modified_time":"2024-07-29T13:00:22+00:00","og_image":[{"width":600,"height":611,"url":"https:\/\/sugarkillerceylon.co\/wp-content\/uploads\/2024\/05\/P3-Recovered.png","type":"image\/png"}],"twitter_card":"summary_large_image","twitter_misc":{"Fiyat":"","Durumu":"Stokta var"},"schema":{"@context":"https:\/\/schema.org","@graph":[{"@type":"WebPage","@id":"https:\/\/sugarkillerceylon.co\/product\/sugar-killer-tea-packet\/","url":"https:\/\/sugarkillerceylon.co\/product\/sugar-killer-tea-packet\/","name":"Sugar Killer Drink 200ml - Sugar Killer Ceylon","isPartOf":{"@id":"https:\/\/sugarkillerceylon.co\/#website"},"primaryImageOfPage":{"@id":"https:\/\/sugarkillerceylon.co\/product\/sugar-killer-tea-packet\/#primaryimage"},"image":{"@id":"https:\/\/sugarkillerceylon.co\/product\/sugar-killer-tea-packet\/#primaryimage"},"thumbnailUrl":"https:\/\/sugarkillerceylon.co\/wp-content\/uploads\/2024\/05\/P3-Recovered.png","datePublished":"2024-05-18T13:08:29+00:00","dateModified":"2024-07-29T13:00:22+00:00","breadcrumb":{"@id":"https:\/\/sugarkillerceylon.co\/product\/sugar-killer-tea-packet\/#breadcrumb"},"inLanguage":"tr","potentialAction":[{"@type":"ReadAction","target":["https:\/\/sugarkillerceylon.co\/product\/sugar-killer-tea-packet\/"]}]},{"@type":"ImageObject","inLanguage":"tr","@id":"https:\/\/sugarkillerceylon.co\/product\/sugar-killer-tea-packet\/#primaryimage","url":"https:\/\/sugarkillerceylon.co\/wp-content\/uploads\/2024\/05\/P3-Recovered.png","contentUrl":"https:\/\/sugarkillerceylon.co\/wp-content\/uploads\/2024\/05\/P3-Recovered.png","width":600,"height":611},{"@type":"BreadcrumbList","@id":"https:\/\/sugarkillerceylon.co\/product\/sugar-killer-tea-packet\/#breadcrumb","itemListElement":[{"@type":"ListItem","position":1,"name":"Home","item":"https:\/\/sugarkillerceylon.co\/"},{"@type":"ListItem","position":2,"name":"Shop","item":"https:\/\/sugarkillerceylon.co\/shop\/"},{"@type":"ListItem","position":3,"name":"Sugar Killer Drink 200ml"}]},{"@type":"WebSite","@id":"https:\/\/sugarkillerceylon.co\/#website","url":"https:\/\/sugarkillerceylon.co\/","name":"Sugar Killer Ceylon","description":"","potentialAction":[{"@type":"SearchAction","target":{"@type":"EntryPoint","urlTemplate":"https:\/\/sugarkillerceylon.co\/?s={search_term_string}"},"query-input":{"@type":"PropertyValueSpecification","valueRequired":true,"valueName":"search_term_string"}}],"inLanguage":"tr"}]},"product_price_amount":"0.00","product_price_currency":"USD","og_availability":"instock","product_availability":"instock","product_condition":"new"},"_links":{"self":[{"href":"https:\/\/sugarkillerceylon.co\/tr\/wp-json\/wp\/v2\/product\/11789","targetHints":{"allow":["GET"]}}],"collection":[{"href":"https:\/\/sugarkillerceylon.co\/tr\/wp-json\/wp\/v2\/product"}],"about":[{"href":"https:\/\/sugarkillerceylon.co\/tr\/wp-json\/wp\/v2\/types\/product"}],"replies":[{"embeddable":true,"href":"https:\/\/sugarkillerceylon.co\/tr\/wp-json\/wp\/v2\/comments?post=11789"}],"version-history":[{"count":0,"href":"https:\/\/sugarkillerceylon.co\/tr\/wp-json\/wp\/v2\/product\/11789\/revisions"}],"wp:featuredmedia":[{"embeddable":true,"href":"https:\/\/sugarkillerceylon.co\/tr\/wp-json\/wp\/v2\/media\/13476"}],"wp:attachment":[{"href":"https:\/\/sugarkillerceylon.co\/tr\/wp-json\/wp\/v2\/media?parent=11789"}],"wp:term":[{"taxonomy":"product_cat","embeddable":true,"href":"https:\/\/sugarkillerceylon.co\/tr\/wp-json\/wp\/v2\/product_cat?post=11789"},{"taxonomy":"product_tag","embeddable":true,"href":"https:\/\/sugarkillerceylon.co\/tr\/wp-json\/wp\/v2\/product_tag?post=11789"}],"curies":[{"name":"wp","href":"https:\/\/api.w.org\/{rel}","templated":true}]}}