{"id":13661,"date":"2024-09-16T07:15:37","date_gmt":"2024-09-16T06:15:37","guid":{"rendered":"https:\/\/4.231.236.185\/?post_type=product&#038;p=13661"},"modified":"2024-09-30T06:57:29","modified_gmt":"2024-09-30T05:57:29","slug":"30-days-90-tea-envelopes-2","status":"publish","type":"product","link":"https:\/\/sugarkillerceylon.co\/tr\/product\/30-days-90-tea-envelopes-2\/","title":{"rendered":"30 G\u00dcN 90 \u00c7AY ZARFLARI"},"content":{"rendered":"<p>Ingredients<\/p>\n<p>100% Pure Ceylon cinnamon<br \/>\nSecret recipe<\/p>\n<p>Recommended by<br \/>\nSTATE MINISTERY OF PRODCUTION , SUPPLY &amp; REGULATION OF PHARMACEUTICAL .&amp;\u00a0FDA\u00a0-Sri\u00a0Lanka<\/p>","protected":false},"excerpt":{"rendered":"<p>Son t\u0131bbi ara\u015ft\u0131rmalara g\u00f6re Sri Lanka, Asya&#039;da en y\u00fcksek oranda diyabet hastas\u0131 bulunan \u00fclke haline geldi. Bu ara\u015ft\u0131rmalara g\u00f6re, her d\u00f6rt yeti\u015fkinden birinin diyabet hastas\u0131 oldu\u011fu do\u011fruland\u0131.<br \/>\nE\u011fer siz de diyabet hastas\u0131ysan\u0131z i\u015fte sizin i\u00e7in en iyi \u00e7\u00f6z\u00fcm \u015eEKER \u00d6LD\u00dcR\u00dcC\u00dc T.<br \/>\nBir d\u00fc\u015f\u00fcn\u00fcn\u2026<br \/>\n1) Ne kadar zamand\u0131r bat\u0131 t\u0131bb\u0131 kullan\u0131yorsunuz?<br \/>\n2) Uzun y\u0131llar bat\u0131 t\u0131bb\u0131n\u0131 kullanman\u0131za ra\u011fmen hastal\u0131\u011f\u0131n\u0131zdan kurtuldunuz mu?<br \/>\n3) Ne kadar para kaybettiniz?<\/p>\n<p>Ama e\u011fer SUGAR KILLER T dedi\u011fimiz gibi kullan\u0131l\u0131rsa\u2026<br \/>\n1) Kan \u015fekeri seviyeniz 30 ila 120 g\u00fcn i\u00e7erisinde normale d\u00f6nebilir.<br \/>\n2) 100% do\u011fald\u0131r, dolay\u0131s\u0131yla yan etkisi yoktur.<br \/>\n3) Zaten bat\u0131 t\u0131bb\u0131 kullan\u0131yorsan\u0131z, ayn\u0131 ilac\u0131 kullan\u0131rken bu \u00fcr\u00fcn\u00fc kullanmaya ba\u015flayabilir ve devam edebilirsiniz.<br \/>\n4) After starting to take our product into the body, if your blood sugar level is low during the 14th day of blood sugar test, you can stop taking western medicine and continue using our product on your doctor&#8217;s recommendation<\/p>\n<div data-elementor-type=\"section\" data-elementor-id=\"12392\" class=\"elementor elementor-12392\" data-elementor-post-type=\"elementor_library\">\n<div class=\"elementor-element elementor-element-f8b7b0e e-flex e-con-boxed e-con e-parent\" data-id=\"f8b7b0e\" data-element_type=\"container\" data-settings=\"{&quot;_ha_eqh_enable&quot;:false}\">\n<div class=\"e-con-inner\">\n<div class=\"elementor-element elementor-element-b7b9029 elementor-widget elementor-widget-button\" data-id=\"b7b9029\" data-element_type=\"widget\" data-widget_type=\"button.default\">\n<div class=\"elementor-widget-container\">\n<div class=\"elementor-button-wrapper\">\n\t\t\t<a class=\"elementor-button elementor-button-link elementor-size-sm\" href=\"https:\/\/4.231.236.185\/instructions\/\"><br \/>\n\t\t\t\t\t\t<span class=\"elementor-button-content-wrapper\"><br \/>\n\t\t\t\t\t\t\t\t\t<span class=\"elementor-button-text\">INSTRUCTIONS TO USE<\/span><br \/>\n\t\t\t\t\t<\/span><br \/>\n\t\t\t\t\t<\/a>\n\t\t<\/div>\n<\/p><\/div>\n<\/p><\/div>\n<\/p><\/div>\n<\/p><\/div>\n<\/p><\/div>","protected":false},"featured_media":12674,"comment_status":"open","ping_status":"closed","template":"","meta":[],"product_cat":[78,79],"product_tag":[],"class_list":{"0":"post-13661","1":"product","2":"type-product","3":"status-publish","4":"has-post-thumbnail","6":"product_cat-economy","7":"product_cat-envelopes-economy","9":"first","10":"instock","11":"shipping-taxable","12":"purchasable","13":"product-type-simple"},"yoast_head":"<!-- This site is optimized with the Yoast SEO Premium plugin v23.0 (Yoast SEO v23.4) - https:\/\/yoast.com\/wordpress\/plugins\/seo\/ -->\n<title>30 DAYS 90 TEA ENVELOPES - Sugar Killer Ceylon<\/title>\n<meta name=\"robots\" content=\"index, follow, max-snippet:-1, max-image-preview:large, max-video-preview:-1\" \/>\n<link rel=\"canonical\" href=\"https:\/\/sugarkillerceylon.co\/tr\/urun\/30-days-90-tea-envelopes-2\/\" \/>\n<meta property=\"og:locale\" content=\"tr_TR\" \/>\n<meta property=\"og:type\" content=\"article\" \/>\n<meta property=\"og:title\" content=\"30 DAYS 90 TEA ENVELOPES\" \/>\n<meta property=\"og:description\" content=\"According to the latest medical surveys, Sri Lanka has become the country with the highest percentage of diabetes patients in Asia. According to those researches, one out of every four adults has been confirmed to be a diabetic patient. If you are suffering from diabetes too, here is the best solution for you SUGER KILLER T. Think about it... 1) How long have you been taking western medicine? 2) Have you lost your illness after taking western medicine for many years? 3) How much money have you lost on it?  But if SUGAR KILLER T is used as we say... 1) Your blood sugar level can be normalized within 30 to 120 days. 2) 100% natural so no side effects. 3) If you are already taking western medicine, you can start and continue using this product while taking the same medicine. 4) After starting to take our product into the body, if your blood sugar level is low during the 14th day of blood sugar test, you can stop taking western medicine and continue using our product on your doctor&#039;s recommendation\" \/>\n<meta property=\"og:url\" content=\"https:\/\/sugarkillerceylon.co\/tr\/urun\/30-days-90-tea-envelopes-2\/\" \/>\n<meta property=\"og:site_name\" content=\"Sugar Killer Ceylon\" \/>\n<meta property=\"article:modified_time\" content=\"2024-09-30T05:57:29+00:00\" \/>\n<meta property=\"og:image\" content=\"https:\/\/sugarkillerceylon.co\/wp-content\/uploads\/2024\/06\/B30.jpg\" \/>\n\t<meta property=\"og:image:width\" content=\"600\" \/>\n\t<meta property=\"og:image:height\" content=\"611\" \/>\n\t<meta property=\"og:image:type\" content=\"image\/jpeg\" \/>\n<meta name=\"twitter:card\" content=\"summary_large_image\" \/>\n<meta name=\"twitter:label1\" content=\"Fiyat\" \/>\n\t<meta name=\"twitter:data1\" content=\"&#036;65.00\" \/>\n\t<meta name=\"twitter:label2\" content=\"Durumu\" \/>\n\t<meta name=\"twitter:data2\" content=\"Stokta var\" \/>\n<script type=\"application\/ld+json\" class=\"yoast-schema-graph\">{\"@context\":\"https:\/\/schema.org\",\"@graph\":[{\"@type\":\"WebPage\",\"@id\":\"https:\/\/sugarkillerceylon.co\/product\/30-days-90-tea-envelopes-2\/\",\"url\":\"https:\/\/sugarkillerceylon.co\/product\/30-days-90-tea-envelopes-2\/\",\"name\":\"30 DAYS 90 TEA ENVELOPES - Sugar Killer Ceylon\",\"isPartOf\":{\"@id\":\"https:\/\/sugarkillerceylon.co\/#website\"},\"primaryImageOfPage\":{\"@id\":\"https:\/\/sugarkillerceylon.co\/product\/30-days-90-tea-envelopes-2\/#primaryimage\"},\"image\":{\"@id\":\"https:\/\/sugarkillerceylon.co\/product\/30-days-90-tea-envelopes-2\/#primaryimage\"},\"thumbnailUrl\":\"https:\/\/sugarkillerceylon.co\/wp-content\/uploads\/2024\/06\/B30.jpg\",\"datePublished\":\"2024-09-16T06:15:37+00:00\",\"dateModified\":\"2024-09-30T05:57:29+00:00\",\"breadcrumb\":{\"@id\":\"https:\/\/sugarkillerceylon.co\/product\/30-days-90-tea-envelopes-2\/#breadcrumb\"},\"inLanguage\":\"tr\",\"potentialAction\":[{\"@type\":\"ReadAction\",\"target\":[\"https:\/\/sugarkillerceylon.co\/product\/30-days-90-tea-envelopes-2\/\"]}]},{\"@type\":\"ImageObject\",\"inLanguage\":\"tr\",\"@id\":\"https:\/\/sugarkillerceylon.co\/product\/30-days-90-tea-envelopes-2\/#primaryimage\",\"url\":\"https:\/\/sugarkillerceylon.co\/wp-content\/uploads\/2024\/06\/B30.jpg\",\"contentUrl\":\"https:\/\/sugarkillerceylon.co\/wp-content\/uploads\/2024\/06\/B30.jpg\",\"width\":600,\"height\":611},{\"@type\":\"BreadcrumbList\",\"@id\":\"https:\/\/sugarkillerceylon.co\/product\/30-days-90-tea-envelopes-2\/#breadcrumb\",\"itemListElement\":[{\"@type\":\"ListItem\",\"position\":1,\"name\":\"Home\",\"item\":\"https:\/\/sugarkillerceylon.co\/\"},{\"@type\":\"ListItem\",\"position\":2,\"name\":\"Shop\",\"item\":\"https:\/\/sugarkillerceylon.co\/shop\/\"},{\"@type\":\"ListItem\",\"position\":3,\"name\":\"30 DAYS 90 TEA ENVELOPES\"}]},{\"@type\":\"WebSite\",\"@id\":\"https:\/\/sugarkillerceylon.co\/#website\",\"url\":\"https:\/\/sugarkillerceylon.co\/\",\"name\":\"Sugar Killer Ceylon\",\"description\":\"\",\"potentialAction\":[{\"@type\":\"SearchAction\",\"target\":{\"@type\":\"EntryPoint\",\"urlTemplate\":\"https:\/\/sugarkillerceylon.co\/?s={search_term_string}\"},\"query-input\":{\"@type\":\"PropertyValueSpecification\",\"valueRequired\":true,\"valueName\":\"search_term_string\"}}],\"inLanguage\":\"tr\"}]}<\/script>\n<meta property=\"product:price:amount\" content=\"65.00\" \/>\n<meta property=\"product:price:currency\" content=\"USD\" \/>\n<meta property=\"og:availability\" content=\"instock\" \/>\n<meta property=\"product:availability\" content=\"instock\" \/>\n<meta property=\"product:condition\" content=\"new\" \/>\n<!-- \/ Yoast SEO Premium plugin. -->","yoast_head_json":{"title":"30 DAYS 90 TEA ENVELOPES - Sugar Killer Ceylon","robots":{"index":"index","follow":"follow","max-snippet":"max-snippet:-1","max-image-preview":"max-image-preview:large","max-video-preview":"max-video-preview:-1"},"canonical":"https:\/\/sugarkillerceylon.co\/tr\/urun\/30-days-90-tea-envelopes-2\/","og_locale":"tr_TR","og_type":"article","og_title":"30 DAYS 90 TEA ENVELOPES","og_description":"According to the latest medical surveys, Sri Lanka has become the country with the highest percentage of diabetes patients in Asia. According to those researches, one out of every four adults has been confirmed to be a diabetic patient. If you are suffering from diabetes too, here is the best solution for you SUGER KILLER T. Think about it... 1) How long have you been taking western medicine? 2) Have you lost your illness after taking western medicine for many years? 3) How much money have you lost on it?  But if SUGAR KILLER T is used as we say... 1) Your blood sugar level can be normalized within 30 to 120 days. 2) 100% natural so no side effects. 3) If you are already taking western medicine, you can start and continue using this product while taking the same medicine. 4) After starting to take our product into the body, if your blood sugar level is low during the 14th day of blood sugar test, you can stop taking western medicine and continue using our product on your doctor's recommendation","og_url":"https:\/\/sugarkillerceylon.co\/tr\/urun\/30-days-90-tea-envelopes-2\/","og_site_name":"Sugar Killer Ceylon","article_modified_time":"2024-09-30T05:57:29+00:00","og_image":[{"width":600,"height":611,"url":"https:\/\/sugarkillerceylon.co\/wp-content\/uploads\/2024\/06\/B30.jpg","type":"image\/jpeg"}],"twitter_card":"summary_large_image","twitter_misc":{"Fiyat":"&#36;65.00","Durumu":"Stokta var"},"schema":{"@context":"https:\/\/schema.org","@graph":[{"@type":"WebPage","@id":"https:\/\/sugarkillerceylon.co\/product\/30-days-90-tea-envelopes-2\/","url":"https:\/\/sugarkillerceylon.co\/product\/30-days-90-tea-envelopes-2\/","name":"30 DAYS 90 TEA ENVELOPES - Sugar Killer Ceylon","isPartOf":{"@id":"https:\/\/sugarkillerceylon.co\/#website"},"primaryImageOfPage":{"@id":"https:\/\/sugarkillerceylon.co\/product\/30-days-90-tea-envelopes-2\/#primaryimage"},"image":{"@id":"https:\/\/sugarkillerceylon.co\/product\/30-days-90-tea-envelopes-2\/#primaryimage"},"thumbnailUrl":"https:\/\/sugarkillerceylon.co\/wp-content\/uploads\/2024\/06\/B30.jpg","datePublished":"2024-09-16T06:15:37+00:00","dateModified":"2024-09-30T05:57:29+00:00","breadcrumb":{"@id":"https:\/\/sugarkillerceylon.co\/product\/30-days-90-tea-envelopes-2\/#breadcrumb"},"inLanguage":"tr","potentialAction":[{"@type":"ReadAction","target":["https:\/\/sugarkillerceylon.co\/product\/30-days-90-tea-envelopes-2\/"]}]},{"@type":"ImageObject","inLanguage":"tr","@id":"https:\/\/sugarkillerceylon.co\/product\/30-days-90-tea-envelopes-2\/#primaryimage","url":"https:\/\/sugarkillerceylon.co\/wp-content\/uploads\/2024\/06\/B30.jpg","contentUrl":"https:\/\/sugarkillerceylon.co\/wp-content\/uploads\/2024\/06\/B30.jpg","width":600,"height":611},{"@type":"BreadcrumbList","@id":"https:\/\/sugarkillerceylon.co\/product\/30-days-90-tea-envelopes-2\/#breadcrumb","itemListElement":[{"@type":"ListItem","position":1,"name":"Home","item":"https:\/\/sugarkillerceylon.co\/"},{"@type":"ListItem","position":2,"name":"Shop","item":"https:\/\/sugarkillerceylon.co\/shop\/"},{"@type":"ListItem","position":3,"name":"30 DAYS 90 TEA ENVELOPES"}]},{"@type":"WebSite","@id":"https:\/\/sugarkillerceylon.co\/#website","url":"https:\/\/sugarkillerceylon.co\/","name":"Sugar Killer Ceylon","description":"","potentialAction":[{"@type":"SearchAction","target":{"@type":"EntryPoint","urlTemplate":"https:\/\/sugarkillerceylon.co\/?s={search_term_string}"},"query-input":{"@type":"PropertyValueSpecification","valueRequired":true,"valueName":"search_term_string"}}],"inLanguage":"tr"}]},"product_price_amount":"65.00","product_price_currency":"USD","og_availability":"instock","product_availability":"instock","product_condition":"new"},"_links":{"self":[{"href":"https:\/\/sugarkillerceylon.co\/tr\/wp-json\/wp\/v2\/product\/13661","targetHints":{"allow":["GET"]}}],"collection":[{"href":"https:\/\/sugarkillerceylon.co\/tr\/wp-json\/wp\/v2\/product"}],"about":[{"href":"https:\/\/sugarkillerceylon.co\/tr\/wp-json\/wp\/v2\/types\/product"}],"replies":[{"embeddable":true,"href":"https:\/\/sugarkillerceylon.co\/tr\/wp-json\/wp\/v2\/comments?post=13661"}],"version-history":[{"count":2,"href":"https:\/\/sugarkillerceylon.co\/tr\/wp-json\/wp\/v2\/product\/13661\/revisions"}],"predecessor-version":[{"id":14214,"href":"https:\/\/sugarkillerceylon.co\/tr\/wp-json\/wp\/v2\/product\/13661\/revisions\/14214"}],"wp:featuredmedia":[{"embeddable":true,"href":"https:\/\/sugarkillerceylon.co\/tr\/wp-json\/wp\/v2\/media\/12674"}],"wp:attachment":[{"href":"https:\/\/sugarkillerceylon.co\/tr\/wp-json\/wp\/v2\/media?parent=13661"}],"wp:term":[{"taxonomy":"product_cat","embeddable":true,"href":"https:\/\/sugarkillerceylon.co\/tr\/wp-json\/wp\/v2\/product_cat?post=13661"},{"taxonomy":"product_tag","embeddable":true,"href":"https:\/\/sugarkillerceylon.co\/tr\/wp-json\/wp\/v2\/product_tag?post=13661"}],"curies":[{"name":"wp","href":"https:\/\/api.w.org\/{rel}","templated":true}]}}