{"id":12511,"date":"2024-06-24T13:54:04","date_gmt":"2024-06-24T12:54:04","guid":{"rendered":"https:\/\/4.231.236.185\/?page_id=12511"},"modified":"2024-07-04T04:27:22","modified_gmt":"2024-07-04T03:27:22","slug":"message-from-inventor","status":"publish","type":"page","link":"https:\/\/sugarkillerceylon.co\/ty\/message-from-inventor\/","title":{"rendered":"Te poroi no \u01d2 mai i te taata hamani"},"content":{"rendered":"<div data-elementor-type=\"wp-page\" data-elementor-id=\"12511\" class=\"elementor elementor-12511\" data-elementor-post-type=\"page\">\n\t\t\t\t<div class=\"elementor-element elementor-element-c46e6bb e-flex e-con-boxed e-con e-parent\" data-id=\"c46e6bb\" data-element_type=\"container\" data-settings=\"{&quot;_ha_eqh_enable&quot;:false}\">\n\t\t\t\t\t<div class=\"e-con-inner\">\n\t\t\t\t<div class=\"elementor-element elementor-element-3a5af11 elementor-widget elementor-widget-image\" data-id=\"3a5af11\" data-element_type=\"widget\" data-widget_type=\"image.default\">\n\t\t\t\t<div class=\"elementor-widget-container\">\n\t\t\t\t\t\t\t\t\t\t\t\t\t<img fetchpriority=\"high\" decoding=\"async\" width=\"984\" height=\"805\" src=\"https:\/\/sugarkillerceylon.co\/wp-content\/uploads\/2024\/07\/Charman-1.jpg\" class=\"attachment-large size-large wp-image-12753\" alt=\"\" srcset=\"https:\/\/sugarkillerceylon.co\/wp-content\/uploads\/2024\/07\/Charman-1.jpg 984w, https:\/\/sugarkillerceylon.co\/wp-content\/uploads\/2024\/07\/Charman-1-300x245.jpg 300w, https:\/\/sugarkillerceylon.co\/wp-content\/uploads\/2024\/07\/Charman-1-768x628.jpg 768w, https:\/\/sugarkillerceylon.co\/wp-content\/uploads\/2024\/07\/Charman-1-150x123.jpg 150w\" sizes=\"(max-width: 984px) 100vw, 984px\" \/>\t\t\t\t\t\t\t\t\t\t\t\t\t<\/div>\n\t\t\t\t<\/div>\n\t\t\t\t\t<\/div>\n\t\t\t\t<\/div>\n\t\t<div class=\"elementor-element elementor-element-5fded6d e-flex e-con-boxed e-con e-parent\" data-id=\"5fded6d\" data-element_type=\"container\" data-settings=\"{&quot;_ha_eqh_enable&quot;:false}\">\n\t\t\t\t\t<div class=\"e-con-inner\">\n\t\t\t\t<div class=\"elementor-element elementor-element-9de736c color-scheme-inherit text-left elementor-widget elementor-widget-text-editor\" data-id=\"9de736c\" data-element_type=\"widget\" data-widget_type=\"text-editor.default\">\n\t\t\t\t<div class=\"elementor-widget-container\">\n\t\t\t\t\t\t\t<p>E faaora vau i te feia ma&#039;i na roto i ta&#039;u rave&#039;a ap\u00ee<\/p>\t\t\t\t\t\t<\/div>\n\t\t\t\t<\/div>\n\t\t\t\t<div class=\"elementor-element elementor-element-1973b88 color-scheme-inherit text-left elementor-widget elementor-widget-text-editor\" data-id=\"1973b88\" data-element_type=\"widget\" data-widget_type=\"text-editor.default\">\n\t\t\t\t<div class=\"elementor-widget-container\">\n\t\t\t\t\t\t\tTe taata haamau \/ ti&#039;a faatere o Samantha Punchi Hewa.<br>Natures Te mau p\u016dp\u016d taiete\t\t\t\t\t\t<\/div>\n\t\t\t\t<\/div>\n\t\t\t\t<div class=\"elementor-element elementor-element-9170d8b elementor-widget elementor-widget-image\" data-id=\"9170d8b\" data-element_type=\"widget\" data-widget_type=\"image.default\">\n\t\t\t\t<div class=\"elementor-widget-container\">\n\t\t\t\t\t\t\t\t\t\t\t\t\t<img decoding=\"async\" width=\"600\" height=\"280\" src=\"https:\/\/sugarkillerceylon.co\/wp-content\/uploads\/2024\/06\/Natures.png\" class=\"attachment-large size-large wp-image-12583\" alt=\"\" srcset=\"https:\/\/sugarkillerceylon.co\/wp-content\/uploads\/2024\/06\/Natures.png 600w, https:\/\/sugarkillerceylon.co\/wp-content\/uploads\/2024\/06\/Natures-300x140.png 300w, https:\/\/sugarkillerceylon.co\/wp-content\/uploads\/2024\/06\/Natures-150x70.png 150w\" sizes=\"(max-width: 600px) 100vw, 600px\" \/>\t\t\t\t\t\t\t\t\t\t\t\t\t<\/div>\n\t\t\t\t<\/div>\n\t\t\t\t\t<\/div>\n\t\t\t\t<\/div>\n\t\t<div class=\"elementor-element elementor-element-7f6d658 e-flex e-con-boxed e-con e-parent\" data-id=\"7f6d658\" data-element_type=\"container\" data-settings=\"{&quot;_ha_eqh_enable&quot;:false}\">\n\t\t\t\t\t<div class=\"e-con-inner\">\n\t\t<div class=\"elementor-element elementor-element-b227dcd e-con-full e-flex e-con e-child\" data-id=\"b227dcd\" data-element_type=\"container\" data-settings=\"{&quot;_ha_eqh_enable&quot;:false}\">\n\t\t\t\t<div class=\"elementor-element elementor-element-b618d79 color-scheme-inherit text-left elementor-widget elementor-widget-text-editor\" data-id=\"b618d79\" data-element_type=\"widget\" data-widget_type=\"text-editor.default\">\n\t\t\t\t<div class=\"elementor-widget-container\">\n\t\t\t\t\t\t\t<p style=\"text-align: left;\">Maoti i te tamau noa i te faaohipa i te mau tao&#039;a tahito, o te ohipa ap\u00ee \u00efa ta tatou e faatumu rahi nei. Te hinaaro nei tatou e taui e e haru i te ao nei na roto i te mau ravea ap\u00ee. Ua tamata a&#039;ena matou i te imi i te ho\u00ea ravea no te faatitiaifaro i te ho\u00ea ati na te ao nei na roto i te ho\u00ea o ta matou mau tao&#039;a ap\u00ee. Ia au i te parau a Samantha Punchi Hewa, te faatere no te mau tao&#039;a faaapu Lanka, e hinaarohia te reira na te ao atoa nei ia haamata ana&#039;e teie tao&#039;a.<\/p><p style=\"text-align: left;\">I te 24raa o te matahiti o te National Chamber of Exporters of S (NCE) Te mau r\u00ea, tei horoahia aita i maoro a&#039;enei i te Hilton Colombo.<\/p><p style=\"text-align: left;\">I teie nei, te hapono nei te mau tao&#039;a no Lanka i ta &#039; na mau tao&#039;a i roto e 20 nunaa mai ia Korea Apatoa, Japan, Aotearoa, Auteraria, Bolivia, e Saudi Arabia, e te vai ra te ho\u00ea aamu roa e te teoteo i roto i te ohipa tapihooraa na te ao atoa nei.<\/p><p>E rave rahi mau tao&#039;a maitai roa ta te Nature&#039;s Agro Products Lanka, tei matau-maitai-hia na te ao atoa nei no te mau tao&#039;a hinamona maitatai, mai te ti, te hinu kokonati pareteni, te nutmeg, te hereni, e te mau hu&#039;ahu&#039;a.<\/p>\t\t\t\t\t\t<\/div>\n\t\t\t\t<\/div>\n\t\t\t\t<\/div>\n\t\t<div class=\"elementor-element elementor-element-0de31d7 e-con-full e-flex e-con e-child\" data-id=\"0de31d7\" data-element_type=\"container\" data-settings=\"{&quot;_ha_eqh_enable&quot;:false}\">\n\t\t\t\t<div class=\"elementor-element elementor-element-9adfa5d color-scheme-inherit text-left elementor-widget elementor-widget-text-editor\" data-id=\"9adfa5d\" data-element_type=\"widget\" data-widget_type=\"text-editor.default\">\n\t\t\t\t<div class=\"elementor-widget-container\">\n\t\t\t\t\t\t\t<p style=\"text-align: left;\">Ua horoahia te mau titauraa ISO 22000 e te HACCP i te taiete e e rave rahi mau tiwhikete maitai. Te tamau noa ra o Lanka i te hamani i te mau tao&#039;a tumu no te haamaitai i te huru o te oraraa<\/p><p style=\"text-align: left;\">\u201cTe hinaaro nei au ia riro mai o Sri Lanka ei Pu rahi no te pae moni, ei vahi faufaa roa no te rave i te ohipa tapihooraa i te ao nei. Te tutava nei au i te faatupu i te mau mea i roto i te ohipa tapihooraa na roto i te faaiteraa i te mau tao&#039;a Agro i ni&#039;a i te matete o te ao nei, e na roto i te reira, ua noaa ia&#039;u te faahi&#039;oraa auro NCE, e te oaoa nei au i te reira, te na reira ra o Samantha.<\/p><p style=\"text-align: left;\">Te mana&#039;o nei au e e taui oioi au i te matete o te ao nei na roto i te faaohiparaa i te ho\u00ea tao&#039;a no \u01d2 mai i te Cinnamon ra. E horoa te reira i te ravea no te faaora i te mau ma&#039;i e rave rahi, te mariri ai taata iho \u00e2 r\u00e2 o te ore e nehenehe e rapaauhia. E rave rahi ohipa maimiraa ta &#039; u i rave e te mana&#039;o nei au e e rave rahi taime e te moni no teie tao&#039;a. E riro teie tao&#039;a ta &#039; u e hinaaro e faaite atu ei tao&#039;a o te senekele. E ohipa rahi to&#039;u mana&#039;o ap\u00ee i ni&#039;a i te matete o te ao nei, ma te afa&#039;i mai i te mau mirioni dala marite i to tatou fenua, e e nehenehe te reira e riro ei rave&#039;a haaparareraa moni rahi roa&#039;e no to tatou fenua.\u201d Ua faaite mai o Samantha.<\/p>\t\t\t\t\t\t<\/div>\n\t\t\t\t<\/div>\n\t\t\t\t<\/div>\n\t\t\t\t\t<\/div>\n\t\t\t\t<\/div>\n\t\t<div class=\"elementor-element elementor-element-c3e5d79 e-flex e-con-boxed e-con e-parent\" data-id=\"c3e5d79\" data-element_type=\"container\" data-settings=\"{&quot;_ha_eqh_enable&quot;:false}\">\n\t\t\t\t\t<div class=\"e-con-inner\">\n\t\t\t\t<div class=\"elementor-element elementor-element-2aa01c9 color-scheme-inherit text-left elementor-widget elementor-widget-text-editor\" data-id=\"2aa01c9\" data-element_type=\"widget\" data-widget_type=\"text-editor.default\">\n\t\t\t\t<div class=\"elementor-widget-container\">\n\t\t\t\t\t\t\t<p><strong>Te mau mea at\u00e2ta<\/strong><\/p>\t\t\t\t\t\t<\/div>\n\t\t\t\t<\/div>\n\t\t\t\t<div class=\"elementor-element elementor-element-dfe0b52 color-scheme-inherit text-left elementor-widget elementor-widget-text-editor\" data-id=\"dfe0b52\" data-element_type=\"widget\" data-widget_type=\"text-editor.default\">\n\t\t\t\t<div class=\"elementor-widget-container\">\n\t\t\t\t\t\t\t<p>\u201cE parau vau e, e ere te reira i te ohipa ohie, tera r\u00e2, ua patu vau i te ho\u00ea i&#039;oa maitai i mua i te tahi mau faatereraa hau, i reira to ratou haapap\u00fbraa mai ia&#039;u no te paturu ia&#039;u no te mea e nehenehe te reira e tauturu i te feia ma&#039;i mariri ai taata na te ao taatoa nei ia faaora ia ratou iho na roto i te faaohiparaa i to&#039;u te mau tao&#039;a ap\u00ee i te mau mahana atoa, ma te faaore i te ati ta ratou e faaruru nei. E rave rahi fifi e mau fifi ta&#039;u e mana&#039;o nei ia haamata ana&#039;e au i te hoo mai i ta&#039;u mau tao&#039;a mai roto mai i te mau tino puai o te ao nei, tera r\u00e2, te ti&#039;aturi nei au e, e moe taua mau fifi miimii, te anaanatae, e te ino ra ia ite ana&#039;e te ao nei i te mau maitai ta te mau taata atoa e nehenehe e farii na roto i te faaohiparaa i ta&#039;u tao&#039;a i te taime no te Haere mai\u201d, te parau \u00efa a Samantha Punchi Hewa.<\/p>\t\t\t\t\t\t<\/div>\n\t\t\t\t<\/div>\n\t\t\t\t<div class=\"elementor-element elementor-element-3c76e24 color-scheme-inherit text-left elementor-widget elementor-widget-text-editor\" data-id=\"3c76e24\" data-element_type=\"widget\" data-widget_type=\"text-editor.default\">\n\t\t\t\t<div class=\"elementor-widget-container\">\n\t\t\t\t\t\t\t<p><strong>Te faaitoitoraa e te tauiraa<\/strong><\/p>\t\t\t\t\t\t<\/div>\n\t\t\t\t<\/div>\n\t\t\t\t<div class=\"elementor-element elementor-element-ed7d111 color-scheme-inherit text-left elementor-widget elementor-widget-text-editor\" data-id=\"ed7d111\" data-element_type=\"widget\" data-widget_type=\"text-editor.default\">\n\t\t\t\t<div class=\"elementor-widget-container\">\n\t\t\t\t\t\t\t<p>\u201cI teie taime, te mana&#039;o nei au e e tia i to tatou faatereraa hau ia faaitoito i te mau taata mai ia tatou nei, o te rave nei i te ohipa tapihooraa i te mau fenua \u011b\u00ea, na roto i te faaohieraa i te mau fifi o ta tatou e faaruru nei i roto i te mau tino a te hau. E mea riaria roa te mau fifi ta tatou e faaruru nei ei feia hoo tao&#039;a i te mau fenua \u011b\u00ea, e e tia ia vai te ho\u00ea faanahoraa ohie no tatou ia faaruru na roto i te faaohiparaa i te mau ravea aravihi ap\u00ee i roto i te faanahoraa bureaucratic tahito.<br \/>No te faaitoito i te tupuraa i te pae faanavairaa faufaa, e mea ti&#039;a ia faanaho i te mau opuaraa a te hau e te mau tauiraa i te pae faanavairaa faufaa no te faatupu i te ho\u00ea faanavairaa faufaa sotiare niuhia i ni&#039;a i te ite e te ho\u00ea faanavairaa faufaa tei niuhia i ni&#039;a i te ite.<\/p>\t\t\t\t\t\t<\/div>\n\t\t\t\t<\/div>\n\t\t\t\t\t<\/div>\n\t\t\t\t<\/div>\n\t\t\t\t<\/div>","protected":false},"excerpt":{"rendered":"<p>E faaora vau i te feia ma&#039;i na roto i ta&#039;u rave&#039;a ap\u00ee Taata haamau \/ ti&#039;a faatere Samantha Punchi Hewa.<\/p>","protected":false},"author":1,"featured_media":0,"parent":0,"menu_order":0,"comment_status":"closed","ping_status":"closed","template":"","meta":{"footnotes":""},"class_list":["post-12511","page","type-page","status-publish","hentry"],"yoast_head":"<!-- This site is optimized with the Yoast SEO Premium plugin v23.0 (Yoast SEO v23.4) - https:\/\/yoast.com\/wordpress\/plugins\/seo\/ -->\n<title>Message from inventor - Sugar Killer Ceylon<\/title>\n<meta name=\"robots\" content=\"index, follow, max-snippet:-1, max-image-preview:large, max-video-preview:-1\" \/>\n<link rel=\"canonical\" href=\"https:\/\/sugarkillerceylon.co\/ty\/message-from-inventor\/\" \/>\n<meta property=\"og:locale\" content=\"en_US\" \/>\n<meta property=\"og:type\" content=\"article\" \/>\n<meta property=\"og:title\" content=\"Message from inventor\" \/>\n<meta property=\"og:description\" content=\"I will cure the sick with my new innovation Founder \/ Chairman Samantha Punchi Hewa.Natures group of companies Innovation is\" \/>\n<meta property=\"og:url\" content=\"https:\/\/sugarkillerceylon.co\/ty\/message-from-inventor\/\" \/>\n<meta property=\"og:site_name\" content=\"Sugar Killer Ceylon\" \/>\n<meta property=\"article:modified_time\" content=\"2024-07-04T03:27:22+00:00\" \/>\n<meta property=\"og:image\" content=\"http:\/\/4.231.236.185\/wp-content\/uploads\/2024\/07\/Charman-1.jpg\" \/>\n<meta name=\"twitter:card\" content=\"summary_large_image\" \/>\n<meta name=\"twitter:label1\" content=\"Est. reading time\" \/>\n\t<meta name=\"twitter:data1\" content=\"3 minutes\" \/>\n<script type=\"application\/ld+json\" class=\"yoast-schema-graph\">{\"@context\":\"https:\/\/schema.org\",\"@graph\":[{\"@type\":\"WebPage\",\"@id\":\"https:\/\/sugarkillerceylon.co\/ty\/message-from-inventor\/\",\"url\":\"https:\/\/sugarkillerceylon.co\/ty\/message-from-inventor\/\",\"name\":\"Message from inventor - Sugar Killer Ceylon\",\"isPartOf\":{\"@id\":\"https:\/\/sugarkillerceylon.co\/#website\"},\"primaryImageOfPage\":{\"@id\":\"https:\/\/sugarkillerceylon.co\/ty\/message-from-inventor\/#primaryimage\"},\"image\":{\"@id\":\"https:\/\/sugarkillerceylon.co\/ty\/message-from-inventor\/#primaryimage\"},\"thumbnailUrl\":\"http:\/\/4.231.236.185\/wp-content\/uploads\/2024\/07\/Charman-1.jpg\",\"datePublished\":\"2024-06-24T12:54:04+00:00\",\"dateModified\":\"2024-07-04T03:27:22+00:00\",\"breadcrumb\":{\"@id\":\"https:\/\/sugarkillerceylon.co\/ty\/message-from-inventor\/#breadcrumb\"},\"inLanguage\":\"ty\",\"potentialAction\":[{\"@type\":\"ReadAction\",\"target\":[\"https:\/\/sugarkillerceylon.co\/ty\/message-from-inventor\/\"]}]},{\"@type\":\"ImageObject\",\"inLanguage\":\"ty\",\"@id\":\"https:\/\/sugarkillerceylon.co\/ty\/message-from-inventor\/#primaryimage\",\"url\":\"http:\/\/4.231.236.185\/wp-content\/uploads\/2024\/07\/Charman-1.jpg\",\"contentUrl\":\"http:\/\/4.231.236.185\/wp-content\/uploads\/2024\/07\/Charman-1.jpg\"},{\"@type\":\"BreadcrumbList\",\"@id\":\"https:\/\/sugarkillerceylon.co\/ty\/message-from-inventor\/#breadcrumb\",\"itemListElement\":[{\"@type\":\"ListItem\",\"position\":1,\"name\":\"Home\",\"item\":\"https:\/\/sugarkillerceylon.co\/\"},{\"@type\":\"ListItem\",\"position\":2,\"name\":\"Message from inventor\"}]},{\"@type\":\"WebSite\",\"@id\":\"https:\/\/sugarkillerceylon.co\/#website\",\"url\":\"https:\/\/sugarkillerceylon.co\/\",\"name\":\"Sugar Killer Ceylon\",\"description\":\"\",\"potentialAction\":[{\"@type\":\"SearchAction\",\"target\":{\"@type\":\"EntryPoint\",\"urlTemplate\":\"https:\/\/sugarkillerceylon.co\/?s={search_term_string}\"},\"query-input\":{\"@type\":\"PropertyValueSpecification\",\"valueRequired\":true,\"valueName\":\"search_term_string\"}}],\"inLanguage\":\"ty\"}]}<\/script>\n<!-- \/ Yoast SEO Premium plugin. -->","yoast_head_json":{"title":"Message from inventor - Sugar Killer Ceylon","robots":{"index":"index","follow":"follow","max-snippet":"max-snippet:-1","max-image-preview":"max-image-preview:large","max-video-preview":"max-video-preview:-1"},"canonical":"https:\/\/sugarkillerceylon.co\/ty\/message-from-inventor\/","og_locale":"en_US","og_type":"article","og_title":"Message from inventor","og_description":"I will cure the sick with my new innovation Founder \/ Chairman Samantha Punchi Hewa.Natures group of companies Innovation is","og_url":"https:\/\/sugarkillerceylon.co\/ty\/message-from-inventor\/","og_site_name":"Sugar Killer Ceylon","article_modified_time":"2024-07-04T03:27:22+00:00","og_image":[{"url":"http:\/\/4.231.236.185\/wp-content\/uploads\/2024\/07\/Charman-1.jpg"}],"twitter_card":"summary_large_image","twitter_misc":{"Est. reading time":"3 minutes"},"schema":{"@context":"https:\/\/schema.org","@graph":[{"@type":"WebPage","@id":"https:\/\/sugarkillerceylon.co\/ty\/message-from-inventor\/","url":"https:\/\/sugarkillerceylon.co\/ty\/message-from-inventor\/","name":"Message from inventor - Sugar Killer Ceylon","isPartOf":{"@id":"https:\/\/sugarkillerceylon.co\/#website"},"primaryImageOfPage":{"@id":"https:\/\/sugarkillerceylon.co\/ty\/message-from-inventor\/#primaryimage"},"image":{"@id":"https:\/\/sugarkillerceylon.co\/ty\/message-from-inventor\/#primaryimage"},"thumbnailUrl":"http:\/\/4.231.236.185\/wp-content\/uploads\/2024\/07\/Charman-1.jpg","datePublished":"2024-06-24T12:54:04+00:00","dateModified":"2024-07-04T03:27:22+00:00","breadcrumb":{"@id":"https:\/\/sugarkillerceylon.co\/ty\/message-from-inventor\/#breadcrumb"},"inLanguage":"ty","potentialAction":[{"@type":"ReadAction","target":["https:\/\/sugarkillerceylon.co\/ty\/message-from-inventor\/"]}]},{"@type":"ImageObject","inLanguage":"ty","@id":"https:\/\/sugarkillerceylon.co\/ty\/message-from-inventor\/#primaryimage","url":"http:\/\/4.231.236.185\/wp-content\/uploads\/2024\/07\/Charman-1.jpg","contentUrl":"http:\/\/4.231.236.185\/wp-content\/uploads\/2024\/07\/Charman-1.jpg"},{"@type":"BreadcrumbList","@id":"https:\/\/sugarkillerceylon.co\/ty\/message-from-inventor\/#breadcrumb","itemListElement":[{"@type":"ListItem","position":1,"name":"Home","item":"https:\/\/sugarkillerceylon.co\/"},{"@type":"ListItem","position":2,"name":"Message from inventor"}]},{"@type":"WebSite","@id":"https:\/\/sugarkillerceylon.co\/#website","url":"https:\/\/sugarkillerceylon.co\/","name":"Sugar Killer Ceylon","description":"","potentialAction":[{"@type":"SearchAction","target":{"@type":"EntryPoint","urlTemplate":"https:\/\/sugarkillerceylon.co\/?s={search_term_string}"},"query-input":{"@type":"PropertyValueSpecification","valueRequired":true,"valueName":"search_term_string"}}],"inLanguage":"ty"}]}},"_links":{"self":[{"href":"https:\/\/sugarkillerceylon.co\/ty\/wp-json\/wp\/v2\/pages\/12511","targetHints":{"allow":["GET"]}}],"collection":[{"href":"https:\/\/sugarkillerceylon.co\/ty\/wp-json\/wp\/v2\/pages"}],"about":[{"href":"https:\/\/sugarkillerceylon.co\/ty\/wp-json\/wp\/v2\/types\/page"}],"author":[{"embeddable":true,"href":"https:\/\/sugarkillerceylon.co\/ty\/wp-json\/wp\/v2\/users\/1"}],"replies":[{"embeddable":true,"href":"https:\/\/sugarkillerceylon.co\/ty\/wp-json\/wp\/v2\/comments?post=12511"}],"version-history":[{"count":0,"href":"https:\/\/sugarkillerceylon.co\/ty\/wp-json\/wp\/v2\/pages\/12511\/revisions"}],"wp:attachment":[{"href":"https:\/\/sugarkillerceylon.co\/ty\/wp-json\/wp\/v2\/media?parent=12511"}],"curies":[{"name":"wp","href":"https:\/\/api.w.org\/{rel}","templated":true}]}}