{"id":13,"date":"2024-05-16T18:14:59","date_gmt":"2024-05-16T17:14:59","guid":{"rendered":"https:\/\/4.231.236.185\/?page_id=13"},"modified":"2024-08-16T07:39:01","modified_gmt":"2024-08-16T06:39:01","slug":"refund-and-returns-policy","status":"publish","type":"page","link":"https:\/\/sugarkillerceylon.co\/ty\/refund-and-returns-policy\/","title":{"rendered":"Ture no te faaho&#039;iraa mai i te moni e te faaho&#039;iraa mai"},"content":{"rendered":"<div data-elementor-type=\"wp-page\" data-elementor-id=\"13\" class=\"elementor elementor-13\" data-elementor-post-type=\"page\">\n\t\t\t\t<div class=\"elementor-element elementor-element-75e51d1e e-flex e-con-boxed e-con e-parent\" data-id=\"75e51d1e\" data-element_type=\"container\" data-settings=\"{&quot;_ha_eqh_enable&quot;:false}\">\n\t\t\t\t\t<div class=\"e-con-inner\">\n\t\t\t\t<div class=\"elementor-element elementor-element-7427368d color-scheme-inherit text-left elementor-widget elementor-widget-text-editor\" data-id=\"7427368d\" data-element_type=\"widget\" data-widget_type=\"text-editor.default\">\n\t\t\t\t<div class=\"elementor-widget-container\">\n\t\t\t\t\t\t\t<p><strong>Ture faaho&#039;iraa moni<\/strong><\/p>\n<p>Mauruuru no te hooraa i te mau tao&#039;a i ni&#039;a i te sugarceylon.com. Te mauruuru nei matou i to outou mauruuru e te tamata nei matou i te horo&#039;a ia outou i te ite maitai roa a&#039;e no te hooraa i te mau tao&#039;a i ni&#039;a i te itenati. Mai te mea e, no te tahi noa &#039; tu tumu, aita outou i mauruuru roa i ta outou hooraa, tei \u00f4 nei matou no te tauturu ia outou.<\/p>\n<p><strong>Te mau ho&#039;iraa<\/strong><\/p>\n<p>E farii matou i te mau faaho&#039;iraa i roto e 7 mahana mai te mahana hooraa mai. E tia ia vai noa ta outou tao&#039;a i roto i te ho\u00ea \u00e2 huru e ta outou i farii no te farii i te ho\u00ea faaho&#039;iraa mai. E tia ia vai atoa te reira i roto i te afata matamua.<\/p>\n<p><strong>Te mau faaho&#039;iraa moni<\/strong><\/p>\n<p>E faaara matou ia outou i te huru o ta outou moni faaho&#039;iraa mai ia farii ana&#039;e matou i ta outou faaho&#039;iraa e ia hi&#039;opoa &#039; tu i te reira. Mai te mea e fariihia to outou ho&#039;iraa mai, e haamata matou i te faaho&#039;i atu i te moni i ta outou ravea matamua no te aufau. A haamana&#039;o na e eita te moni faaho&#039;iraa e faa\u00f4 atu i te mau haam\u00e2u&#039;araa atoa i ravehia i roto i te hooraa matamua.<\/p>\n<p><strong>Te mau tauiraa<\/strong><\/p>\n<p>A haafatata &#039; tu i ta tatou p\u01d4p\u01d4 tauturu i roto e 7 mahana i muri a&#039;e i te fariiraa i ta outou faaueraa mai te peu e e hinaaro outou e taui i ta outou tao&#039;a i te tahi atu tao&#039;a. E horo&#039;a matou ia outou i te tahi atu mau faaueraa no ni&#039;a i te huru no te haamata i te tauiraa.<\/p>\n<p><strong>Te mau tao&#039;a eita e nehenehe e faaho&#039;i-faahou-hia<\/strong><\/p>\n<p>Eita te tahi mau tao&#039;a e nehenehe e faaho&#039;i-faahou-hia. Te vai ra i roto:<\/p>\n<ul>\n<li>Te mau rata horo&#039;a<\/li>\n<li>Te mau rave&#039;a roro uira e nehenehe e download<\/li>\n<li>Te mau tao&#039;a i hamanihia e aore r\u00e2, i hamanihia<\/li>\n<li>Te mau tao&#039;a ino<\/li>\n<li>Te mau tao&#039;a ino e aore r\u00e2, ino<\/li>\n<\/ul>\n<p>A faaite oioi mai ia matou mai te peu e ua ino aore ra ua hape ta outou tao&#039;a. Ia au i to outou mau hinaaro e te mau tao&#039;a e vai ra, e faanaho matou i te ho\u00ea monoraa aore ra te ho\u00ea faaho&#039;iraa moni.<\/p>\n<p><strong>Ho&#039;i atu i te tonoraa<\/strong><\/p>\n<p>E hopoi&#039;a na outou ia aufau i te mau haam\u00e2u&#039;araa no te faaho&#039;i mai i ta outou tao&#039;a mai te mea e, no ta tatou hape te ho&#039;iraa mai (mai te i&#039;oa, te tao&#039;a hape i tonohia, te tao&#039;a hape). I roto i teie mau huru tupuraa, e horoa &#039; tu matou ia outou te ho\u00ea tapao hopoi&#039;a tei aufauhia.<\/p>\n<p><strong>Te taime no te faanahoraa<\/strong><\/p>\n<p>E faaterehia te mau faaho&#039;iraa moni e te mau tauiraa i roto i te 1 mahana ohipa i muri a&#039;e i to matou fariiraa i ta outou tao&#039;a i faaho&#039;ihia mai. A haamana&#039;o na e e titauhia te tahi atu taime no te faaho&#039;i-faahou-raa mai i te moni i roto i ta outou moni, ia au i te taata hoo.<\/p>\n<p><strong>Haaparare mai ia matou<\/strong><\/p>\n<p>Mai te mea e, e uiuiraa e aore r\u00e2, e haape&#039;ape&#039;araa ta outou no ni&#039;a i ta tatou faanahoraa no te faaho&#039;i-faahou-raa mai i te moni, a faaite mai i ta tatou p\u016dp\u016d tauturu i te info@sugarkillerceylon.com. Tei \u00f4 nei matou no te tauturu ia outou e no te haapap\u00fb e, e mea arearea e e mea fifi ore to outou iteraa i te hooraa i te mau tao&#039;a i piha&#039;i iho ia matou.<\/p>\t\t\t\t\t\t<\/div>\n\t\t\t\t<\/div>\n\t\t\t\t\t<\/div>\n\t\t\t\t<\/div>\n\t\t\t\t<\/div>","protected":false},"excerpt":{"rendered":"<p>Mauruuru no te hooraa i te mau tao&#039;a i ni&#039;a i te sugarkillerceylon.com. Te haafaufaa nei matou i to outou mauruuru e te tutava nei matou i te horoa ia outou i te mea maitai roa &#039; &#039; e<\/p>","protected":false},"author":1,"featured_media":0,"parent":0,"menu_order":0,"comment_status":"closed","ping_status":"closed","template":"","meta":{"footnotes":""},"class_list":["post-13","page","type-page","status-publish","hentry"],"yoast_head":"<!-- This site is optimized with the Yoast SEO Premium plugin v23.0 (Yoast SEO v23.4) - https:\/\/yoast.com\/wordpress\/plugins\/seo\/ -->\n<title>Refund and Returns Policy - Sugar Killer Ceylon<\/title>\n<meta name=\"robots\" content=\"index, follow, max-snippet:-1, max-image-preview:large, max-video-preview:-1\" \/>\n<link rel=\"canonical\" href=\"https:\/\/sugarkillerceylon.co\/ty\/refund-and-returns-policy\/\" \/>\n<meta property=\"og:locale\" content=\"en_US\" \/>\n<meta property=\"og:type\" content=\"article\" \/>\n<meta property=\"og:title\" content=\"Refund and Returns Policy\" \/>\n<meta property=\"og:description\" content=\"Refund Policy Thank you for shopping at sugarkillerceylon.com. We value your satisfaction and strive to provide you with the best\" \/>\n<meta property=\"og:url\" content=\"https:\/\/sugarkillerceylon.co\/ty\/refund-and-returns-policy\/\" \/>\n<meta property=\"og:site_name\" content=\"Sugar Killer Ceylon\" \/>\n<meta property=\"article:modified_time\" content=\"2024-08-16T06:39:01+00:00\" \/>\n<meta name=\"twitter:card\" content=\"summary_large_image\" \/>\n<meta name=\"twitter:label1\" content=\"Est. reading time\" \/>\n\t<meta name=\"twitter:data1\" content=\"2 minutes\" \/>\n<script type=\"application\/ld+json\" class=\"yoast-schema-graph\">{\"@context\":\"https:\/\/schema.org\",\"@graph\":[{\"@type\":\"WebPage\",\"@id\":\"https:\/\/sugarkillerceylon.co\/refund-and-returns-policy\/\",\"url\":\"https:\/\/sugarkillerceylon.co\/refund-and-returns-policy\/\",\"name\":\"Refund and Returns Policy - Sugar Killer Ceylon\",\"isPartOf\":{\"@id\":\"https:\/\/sugarkillerceylon.co\/#website\"},\"datePublished\":\"2024-05-16T17:14:59+00:00\",\"dateModified\":\"2024-08-16T06:39:01+00:00\",\"breadcrumb\":{\"@id\":\"https:\/\/sugarkillerceylon.co\/refund-and-returns-policy\/#breadcrumb\"},\"inLanguage\":\"ty\",\"potentialAction\":[{\"@type\":\"ReadAction\",\"target\":[\"https:\/\/sugarkillerceylon.co\/refund-and-returns-policy\/\"]}]},{\"@type\":\"BreadcrumbList\",\"@id\":\"https:\/\/sugarkillerceylon.co\/refund-and-returns-policy\/#breadcrumb\",\"itemListElement\":[{\"@type\":\"ListItem\",\"position\":1,\"name\":\"Home\",\"item\":\"https:\/\/sugarkillerceylon.co\/\"},{\"@type\":\"ListItem\",\"position\":2,\"name\":\"Refund and Returns Policy\"}]},{\"@type\":\"WebSite\",\"@id\":\"https:\/\/sugarkillerceylon.co\/#website\",\"url\":\"https:\/\/sugarkillerceylon.co\/\",\"name\":\"Sugar Killer Ceylon\",\"description\":\"\",\"potentialAction\":[{\"@type\":\"SearchAction\",\"target\":{\"@type\":\"EntryPoint\",\"urlTemplate\":\"https:\/\/sugarkillerceylon.co\/?s={search_term_string}\"},\"query-input\":{\"@type\":\"PropertyValueSpecification\",\"valueRequired\":true,\"valueName\":\"search_term_string\"}}],\"inLanguage\":\"ty\"}]}<\/script>\n<!-- \/ Yoast SEO Premium plugin. -->","yoast_head_json":{"title":"Refund and Returns Policy - Sugar Killer Ceylon","robots":{"index":"index","follow":"follow","max-snippet":"max-snippet:-1","max-image-preview":"max-image-preview:large","max-video-preview":"max-video-preview:-1"},"canonical":"https:\/\/sugarkillerceylon.co\/ty\/refund-and-returns-policy\/","og_locale":"en_US","og_type":"article","og_title":"Refund and Returns Policy","og_description":"Refund Policy Thank you for shopping at sugarkillerceylon.com. We value your satisfaction and strive to provide you with the best","og_url":"https:\/\/sugarkillerceylon.co\/ty\/refund-and-returns-policy\/","og_site_name":"Sugar Killer Ceylon","article_modified_time":"2024-08-16T06:39:01+00:00","twitter_card":"summary_large_image","twitter_misc":{"Est. reading time":"2 minutes"},"schema":{"@context":"https:\/\/schema.org","@graph":[{"@type":"WebPage","@id":"https:\/\/sugarkillerceylon.co\/refund-and-returns-policy\/","url":"https:\/\/sugarkillerceylon.co\/refund-and-returns-policy\/","name":"Refund and Returns Policy - Sugar Killer Ceylon","isPartOf":{"@id":"https:\/\/sugarkillerceylon.co\/#website"},"datePublished":"2024-05-16T17:14:59+00:00","dateModified":"2024-08-16T06:39:01+00:00","breadcrumb":{"@id":"https:\/\/sugarkillerceylon.co\/refund-and-returns-policy\/#breadcrumb"},"inLanguage":"ty","potentialAction":[{"@type":"ReadAction","target":["https:\/\/sugarkillerceylon.co\/refund-and-returns-policy\/"]}]},{"@type":"BreadcrumbList","@id":"https:\/\/sugarkillerceylon.co\/refund-and-returns-policy\/#breadcrumb","itemListElement":[{"@type":"ListItem","position":1,"name":"Home","item":"https:\/\/sugarkillerceylon.co\/"},{"@type":"ListItem","position":2,"name":"Refund and Returns Policy"}]},{"@type":"WebSite","@id":"https:\/\/sugarkillerceylon.co\/#website","url":"https:\/\/sugarkillerceylon.co\/","name":"Sugar Killer Ceylon","description":"","potentialAction":[{"@type":"SearchAction","target":{"@type":"EntryPoint","urlTemplate":"https:\/\/sugarkillerceylon.co\/?s={search_term_string}"},"query-input":{"@type":"PropertyValueSpecification","valueRequired":true,"valueName":"search_term_string"}}],"inLanguage":"ty"}]}},"_links":{"self":[{"href":"https:\/\/sugarkillerceylon.co\/ty\/wp-json\/wp\/v2\/pages\/13","targetHints":{"allow":["GET"]}}],"collection":[{"href":"https:\/\/sugarkillerceylon.co\/ty\/wp-json\/wp\/v2\/pages"}],"about":[{"href":"https:\/\/sugarkillerceylon.co\/ty\/wp-json\/wp\/v2\/types\/page"}],"author":[{"embeddable":true,"href":"https:\/\/sugarkillerceylon.co\/ty\/wp-json\/wp\/v2\/users\/1"}],"replies":[{"embeddable":true,"href":"https:\/\/sugarkillerceylon.co\/ty\/wp-json\/wp\/v2\/comments?post=13"}],"version-history":[{"count":0,"href":"https:\/\/sugarkillerceylon.co\/ty\/wp-json\/wp\/v2\/pages\/13\/revisions"}],"wp:attachment":[{"href":"https:\/\/sugarkillerceylon.co\/ty\/wp-json\/wp\/v2\/media?parent=13"}],"curies":[{"name":"wp","href":"https:\/\/api.w.org\/{rel}","templated":true}]}}