{"id":13442,"date":"2024-07-29T09:42:27","date_gmt":"2024-07-29T08:42:27","guid":{"rendered":"https:\/\/4.231.236.185\/?post_type=product&#038;p=13442"},"modified":"2024-07-29T09:43:51","modified_gmt":"2024-07-29T08:43:51","slug":"sugar-killer-flavored-drink","status":"publish","type":"product","link":"https:\/\/sugarkillerceylon.co\/ty\/product\/sugar-killer-flavored-drink\/","title":{"rendered":"SUGAR KILLER"},"content":{"rendered":"","protected":false},"excerpt":{"rendered":"<p>Ia au i te mau uiuiraa mana&#039;o ap\u00ee roa &#039; &#039; e, ua riro mai o Sri Lanka ei nunaa e rave rahi roa &#039; &#039; e te feia ma&#039;i diabete i Asia. Ia au i taua mau maimiraa ra, ho\u00ea taata paari i nia i te maha o tei roohia i te mate huka.<br \/>\nMai te mea e, te roohia atoa ra outou i te mate huka, teie te rave&#039;a maitai roa a&#039;e no outou SUGER KILLER T.<br \/>\nA feruri na i te reira...<br \/>\n1) Ehia maororaa outou i rave ai i te raau taero no te pae tooa o te r\u00e2?<br \/>\n2) Ua roohia anei outou i to outou ma&#039;i i muri a&#039;e i to outou raveraa i te mau raau tooa o te r\u00e2 e rave rahi matahiti te maoro?<br \/>\n3) Ehia rahiraa moni ta outou i ere?<\/p>\n<p>Teie r\u00e2, mai te peu e e faaohipahia te SUGAR KILLER T mai ta tatou e parau ra...<br \/>\n1) E nehenehe te faito huka i roto i to outou toto e faatitiaifarohia i roto e 30 e tae atu i te 120 mahana.<br \/>\n2) 100% natura e aita e faahopearaa ino.<br \/>\n3) Mai te peu e ua rave a&#039;ena outou i te raau tooa o te r\u00e2, e nehenehe outou e haamata e e tamau noa i te faaohipa i teie tao&#039;a ma te rave i te ho\u00ea \u00e2 raau.<br \/>\n4) Mai te mea e mea iti roa te faito huka i roto i to outou toto i te 14raa o te mahana o te hi&#039;opoaraa i te huka toto, e nehenehe outou e faaea i te rave i te mau ravea rapaauraa tooa o te r\u00e2 e e tamau noa i te faaohipa i ta tatou tao&#039;a ia au i te parau a to outou taote i muri a&#039;e i to outou haamataraa i te rave i ta tatou tao&#039;a i roto i te tino.<\/p>\n<p><a href=\"https:\/\/4.231.236.185\/bulk-orders\/\">FAAOTI I TEIE NEI<\/a><\/p>","protected":false},"featured_media":13443,"comment_status":"open","ping_status":"closed","template":"","meta":[],"product_cat":[69],"product_tag":[],"class_list":{"0":"post-13442","1":"product","2":"type-product","3":"status-publish","4":"has-post-thumbnail","6":"product_cat-sugar-killer-drink","8":"first","9":"instock","10":"shipping-taxable","11":"product-type-simple"},"yoast_head":"<!-- This site is optimized with the Yoast SEO Premium plugin v23.0 (Yoast SEO v23.4) - https:\/\/yoast.com\/wordpress\/plugins\/seo\/ -->\n<title>SUGAR KILLER Flavored DRINK - Sugar Killer Ceylon<\/title>\n<meta name=\"robots\" content=\"index, follow, max-snippet:-1, max-image-preview:large, max-video-preview:-1\" \/>\n<link rel=\"canonical\" href=\"https:\/\/sugarkillerceylon.co\/ty\/product\/sugar-killer-flavored-drink\/\" \/>\n<meta property=\"og:locale\" content=\"en_US\" \/>\n<meta property=\"og:type\" content=\"article\" \/>\n<meta property=\"og:title\" content=\"SUGAR KILLER Flavored DRINK\" \/>\n<meta property=\"og:description\" content=\"According to the latest medical surveys, Sri Lanka has become the country with the highest percentage of diabetes patients in Asia. According to those researches, one out of every four adults has been confirmed to be a diabetic patient. If you are suffering from diabetes too, here is the best solution for you SUGER KILLER T. Think about it... 1) How long have you been taking western medicine? 2) Have you lost your illness after taking western medicine for many years? 3) How much money have you lost on it?  But if SUGAR KILLER T is used as we say... 1) Your blood sugar level can be normalized within 30 to 120 days. 2) 100% natural so no side effects. 3) If you are already taking western medicine, you can start and continue using this product while taking the same medicine. 4) After starting to take our product into the body, if your blood sugar level is low during the 14th day of blood sugar test, you can stop taking western medicine and continue using our product on your doctor&#039;s recommendation.  ORDER NOW\" \/>\n<meta property=\"og:url\" content=\"https:\/\/sugarkillerceylon.co\/ty\/product\/sugar-killer-flavored-drink\/\" \/>\n<meta property=\"og:site_name\" content=\"Sugar Killer Ceylon\" \/>\n<meta property=\"article:modified_time\" content=\"2024-07-29T08:43:51+00:00\" \/>\n<meta property=\"og:image\" content=\"https:\/\/sugarkillerceylon.co\/wp-content\/uploads\/2024\/07\/P4.png\" \/>\n\t<meta property=\"og:image:width\" content=\"600\" \/>\n\t<meta property=\"og:image:height\" content=\"611\" \/>\n\t<meta property=\"og:image:type\" content=\"image\/png\" \/>\n<meta name=\"twitter:card\" content=\"summary_large_image\" \/>\n<meta name=\"twitter:label1\" content=\"Price\" \/>\n\t<meta name=\"twitter:data1\" content=\"\" \/>\n\t<meta name=\"twitter:label2\" content=\"Availability\" \/>\n\t<meta name=\"twitter:data2\" content=\"In stock\" \/>\n<script type=\"application\/ld+json\" class=\"yoast-schema-graph\">{\"@context\":\"https:\/\/schema.org\",\"@graph\":[{\"@type\":\"WebPage\",\"@id\":\"https:\/\/sugarkillerceylon.co\/product\/sugar-killer-flavored-drink\/\",\"url\":\"https:\/\/sugarkillerceylon.co\/product\/sugar-killer-flavored-drink\/\",\"name\":\"SUGAR KILLER Flavored DRINK - Sugar Killer Ceylon\",\"isPartOf\":{\"@id\":\"https:\/\/sugarkillerceylon.co\/#website\"},\"primaryImageOfPage\":{\"@id\":\"https:\/\/sugarkillerceylon.co\/product\/sugar-killer-flavored-drink\/#primaryimage\"},\"image\":{\"@id\":\"https:\/\/sugarkillerceylon.co\/product\/sugar-killer-flavored-drink\/#primaryimage\"},\"thumbnailUrl\":\"https:\/\/sugarkillerceylon.co\/wp-content\/uploads\/2024\/07\/P4.png\",\"datePublished\":\"2024-07-29T08:42:27+00:00\",\"dateModified\":\"2024-07-29T08:43:51+00:00\",\"breadcrumb\":{\"@id\":\"https:\/\/sugarkillerceylon.co\/product\/sugar-killer-flavored-drink\/#breadcrumb\"},\"inLanguage\":\"ty\",\"potentialAction\":[{\"@type\":\"ReadAction\",\"target\":[\"https:\/\/sugarkillerceylon.co\/product\/sugar-killer-flavored-drink\/\"]}]},{\"@type\":\"ImageObject\",\"inLanguage\":\"ty\",\"@id\":\"https:\/\/sugarkillerceylon.co\/product\/sugar-killer-flavored-drink\/#primaryimage\",\"url\":\"https:\/\/sugarkillerceylon.co\/wp-content\/uploads\/2024\/07\/P4.png\",\"contentUrl\":\"https:\/\/sugarkillerceylon.co\/wp-content\/uploads\/2024\/07\/P4.png\",\"width\":600,\"height\":611},{\"@type\":\"BreadcrumbList\",\"@id\":\"https:\/\/sugarkillerceylon.co\/product\/sugar-killer-flavored-drink\/#breadcrumb\",\"itemListElement\":[{\"@type\":\"ListItem\",\"position\":1,\"name\":\"Home\",\"item\":\"https:\/\/sugarkillerceylon.co\/\"},{\"@type\":\"ListItem\",\"position\":2,\"name\":\"Shop\",\"item\":\"https:\/\/sugarkillerceylon.co\/shop\/\"},{\"@type\":\"ListItem\",\"position\":3,\"name\":\"SUGAR KILLER Flavored DRINK\"}]},{\"@type\":\"WebSite\",\"@id\":\"https:\/\/sugarkillerceylon.co\/#website\",\"url\":\"https:\/\/sugarkillerceylon.co\/\",\"name\":\"Sugar Killer Ceylon\",\"description\":\"\",\"potentialAction\":[{\"@type\":\"SearchAction\",\"target\":{\"@type\":\"EntryPoint\",\"urlTemplate\":\"https:\/\/sugarkillerceylon.co\/?s={search_term_string}\"},\"query-input\":{\"@type\":\"PropertyValueSpecification\",\"valueRequired\":true,\"valueName\":\"search_term_string\"}}],\"inLanguage\":\"ty\"}]}<\/script>\n<meta property=\"product:price:amount\" content=\"0.00\" \/>\n<meta property=\"product:price:currency\" content=\"USD\" \/>\n<meta property=\"og:availability\" content=\"instock\" \/>\n<meta property=\"product:availability\" content=\"instock\" \/>\n<meta property=\"product:condition\" content=\"new\" \/>\n<!-- \/ Yoast SEO Premium plugin. -->","yoast_head_json":{"title":"SUGAR KILLER Flavored DRINK - Sugar Killer Ceylon","robots":{"index":"index","follow":"follow","max-snippet":"max-snippet:-1","max-image-preview":"max-image-preview:large","max-video-preview":"max-video-preview:-1"},"canonical":"https:\/\/sugarkillerceylon.co\/ty\/product\/sugar-killer-flavored-drink\/","og_locale":"en_US","og_type":"article","og_title":"SUGAR KILLER Flavored DRINK","og_description":"According to the latest medical surveys, Sri Lanka has become the country with the highest percentage of diabetes patients in Asia. According to those researches, one out of every four adults has been confirmed to be a diabetic patient. If you are suffering from diabetes too, here is the best solution for you SUGER KILLER T. Think about it... 1) How long have you been taking western medicine? 2) Have you lost your illness after taking western medicine for many years? 3) How much money have you lost on it?  But if SUGAR KILLER T is used as we say... 1) Your blood sugar level can be normalized within 30 to 120 days. 2) 100% natural so no side effects. 3) If you are already taking western medicine, you can start and continue using this product while taking the same medicine. 4) After starting to take our product into the body, if your blood sugar level is low during the 14th day of blood sugar test, you can stop taking western medicine and continue using our product on your doctor's recommendation.  ORDER NOW","og_url":"https:\/\/sugarkillerceylon.co\/ty\/product\/sugar-killer-flavored-drink\/","og_site_name":"Sugar Killer Ceylon","article_modified_time":"2024-07-29T08:43:51+00:00","og_image":[{"width":600,"height":611,"url":"https:\/\/sugarkillerceylon.co\/wp-content\/uploads\/2024\/07\/P4.png","type":"image\/png"}],"twitter_card":"summary_large_image","twitter_misc":{"Price":"","Availability":"In stock"},"schema":{"@context":"https:\/\/schema.org","@graph":[{"@type":"WebPage","@id":"https:\/\/sugarkillerceylon.co\/product\/sugar-killer-flavored-drink\/","url":"https:\/\/sugarkillerceylon.co\/product\/sugar-killer-flavored-drink\/","name":"SUGAR KILLER Flavored DRINK - Sugar Killer Ceylon","isPartOf":{"@id":"https:\/\/sugarkillerceylon.co\/#website"},"primaryImageOfPage":{"@id":"https:\/\/sugarkillerceylon.co\/product\/sugar-killer-flavored-drink\/#primaryimage"},"image":{"@id":"https:\/\/sugarkillerceylon.co\/product\/sugar-killer-flavored-drink\/#primaryimage"},"thumbnailUrl":"https:\/\/sugarkillerceylon.co\/wp-content\/uploads\/2024\/07\/P4.png","datePublished":"2024-07-29T08:42:27+00:00","dateModified":"2024-07-29T08:43:51+00:00","breadcrumb":{"@id":"https:\/\/sugarkillerceylon.co\/product\/sugar-killer-flavored-drink\/#breadcrumb"},"inLanguage":"ty","potentialAction":[{"@type":"ReadAction","target":["https:\/\/sugarkillerceylon.co\/product\/sugar-killer-flavored-drink\/"]}]},{"@type":"ImageObject","inLanguage":"ty","@id":"https:\/\/sugarkillerceylon.co\/product\/sugar-killer-flavored-drink\/#primaryimage","url":"https:\/\/sugarkillerceylon.co\/wp-content\/uploads\/2024\/07\/P4.png","contentUrl":"https:\/\/sugarkillerceylon.co\/wp-content\/uploads\/2024\/07\/P4.png","width":600,"height":611},{"@type":"BreadcrumbList","@id":"https:\/\/sugarkillerceylon.co\/product\/sugar-killer-flavored-drink\/#breadcrumb","itemListElement":[{"@type":"ListItem","position":1,"name":"Home","item":"https:\/\/sugarkillerceylon.co\/"},{"@type":"ListItem","position":2,"name":"Shop","item":"https:\/\/sugarkillerceylon.co\/shop\/"},{"@type":"ListItem","position":3,"name":"SUGAR KILLER Flavored DRINK"}]},{"@type":"WebSite","@id":"https:\/\/sugarkillerceylon.co\/#website","url":"https:\/\/sugarkillerceylon.co\/","name":"Sugar Killer Ceylon","description":"","potentialAction":[{"@type":"SearchAction","target":{"@type":"EntryPoint","urlTemplate":"https:\/\/sugarkillerceylon.co\/?s={search_term_string}"},"query-input":{"@type":"PropertyValueSpecification","valueRequired":true,"valueName":"search_term_string"}}],"inLanguage":"ty"}]},"product_price_amount":"0.00","product_price_currency":"USD","og_availability":"instock","product_availability":"instock","product_condition":"new"},"_links":{"self":[{"href":"https:\/\/sugarkillerceylon.co\/ty\/wp-json\/wp\/v2\/product\/13442","targetHints":{"allow":["GET"]}}],"collection":[{"href":"https:\/\/sugarkillerceylon.co\/ty\/wp-json\/wp\/v2\/product"}],"about":[{"href":"https:\/\/sugarkillerceylon.co\/ty\/wp-json\/wp\/v2\/types\/product"}],"replies":[{"embeddable":true,"href":"https:\/\/sugarkillerceylon.co\/ty\/wp-json\/wp\/v2\/comments?post=13442"}],"version-history":[{"count":0,"href":"https:\/\/sugarkillerceylon.co\/ty\/wp-json\/wp\/v2\/product\/13442\/revisions"}],"wp:featuredmedia":[{"embeddable":true,"href":"https:\/\/sugarkillerceylon.co\/ty\/wp-json\/wp\/v2\/media\/13443"}],"wp:attachment":[{"href":"https:\/\/sugarkillerceylon.co\/ty\/wp-json\/wp\/v2\/media?parent=13442"}],"wp:term":[{"taxonomy":"product_cat","embeddable":true,"href":"https:\/\/sugarkillerceylon.co\/ty\/wp-json\/wp\/v2\/product_cat?post=13442"},{"taxonomy":"product_tag","embeddable":true,"href":"https:\/\/sugarkillerceylon.co\/ty\/wp-json\/wp\/v2\/product_tag?post=13442"}],"curies":[{"name":"wp","href":"https:\/\/api.w.org\/{rel}","templated":true}]}}