{"id":13,"date":"2024-05-16T18:14:59","date_gmt":"2024-05-16T17:14:59","guid":{"rendered":"https:\/\/4.231.236.185\/?page_id=13"},"modified":"2024-08-16T07:39:01","modified_gmt":"2024-08-16T06:39:01","slug":"refund-and-returns-policy","status":"publish","type":"page","link":"https:\/\/sugarkillerceylon.co\/vi\/refund-and-returns-policy\/","title":{"rendered":"Ch\u00ednh s\u00e1ch ho\u00e0n ti\u1ec1n v\u00e0 tr\u1ea3 h\u00e0ng"},"content":{"rendered":"<div data-elementor-type=\"wp-page\" data-elementor-id=\"13\" class=\"elementor elementor-13\" data-elementor-post-type=\"page\">\n\t\t\t\t<div class=\"elementor-element elementor-element-75e51d1e e-flex e-con-boxed e-con e-parent\" data-id=\"75e51d1e\" data-element_type=\"container\" data-settings=\"{&quot;_ha_eqh_enable&quot;:false}\">\n\t\t\t\t\t<div class=\"e-con-inner\">\n\t\t\t\t<div class=\"elementor-element elementor-element-7427368d color-scheme-inherit text-left elementor-widget elementor-widget-text-editor\" data-id=\"7427368d\" data-element_type=\"widget\" data-widget_type=\"text-editor.default\">\n\t\t\t\t<div class=\"elementor-widget-container\">\n\t\t\t\t\t\t\t<p><strong>Ch\u00ednh s\u00e1ch ho\u00e0n ti\u1ec1n<\/strong><\/p>\n<p>C\u1ea3m \u01a1n b\u1ea1n \u0111\u00e3 mua s\u1eafm t\u1ea1i sugarkillerceylon.com. Ch\u00fang t\u00f4i coi tr\u1ecdng s\u1ef1 h\u00e0i l\u00f2ng c\u1ee7a b\u1ea1n v\u00e0 c\u1ed1 g\u1eafng cung c\u1ea5p cho b\u1ea1n tr\u1ea3i nghi\u1ec7m mua s\u1eafm tr\u1ef1c tuy\u1ebfn t\u1ed1t nh\u1ea5t c\u00f3 th\u1ec3. N\u1ebfu v\u00ec b\u1ea5t k\u1ef3 l\u00fd do n\u00e0o, b\u1ea1n kh\u00f4ng ho\u00e0n to\u00e0n h\u00e0i l\u00f2ng v\u1edbi giao d\u1ecbch mua c\u1ee7a m\u00ecnh, ch\u00fang t\u00f4i \u1edf \u0111\u00e2y \u0111\u1ec3 gi\u00fap b\u1ea1n.<\/p>\n<p><strong>Tr\u1ea3 l\u1ea1i<\/strong><\/p>\n<p>Ch\u00fang t\u00f4i ch\u1ea5p nh\u1eadn tr\u1ea3 h\u00e0ng trong v\u00f2ng 7 ng\u00e0y k\u1ec3 t\u1eeb ng\u00e0y mua. \u0110\u1ec3 \u0111\u1ee7 \u0111i\u1ec1u ki\u1ec7n tr\u1ea3 h\u00e0ng, s\u1ea3n ph\u1ea9m c\u1ee7a b\u1ea1n ph\u1ea3i ch\u01b0a qua s\u1eed d\u1ee5ng v\u00e0 \u1edf c\u00f9ng t\u00ecnh tr\u1ea1ng khi b\u1ea1n nh\u1eadn \u0111\u01b0\u1ee3c. S\u1ea3n ph\u1ea9m c\u0169ng ph\u1ea3i c\u00f2n trong bao b\u00ec g\u1ed1c.<\/p>\n<p><strong>Ho\u00e0n ti\u1ec1n<\/strong><\/p>\n<p>Sau khi ch\u00fang t\u00f4i nh\u1eadn \u0111\u01b0\u1ee3c h\u00e0ng tr\u1ea3 l\u1ea1i v\u00e0 ki\u1ec3m tra s\u1ea3n ph\u1ea9m, ch\u00fang t\u00f4i s\u1ebd th\u00f4ng b\u00e1o cho b\u1ea1n v\u1ec1 t\u00ecnh tr\u1ea1ng ho\u00e0n ti\u1ec1n. N\u1ebfu h\u00e0ng tr\u1ea3 l\u1ea1i c\u1ee7a b\u1ea1n \u0111\u01b0\u1ee3c ch\u1ea5p thu\u1eadn, ch\u00fang t\u00f4i s\u1ebd ti\u1ebfn h\u00e0nh ho\u00e0n ti\u1ec1n theo ph\u01b0\u01a1ng th\u1ee9c thanh to\u00e1n ban \u0111\u1ea7u c\u1ee7a b\u1ea1n. Xin l\u01b0u \u00fd r\u1eb1ng s\u1ed1 ti\u1ec1n ho\u00e0n l\u1ea1i s\u1ebd kh\u00f4ng bao g\u1ed3m b\u1ea5t k\u1ef3 chi ph\u00ed v\u1eadn chuy\u1ec3n n\u00e0o ph\u00e1t sinh trong qu\u00e1 tr\u00ecnh mua h\u00e0ng ban \u0111\u1ea7u.<\/p>\n<p><strong>Trao \u0111\u1ed5i<\/strong><\/p>\n<p>N\u1ebfu b\u1ea1n mu\u1ed1n \u0111\u1ed5i s\u1ea3n ph\u1ea9m kh\u00e1c, vui l\u00f2ng li\u00ean h\u1ec7 v\u1edbi nh\u00f3m h\u1ed7 tr\u1ee3 kh\u00e1ch h\u00e0ng c\u1ee7a ch\u00fang t\u00f4i trong v\u00f2ng 7 ng\u00e0y k\u1ec3 t\u1eeb khi nh\u1eadn \u0111\u01b0\u1ee3c \u0111\u01a1n h\u00e0ng. Ch\u00fang t\u00f4i s\u1ebd cung c\u1ea5p cho b\u1ea1n h\u01b0\u1edbng d\u1eabn chi ti\u1ebft h\u01a1n v\u1ec1 c\u00e1ch ti\u1ebfn h\u00e0nh \u0111\u1ed5i s\u1ea3n ph\u1ea9m.<\/p>\n<p><strong>C\u00e1c m\u1eb7t h\u00e0ng kh\u00f4ng \u0111\u01b0\u1ee3c tr\u1ea3 l\u1ea1i<\/strong><\/p>\n<p>M\u1ed9t s\u1ed1 m\u1eb7t h\u00e0ng kh\u00f4ng \u0111\u01b0\u1ee3c tr\u1ea3 l\u1ea1i v\u00e0 kh\u00f4ng \u0111\u01b0\u1ee3c ho\u00e0n ti\u1ec1n. Bao g\u1ed3m:<\/p>\n<ul>\n<li>Th\u1ebb qu\u00e0 t\u1eb7ng<\/li>\n<li>S\u1ea3n ph\u1ea9m ph\u1ea7n m\u1ec1m c\u00f3 th\u1ec3 t\u1ea3i xu\u1ed1ng<\/li>\n<li>C\u00e1c m\u1eb7t h\u00e0ng \u0111\u01b0\u1ee3c c\u00e1 nh\u00e2n h\u00f3a ho\u1eb7c l\u00e0m theo y\u00eau c\u1ea7u<\/li>\n<li>H\u00e0ng h\u00f3a d\u1ec5 h\u01b0 h\u1ecfng<\/li>\n<li>H\u00e0ng h\u00f3a b\u1ecb h\u01b0 h\u1ecfng ho\u1eb7c l\u1ed7i<\/li>\n<\/ul>\n<p>Trong tr\u01b0\u1eddng h\u1ee3p kh\u00f4ng may s\u1ea3n ph\u1ea9m c\u1ee7a b\u1ea1n b\u1ecb h\u01b0 h\u1ecfng ho\u1eb7c l\u1ed7i, vui l\u00f2ng li\u00ean h\u1ec7 v\u1edbi ch\u00fang t\u00f4i ngay l\u1eadp t\u1ee9c. Ch\u00fang t\u00f4i s\u1ebd s\u1eafp x\u1ebfp thay th\u1ebf ho\u1eb7c ho\u00e0n l\u1ea1i ti\u1ec1n, t\u00f9y thu\u1ed9c v\u00e0o s\u1edf th\u00edch v\u00e0 t\u00ecnh tr\u1ea1ng s\u1ea3n ph\u1ea9m c\u1ee7a b\u1ea1n.<\/p>\n<p><strong>V\u1eadn chuy\u1ec3n tr\u1ea3 l\u1ea1i<\/strong><\/p>\n<p>B\u1ea1n s\u1ebd ch\u1ecbu tr\u00e1ch nhi\u1ec7m thanh to\u00e1n chi ph\u00ed v\u1eadn chuy\u1ec3n \u0111\u1ec3 tr\u1ea3 l\u1ea1i s\u1ea3n ph\u1ea9m c\u1ee7a m\u00ecnh tr\u1eeb khi vi\u1ec7c tr\u1ea3 l\u1ea1i l\u00e0 do l\u1ed7i c\u1ee7a ch\u00fang t\u00f4i (v\u00ed d\u1ee5: giao nh\u1ea7m s\u1ea3n ph\u1ea9m, s\u1ea3n ph\u1ea9m l\u1ed7i). Trong nh\u1eefng tr\u01b0\u1eddng h\u1ee3p nh\u01b0 v\u1eady, ch\u00fang t\u00f4i s\u1ebd cung c\u1ea5p cho b\u1ea1n nh\u00e3n v\u1eadn chuy\u1ec3n \u0111\u00e3 thanh to\u00e1n tr\u01b0\u1edbc.<\/p>\n<p><strong>Th\u1eddi gian x\u1eed l\u00fd<\/strong><\/p>\n<p>Vi\u1ec7c ho\u00e0n ti\u1ec1n v\u00e0 \u0111\u1ed5i h\u00e0ng s\u1ebd \u0111\u01b0\u1ee3c x\u1eed l\u00fd trong v\u00f2ng 1 ng\u00e0y l\u00e0m vi\u1ec7c sau khi ch\u00fang t\u00f4i nh\u1eadn \u0111\u01b0\u1ee3c s\u1ea3n ph\u1ea9m b\u1ea1n tr\u1ea3 l\u1ea1i. Xin l\u01b0u \u00fd r\u1eb1ng c\u00f3 th\u1ec3 m\u1ea5t th\u00eam th\u1eddi gian \u0111\u1ec3 kho\u1ea3n ho\u00e0n ti\u1ec1n xu\u1ea5t hi\u1ec7n trong t\u00e0i kho\u1ea3n c\u1ee7a b\u1ea1n, t\u00f9y thu\u1ed9c v\u00e0o nh\u00e0 cung c\u1ea5p d\u1ecbch v\u1ee5 thanh to\u00e1n c\u1ee7a b\u1ea1n.<\/p>\n<p><strong>Li\u00ean h\u1ec7 v\u1edbi ch\u00fang t\u00f4i<\/strong><\/p>\n<p>N\u1ebfu b\u1ea1n c\u00f3 b\u1ea5t k\u1ef3 c\u00e2u h\u1ecfi ho\u1eb7c th\u1eafc m\u1eafc n\u00e0o li\u00ean quan \u0111\u1ebfn ch\u00ednh s\u00e1ch ho\u00e0n ti\u1ec1n c\u1ee7a ch\u00fang t\u00f4i, vui l\u00f2ng li\u00ean h\u1ec7 v\u1edbi nh\u00f3m h\u1ed7 tr\u1ee3 kh\u00e1ch h\u00e0ng c\u1ee7a ch\u00fang t\u00f4i theo \u0111\u1ecba ch\u1ec9 info@sugarkillerceylon.com. Ch\u00fang t\u00f4i \u1edf \u0111\u00e2y \u0111\u1ec3 h\u1ed7 tr\u1ee3 b\u1ea1n v\u00e0 \u0111\u1ea3m b\u1ea3o tr\u1ea3i nghi\u1ec7m mua s\u1eafm c\u1ee7a b\u1ea1n v\u1edbi ch\u00fang t\u00f4i l\u00e0 th\u00fa v\u1ecb v\u00e0 kh\u00f4ng g\u1eb7p r\u1eafc r\u1ed1i.<\/p>\t\t\t\t\t\t<\/div>\n\t\t\t\t<\/div>\n\t\t\t\t\t<\/div>\n\t\t\t\t<\/div>\n\t\t\t\t<\/div>","protected":false},"excerpt":{"rendered":"<p>Refund Policy Thank you for shopping at sugarkillerceylon.com. We value your satisfaction and strive to provide you with the best<\/p>","protected":false},"author":1,"featured_media":0,"parent":0,"menu_order":0,"comment_status":"closed","ping_status":"closed","template":"","meta":{"footnotes":""},"class_list":["post-13","page","type-page","status-publish","hentry"],"yoast_head":"<!-- This site is optimized with the Yoast SEO Premium plugin v23.0 (Yoast SEO v23.4) - https:\/\/yoast.com\/wordpress\/plugins\/seo\/ -->\n<title>Refund and Returns Policy - Sugar Killer Ceylon<\/title>\n<meta name=\"robots\" content=\"index, follow, max-snippet:-1, max-image-preview:large, max-video-preview:-1\" \/>\n<link rel=\"canonical\" href=\"https:\/\/sugarkillerceylon.co\/vi\/refund-and-returns-policy\/\" \/>\n<meta property=\"og:locale\" content=\"vi_VN\" \/>\n<meta property=\"og:type\" content=\"article\" \/>\n<meta property=\"og:title\" content=\"Refund and Returns Policy\" \/>\n<meta property=\"og:description\" content=\"Refund Policy Thank you for shopping at sugarkillerceylon.com. We value your satisfaction and strive to provide you with the best\" \/>\n<meta property=\"og:url\" content=\"https:\/\/sugarkillerceylon.co\/vi\/refund-and-returns-policy\/\" \/>\n<meta property=\"og:site_name\" content=\"Sugar Killer Ceylon\" \/>\n<meta property=\"article:modified_time\" content=\"2024-08-16T06:39:01+00:00\" \/>\n<meta name=\"twitter:card\" content=\"summary_large_image\" \/>\n<meta name=\"twitter:label1\" content=\"\u01af\u1edbc t\u00ednh th\u1eddi gian \u0111\u1ecdc\" \/>\n\t<meta name=\"twitter:data1\" content=\"2 ph\u00fat\" \/>\n<script type=\"application\/ld+json\" class=\"yoast-schema-graph\">{\"@context\":\"https:\/\/schema.org\",\"@graph\":[{\"@type\":\"WebPage\",\"@id\":\"https:\/\/sugarkillerceylon.co\/refund-and-returns-policy\/\",\"url\":\"https:\/\/sugarkillerceylon.co\/refund-and-returns-policy\/\",\"name\":\"Refund and Returns Policy - Sugar Killer Ceylon\",\"isPartOf\":{\"@id\":\"https:\/\/sugarkillerceylon.co\/#website\"},\"datePublished\":\"2024-05-16T17:14:59+00:00\",\"dateModified\":\"2024-08-16T06:39:01+00:00\",\"breadcrumb\":{\"@id\":\"https:\/\/sugarkillerceylon.co\/refund-and-returns-policy\/#breadcrumb\"},\"inLanguage\":\"vi\",\"potentialAction\":[{\"@type\":\"ReadAction\",\"target\":[\"https:\/\/sugarkillerceylon.co\/refund-and-returns-policy\/\"]}]},{\"@type\":\"BreadcrumbList\",\"@id\":\"https:\/\/sugarkillerceylon.co\/refund-and-returns-policy\/#breadcrumb\",\"itemListElement\":[{\"@type\":\"ListItem\",\"position\":1,\"name\":\"Home\",\"item\":\"https:\/\/sugarkillerceylon.co\/\"},{\"@type\":\"ListItem\",\"position\":2,\"name\":\"Refund and Returns Policy\"}]},{\"@type\":\"WebSite\",\"@id\":\"https:\/\/sugarkillerceylon.co\/#website\",\"url\":\"https:\/\/sugarkillerceylon.co\/\",\"name\":\"Sugar Killer Ceylon\",\"description\":\"\",\"potentialAction\":[{\"@type\":\"SearchAction\",\"target\":{\"@type\":\"EntryPoint\",\"urlTemplate\":\"https:\/\/sugarkillerceylon.co\/?s={search_term_string}\"},\"query-input\":{\"@type\":\"PropertyValueSpecification\",\"valueRequired\":true,\"valueName\":\"search_term_string\"}}],\"inLanguage\":\"vi\"}]}<\/script>\n<!-- \/ Yoast SEO Premium plugin. -->","yoast_head_json":{"title":"Refund and Returns Policy - Sugar Killer Ceylon","robots":{"index":"index","follow":"follow","max-snippet":"max-snippet:-1","max-image-preview":"max-image-preview:large","max-video-preview":"max-video-preview:-1"},"canonical":"https:\/\/sugarkillerceylon.co\/vi\/refund-and-returns-policy\/","og_locale":"vi_VN","og_type":"article","og_title":"Refund and Returns Policy","og_description":"Refund Policy Thank you for shopping at sugarkillerceylon.com. We value your satisfaction and strive to provide you with the best","og_url":"https:\/\/sugarkillerceylon.co\/vi\/refund-and-returns-policy\/","og_site_name":"Sugar Killer Ceylon","article_modified_time":"2024-08-16T06:39:01+00:00","twitter_card":"summary_large_image","twitter_misc":{"\u01af\u1edbc t\u00ednh th\u1eddi gian \u0111\u1ecdc":"2 ph\u00fat"},"schema":{"@context":"https:\/\/schema.org","@graph":[{"@type":"WebPage","@id":"https:\/\/sugarkillerceylon.co\/refund-and-returns-policy\/","url":"https:\/\/sugarkillerceylon.co\/refund-and-returns-policy\/","name":"Refund and Returns Policy - Sugar Killer Ceylon","isPartOf":{"@id":"https:\/\/sugarkillerceylon.co\/#website"},"datePublished":"2024-05-16T17:14:59+00:00","dateModified":"2024-08-16T06:39:01+00:00","breadcrumb":{"@id":"https:\/\/sugarkillerceylon.co\/refund-and-returns-policy\/#breadcrumb"},"inLanguage":"vi","potentialAction":[{"@type":"ReadAction","target":["https:\/\/sugarkillerceylon.co\/refund-and-returns-policy\/"]}]},{"@type":"BreadcrumbList","@id":"https:\/\/sugarkillerceylon.co\/refund-and-returns-policy\/#breadcrumb","itemListElement":[{"@type":"ListItem","position":1,"name":"Home","item":"https:\/\/sugarkillerceylon.co\/"},{"@type":"ListItem","position":2,"name":"Refund and Returns Policy"}]},{"@type":"WebSite","@id":"https:\/\/sugarkillerceylon.co\/#website","url":"https:\/\/sugarkillerceylon.co\/","name":"Sugar Killer Ceylon","description":"","potentialAction":[{"@type":"SearchAction","target":{"@type":"EntryPoint","urlTemplate":"https:\/\/sugarkillerceylon.co\/?s={search_term_string}"},"query-input":{"@type":"PropertyValueSpecification","valueRequired":true,"valueName":"search_term_string"}}],"inLanguage":"vi"}]}},"_links":{"self":[{"href":"https:\/\/sugarkillerceylon.co\/vi\/wp-json\/wp\/v2\/pages\/13","targetHints":{"allow":["GET"]}}],"collection":[{"href":"https:\/\/sugarkillerceylon.co\/vi\/wp-json\/wp\/v2\/pages"}],"about":[{"href":"https:\/\/sugarkillerceylon.co\/vi\/wp-json\/wp\/v2\/types\/page"}],"author":[{"embeddable":true,"href":"https:\/\/sugarkillerceylon.co\/vi\/wp-json\/wp\/v2\/users\/1"}],"replies":[{"embeddable":true,"href":"https:\/\/sugarkillerceylon.co\/vi\/wp-json\/wp\/v2\/comments?post=13"}],"version-history":[{"count":0,"href":"https:\/\/sugarkillerceylon.co\/vi\/wp-json\/wp\/v2\/pages\/13\/revisions"}],"wp:attachment":[{"href":"https:\/\/sugarkillerceylon.co\/vi\/wp-json\/wp\/v2\/media?parent=13"}],"curies":[{"name":"wp","href":"https:\/\/api.w.org\/{rel}","templated":true}]}}