{"id":13662,"date":"2024-09-16T07:15:41","date_gmt":"2024-09-16T06:15:41","guid":{"rendered":"https:\/\/4.231.236.185\/?post_type=product&#038;p=13662"},"modified":"2024-09-30T06:56:58","modified_gmt":"2024-09-30T05:56:58","slug":"60-days-180-tea-envelopes-2","status":"publish","type":"product","link":"https:\/\/sugarkillerceylon.co\/vi\/product\/60-days-180-tea-envelopes-2\/","title":{"rendered":"60 NG\u00c0Y 180 BAO TR\u00c0"},"content":{"rendered":"<p>Th\u00e0nh ph\u1ea7n<\/p>\n<p>100% Qu\u1ebf Ceylon nguy\u00ean ch\u1ea5t<br \/>\nC\u00f4ng th\u1ee9c b\u00ed m\u1eadt<\/p>\n<p>\u0110\u01b0\u1ee3c \u0111\u1ec1 xu\u1ea5t b\u1edfi<br \/>\nB\u1ed8 S\u1ea2N XU\u1ea4T, CUNG C\u1ea4P V\u00c0 QU\u1ea2N L\u00dd D\u01af\u1ee2C PH\u1ea8M &amp; FDA - Sri Lanka<\/p>","protected":false},"excerpt":{"rendered":"<p>Theo c\u00e1c cu\u1ed9c \u0111i\u1ec1u tra y t\u1ebf m\u1edbi nh\u1ea5t, Sri Lanka \u0111\u00e3 tr\u1edf th\u00e0nh qu\u1ed1c gia c\u00f3 t\u1ef7 l\u1ec7 b\u1ec7nh nh\u00e2n ti\u1ec3u \u0111\u01b0\u1eddng cao nh\u1ea5t \u1edf Ch\u00e2u \u00c1. Theo c\u00e1c nghi\u00ean c\u1ee9u \u0111\u00f3, c\u1ee9 b\u1ed1n ng\u01b0\u1eddi l\u1edbn th\u00ec c\u00f3 m\u1ed9t ng\u01b0\u1eddi \u0111\u01b0\u1ee3c x\u00e1c nh\u1eadn m\u1eafc b\u1ec7nh ti\u1ec3u \u0111\u01b0\u1eddng.<br \/>\nN\u1ebfu b\u1ea1n c\u0169ng \u0111ang b\u1ecb ti\u1ec3u \u0111\u01b0\u1eddng th\u00ec \u0111\u00e2y ch\u00ednh l\u00e0 gi\u1ea3i ph\u00e1p t\u1ed1t nh\u1ea5t d\u00e0nh cho b\u1ea1n: SUGER KILLER T.<br \/>\nH\u00e3y ngh\u0129 v\u1ec1 \u0111i\u1ec1u \u0111\u00f3\u2026<br \/>\n1) B\u1ea1n \u0111\u00e3 d\u00f9ng thu\u1ed1c T\u00e2y trong bao l\u00e2u r\u1ed3i?<br \/>\n2) B\u1ea1n c\u00f3 kh\u1ecfi b\u1ec7nh sau nhi\u1ec1u n\u0103m d\u00f9ng thu\u1ed1c T\u00e2y kh\u00f4ng?<br \/>\n3) B\u1ea1n \u0111\u00e3 m\u1ea5t bao nhi\u00eau ti\u1ec1n v\u00ec n\u00f3?<\/p>\n<p>Nh\u01b0ng n\u1ebfu SUGAR KILLER T \u0111\u01b0\u1ee3c s\u1eed d\u1ee5ng nh\u01b0 ch\u00fang ta n\u00f3i\u2026<br \/>\n1) L\u01b0\u1ee3ng \u0111\u01b0\u1eddng trong m\u00e1u c\u1ee7a b\u1ea1n c\u00f3 th\u1ec3 tr\u1edf l\u1ea1i b\u00ecnh th\u01b0\u1eddng trong v\u00f2ng 30 \u0111\u1ebfn 120 ng\u00e0y.<br \/>\n2) 100% t\u1ef1 nhi\u00ean n\u00ean kh\u00f4ng c\u00f3 t\u00e1c d\u1ee5ng ph\u1ee5.<br \/>\n3) N\u1ebfu b\u1ea1n \u0111ang d\u00f9ng thu\u1ed1c t\u00e2y, b\u1ea1n c\u00f3 th\u1ec3 b\u1eaft \u0111\u1ea7u v\u00e0 ti\u1ebfp t\u1ee5c s\u1eed d\u1ee5ng s\u1ea3n ph\u1ea9m n\u00e0y trong khi v\u1eabn \u0111ang d\u00f9ng thu\u1ed1c \u0111\u00f3.<br \/>\n4) Sau khi b\u1eaft \u0111\u1ea7u \u0111\u01b0a s\u1ea3n ph\u1ea9m v\u00e0o c\u01a1 th\u1ec3, n\u1ebfu l\u01b0\u1ee3ng \u0111\u01b0\u1eddng trong m\u00e1u c\u1ee7a b\u1ea1n th\u1ea5p trong ng\u00e0y th\u1ee9 14 c\u1ee7a x\u00e9t nghi\u1ec7m \u0111\u01b0\u1eddng huy\u1ebft, b\u1ea1n c\u00f3 th\u1ec3 ng\u1eebng d\u00f9ng thu\u1ed1c t\u00e2y v\u00e0 ti\u1ebfp t\u1ee5c s\u1eed d\u1ee5ng s\u1ea3n ph\u1ea9m c\u1ee7a ch\u00fang t\u00f4i theo khuy\u1ebfn c\u00e1o c\u1ee7a b\u00e1c s\u0129.<\/p>\n<div data-elementor-type=\"section\" data-elementor-id=\"12392\" class=\"elementor elementor-12392\" data-elementor-post-type=\"elementor_library\">\n<div class=\"elementor-element elementor-element-f8b7b0e e-flex e-con-boxed e-con e-parent\" data-id=\"f8b7b0e\" data-element_type=\"container\" data-settings=\"{&quot;_ha_eqh_enable&quot;:false}\">\n<div class=\"e-con-inner\">\n<div class=\"elementor-element elementor-element-b7b9029 elementor-widget elementor-widget-button\" data-id=\"b7b9029\" data-element_type=\"widget\" data-widget_type=\"button.default\">\n<div class=\"elementor-widget-container\">\n<div class=\"elementor-button-wrapper\">\n\t\t\t<a class=\"elementor-button elementor-button-link elementor-size-sm\" href=\"https:\/\/4.231.236.185\/instructions\/\"><br \/>\n\t\t\t\t\t\t<span class=\"elementor-button-content-wrapper\"><br \/>\n\t\t\t\t\t\t\t\t\t<span class=\"elementor-button-text\">H\u01af\u1edaNG D\u1eaaN S\u1eec D\u1ee4NG<\/span><br \/>\n\t\t\t\t\t<\/span><br \/>\n\t\t\t\t\t<\/a>\n\t\t<\/div>\n<\/p><\/div>\n<\/p><\/div>\n<\/p><\/div>\n<\/p><\/div>\n<\/p><\/div>","protected":false},"featured_media":12675,"comment_status":"open","ping_status":"closed","template":"","meta":[],"product_cat":[78,79],"product_tag":[],"class_list":{"0":"post-13662","1":"product","2":"type-product","3":"status-publish","4":"has-post-thumbnail","6":"product_cat-economy","7":"product_cat-envelopes-economy","9":"first","10":"instock","11":"shipping-taxable","12":"purchasable","13":"product-type-simple"},"yoast_head":"<!-- This site is optimized with the Yoast SEO Premium plugin v23.0 (Yoast SEO v23.4) - https:\/\/yoast.com\/wordpress\/plugins\/seo\/ -->\n<title>60 DAYS 180 TEA ENVELOPES - Sugar Killer Ceylon<\/title>\n<meta name=\"robots\" content=\"index, follow, max-snippet:-1, max-image-preview:large, max-video-preview:-1\" \/>\n<link rel=\"canonical\" href=\"https:\/\/sugarkillerceylon.co\/vi\/san-pham\/60-days-180-tea-envelopes-2\/\" \/>\n<meta property=\"og:locale\" content=\"vi_VN\" \/>\n<meta property=\"og:type\" content=\"article\" \/>\n<meta property=\"og:title\" content=\"60 DAYS 180 TEA ENVELOPES\" \/>\n<meta property=\"og:description\" content=\"According to the latest medical surveys, Sri Lanka has become the country with the highest percentage of diabetes patients in Asia. According to those researches, one out of every four adults has been confirmed to be a diabetic patient. If you are suffering from diabetes too, here is the best solution for you SUGER KILLER T. Think about it... 1) How long have you been taking western medicine? 2) Have you lost your illness after taking western medicine for many years? 3) How much money have you lost on it?  But if SUGAR KILLER T is used as we say... 1) Your blood sugar level can be normalized within 30 to 120 days. 2) 100% natural so no side effects. 3) If you are already taking western medicine, you can start and continue using this product while taking the same medicine. 4) After starting to take our product into the body, if your blood sugar level is low during the 14th day of blood sugar test, you can stop taking western medicine and continue using our product on your doctor&#039;s recommendation\" \/>\n<meta property=\"og:url\" content=\"https:\/\/sugarkillerceylon.co\/vi\/san-pham\/60-days-180-tea-envelopes-2\/\" \/>\n<meta property=\"og:site_name\" content=\"Sugar Killer Ceylon\" \/>\n<meta property=\"article:modified_time\" content=\"2024-09-30T05:56:58+00:00\" \/>\n<meta property=\"og:image\" content=\"https:\/\/sugarkillerceylon.co\/wp-content\/uploads\/2024\/06\/B60.jpg\" \/>\n\t<meta property=\"og:image:width\" content=\"600\" \/>\n\t<meta property=\"og:image:height\" content=\"611\" \/>\n\t<meta property=\"og:image:type\" content=\"image\/jpeg\" \/>\n<meta name=\"twitter:card\" content=\"summary_large_image\" \/>\n<meta name=\"twitter:label1\" content=\"Gi\u00e1\" \/>\n\t<meta name=\"twitter:data1\" content=\"&#036;99.00\" \/>\n\t<meta name=\"twitter:label2\" content=\"Kh\u1ea3 d\u1ee5ng\" \/>\n\t<meta name=\"twitter:data2\" content=\"Trong kho\" \/>\n<script type=\"application\/ld+json\" class=\"yoast-schema-graph\">{\"@context\":\"https:\/\/schema.org\",\"@graph\":[{\"@type\":\"WebPage\",\"@id\":\"https:\/\/sugarkillerceylon.co\/product\/60-days-180-tea-envelopes-2\/\",\"url\":\"https:\/\/sugarkillerceylon.co\/product\/60-days-180-tea-envelopes-2\/\",\"name\":\"60 DAYS 180 TEA ENVELOPES - Sugar Killer Ceylon\",\"isPartOf\":{\"@id\":\"https:\/\/sugarkillerceylon.co\/#website\"},\"primaryImageOfPage\":{\"@id\":\"https:\/\/sugarkillerceylon.co\/product\/60-days-180-tea-envelopes-2\/#primaryimage\"},\"image\":{\"@id\":\"https:\/\/sugarkillerceylon.co\/product\/60-days-180-tea-envelopes-2\/#primaryimage\"},\"thumbnailUrl\":\"https:\/\/sugarkillerceylon.co\/wp-content\/uploads\/2024\/06\/B60.jpg\",\"datePublished\":\"2024-09-16T06:15:41+00:00\",\"dateModified\":\"2024-09-30T05:56:58+00:00\",\"breadcrumb\":{\"@id\":\"https:\/\/sugarkillerceylon.co\/product\/60-days-180-tea-envelopes-2\/#breadcrumb\"},\"inLanguage\":\"vi\",\"potentialAction\":[{\"@type\":\"ReadAction\",\"target\":[\"https:\/\/sugarkillerceylon.co\/product\/60-days-180-tea-envelopes-2\/\"]}]},{\"@type\":\"ImageObject\",\"inLanguage\":\"vi\",\"@id\":\"https:\/\/sugarkillerceylon.co\/product\/60-days-180-tea-envelopes-2\/#primaryimage\",\"url\":\"https:\/\/sugarkillerceylon.co\/wp-content\/uploads\/2024\/06\/B60.jpg\",\"contentUrl\":\"https:\/\/sugarkillerceylon.co\/wp-content\/uploads\/2024\/06\/B60.jpg\",\"width\":600,\"height\":611},{\"@type\":\"BreadcrumbList\",\"@id\":\"https:\/\/sugarkillerceylon.co\/product\/60-days-180-tea-envelopes-2\/#breadcrumb\",\"itemListElement\":[{\"@type\":\"ListItem\",\"position\":1,\"name\":\"Home\",\"item\":\"https:\/\/sugarkillerceylon.co\/\"},{\"@type\":\"ListItem\",\"position\":2,\"name\":\"Shop\",\"item\":\"https:\/\/sugarkillerceylon.co\/shop\/\"},{\"@type\":\"ListItem\",\"position\":3,\"name\":\"60 DAYS 180 TEA ENVELOPES\"}]},{\"@type\":\"WebSite\",\"@id\":\"https:\/\/sugarkillerceylon.co\/#website\",\"url\":\"https:\/\/sugarkillerceylon.co\/\",\"name\":\"Sugar Killer Ceylon\",\"description\":\"\",\"potentialAction\":[{\"@type\":\"SearchAction\",\"target\":{\"@type\":\"EntryPoint\",\"urlTemplate\":\"https:\/\/sugarkillerceylon.co\/?s={search_term_string}\"},\"query-input\":{\"@type\":\"PropertyValueSpecification\",\"valueRequired\":true,\"valueName\":\"search_term_string\"}}],\"inLanguage\":\"vi\"}]}<\/script>\n<meta property=\"product:price:amount\" content=\"99.00\" \/>\n<meta property=\"product:price:currency\" content=\"USD\" \/>\n<meta property=\"og:availability\" content=\"instock\" \/>\n<meta property=\"product:availability\" content=\"instock\" \/>\n<meta property=\"product:condition\" content=\"new\" \/>\n<!-- \/ Yoast SEO Premium plugin. -->","yoast_head_json":{"title":"60 DAYS 180 TEA ENVELOPES - Sugar Killer Ceylon","robots":{"index":"index","follow":"follow","max-snippet":"max-snippet:-1","max-image-preview":"max-image-preview:large","max-video-preview":"max-video-preview:-1"},"canonical":"https:\/\/sugarkillerceylon.co\/vi\/san-pham\/60-days-180-tea-envelopes-2\/","og_locale":"vi_VN","og_type":"article","og_title":"60 DAYS 180 TEA ENVELOPES","og_description":"According to the latest medical surveys, Sri Lanka has become the country with the highest percentage of diabetes patients in Asia. According to those researches, one out of every four adults has been confirmed to be a diabetic patient. If you are suffering from diabetes too, here is the best solution for you SUGER KILLER T. Think about it... 1) How long have you been taking western medicine? 2) Have you lost your illness after taking western medicine for many years? 3) How much money have you lost on it?  But if SUGAR KILLER T is used as we say... 1) Your blood sugar level can be normalized within 30 to 120 days. 2) 100% natural so no side effects. 3) If you are already taking western medicine, you can start and continue using this product while taking the same medicine. 4) After starting to take our product into the body, if your blood sugar level is low during the 14th day of blood sugar test, you can stop taking western medicine and continue using our product on your doctor's recommendation","og_url":"https:\/\/sugarkillerceylon.co\/vi\/san-pham\/60-days-180-tea-envelopes-2\/","og_site_name":"Sugar Killer Ceylon","article_modified_time":"2024-09-30T05:56:58+00:00","og_image":[{"width":600,"height":611,"url":"https:\/\/sugarkillerceylon.co\/wp-content\/uploads\/2024\/06\/B60.jpg","type":"image\/jpeg"}],"twitter_card":"summary_large_image","twitter_misc":{"Gi\u00e1":"&#36;99.00","Kh\u1ea3 d\u1ee5ng":"Trong kho"},"schema":{"@context":"https:\/\/schema.org","@graph":[{"@type":"WebPage","@id":"https:\/\/sugarkillerceylon.co\/product\/60-days-180-tea-envelopes-2\/","url":"https:\/\/sugarkillerceylon.co\/product\/60-days-180-tea-envelopes-2\/","name":"60 DAYS 180 TEA ENVELOPES - Sugar Killer Ceylon","isPartOf":{"@id":"https:\/\/sugarkillerceylon.co\/#website"},"primaryImageOfPage":{"@id":"https:\/\/sugarkillerceylon.co\/product\/60-days-180-tea-envelopes-2\/#primaryimage"},"image":{"@id":"https:\/\/sugarkillerceylon.co\/product\/60-days-180-tea-envelopes-2\/#primaryimage"},"thumbnailUrl":"https:\/\/sugarkillerceylon.co\/wp-content\/uploads\/2024\/06\/B60.jpg","datePublished":"2024-09-16T06:15:41+00:00","dateModified":"2024-09-30T05:56:58+00:00","breadcrumb":{"@id":"https:\/\/sugarkillerceylon.co\/product\/60-days-180-tea-envelopes-2\/#breadcrumb"},"inLanguage":"vi","potentialAction":[{"@type":"ReadAction","target":["https:\/\/sugarkillerceylon.co\/product\/60-days-180-tea-envelopes-2\/"]}]},{"@type":"ImageObject","inLanguage":"vi","@id":"https:\/\/sugarkillerceylon.co\/product\/60-days-180-tea-envelopes-2\/#primaryimage","url":"https:\/\/sugarkillerceylon.co\/wp-content\/uploads\/2024\/06\/B60.jpg","contentUrl":"https:\/\/sugarkillerceylon.co\/wp-content\/uploads\/2024\/06\/B60.jpg","width":600,"height":611},{"@type":"BreadcrumbList","@id":"https:\/\/sugarkillerceylon.co\/product\/60-days-180-tea-envelopes-2\/#breadcrumb","itemListElement":[{"@type":"ListItem","position":1,"name":"Home","item":"https:\/\/sugarkillerceylon.co\/"},{"@type":"ListItem","position":2,"name":"Shop","item":"https:\/\/sugarkillerceylon.co\/shop\/"},{"@type":"ListItem","position":3,"name":"60 DAYS 180 TEA ENVELOPES"}]},{"@type":"WebSite","@id":"https:\/\/sugarkillerceylon.co\/#website","url":"https:\/\/sugarkillerceylon.co\/","name":"Sugar Killer Ceylon","description":"","potentialAction":[{"@type":"SearchAction","target":{"@type":"EntryPoint","urlTemplate":"https:\/\/sugarkillerceylon.co\/?s={search_term_string}"},"query-input":{"@type":"PropertyValueSpecification","valueRequired":true,"valueName":"search_term_string"}}],"inLanguage":"vi"}]},"product_price_amount":"99.00","product_price_currency":"USD","og_availability":"instock","product_availability":"instock","product_condition":"new"},"_links":{"self":[{"href":"https:\/\/sugarkillerceylon.co\/vi\/wp-json\/wp\/v2\/product\/13662","targetHints":{"allow":["GET"]}}],"collection":[{"href":"https:\/\/sugarkillerceylon.co\/vi\/wp-json\/wp\/v2\/product"}],"about":[{"href":"https:\/\/sugarkillerceylon.co\/vi\/wp-json\/wp\/v2\/types\/product"}],"replies":[{"embeddable":true,"href":"https:\/\/sugarkillerceylon.co\/vi\/wp-json\/wp\/v2\/comments?post=13662"}],"version-history":[{"count":2,"href":"https:\/\/sugarkillerceylon.co\/vi\/wp-json\/wp\/v2\/product\/13662\/revisions"}],"predecessor-version":[{"id":14213,"href":"https:\/\/sugarkillerceylon.co\/vi\/wp-json\/wp\/v2\/product\/13662\/revisions\/14213"}],"wp:featuredmedia":[{"embeddable":true,"href":"https:\/\/sugarkillerceylon.co\/vi\/wp-json\/wp\/v2\/media\/12675"}],"wp:attachment":[{"href":"https:\/\/sugarkillerceylon.co\/vi\/wp-json\/wp\/v2\/media?parent=13662"}],"wp:term":[{"taxonomy":"product_cat","embeddable":true,"href":"https:\/\/sugarkillerceylon.co\/vi\/wp-json\/wp\/v2\/product_cat?post=13662"},{"taxonomy":"product_tag","embeddable":true,"href":"https:\/\/sugarkillerceylon.co\/vi\/wp-json\/wp\/v2\/product_tag?post=13662"}],"curies":[{"name":"wp","href":"https:\/\/api.w.org\/{rel}","templated":true}]}}